{"id":21356,"date":"2023-05-10T13:31:57","date_gmt":"2023-05-10T11:31:57","guid":{"rendered":"https:\/\/wiredworkers.io\/box-falter-loesung\/"},"modified":"2024-10-01T12:06:39","modified_gmt":"2024-10-01T10:06:39","slug":"automatischer-kartonaufrichter","status":"publish","type":"page","link":"https:\/\/www.wiredworkers.io\/de\/dienstleistungen\/plug-produce-loesungen\/automatischer-kartonaufrichter\/","title":{"rendered":"Cobot-Kartonaufrichter"},"content":{"rendered":"\n<h1>\n\t\tAutomatisieren Sie Ihren Verpackungsprozess mit unserem intelligenten Cobot-Kartonaufrichter!\n\t<\/h1>\n\t<p>Steigern Sie Ihre Produktivit\u00e4t, senken Sie Ihre Kosten und verbessern Sie die Effizienz Ihrer Verpackungslinie.<\/p>\n\t\t\t<a href=\"https:\/\/www.wiredworkers.io\/de\/angebot-fuer-kartonaufrichter-anfordern\/\" target=\"_self\" rel=\"noopener\">\n\t\t\t\t\t\t\tAngebot anfordern\n\t\t\t<\/a>\n\t\t\t<a href=\"https:\/\/www.wiredworkers.io\/download-box-erector-specifications\/\" target=\"_self\" rel=\"noopener\">\n\t\t\t\t\t\t\tSpezifikation herunterladen\n\t\t\t<\/a>\n\t\t<h4><strong>Erh\u00f6hung der Produktivit\u00e4t<\/strong><\/h4>\n\t\t\tAutomatisieren Sie sich wiederholende Aufgaben mit dem Cobot Kartonaufrichter, damit Ihre Verpackungslinie schneller und effizienter arbeiten kann.\t\t\n\t\t<h4><strong>Kostenreduzierung<\/strong><\/h4>\n\t\t\tSenken Sie die Arbeitskosten durch den Einsatz eines Roboters, der weniger menschliche Aufsicht erfordert und genauer arbeitet.\t\t\n\t\t<h4><strong>Effizienzsteigerung<\/strong><\/h4>\n\t\t\tDer Kartonaufrichter Cobot l\u00e4sst sich nahtlos in bestehende Verpackungslinien integrieren und sorgt f\u00fcr einen optimierten Arbeitsablauf.\t\t\n<h2>\n\t\tEigenentwickelter Cobot-Kartonaufrichter\n\t<\/h2>\n\t<p>Der Kartonaufrichter Cobot ist eine selbst entwickelte Plug &amp; Produce-L\u00f6sung, die sich perfekt in eine Verpackungslinie einf\u00fcgt. Aufgrund seines standardisierten Designs kann er schnell und mit geringen Anpassungen in Ihrer Anlage eingesetzt werden. Au\u00dferdem ist er mobil und kann an mehreren Standorten eingesetzt werden. Dank der benutzerfreundlichen Software k\u00f6nnen Sie neue Schachtelformate schnell und einfach programmieren.<\/p>\n\t<iframe width=\"560\" height=\"315\" data-src=\"https:\/\/www.youtube.com\/embed\/oVuD-jaAI18?si=7KDs_dCDEMtFZbq5\" title=\"YouTube video player\" frameborder=\"0\" allow=\"accelerometer; autoplay; clipboard-write; encrypted-media; gyroscope; picture-in-picture; web-share\" referrerpolicy=\"strict-origin-when-cross-origin\" allowfullscreen src=\"data:image\/svg+xml;base64,PHN2ZyB3aWR0aD0iMSIgaGVpZ2h0PSIxIiB4bWxucz0iaHR0cDovL3d3dy53My5vcmcvMjAwMC9zdmciPjwvc3ZnPg==\" class=\"lazyload\" data-load-mode=\"1\"><\/iframe>\n<h2>\n\t\tTechnische Daten\n\t<\/h2>\n\t\t<ul>\n\t\t\t\t\t<li>\n\t\t\t\tGewicht\n\t\t+- 350 KG\t\t\t\n\t\t\t<\/li>\n\t\t\t\t\t<li>\n\t\t\t\tKartons pro Minute\n\t\t2 bis 3 Kisten\t\t\t\n\t\t\t<\/li>\n\t\t\t\t\t<li>\n\t\t\t\tMindestgr\u00f6\u00dfe der Box\n\t\t200 x 300 x 100 mm\t\t\t\n\t\t\t<\/li>\n\t\t\t\t\t<li>\n\t\t\t\tMaximale Kartongr\u00f6\u00dfe\n\t\t800 x 600 x 500 mm\t\t\t\n\t\t\t<\/li>\n\t\t\t\t<\/ul>\n\t\t\t\t<img decoding=\"async\" data-src=\"https:\/\/www.wiredworkers.io\/wp-content\/uploads\/2023\/04\/Dozenvouwer.png\" alt=\"dozenopzetter | box erector\" itemprop=\"image\" height=\"500\" width=\"500\" title=\"Dozenvouwer\" onerror=\"this.style.display='none'\" src=\"data:image\/svg+xml;base64,PHN2ZyB3aWR0aD0iMSIgaGVpZ2h0PSIxIiB4bWxucz0iaHR0cDovL3d3dy53My5vcmcvMjAwMC9zdmciPjwvc3ZnPg==\" class=\"lazyload\" style=\"--smush-placeholder-width: 500px; --smush-placeholder-aspect-ratio: 500\/500;\" \/>\n\t\t\t<a href=\"https:\/\/www.wiredworkers.io\/download-box-erector-specifications\/\" target=\"_self\" rel=\"noopener\">\n\t\t\t\t\t\t\tSpezifikationen herunterladen\n\t\t\t<\/a>\n<h2>\n\t\tH\u00e4ufig gestellte Fragen\n\t<\/h2>\n\t\t\t\t<h4>Wie einfach ist die Installation und Integration des Cobot Kartonaufrichters in unsere bestehende Verpackungslinie?<\/h4>\n\t\t\t\t\t<p>Die Installation des cobot Kartonaufrichters ist schnell und einfach und kann in der Regel innerhalb eines Tages abgeschlossen werden. Dank seines modularen Aufbaus und der Kompatibilit\u00e4t mit verschiedenen Systemen l\u00e4sst er sich ohne umfangreiche Modifikationen problemlos in Ihre bestehende Verpackungslinie integrieren.<\/p>\n\t\t\t\t<h4>Welche Arten und Gr\u00f6\u00dfen von Kartons k\u00f6nnen vom Cobot verarbeitet werden?<\/h4>\n\t\t\t\t\t<p>Unser cobot-Kartonaufrichter ist flexibel und kann eine Vielzahl von Kartontypen und -gr\u00f6\u00dfen verarbeiten, von kleinen Kartons bis hin zu gr\u00f6\u00dferen Verpackungen. Der cobot kann leicht an die Spezifikationen Ihrer Verpackungslinie angepasst werden, ohne dass spezielle Kenntnisse oder Werkzeuge erforderlich sind.<\/p>\n\t\t\t\t<h4>Was sind die Wartungsanforderungen f\u00fcr den Cobot Kartonaufrichter?<\/h4>\n\t\t\t\t\tDer Cobot Kartonaufrichter ist f\u00fcr einen minimalen Wartungsaufwand ausgelegt. Die robuste Konstruktion und die hochwertigen Komponenten sorgen f\u00fcr eine zuverl\u00e4ssige Leistung. Eine regelm\u00e4\u00dfige Grundwartung, wie z. B. die Reinigung von Teilen und die \u00dcberpr\u00fcfung beweglicher Teile, reicht aus, um die Lebensdauer und Effizienz des Cobots zu maximieren.<br \/>\n\n<p>\u00a0<\/p>\n\t\t\t\t<h4>Wie sicher ist der cobot box erector f\u00fcr den Einsatz in einer Arbeitsumgebung mit Mitarbeitern?<\/h4>\n\t\t\t\t\t<p>Bei unserem Kartonaufrichter f\u00fcr Cobots steht die Sicherheit an erster Stelle. Er ist mit integrierten Sensoren und Sicherheitsmechanismen ausgestattet, die die Bewegung sofort stoppen, wenn Hindernisse erkannt werden. Er erf\u00fcllt die strengsten Sicherheitsstandards f\u00fcr Cobots und erm\u00f6glicht eine sichere Zusammenarbeit mit Mitarbeitern ohne Unfallrisiko.<\/p>\n\t\t\t\t<h4>Wie lange ist die Amortisationszeit (ROI) des Cobot Kartonaufrichters?<\/h4>\n\t\t\t\t\t<p>Die Amortisationszeit des Cobot Kartonaufrichters h\u00e4ngt von der spezifischen Anwendung und dem aktuellen Verpackungsprozess ab, aber viele Kunden sehen einen ROI innerhalb von 12-18 Monaten. Dies ist auf die Senkung der Arbeitskosten, die Steigerung der Effizienz und die Reduzierung von Fehlern und Materialverschwendung zur\u00fcckzuf\u00fchren.<\/p>\n<h2>\n\t\tHaben Sie noch weitere Fragen?\n\t<\/h2>\n\t<p>Buchen Sie eine Online-Konsaultation mit unserem Cobot-Spezialisten und lassen Sie sich alle Ihre Fragen beantworten.<\/p>\n\t<!-- Start of Meetings Embed Script -->\n  <!-- End of Meetings Embed Script -->\n\n","protected":false},"excerpt":{"rendered":"<p>Automatisieren Sie Ihren Verpackungsprozess mit unserem intelligenten Cobot-Kartonaufrichter! Steigern Sie Ihre Produktivit\u00e4t, senken Sie Ihre Kosten und verbessern Sie die Effizienz Ihrer Verpackungslinie. Angebot anfordern Spezifikation herunterladen Erh\u00f6hung der Produktivit\u00e4t Automatisieren Sie sich wiederholende Aufgaben mit dem Cobot Kartonaufrichter, damit Ihre Verpackungslinie schneller und effizienter arbeiten kann. Kostenreduzierung Senken Sie die Arbeitskosten durch den Einsatz [&hellip;]<\/p>\n","protected":false},"author":3,"featured_media":21322,"parent":21369,"menu_order":0,"comment_status":"closed","ping_status":"closed","template":"","meta":{"_acf_changed":false,"site-sidebar-layout":"no-sidebar","site-content-layout":"page-builder","ast-site-content-layout":"full-width-container","site-content-style":"unboxed","site-sidebar-style":"unboxed","ast-global-header-display":"","ast-banner-title-visibility":"","ast-main-header-display":"","ast-hfb-above-header-display":"","ast-hfb-below-header-display":"","ast-hfb-mobile-header-display":"","site-post-title":"disabled","ast-breadcrumbs-content":"","ast-featured-img":"disabled","footer-sml-layout":"","ast-disable-related-posts":"","theme-transparent-header-meta":"default","adv-header-id-meta":"","stick-header-meta":"default","header-above-stick-meta":"","header-main-stick-meta":"","header-below-stick-meta":"","astra-migrate-meta-layouts":"set","ast-page-background-enabled":"default","ast-page-background-meta":{"desktop":{"background-color":"","background-image":"","background-repeat":"repeat","background-position":"center center","background-size":"auto","background-attachment":"scroll","background-type":"","background-media":"","overlay-type":"","overlay-color":"","overlay-opacity":"","overlay-gradient":""},"tablet":{"background-color":"","background-image":"","background-repeat":"repeat","background-position":"center center","background-size":"auto","background-attachment":"scroll","background-type":"","background-media":"","overlay-type":"","overlay-color":"","overlay-opacity":"","overlay-gradient":""},"mobile":{"background-color":"","background-image":"","background-repeat":"repeat","background-position":"center center","background-size":"auto","background-attachment":"scroll","background-type":"","background-media":"","overlay-type":"","overlay-color":"","overlay-opacity":"","overlay-gradient":""}},"ast-content-background-meta":{"desktop":{"background-color":"var(--ast-global-color-5)","background-image":"","background-repeat":"repeat","background-position":"center center","background-size":"auto","background-attachment":"scroll","background-type":"","background-media":"","overlay-type":"","overlay-color":"","overlay-opacity":"","overlay-gradient":""},"tablet":{"background-color":"var(--ast-global-color-5)","background-image":"","background-repeat":"repeat","background-position":"center center","background-size":"auto","background-attachment":"scroll","background-type":"","background-media":"","overlay-type":"","overlay-color":"","overlay-opacity":"","overlay-gradient":""},"mobile":{"background-color":"var(--ast-global-color-5)","background-image":"","background-repeat":"repeat","background-position":"center center","background-size":"auto","background-attachment":"scroll","background-type":"","background-media":"","overlay-type":"","overlay-color":"","overlay-opacity":"","overlay-gradient":""}},"footnotes":""},"categories":[552],"tags":[],"class_list":["post-21356","page","type-page","status-publish","has-post-thumbnail","hentry","category-plug-produce-solution-de"],"acf":[],"yoast_head":"<!-- This site is optimized with the Yoast SEO plugin v27.3 - https:\/\/yoast.com\/product\/yoast-seo-wordpress\/ -->\n<title>Automatisieren Sie Ihren Verpackungsprozess mit unserem Cobot Kartonaufrichter.<\/title>\n<meta name=\"description\" content=\"Steigern Sie Ihre Produktivit\u00e4t, senken Sie Ihre Kosten und verbessern Sie die Effizienz Ihrer Verpackungslinie mit unserem flexiblen Kartonaufrichter Cobot.\" \/>\n<meta name=\"robots\" content=\"index, follow, max-snippet:-1, max-image-preview:large, max-video-preview:-1\" \/>\n<link rel=\"canonical\" href=\"https:\/\/www.wiredworkers.io\/de\/dienstleistungen\/plug-produce-loesungen\/automatischer-kartonaufrichter\/\" \/>\n<meta property=\"og:locale\" content=\"de_DE\" \/>\n<meta property=\"og:type\" content=\"article\" \/>\n<meta property=\"og:title\" content=\"Automatisieren Sie Ihren Verpackungsprozess mit unserem Cobot Kartonaufrichter.\" \/>\n<meta property=\"og:description\" content=\"Steigern Sie Ihre Produktivit\u00e4t, senken Sie Ihre Kosten und verbessern Sie die Effizienz Ihrer Verpackungslinie mit unserem flexiblen Kartonaufrichter Cobot.\" \/>\n<meta property=\"og:url\" content=\"https:\/\/www.wiredworkers.io\/de\/dienstleistungen\/plug-produce-loesungen\/automatischer-kartonaufrichter\/\" \/>\n<meta property=\"og:site_name\" content=\"WiredWorkers\" \/>\n<meta property=\"article:publisher\" content=\"https:\/\/www.facebook.com\/WiredWorkers\" \/>\n<meta property=\"article:modified_time\" content=\"2024-10-01T10:06:39+00:00\" \/>\n<meta property=\"og:image\" content=\"https:\/\/www.wiredworkers.io\/wp-content\/uploads\/2023\/04\/Dozenvouwer.png\" \/>\n\t<meta property=\"og:image:width\" content=\"500\" \/>\n\t<meta property=\"og:image:height\" content=\"500\" \/>\n\t<meta property=\"og:image:type\" content=\"image\/png\" \/>\n<meta name=\"twitter:card\" content=\"summary_large_image\" \/>\n<meta name=\"twitter:label1\" content=\"Gesch\u00e4tzte Lesezeit\" \/>\n\t<meta name=\"twitter:data1\" content=\"2\u00a0Minuten\" \/>\n<script type=\"application\/ld+json\" class=\"yoast-schema-graph\">{\"@context\":\"https:\\\/\\\/schema.org\",\"@graph\":[{\"@type\":\"WebPage\",\"@id\":\"https:\\\/\\\/www.wiredworkers.io\\\/de\\\/dienstleistungen\\\/plug-produce-loesungen\\\/automatischer-kartonaufrichter\\\/\",\"url\":\"https:\\\/\\\/www.wiredworkers.io\\\/de\\\/dienstleistungen\\\/plug-produce-loesungen\\\/automatischer-kartonaufrichter\\\/\",\"name\":\"Automatisieren Sie Ihren Verpackungsprozess mit unserem Cobot Kartonaufrichter.\",\"isPartOf\":{\"@id\":\"https:\\\/\\\/www.wiredworkers.io\\\/de\\\/#website\"},\"primaryImageOfPage\":{\"@id\":\"https:\\\/\\\/www.wiredworkers.io\\\/de\\\/dienstleistungen\\\/plug-produce-loesungen\\\/automatischer-kartonaufrichter\\\/#primaryimage\"},\"image\":{\"@id\":\"https:\\\/\\\/www.wiredworkers.io\\\/de\\\/dienstleistungen\\\/plug-produce-loesungen\\\/automatischer-kartonaufrichter\\\/#primaryimage\"},\"thumbnailUrl\":\"https:\\\/\\\/www.wiredworkers.io\\\/wp-content\\\/uploads\\\/2023\\\/04\\\/Dozenvouwer.png\",\"datePublished\":\"2023-05-10T11:31:57+00:00\",\"dateModified\":\"2024-10-01T10:06:39+00:00\",\"description\":\"Steigern Sie Ihre Produktivit\u00e4t, senken Sie Ihre Kosten und verbessern Sie die Effizienz Ihrer Verpackungslinie mit unserem flexiblen Kartonaufrichter Cobot.\",\"breadcrumb\":{\"@id\":\"https:\\\/\\\/www.wiredworkers.io\\\/de\\\/dienstleistungen\\\/plug-produce-loesungen\\\/automatischer-kartonaufrichter\\\/#breadcrumb\"},\"inLanguage\":\"de\",\"potentialAction\":[{\"@type\":\"ReadAction\",\"target\":[\"https:\\\/\\\/www.wiredworkers.io\\\/de\\\/dienstleistungen\\\/plug-produce-loesungen\\\/automatischer-kartonaufrichter\\\/\"]}]},{\"@type\":\"ImageObject\",\"inLanguage\":\"de\",\"@id\":\"https:\\\/\\\/www.wiredworkers.io\\\/de\\\/dienstleistungen\\\/plug-produce-loesungen\\\/automatischer-kartonaufrichter\\\/#primaryimage\",\"url\":\"https:\\\/\\\/www.wiredworkers.io\\\/wp-content\\\/uploads\\\/2023\\\/04\\\/Dozenvouwer.png\",\"contentUrl\":\"https:\\\/\\\/www.wiredworkers.io\\\/wp-content\\\/uploads\\\/2023\\\/04\\\/Dozenvouwer.png\",\"width\":500,\"height\":500,\"caption\":\"automatische dozenopzetter\"},{\"@type\":\"BreadcrumbList\",\"@id\":\"https:\\\/\\\/www.wiredworkers.io\\\/de\\\/dienstleistungen\\\/plug-produce-loesungen\\\/automatischer-kartonaufrichter\\\/#breadcrumb\",\"itemListElement\":[{\"@type\":\"ListItem\",\"position\":1,\"name\":\"WiredWorkers\",\"item\":\"https:\\\/\\\/www.wiredworkers.io\\\/de\\\/\"},{\"@type\":\"ListItem\",\"position\":2,\"name\":\"Dienstleistungen\",\"item\":\"https:\\\/\\\/www.wiredworkers.io\\\/de\\\/services\\\/\"},{\"@type\":\"ListItem\",\"position\":3,\"name\":\"Plug &#038; Produce L\u00f6sungen\",\"item\":\"https:\\\/\\\/www.wiredworkers.io\\\/de\\\/services\\\/plug-produce-solutions\\\/\"},{\"@type\":\"ListItem\",\"position\":4,\"name\":\"Cobot-Kartonaufrichter\"}]},{\"@type\":\"WebSite\",\"@id\":\"https:\\\/\\\/www.wiredworkers.io\\\/de\\\/#website\",\"url\":\"https:\\\/\\\/www.wiredworkers.io\\\/de\\\/\",\"name\":\"WiredWorkers\",\"description\":\"Robotics at your service\",\"publisher\":{\"@id\":\"https:\\\/\\\/www.wiredworkers.io\\\/de\\\/#organization\"},\"potentialAction\":[{\"@type\":\"SearchAction\",\"target\":{\"@type\":\"EntryPoint\",\"urlTemplate\":\"https:\\\/\\\/www.wiredworkers.io\\\/de\\\/?s={search_term_string}\"},\"query-input\":{\"@type\":\"PropertyValueSpecification\",\"valueRequired\":true,\"valueName\":\"search_term_string\"}}],\"inLanguage\":\"de\"},{\"@type\":\"Organization\",\"@id\":\"https:\\\/\\\/www.wiredworkers.io\\\/de\\\/#organization\",\"name\":\"WiredWorkers Nederland B.V.\",\"url\":\"https:\\\/\\\/www.wiredworkers.io\\\/de\\\/\",\"logo\":{\"@type\":\"ImageObject\",\"inLanguage\":\"de\",\"@id\":\"https:\\\/\\\/www.wiredworkers.io\\\/de\\\/#\\\/schema\\\/logo\\\/image\\\/\",\"url\":\"https:\\\/\\\/www.wiredworkers.io\\\/wp-content\\\/uploads\\\/2018\\\/06\\\/wiredworkers-company-logo.jpg\",\"contentUrl\":\"https:\\\/\\\/www.wiredworkers.io\\\/wp-content\\\/uploads\\\/2018\\\/06\\\/wiredworkers-company-logo.jpg\",\"width\":1082,\"height\":714,\"caption\":\"WiredWorkers Nederland B.V.\"},\"image\":{\"@id\":\"https:\\\/\\\/www.wiredworkers.io\\\/de\\\/#\\\/schema\\\/logo\\\/image\\\/\"},\"sameAs\":[\"https:\\\/\\\/www.facebook.com\\\/WiredWorkers\",\"https:\\\/\\\/www.linkedin.com\\\/company\\\/wiredworkers\\\/\"]}]}<\/script>\n<!-- \/ Yoast SEO plugin. -->","yoast_head_json":{"title":"Automatisieren Sie Ihren Verpackungsprozess mit unserem Cobot Kartonaufrichter.","description":"Steigern Sie Ihre Produktivit\u00e4t, senken Sie Ihre Kosten und verbessern Sie die Effizienz Ihrer Verpackungslinie mit unserem flexiblen Kartonaufrichter Cobot.","robots":{"index":"index","follow":"follow","max-snippet":"max-snippet:-1","max-image-preview":"max-image-preview:large","max-video-preview":"max-video-preview:-1"},"canonical":"https:\/\/www.wiredworkers.io\/de\/dienstleistungen\/plug-produce-loesungen\/automatischer-kartonaufrichter\/","og_locale":"de_DE","og_type":"article","og_title":"Automatisieren Sie Ihren Verpackungsprozess mit unserem Cobot Kartonaufrichter.","og_description":"Steigern Sie Ihre Produktivit\u00e4t, senken Sie Ihre Kosten und verbessern Sie die Effizienz Ihrer Verpackungslinie mit unserem flexiblen Kartonaufrichter Cobot.","og_url":"https:\/\/www.wiredworkers.io\/de\/dienstleistungen\/plug-produce-loesungen\/automatischer-kartonaufrichter\/","og_site_name":"WiredWorkers","article_publisher":"https:\/\/www.facebook.com\/WiredWorkers","article_modified_time":"2024-10-01T10:06:39+00:00","og_image":[{"width":500,"height":500,"url":"https:\/\/www.wiredworkers.io\/wp-content\/uploads\/2023\/04\/Dozenvouwer.png","type":"image\/png"}],"twitter_card":"summary_large_image","twitter_misc":{"Gesch\u00e4tzte Lesezeit":"2\u00a0Minuten"},"schema":{"@context":"https:\/\/schema.org","@graph":[{"@type":"WebPage","@id":"https:\/\/www.wiredworkers.io\/de\/dienstleistungen\/plug-produce-loesungen\/automatischer-kartonaufrichter\/","url":"https:\/\/www.wiredworkers.io\/de\/dienstleistungen\/plug-produce-loesungen\/automatischer-kartonaufrichter\/","name":"Automatisieren Sie Ihren Verpackungsprozess mit unserem Cobot Kartonaufrichter.","isPartOf":{"@id":"https:\/\/www.wiredworkers.io\/de\/#website"},"primaryImageOfPage":{"@id":"https:\/\/www.wiredworkers.io\/de\/dienstleistungen\/plug-produce-loesungen\/automatischer-kartonaufrichter\/#primaryimage"},"image":{"@id":"https:\/\/www.wiredworkers.io\/de\/dienstleistungen\/plug-produce-loesungen\/automatischer-kartonaufrichter\/#primaryimage"},"thumbnailUrl":"https:\/\/www.wiredworkers.io\/wp-content\/uploads\/2023\/04\/Dozenvouwer.png","datePublished":"2023-05-10T11:31:57+00:00","dateModified":"2024-10-01T10:06:39+00:00","description":"Steigern Sie Ihre Produktivit\u00e4t, senken Sie Ihre Kosten und verbessern Sie die Effizienz Ihrer Verpackungslinie mit unserem flexiblen Kartonaufrichter Cobot.","breadcrumb":{"@id":"https:\/\/www.wiredworkers.io\/de\/dienstleistungen\/plug-produce-loesungen\/automatischer-kartonaufrichter\/#breadcrumb"},"inLanguage":"de","potentialAction":[{"@type":"ReadAction","target":["https:\/\/www.wiredworkers.io\/de\/dienstleistungen\/plug-produce-loesungen\/automatischer-kartonaufrichter\/"]}]},{"@type":"ImageObject","inLanguage":"de","@id":"https:\/\/www.wiredworkers.io\/de\/dienstleistungen\/plug-produce-loesungen\/automatischer-kartonaufrichter\/#primaryimage","url":"https:\/\/www.wiredworkers.io\/wp-content\/uploads\/2023\/04\/Dozenvouwer.png","contentUrl":"https:\/\/www.wiredworkers.io\/wp-content\/uploads\/2023\/04\/Dozenvouwer.png","width":500,"height":500,"caption":"automatische dozenopzetter"},{"@type":"BreadcrumbList","@id":"https:\/\/www.wiredworkers.io\/de\/dienstleistungen\/plug-produce-loesungen\/automatischer-kartonaufrichter\/#breadcrumb","itemListElement":[{"@type":"ListItem","position":1,"name":"WiredWorkers","item":"https:\/\/www.wiredworkers.io\/de\/"},{"@type":"ListItem","position":2,"name":"Dienstleistungen","item":"https:\/\/www.wiredworkers.io\/de\/services\/"},{"@type":"ListItem","position":3,"name":"Plug &#038; Produce L\u00f6sungen","item":"https:\/\/www.wiredworkers.io\/de\/services\/plug-produce-solutions\/"},{"@type":"ListItem","position":4,"name":"Cobot-Kartonaufrichter"}]},{"@type":"WebSite","@id":"https:\/\/www.wiredworkers.io\/de\/#website","url":"https:\/\/www.wiredworkers.io\/de\/","name":"WiredWorkers","description":"Robotics at your service","publisher":{"@id":"https:\/\/www.wiredworkers.io\/de\/#organization"},"potentialAction":[{"@type":"SearchAction","target":{"@type":"EntryPoint","urlTemplate":"https:\/\/www.wiredworkers.io\/de\/?s={search_term_string}"},"query-input":{"@type":"PropertyValueSpecification","valueRequired":true,"valueName":"search_term_string"}}],"inLanguage":"de"},{"@type":"Organization","@id":"https:\/\/www.wiredworkers.io\/de\/#organization","name":"WiredWorkers Nederland B.V.","url":"https:\/\/www.wiredworkers.io\/de\/","logo":{"@type":"ImageObject","inLanguage":"de","@id":"https:\/\/www.wiredworkers.io\/de\/#\/schema\/logo\/image\/","url":"https:\/\/www.wiredworkers.io\/wp-content\/uploads\/2018\/06\/wiredworkers-company-logo.jpg","contentUrl":"https:\/\/www.wiredworkers.io\/wp-content\/uploads\/2018\/06\/wiredworkers-company-logo.jpg","width":1082,"height":714,"caption":"WiredWorkers Nederland B.V."},"image":{"@id":"https:\/\/www.wiredworkers.io\/de\/#\/schema\/logo\/image\/"},"sameAs":["https:\/\/www.facebook.com\/WiredWorkers","https:\/\/www.linkedin.com\/company\/wiredworkers\/"]}]}},"_links":{"self":[{"href":"https:\/\/www.wiredworkers.io\/de\/wp-json\/wp\/v2\/pages\/21356","targetHints":{"allow":["GET"]}}],"collection":[{"href":"https:\/\/www.wiredworkers.io\/de\/wp-json\/wp\/v2\/pages"}],"about":[{"href":"https:\/\/www.wiredworkers.io\/de\/wp-json\/wp\/v2\/types\/page"}],"author":[{"embeddable":true,"href":"https:\/\/www.wiredworkers.io\/de\/wp-json\/wp\/v2\/users\/3"}],"replies":[{"embeddable":true,"href":"https:\/\/www.wiredworkers.io\/de\/wp-json\/wp\/v2\/comments?post=21356"}],"version-history":[{"count":11,"href":"https:\/\/www.wiredworkers.io\/de\/wp-json\/wp\/v2\/pages\/21356\/revisions"}],"predecessor-version":[{"id":24165,"href":"https:\/\/www.wiredworkers.io\/de\/wp-json\/wp\/v2\/pages\/21356\/revisions\/24165"}],"up":[{"embeddable":true,"href":"https:\/\/www.wiredworkers.io\/de\/wp-json\/wp\/v2\/pages\/21369"}],"wp:featuredmedia":[{"embeddable":true,"href":"https:\/\/www.wiredworkers.io\/de\/wp-json\/wp\/v2\/media\/21322"}],"wp:attachment":[{"href":"https:\/\/www.wiredworkers.io\/de\/wp-json\/wp\/v2\/media?parent=21356"}],"wp:term":[{"taxonomy":"category","embeddable":true,"href":"https:\/\/www.wiredworkers.io\/de\/wp-json\/wp\/v2\/categories?post=21356"},{"taxonomy":"post_tag","embeddable":true,"href":"https:\/\/www.wiredworkers.io\/de\/wp-json\/wp\/v2\/tags?post=21356"}],"curies":[{"name":"wp","href":"https:\/\/api.w.org\/{rel}","templated":true}]}}