{"id":21365,"date":"2023-05-10T13:58:06","date_gmt":"2023-05-10T11:58:06","guid":{"rendered":"https:\/\/wiredworkers.io\/cobot-miete\/"},"modified":"2023-10-31T13:22:06","modified_gmt":"2023-10-31T11:22:06","slug":"cobot-miete","status":"publish","type":"page","link":"https:\/\/www.wiredworkers.io\/de\/dienstleistungen\/cobot-miete\/","title":{"rendered":"Cobot Miete"},"content":{"rendered":"\n\n\t<nav id=\"breadcrumbs\" aria-label=\"Breadcrumbs\"><a href=\"https:\/\/www.wiredworkers.io\/de\/\">WiredWorkers<\/a> \u279c <a href=\"https:\/\/www.wiredworkers.io\/de\/dienstleistungen\/\">Dienstleistungen<\/a> \u279c Cobot Miete<\/nav><h1>\n\t\tCobot Miete\n\t<\/h1>\n\t<p>WiredWorkers erm\u00f6glicht es Unternehmen, einen Cobot zu mieten. Ideal f\u00fcr Unternehmen, die sich in der Testphase befinden und den Cobot erst einmal ausprobieren wollen, oder f\u00fcr Unternehmen, die noch nicht bereit sind, ihn zu kaufen.<\/p>\n\t\t\t<a href=\"https:\/\/www.wiredworkers.io\/contact\/\" target=\"_self\" rel=\"noopener\">\n\t\t\t\t\t\t\tKontaktieren Sie uns!\n\t\t\t<\/a>\n<h2>\n\t\tMietbedingungen\n\t<\/h2>\n\t\t<ul>\n\t\t\t\t\t<li>\n\t\t\t\t<h3>Zahlung pro Monat im Voraus<\/h3>\n\t\tUm einen Cobot zu mieten, zahlen Sie jeden Monat einen festen Betrag.\t\t\t\n\t\t\t<\/li>\n\t\t\t\t\t<li>\n\t\t\t\t<h3>Mindestmietdauer<\/h3>\n\t\tDie Mindestmietdauer betr\u00e4gt durchgehend drei Monate.\t\t\t\n\t\t\t<\/li>\n\t\t\t\t\t<li>\n\t\t\t\t<h3>K\u00fcndigungsfrist<\/h3>\n\t\tDie K\u00fcndigungsfrist betr\u00e4gt mindestens drei Monate.\t\t\t\n\t\t\t<\/li>\n\t\t\t\t\t<li>\n\t\t\t\t<h3>Einzahlung<\/h3>\n\t\tDie Kaution betr\u00e4gt 3 Monatsmieten\t\t\t\n\t\t\t<\/li>\n\t\t\t\t<\/ul>\n<h2>\n\t\tMieten Sie einen kollaborativen Roboter\n\t<\/h2>\n\t<p>WiredWorkers bietet die M\u00f6glichkeit, einen kollaborativen Roboter f\u00fcr einen festen Betrag pro Monat zu mieten. Dies ist eine ideale L\u00f6sung f\u00fcr Unternehmen, die testen m\u00f6chten, ob ein Cobot eine gute L\u00f6sung f\u00fcr den Produktionsprozess ist, bevor sie sich f\u00fcr den Kauf eines solchen Systems entscheiden.<\/p>\n\t\t\t<a href=\"https:\/\/www.wiredworkers.io\/contact\/\" target=\"_self\" rel=\"noopener\">\n\t\t\t\t\t\t\tKontaktieren Sie uns!\n\t\t\t<\/a>\n\t\t\t\t<img decoding=\"async\" data-src=\"https:\/\/www.wiredworkers.io\/wp-content\/uploads\/2019\/06\/Techman-Robot-TM5-900.png\" alt=\"What is a cobot? | Wat is een cobot? | Techman Robot TM5-900\" itemprop=\"image\" height=\"500\" width=\"500\" onerror=\"this.style.display='none'\" src=\"data:image\/svg+xml;base64,PHN2ZyB3aWR0aD0iMSIgaGVpZ2h0PSIxIiB4bWxucz0iaHR0cDovL3d3dy53My5vcmcvMjAwMC9zdmciPjwvc3ZnPg==\" class=\"lazyload\" style=\"--smush-placeholder-width: 500px; --smush-placeholder-aspect-ratio: 500\/500;\" \/>\n\n","protected":false},"excerpt":{"rendered":"<p>WiredWorkers \u279c Dienstleistungen \u279c Cobot Miete Cobot Miete WiredWorkers erm\u00f6glicht es Unternehmen, einen Cobot zu mieten. Ideal f\u00fcr Unternehmen, die sich in der Testphase befinden und den Cobot erst einmal ausprobieren wollen, oder f\u00fcr Unternehmen, die noch nicht bereit sind, ihn zu kaufen. Kontaktieren Sie uns! Mietbedingungen Zahlung pro Monat im Voraus Um einen Cobot [&hellip;]<\/p>\n","protected":false},"author":3,"featured_media":0,"parent":21378,"menu_order":0,"comment_status":"closed","ping_status":"closed","template":"","meta":{"_acf_changed":false,"site-sidebar-layout":"default","site-content-layout":"","ast-site-content-layout":"default","site-content-style":"default","site-sidebar-style":"default","ast-global-header-display":"","ast-banner-title-visibility":"","ast-main-header-display":"","ast-hfb-above-header-display":"","ast-hfb-below-header-display":"","ast-hfb-mobile-header-display":"","site-post-title":"","ast-breadcrumbs-content":"","ast-featured-img":"","footer-sml-layout":"","ast-disable-related-posts":"","theme-transparent-header-meta":"","adv-header-id-meta":"","stick-header-meta":"","header-above-stick-meta":"","header-main-stick-meta":"","header-below-stick-meta":"","astra-migrate-meta-layouts":"default","ast-page-background-enabled":"default","ast-page-background-meta":{"desktop":{"background-color":"","background-image":"","background-repeat":"repeat","background-position":"center center","background-size":"auto","background-attachment":"scroll","background-type":"","background-media":"","overlay-type":"","overlay-color":"","overlay-opacity":"","overlay-gradient":""},"tablet":{"background-color":"","background-image":"","background-repeat":"repeat","background-position":"center center","background-size":"auto","background-attachment":"scroll","background-type":"","background-media":"","overlay-type":"","overlay-color":"","overlay-opacity":"","overlay-gradient":""},"mobile":{"background-color":"","background-image":"","background-repeat":"repeat","background-position":"center center","background-size":"auto","background-attachment":"scroll","background-type":"","background-media":"","overlay-type":"","overlay-color":"","overlay-opacity":"","overlay-gradient":""}},"ast-content-background-meta":{"desktop":{"background-color":"var(--ast-global-color-5)","background-image":"","background-repeat":"repeat","background-position":"center center","background-size":"auto","background-attachment":"scroll","background-type":"","background-media":"","overlay-type":"","overlay-color":"","overlay-opacity":"","overlay-gradient":""},"tablet":{"background-color":"var(--ast-global-color-5)","background-image":"","background-repeat":"repeat","background-position":"center center","background-size":"auto","background-attachment":"scroll","background-type":"","background-media":"","overlay-type":"","overlay-color":"","overlay-opacity":"","overlay-gradient":""},"mobile":{"background-color":"var(--ast-global-color-5)","background-image":"","background-repeat":"repeat","background-position":"center center","background-size":"auto","background-attachment":"scroll","background-type":"","background-media":"","overlay-type":"","overlay-color":"","overlay-opacity":"","overlay-gradient":""}},"footnotes":""},"categories":[553],"tags":[],"class_list":["post-21365","page","type-page","status-publish","hentry","category-dienstleistungen"],"acf":[],"yoast_head":"<!-- This site is optimized with the Yoast SEO plugin v27.3 - https:\/\/yoast.com\/product\/yoast-seo-wordpress\/ -->\n<title>Cobot mieten | Einen kollaborativen Roboter mieten | WiredWorkers<\/title>\n<meta name=\"description\" content=\"Mit WiredWorkers k\u00f6nnen Sie einen Cobot zu einer festen monatlichen Geb\u00fchr mieten. Eine ideale L\u00f6sung f\u00fcr Testzwecke oder tempor\u00e4re Automatisierung.\" \/>\n<meta name=\"robots\" content=\"index, follow, max-snippet:-1, max-image-preview:large, max-video-preview:-1\" \/>\n<link rel=\"canonical\" href=\"https:\/\/www.wiredworkers.io\/de\/dienstleistungen\/cobot-miete\/\" \/>\n<meta property=\"og:locale\" content=\"de_DE\" \/>\n<meta property=\"og:type\" content=\"article\" \/>\n<meta property=\"og:title\" content=\"Cobot mieten | Einen kollaborativen Roboter mieten | WiredWorkers\" \/>\n<meta property=\"og:description\" content=\"Mit WiredWorkers k\u00f6nnen Sie einen Cobot zu einer festen monatlichen Geb\u00fchr mieten. Eine ideale L\u00f6sung f\u00fcr Testzwecke oder tempor\u00e4re Automatisierung.\" \/>\n<meta property=\"og:url\" content=\"https:\/\/www.wiredworkers.io\/de\/dienstleistungen\/cobot-miete\/\" \/>\n<meta property=\"og:site_name\" content=\"WiredWorkers\" \/>\n<meta property=\"article:publisher\" content=\"https:\/\/www.facebook.com\/WiredWorkers\" \/>\n<meta property=\"article:modified_time\" content=\"2023-10-31T11:22:06+00:00\" \/>\n<meta property=\"og:image\" content=\"https:\/\/www.wiredworkers.io\/wp-content\/uploads\/2019\/06\/Techman-Robot-TM5-900.png\" \/>\n<meta name=\"twitter:card\" content=\"summary_large_image\" \/>\n<meta name=\"twitter:label1\" content=\"Gesch\u00e4tzte Lesezeit\" \/>\n\t<meta name=\"twitter:data1\" content=\"1\u00a0Minute\" \/>\n<script type=\"application\/ld+json\" class=\"yoast-schema-graph\">{\"@context\":\"https:\\\/\\\/schema.org\",\"@graph\":[{\"@type\":\"WebPage\",\"@id\":\"https:\\\/\\\/www.wiredworkers.io\\\/de\\\/dienstleistungen\\\/cobot-miete\\\/\",\"url\":\"https:\\\/\\\/www.wiredworkers.io\\\/de\\\/dienstleistungen\\\/cobot-miete\\\/\",\"name\":\"Cobot mieten | Einen kollaborativen Roboter mieten | WiredWorkers\",\"isPartOf\":{\"@id\":\"https:\\\/\\\/www.wiredworkers.io\\\/de\\\/#website\"},\"primaryImageOfPage\":{\"@id\":\"https:\\\/\\\/www.wiredworkers.io\\\/de\\\/dienstleistungen\\\/cobot-miete\\\/#primaryimage\"},\"image\":{\"@id\":\"https:\\\/\\\/www.wiredworkers.io\\\/de\\\/dienstleistungen\\\/cobot-miete\\\/#primaryimage\"},\"thumbnailUrl\":\"https:\\\/\\\/www.wiredworkers.io\\\/wp-content\\\/uploads\\\/2019\\\/06\\\/Techman-Robot-TM5-900.png\",\"datePublished\":\"2023-05-10T11:58:06+00:00\",\"dateModified\":\"2023-10-31T11:22:06+00:00\",\"description\":\"Mit WiredWorkers k\u00f6nnen Sie einen Cobot zu einer festen monatlichen Geb\u00fchr mieten. Eine ideale L\u00f6sung f\u00fcr Testzwecke oder tempor\u00e4re Automatisierung.\",\"breadcrumb\":{\"@id\":\"https:\\\/\\\/www.wiredworkers.io\\\/de\\\/dienstleistungen\\\/cobot-miete\\\/#breadcrumb\"},\"inLanguage\":\"de\",\"potentialAction\":[{\"@type\":\"ReadAction\",\"target\":[\"https:\\\/\\\/www.wiredworkers.io\\\/de\\\/dienstleistungen\\\/cobot-miete\\\/\"]}]},{\"@type\":\"ImageObject\",\"inLanguage\":\"de\",\"@id\":\"https:\\\/\\\/www.wiredworkers.io\\\/de\\\/dienstleistungen\\\/cobot-miete\\\/#primaryimage\",\"url\":\"https:\\\/\\\/www.wiredworkers.io\\\/wp-content\\\/uploads\\\/2019\\\/06\\\/Techman-Robot-TM5-900.png\",\"contentUrl\":\"https:\\\/\\\/www.wiredworkers.io\\\/wp-content\\\/uploads\\\/2019\\\/06\\\/Techman-Robot-TM5-900.png\"},{\"@type\":\"BreadcrumbList\",\"@id\":\"https:\\\/\\\/www.wiredworkers.io\\\/de\\\/dienstleistungen\\\/cobot-miete\\\/#breadcrumb\",\"itemListElement\":[{\"@type\":\"ListItem\",\"position\":1,\"name\":\"WiredWorkers\",\"item\":\"https:\\\/\\\/www.wiredworkers.io\\\/de\\\/\"},{\"@type\":\"ListItem\",\"position\":2,\"name\":\"Dienstleistungen\",\"item\":\"https:\\\/\\\/www.wiredworkers.io\\\/de\\\/services\\\/\"},{\"@type\":\"ListItem\",\"position\":3,\"name\":\"Cobot Miete\"}]},{\"@type\":\"WebSite\",\"@id\":\"https:\\\/\\\/www.wiredworkers.io\\\/de\\\/#website\",\"url\":\"https:\\\/\\\/www.wiredworkers.io\\\/de\\\/\",\"name\":\"WiredWorkers\",\"description\":\"Robotics at your service\",\"publisher\":{\"@id\":\"https:\\\/\\\/www.wiredworkers.io\\\/de\\\/#organization\"},\"potentialAction\":[{\"@type\":\"SearchAction\",\"target\":{\"@type\":\"EntryPoint\",\"urlTemplate\":\"https:\\\/\\\/www.wiredworkers.io\\\/de\\\/?s={search_term_string}\"},\"query-input\":{\"@type\":\"PropertyValueSpecification\",\"valueRequired\":true,\"valueName\":\"search_term_string\"}}],\"inLanguage\":\"de\"},{\"@type\":\"Organization\",\"@id\":\"https:\\\/\\\/www.wiredworkers.io\\\/de\\\/#organization\",\"name\":\"WiredWorkers Nederland B.V.\",\"url\":\"https:\\\/\\\/www.wiredworkers.io\\\/de\\\/\",\"logo\":{\"@type\":\"ImageObject\",\"inLanguage\":\"de\",\"@id\":\"https:\\\/\\\/www.wiredworkers.io\\\/de\\\/#\\\/schema\\\/logo\\\/image\\\/\",\"url\":\"https:\\\/\\\/www.wiredworkers.io\\\/wp-content\\\/uploads\\\/2018\\\/06\\\/wiredworkers-company-logo.jpg\",\"contentUrl\":\"https:\\\/\\\/www.wiredworkers.io\\\/wp-content\\\/uploads\\\/2018\\\/06\\\/wiredworkers-company-logo.jpg\",\"width\":1082,\"height\":714,\"caption\":\"WiredWorkers Nederland B.V.\"},\"image\":{\"@id\":\"https:\\\/\\\/www.wiredworkers.io\\\/de\\\/#\\\/schema\\\/logo\\\/image\\\/\"},\"sameAs\":[\"https:\\\/\\\/www.facebook.com\\\/WiredWorkers\",\"https:\\\/\\\/www.linkedin.com\\\/company\\\/wiredworkers\\\/\"]}]}<\/script>\n<!-- \/ Yoast SEO plugin. -->","yoast_head_json":{"title":"Cobot mieten | Einen kollaborativen Roboter mieten | WiredWorkers","description":"Mit WiredWorkers k\u00f6nnen Sie einen Cobot zu einer festen monatlichen Geb\u00fchr mieten. Eine ideale L\u00f6sung f\u00fcr Testzwecke oder tempor\u00e4re Automatisierung.","robots":{"index":"index","follow":"follow","max-snippet":"max-snippet:-1","max-image-preview":"max-image-preview:large","max-video-preview":"max-video-preview:-1"},"canonical":"https:\/\/www.wiredworkers.io\/de\/dienstleistungen\/cobot-miete\/","og_locale":"de_DE","og_type":"article","og_title":"Cobot mieten | Einen kollaborativen Roboter mieten | WiredWorkers","og_description":"Mit WiredWorkers k\u00f6nnen Sie einen Cobot zu einer festen monatlichen Geb\u00fchr mieten. Eine ideale L\u00f6sung f\u00fcr Testzwecke oder tempor\u00e4re Automatisierung.","og_url":"https:\/\/www.wiredworkers.io\/de\/dienstleistungen\/cobot-miete\/","og_site_name":"WiredWorkers","article_publisher":"https:\/\/www.facebook.com\/WiredWorkers","article_modified_time":"2023-10-31T11:22:06+00:00","og_image":[{"url":"https:\/\/www.wiredworkers.io\/wp-content\/uploads\/2019\/06\/Techman-Robot-TM5-900.png","type":"","width":"","height":""}],"twitter_card":"summary_large_image","twitter_misc":{"Gesch\u00e4tzte Lesezeit":"1\u00a0Minute"},"schema":{"@context":"https:\/\/schema.org","@graph":[{"@type":"WebPage","@id":"https:\/\/www.wiredworkers.io\/de\/dienstleistungen\/cobot-miete\/","url":"https:\/\/www.wiredworkers.io\/de\/dienstleistungen\/cobot-miete\/","name":"Cobot mieten | Einen kollaborativen Roboter mieten | WiredWorkers","isPartOf":{"@id":"https:\/\/www.wiredworkers.io\/de\/#website"},"primaryImageOfPage":{"@id":"https:\/\/www.wiredworkers.io\/de\/dienstleistungen\/cobot-miete\/#primaryimage"},"image":{"@id":"https:\/\/www.wiredworkers.io\/de\/dienstleistungen\/cobot-miete\/#primaryimage"},"thumbnailUrl":"https:\/\/www.wiredworkers.io\/wp-content\/uploads\/2019\/06\/Techman-Robot-TM5-900.png","datePublished":"2023-05-10T11:58:06+00:00","dateModified":"2023-10-31T11:22:06+00:00","description":"Mit WiredWorkers k\u00f6nnen Sie einen Cobot zu einer festen monatlichen Geb\u00fchr mieten. Eine ideale L\u00f6sung f\u00fcr Testzwecke oder tempor\u00e4re Automatisierung.","breadcrumb":{"@id":"https:\/\/www.wiredworkers.io\/de\/dienstleistungen\/cobot-miete\/#breadcrumb"},"inLanguage":"de","potentialAction":[{"@type":"ReadAction","target":["https:\/\/www.wiredworkers.io\/de\/dienstleistungen\/cobot-miete\/"]}]},{"@type":"ImageObject","inLanguage":"de","@id":"https:\/\/www.wiredworkers.io\/de\/dienstleistungen\/cobot-miete\/#primaryimage","url":"https:\/\/www.wiredworkers.io\/wp-content\/uploads\/2019\/06\/Techman-Robot-TM5-900.png","contentUrl":"https:\/\/www.wiredworkers.io\/wp-content\/uploads\/2019\/06\/Techman-Robot-TM5-900.png"},{"@type":"BreadcrumbList","@id":"https:\/\/www.wiredworkers.io\/de\/dienstleistungen\/cobot-miete\/#breadcrumb","itemListElement":[{"@type":"ListItem","position":1,"name":"WiredWorkers","item":"https:\/\/www.wiredworkers.io\/de\/"},{"@type":"ListItem","position":2,"name":"Dienstleistungen","item":"https:\/\/www.wiredworkers.io\/de\/services\/"},{"@type":"ListItem","position":3,"name":"Cobot Miete"}]},{"@type":"WebSite","@id":"https:\/\/www.wiredworkers.io\/de\/#website","url":"https:\/\/www.wiredworkers.io\/de\/","name":"WiredWorkers","description":"Robotics at your service","publisher":{"@id":"https:\/\/www.wiredworkers.io\/de\/#organization"},"potentialAction":[{"@type":"SearchAction","target":{"@type":"EntryPoint","urlTemplate":"https:\/\/www.wiredworkers.io\/de\/?s={search_term_string}"},"query-input":{"@type":"PropertyValueSpecification","valueRequired":true,"valueName":"search_term_string"}}],"inLanguage":"de"},{"@type":"Organization","@id":"https:\/\/www.wiredworkers.io\/de\/#organization","name":"WiredWorkers Nederland B.V.","url":"https:\/\/www.wiredworkers.io\/de\/","logo":{"@type":"ImageObject","inLanguage":"de","@id":"https:\/\/www.wiredworkers.io\/de\/#\/schema\/logo\/image\/","url":"https:\/\/www.wiredworkers.io\/wp-content\/uploads\/2018\/06\/wiredworkers-company-logo.jpg","contentUrl":"https:\/\/www.wiredworkers.io\/wp-content\/uploads\/2018\/06\/wiredworkers-company-logo.jpg","width":1082,"height":714,"caption":"WiredWorkers Nederland B.V."},"image":{"@id":"https:\/\/www.wiredworkers.io\/de\/#\/schema\/logo\/image\/"},"sameAs":["https:\/\/www.facebook.com\/WiredWorkers","https:\/\/www.linkedin.com\/company\/wiredworkers\/"]}]}},"_links":{"self":[{"href":"https:\/\/www.wiredworkers.io\/de\/wp-json\/wp\/v2\/pages\/21365","targetHints":{"allow":["GET"]}}],"collection":[{"href":"https:\/\/www.wiredworkers.io\/de\/wp-json\/wp\/v2\/pages"}],"about":[{"href":"https:\/\/www.wiredworkers.io\/de\/wp-json\/wp\/v2\/types\/page"}],"author":[{"embeddable":true,"href":"https:\/\/www.wiredworkers.io\/de\/wp-json\/wp\/v2\/users\/3"}],"replies":[{"embeddable":true,"href":"https:\/\/www.wiredworkers.io\/de\/wp-json\/wp\/v2\/comments?post=21365"}],"version-history":[{"count":2,"href":"https:\/\/www.wiredworkers.io\/de\/wp-json\/wp\/v2\/pages\/21365\/revisions"}],"predecessor-version":[{"id":22683,"href":"https:\/\/www.wiredworkers.io\/de\/wp-json\/wp\/v2\/pages\/21365\/revisions\/22683"}],"up":[{"embeddable":true,"href":"https:\/\/www.wiredworkers.io\/de\/wp-json\/wp\/v2\/pages\/21378"}],"wp:attachment":[{"href":"https:\/\/www.wiredworkers.io\/de\/wp-json\/wp\/v2\/media?parent=21365"}],"wp:term":[{"taxonomy":"category","embeddable":true,"href":"https:\/\/www.wiredworkers.io\/de\/wp-json\/wp\/v2\/categories?post=21365"},{"taxonomy":"post_tag","embeddable":true,"href":"https:\/\/www.wiredworkers.io\/de\/wp-json\/wp\/v2\/tags?post=21365"}],"curies":[{"name":"wp","href":"https:\/\/api.w.org\/{rel}","templated":true}]}}