{"id":21367,"date":"2023-05-10T14:08:35","date_gmt":"2023-05-10T12:08:35","guid":{"rendered":"https:\/\/wiredworkers.io\/massgeschneiderte-automatisierung\/"},"modified":"2023-11-17T13:15:11","modified_gmt":"2023-11-17T11:15:11","slug":"maschinenbau","status":"publish","type":"page","link":"https:\/\/www.wiredworkers.io\/de\/dienstleistungen\/maschinenbau\/","title":{"rendered":"Maschinenbau"},"content":{"rendered":"\n\n\t<nav id=\"breadcrumbs\" aria-label=\"Breadcrumbs\"><a href=\"https:\/\/www.wiredworkers.io\/de\/\">WiredWorkers<\/a> \u279c <a href=\"https:\/\/www.wiredworkers.io\/de\/dienstleistungen\/\">Dienstleistungen<\/a> \u279c Maschinenbau<\/nav><h1>\n\t\tMaschinenbau\n\t<\/h1>\n\t<p>WiredWorkers unterst\u00fctzt Sie bei der Optimierung Ihrer Produktionsprozesse durch die Entwicklung und Realisierung von ma\u00dfgeschneiderten Automatisierungsl\u00f6sungen.<\/p>\n\t\t\t<a href=\"https:\/\/www.wiredworkers.io\/de\/kostenlose-cobot-beratung\/\" target=\"_self\" rel=\"noopener\">\n\t\t\t\t\t\t\tKostenlose Online-Beratung\n\t\t\t<\/a>\n\t\t\t<a href=\"https:\/\/www.wiredworkers.io\/de\/telefonanruf\/\" target=\"_self\" rel=\"noopener\">\n\t\t\t\t\t\t\tBevorzugen Sie einen Telefonanruf?\n\t\t\t<\/a>\n<h2>\n\t\tUnsere Arbeitsweise\n\t<\/h2>\n\t<p>Um eine voll funktionsf\u00e4hige, ma\u00dfgeschneiderte Automatisierungsl\u00f6sung bereitzustellen, f\u00fchren wir die folgenden Schritte durch.<\/p>\n\t\t\t\t\t\t\t<h3>Einf\u00fchrung<\/h3>\n\t\t\t\t\t\t\tW\u00e4hrend unserer Einf\u00fchrung diskutieren wir die Optionen. Was muss automatisiert werden?\t\t\t\t\t\t\t\t\t\t\t\t\t\n\t\t\t\t\t\t\t<h3>Konzeptentwurf<\/h3>\n\t\t\t\t\t\t\tUnsere Ingenieure beginnen mit der Arbeit an einem Konzeptentwurf. Sie erhalten diesen mit einer Simulation, einem klaren Kostenvoranschlag und einer Projektbeschreibung.\t\t\t\t\t\t\t\t\t\t\t\t\t\n\t\t\t\t\t\t\t<h3>Kick-off-Meeting<\/h3>\n\t\t\t\t\t\t\tWenn das Konzept genehmigt wird, erstellen wir ein detailliertes Anforderungspaket, legen den Projektumfang und die zu erbringenden Leistungen fest. Sobald wir uns darauf geeinigt haben, machen sich unsere Ingenieure an die Arbeit f\u00fcr den endg\u00fcltigen Entwurf.\t\t\t\t\t\t\t\t\t\t\t\t\t\n\t\t\t\t\t\t\t<h3>\u00dcberpr\u00fcfung des Designs<\/h3>\n\t\t\t\t\t\t\tBei der Entwurfspr\u00fcfung testen wir gemeinsam mit Ihnen den Entwurf anhand der festgelegten Anforderungen, um Probleme zu erkennen, bevor die Arbeit fortgesetzt wird.\t\t\t\t\t\t\t\t\t\t\t\t\t\n\t\t\t\t\t\t\t<h3>Produktion<\/h3>\n\t\t\t\t\t\t\tSobald das Konzept genehmigt ist, beginnen wir mit der Produktion. Der Entwurf wird in unserer Produktionsst\u00e4tte umgesetzt.\t\t\t\t\t\t\t\t\t\t\t\t\t\n\t\t\t\t\t\t\t<h3>Werksabnahmepr\u00fcfung<\/h3>\n\t\t\t\t\t\t\tW\u00e4hrend des FAT validieren wir die Leistung der Ausr\u00fcstung und stellen sicher, dass sie alle Anforderungen erf\u00fcllt.\t\t\t\t\t\t\t\t\t\t\t\t\t\n\t\t\t\t\t\t\t<h3>Installation vor Ort<\/h3>\n\t\t\t\t\t\t\tUnsere Ingenieure installieren das System vor Ort.\t\t\t\t\t\t\t\t\t\t\t\t\t\n\t\t\t\t\t\t\t<h3>Standortabnahmepr\u00fcfung<\/h3>\n\t\t\t\t\t\t\tWir \u00fcberpr\u00fcfen, ob das System ordnungsgem\u00e4\u00df funktioniert und ob die Integration mit anderen Systemen und Netzwerken in Ihrer Produktionsst\u00e4tte reibungslos verl\u00e4uft.\t\t\t\t\t\t\t\t\t\t\t\t\t\n\t\t\t\t\t\t\t<h3>Schulung<\/h3>\n\t\t\t\t\t\t\tNach dem Standortabnahmepr\u00fcfung bieten wir den Betreibern eine Schulung an, damit sie mit dem neuen System gut umgehen k\u00f6nnen.\t\t\t\t\t\t\t\t\t\t\t\t\t\n<h2>\n\t\tMaschinenbau mit Cobots\n\t<\/h2>\n\t<p>Wir sind auf die Automatisierung mit kollaborativen Robotern (Cobots) spezialisiert. Sie sind vielseitig, kosteng\u00fcnstig und einfach zu bedienen. Dadurch sind sie f\u00fcr Unternehmen fast jeder Gr\u00f6\u00dfe und jedes technischen Niveaus geeignet.<\/p>\n\t\t\t<a href=\"https:\/\/www.wiredworkers.io\/de\/cobot\/\" target=\"_self\" rel=\"noopener\">\n\t\t\t\t\t\t\tMehr \u00fcber Cobots\n\t\t\t<\/a>\n\t\t\t\t<img decoding=\"async\" data-src=\"https:\/\/www.wiredworkers.io\/wp-content\/uploads\/2019\/06\/Techman-Robot-TM5-900.png\" alt=\"What is a cobot? | Wat is een cobot? | Techman Robot TM5-900\" itemprop=\"image\" height=\"500\" width=\"500\" onerror=\"this.style.display='none'\" src=\"data:image\/svg+xml;base64,PHN2ZyB3aWR0aD0iMSIgaGVpZ2h0PSIxIiB4bWxucz0iaHR0cDovL3d3dy53My5vcmcvMjAwMC9zdmciPjwvc3ZnPg==\" class=\"lazyload\" style=\"--smush-placeholder-width: 500px; --smush-placeholder-aspect-ratio: 500\/500;\" \/>\n<h2>\n\t\tDie Vorteile der Automatisierung\n\t<\/h2>\n\t\t<ul>\n\t\t\t\t\t<li>\n\t\t\t\t<h3>Reduziert die Betriebskosten<\/h3>\n\t\tDank der Automatisierung werden die Personalkosten gesenkt.\t\t\t\n\t\t\t<\/li>\n\t\t\t\t\t<li>\n\t\t\t\t<h3>H\u00f6here Produktivit\u00e4t<\/h3>\n\t\tDie Mitarbeiter k\u00f6nnen wichtige Arbeiten an anderer Stelle erledigen, was die Produktion steigert.\t\t\t\n\t\t\t<\/li>\n\t\t\t\t\t<li>\n\t\t\t\t<h3>H\u00f6here Qualit\u00e4t<\/h3>\n\t\tDie Automatisierung verringert die Fehlerquote, was zu einer h\u00f6heren Qualit\u00e4t f\u00fchrt. Au\u00dferdem f\u00fchrt sie zu Produkten von einheitlicher Qualit\u00e4t.\t\t\t\n\t\t\t<\/li>\n\t\t\t\t\t<li>\n\t\t\t\t<h3>H\u00f6here Flexibilit\u00e4t<\/h3>\n\t\tRoboter k\u00f6nnen so programmiert werden, dass sie jede Aufgabe erf\u00fcllen. Das macht den Produktionsprozess flexibler.\t\t\t\n\t\t\t<\/li>\n\t\t\t\t\t<li>\n\t\t\t\t<h3>Sicherheit<\/h3>\n\t\tDie Automatisierung kann die Produktionslinie f\u00fcr die Arbeitnehmer sicher machen, indem Roboter gef\u00e4hrliche Aufgaben \u00fcbernehmen.\t\t\t\n\t\t\t<\/li>\n\t\t\t\t<\/ul>\n\t\t\t\t<img decoding=\"async\" data-src=\"https:\/\/www.wiredworkers.io\/wp-content\/uploads\/2021\/06\/IMG_0624-1-scaled.jpg\" alt=\"machine tending van raam\" itemprop=\"image\" height=\"1920\" width=\"2560\" title=\"machine tending van raam\" onerror=\"this.style.display='none'\" src=\"data:image\/svg+xml;base64,PHN2ZyB3aWR0aD0iMSIgaGVpZ2h0PSIxIiB4bWxucz0iaHR0cDovL3d3dy53My5vcmcvMjAwMC9zdmciPjwvc3ZnPg==\" class=\"lazyload\" style=\"--smush-placeholder-width: 2560px; --smush-placeholder-aspect-ratio: 2560\/1920;\" \/>\n<h2>\n\t\tLernen Sie uns kennen!\n\t<\/h2>\n\t<p>Unsere Kombination aus einem multidisziplin\u00e4ren Team mit jahrelanger Erfahrung, Kenntnissen auf dem Gebiet der Automatisierung, einer gro\u00dfen Auswahl an Robotern und einer umfangreichen Werkzeugausstattung bedeutet, dass wir f\u00fcr praktisch jedes Problem eine L\u00f6sung anbieten k\u00f6nnen, vom Entwurf bis zur Realisierung. Wir kommunizieren immer ehrlich dar\u00fcber, was wir tun, was wir tun k\u00f6nnen und was die Kosten sind.<\/p>\n\t\t\t<a href=\"https:\/\/www.wiredworkers.io\/de\/uber-uns\/\" target=\"_self\" rel=\"noopener\">\n\t\t\t\t\t\t\t\u00dcber uns\n\t\t\t<\/a>\n\t\t\t<a href=\"https:\/\/www.wiredworkers.io\/de\/kontakt\/\" target=\"_self\" rel=\"noopener\">\n\t\t\t\t\t\t\tKontaktieren Sie uns!\n\t\t\t<\/a>\n\t\t\t\t<img decoding=\"async\" data-src=\"https:\/\/www.wiredworkers.io\/wp-content\/uploads\/2020\/07\/IMG_0050-2-scaled.jpg\" alt=\"IMG_0050\" itemprop=\"image\" title=\"IMG_0050\" onerror=\"this.style.display='none'\" src=\"data:image\/svg+xml;base64,PHN2ZyB3aWR0aD0iMSIgaGVpZ2h0PSIxIiB4bWxucz0iaHR0cDovL3d3dy53My5vcmcvMjAwMC9zdmciPjwvc3ZnPg==\" class=\"lazyload\" style=\"--smush-placeholder-width: 2560px; --smush-placeholder-aspect-ratio: 2560\/1707;\" \/>\n<h2>\n\t\tZuvor installierte Maschinen\n\t<\/h2>\n\t<meta itemscope itemprop=\"mainEntityOfPage\" itemtype=\"https:\/\/schema.org\/WebPage\" itemid=\"https:\/\/www.wiredworkers.io\/de\/erfolgsgeschichte-keter\/\" content=\"Erfolgsgeschichte | Keter\" \/><meta itemprop=\"datePublished\" content=\"2023-09-22\" \/><meta itemprop=\"dateModified\" content=\"2023-10-02\" \/><meta itemprop=\"name\" content=\"WiredWorkers\"\/><meta itemprop=\"url\" content=\"https:\/\/www.wiredworkers.io\/wp-content\/uploads\/2018\/01\/cropped-wiredworkers-logo-white.png\"\/><meta itemprop=\"url\" content=\"https:\/\/www.wiredworkers.io\/de\/author\/robbinmennings\/\" \/><meta itemprop=\"name\" content=\"Robbin Mennings\" \/><meta itemprop=\"url\" content=\"https:\/\/www.wiredworkers.io\/wp-content\/uploads\/2023\/08\/Keter-daytona-automation.png\" \/><meta itemprop=\"width\" content=\"1845\" \/><meta itemprop=\"height\" content=\"939\" \/><meta itemprop=\"interactionType\" content=\"https:\/\/schema.org\/CommentAction\" \/><meta itemprop=\"userInteractionCount\" content=\"0\" \/>\n\t\t\t\t\t<a href=\"https:\/\/www.wiredworkers.io\/de\/erfolgsgeschichte-keter\/\" title=\"Erfolgsgeschichte | Keter\"><\/a>\n\t\t\t\t<img decoding=\"async\" src=\"https:\/\/www.wiredworkers.io\/wp-content\/uploads\/2023\/08\/Keter-daytona-automation-350x250.png\" alt=\"Keter daytona automation\" itemprop=\"image\" data-no-lazy=\"1\" height=\"250\" width=\"350\" title=\"Keter daytona automation\" onerror=\"this.style.display='none'\"  \/>\n\t\t\t\t\t\t\t\t\t<h4 itemprop=\"headline\">\n\t\t\t\t\t\t\t\t\t\t\t\t\t\tErfolgsgeschichte | Keter\t\t\t\t\t\t\t\t\t\t\t<\/h4>\n\t<meta itemscope itemprop=\"mainEntityOfPage\" itemtype=\"https:\/\/schema.org\/WebPage\" itemid=\"https:\/\/www.wiredworkers.io\/de\/erfolgsgeschichte-hatchtrack\/\" content=\"Erfolgsgeschichte | Hatchtrack\" \/><meta itemprop=\"datePublished\" content=\"2023-08-09\" \/><meta itemprop=\"dateModified\" content=\"2023-10-02\" \/><meta itemprop=\"name\" content=\"WiredWorkers\"\/><meta itemprop=\"url\" content=\"https:\/\/www.wiredworkers.io\/wp-content\/uploads\/2018\/01\/cropped-wiredworkers-logo-white.png\"\/><meta itemprop=\"url\" content=\"https:\/\/www.wiredworkers.io\/de\/author\/robbinmennings\/\" \/><meta itemprop=\"name\" content=\"Robbin Mennings\" \/><meta itemprop=\"url\" content=\"https:\/\/www.wiredworkers.io\/wp-content\/uploads\/2023\/08\/Ovotrack.png\" \/><meta itemprop=\"width\" content=\"1915\" \/><meta itemprop=\"height\" content=\"1077\" \/><meta itemprop=\"interactionType\" content=\"https:\/\/schema.org\/CommentAction\" \/><meta itemprop=\"userInteractionCount\" content=\"0\" \/>\n\t\t\t\t\t<a href=\"https:\/\/www.wiredworkers.io\/de\/erfolgsgeschichte-hatchtrack\/\" title=\"Erfolgsgeschichte | Hatchtrack\"><\/a>\n\t\t\t\t<img decoding=\"async\" src=\"https:\/\/www.wiredworkers.io\/wp-content\/uploads\/2023\/08\/Ovotrack-350x250.png\" alt=\"Ovotrack labelling machine\" itemprop=\"image\" data-no-lazy=\"1\" height=\"250\" width=\"350\" title=\"Ovotrack\" onerror=\"this.style.display='none'\"  \/>\n\t\t\t\t\t\t\t\t\t<h4 itemprop=\"headline\">\n\t\t\t\t\t\t\t\t\t\t\t\t\t\tErfolgsgeschichte | Hatchtrack\t\t\t\t\t\t\t\t\t\t\t<\/h4>\n\t<meta itemscope itemprop=\"mainEntityOfPage\" itemtype=\"https:\/\/schema.org\/WebPage\" itemid=\"https:\/\/www.wiredworkers.io\/de\/erfolgsgeschichte-welding-cobot\/\" content=\"Erfolgsgeschichte | Schwei\u00dfen Cobot\" \/><meta itemprop=\"datePublished\" content=\"2023-05-15\" \/><meta itemprop=\"dateModified\" content=\"2023-09-27\" \/><meta itemprop=\"name\" content=\"WiredWorkers\"\/><meta itemprop=\"url\" content=\"https:\/\/www.wiredworkers.io\/wp-content\/uploads\/2018\/01\/cropped-wiredworkers-logo-white.png\"\/><meta itemprop=\"url\" content=\"https:\/\/www.wiredworkers.io\/de\/author\/robbinmennings\/\" \/><meta itemprop=\"name\" content=\"Robbin Mennings\" \/><meta itemprop=\"url\" content=\"https:\/\/www.wiredworkers.io\/wp-content\/uploads\/2021\/12\/Lasrobot-Signify.jpg\" \/><meta itemprop=\"width\" content=\"1080\" \/><meta itemprop=\"height\" content=\"1080\" \/><meta itemprop=\"interactionType\" content=\"https:\/\/schema.org\/CommentAction\" \/><meta itemprop=\"userInteractionCount\" content=\"0\" \/>\n\t\t\t\t\t<a href=\"https:\/\/www.wiredworkers.io\/de\/erfolgsgeschichte-welding-cobot\/\" title=\"Erfolgsgeschichte | Schwei\u00dfen Cobot\"><\/a>\n\t\t\t\t<img decoding=\"async\" src=\"https:\/\/www.wiredworkers.io\/wp-content\/uploads\/2021\/12\/Lasrobot-Signify-350x250.jpg\" alt=\"Lasrobot Signify\" itemprop=\"image\" data-no-lazy=\"1\" height=\"250\" width=\"350\" title=\"Lasrobot Signify\" onerror=\"this.style.display='none'\"  \/>\n\t\t\t\t\t\t\t\t\t<h4 itemprop=\"headline\">\n\t\t\t\t\t\t\t\t\t\t\t\t\t\tErfolgsgeschichte | Schwei\u00dfen Cobot\t\t\t\t\t\t\t\t\t\t\t<\/h4>\n\t\t\t\t<ul class='page-numbers'>\n\t<li>1<\/li>\n\t<li><a href=\"https:\/\/www.wiredworkers.io\/de\/page\/2\/?page_id=21367&#038;fl_builder\">2<\/a><\/li>\n\t<li><a href=\"https:\/\/www.wiredworkers.io\/de\/page\/2\/?page_id=21367&#038;fl_builder\">Weiter &raquo;<\/a><\/li>\n<\/ul>\n\t\t<!-- .pp-content-posts -->\n\n","protected":false},"excerpt":{"rendered":"<p>WiredWorkers \u279c Dienstleistungen \u279c Maschinenbau Maschinenbau WiredWorkers unterst\u00fctzt Sie bei der Optimierung Ihrer Produktionsprozesse durch die Entwicklung und Realisierung von ma\u00dfgeschneiderten Automatisierungsl\u00f6sungen. Kostenlose Online-Beratung Bevorzugen Sie einen Telefonanruf? Unsere Arbeitsweise Um eine voll funktionsf\u00e4hige, ma\u00dfgeschneiderte Automatisierungsl\u00f6sung bereitzustellen, f\u00fchren wir die folgenden Schritte durch. Einf\u00fchrung W\u00e4hrend unserer Einf\u00fchrung diskutieren wir die Optionen. Was muss automatisiert werden? [&hellip;]<\/p>\n","protected":false},"author":3,"featured_media":20941,"parent":21378,"menu_order":0,"comment_status":"closed","ping_status":"closed","template":"","meta":{"_acf_changed":false,"site-sidebar-layout":"default","site-content-layout":"","ast-site-content-layout":"default","site-content-style":"default","site-sidebar-style":"default","ast-global-header-display":"","ast-banner-title-visibility":"","ast-main-header-display":"","ast-hfb-above-header-display":"","ast-hfb-below-header-display":"","ast-hfb-mobile-header-display":"","site-post-title":"","ast-breadcrumbs-content":"","ast-featured-img":"disabled","footer-sml-layout":"","ast-disable-related-posts":"","theme-transparent-header-meta":"","adv-header-id-meta":"","stick-header-meta":"","header-above-stick-meta":"","header-main-stick-meta":"","header-below-stick-meta":"","astra-migrate-meta-layouts":"set","ast-page-background-enabled":"default","ast-page-background-meta":{"desktop":{"background-color":"","background-image":"","background-repeat":"repeat","background-position":"center center","background-size":"auto","background-attachment":"scroll","background-type":"","background-media":"","overlay-type":"","overlay-color":"","overlay-opacity":"","overlay-gradient":""},"tablet":{"background-color":"","background-image":"","background-repeat":"repeat","background-position":"center center","background-size":"auto","background-attachment":"scroll","background-type":"","background-media":"","overlay-type":"","overlay-color":"","overlay-opacity":"","overlay-gradient":""},"mobile":{"background-color":"","background-image":"","background-repeat":"repeat","background-position":"center center","background-size":"auto","background-attachment":"scroll","background-type":"","background-media":"","overlay-type":"","overlay-color":"","overlay-opacity":"","overlay-gradient":""}},"ast-content-background-meta":{"desktop":{"background-color":"var(--ast-global-color-5)","background-image":"","background-repeat":"repeat","background-position":"center center","background-size":"auto","background-attachment":"scroll","background-type":"","background-media":"","overlay-type":"","overlay-color":"","overlay-opacity":"","overlay-gradient":""},"tablet":{"background-color":"var(--ast-global-color-5)","background-image":"","background-repeat":"repeat","background-position":"center center","background-size":"auto","background-attachment":"scroll","background-type":"","background-media":"","overlay-type":"","overlay-color":"","overlay-opacity":"","overlay-gradient":""},"mobile":{"background-color":"var(--ast-global-color-5)","background-image":"","background-repeat":"repeat","background-position":"center center","background-size":"auto","background-attachment":"scroll","background-type":"","background-media":"","overlay-type":"","overlay-color":"","overlay-opacity":"","overlay-gradient":""}},"footnotes":""},"categories":[553],"tags":[],"class_list":["post-21367","page","type-page","status-publish","has-post-thumbnail","hentry","category-dienstleistungen"],"acf":[],"yoast_head":"<!-- This site is optimized with the Yoast SEO plugin v27.5 - https:\/\/yoast.com\/product\/yoast-seo-wordpress\/ -->\n<title>Maschinenbau | Dienstleistungen | WiredWorkers<\/title>\n<meta name=\"description\" content=\"WiredWorkers unterst\u00fctzt Unternehmen bei der Optimierung ihrer Produktionsprozesse, indem es ma\u00dfgeschneiderte Automatisierungsl\u00f6sungen entwickelt und produziert.\" \/>\n<meta name=\"robots\" content=\"index, follow, max-snippet:-1, max-image-preview:large, max-video-preview:-1\" \/>\n<link rel=\"canonical\" href=\"https:\/\/www.wiredworkers.io\/de\/dienstleistungen\/maschinenbau\/\" \/>\n<meta property=\"og:locale\" content=\"de_DE\" \/>\n<meta property=\"og:type\" content=\"article\" \/>\n<meta property=\"og:title\" content=\"Maschinenbau | Dienstleistungen | WiredWorkers\" \/>\n<meta property=\"og:description\" content=\"WiredWorkers unterst\u00fctzt Unternehmen bei der Optimierung ihrer Produktionsprozesse, indem es ma\u00dfgeschneiderte Automatisierungsl\u00f6sungen entwickelt und produziert.\" \/>\n<meta property=\"og:url\" content=\"https:\/\/www.wiredworkers.io\/de\/dienstleistungen\/maschinenbau\/\" \/>\n<meta property=\"og:site_name\" content=\"WiredWorkers\" \/>\n<meta property=\"article:publisher\" content=\"https:\/\/www.facebook.com\/WiredWorkers\" \/>\n<meta property=\"article:modified_time\" content=\"2023-11-17T11:15:11+00:00\" \/>\n<meta property=\"og:image\" content=\"https:\/\/www.wiredworkers.io\/wp-content\/uploads\/2021\/06\/IMG_0624-1-scaled.jpg\" \/>\n\t<meta property=\"og:image:width\" content=\"2560\" \/>\n\t<meta property=\"og:image:height\" content=\"1920\" \/>\n\t<meta property=\"og:image:type\" content=\"image\/jpeg\" \/>\n<meta name=\"twitter:card\" content=\"summary_large_image\" \/>\n<script type=\"application\/ld+json\" class=\"yoast-schema-graph\">{\"@context\":\"https:\\\/\\\/schema.org\",\"@graph\":[{\"@type\":\"WebPage\",\"@id\":\"https:\\\/\\\/www.wiredworkers.io\\\/de\\\/dienstleistungen\\\/maschinenbau\\\/\",\"url\":\"https:\\\/\\\/www.wiredworkers.io\\\/de\\\/dienstleistungen\\\/maschinenbau\\\/\",\"name\":\"Maschinenbau | Dienstleistungen | WiredWorkers\",\"isPartOf\":{\"@id\":\"https:\\\/\\\/www.wiredworkers.io\\\/de\\\/#website\"},\"primaryImageOfPage\":{\"@id\":\"https:\\\/\\\/www.wiredworkers.io\\\/de\\\/dienstleistungen\\\/maschinenbau\\\/#primaryimage\"},\"image\":{\"@id\":\"https:\\\/\\\/www.wiredworkers.io\\\/de\\\/dienstleistungen\\\/maschinenbau\\\/#primaryimage\"},\"thumbnailUrl\":\"https:\\\/\\\/www.wiredworkers.io\\\/wp-content\\\/uploads\\\/2021\\\/06\\\/IMG_0624-1-scaled.jpg\",\"datePublished\":\"2023-05-10T12:08:35+00:00\",\"dateModified\":\"2023-11-17T11:15:11+00:00\",\"description\":\"WiredWorkers unterst\u00fctzt Unternehmen bei der Optimierung ihrer Produktionsprozesse, indem es ma\u00dfgeschneiderte Automatisierungsl\u00f6sungen entwickelt und produziert.\",\"breadcrumb\":{\"@id\":\"https:\\\/\\\/www.wiredworkers.io\\\/de\\\/dienstleistungen\\\/maschinenbau\\\/#breadcrumb\"},\"inLanguage\":\"de\",\"potentialAction\":[{\"@type\":\"ReadAction\",\"target\":[\"https:\\\/\\\/www.wiredworkers.io\\\/de\\\/dienstleistungen\\\/maschinenbau\\\/\"]}]},{\"@type\":\"ImageObject\",\"inLanguage\":\"de\",\"@id\":\"https:\\\/\\\/www.wiredworkers.io\\\/de\\\/dienstleistungen\\\/maschinenbau\\\/#primaryimage\",\"url\":\"https:\\\/\\\/www.wiredworkers.io\\\/wp-content\\\/uploads\\\/2021\\\/06\\\/IMG_0624-1-scaled.jpg\",\"contentUrl\":\"https:\\\/\\\/www.wiredworkers.io\\\/wp-content\\\/uploads\\\/2021\\\/06\\\/IMG_0624-1-scaled.jpg\",\"width\":2560,\"height\":1920,\"caption\":\"machine tending van raam\"},{\"@type\":\"BreadcrumbList\",\"@id\":\"https:\\\/\\\/www.wiredworkers.io\\\/de\\\/dienstleistungen\\\/maschinenbau\\\/#breadcrumb\",\"itemListElement\":[{\"@type\":\"ListItem\",\"position\":1,\"name\":\"WiredWorkers\",\"item\":\"https:\\\/\\\/www.wiredworkers.io\\\/de\\\/\"},{\"@type\":\"ListItem\",\"position\":2,\"name\":\"Dienstleistungen\",\"item\":\"https:\\\/\\\/www.wiredworkers.io\\\/de\\\/services\\\/\"},{\"@type\":\"ListItem\",\"position\":3,\"name\":\"Maschinenbau\"}]},{\"@type\":\"WebSite\",\"@id\":\"https:\\\/\\\/www.wiredworkers.io\\\/de\\\/#website\",\"url\":\"https:\\\/\\\/www.wiredworkers.io\\\/de\\\/\",\"name\":\"WiredWorkers\",\"description\":\"Robotics at your service\",\"publisher\":{\"@id\":\"https:\\\/\\\/www.wiredworkers.io\\\/de\\\/#organization\"},\"potentialAction\":[{\"@type\":\"SearchAction\",\"target\":{\"@type\":\"EntryPoint\",\"urlTemplate\":\"https:\\\/\\\/www.wiredworkers.io\\\/de\\\/?s={search_term_string}\"},\"query-input\":{\"@type\":\"PropertyValueSpecification\",\"valueRequired\":true,\"valueName\":\"search_term_string\"}}],\"inLanguage\":\"de\"},{\"@type\":\"Organization\",\"@id\":\"https:\\\/\\\/www.wiredworkers.io\\\/de\\\/#organization\",\"name\":\"WiredWorkers Nederland B.V.\",\"url\":\"https:\\\/\\\/www.wiredworkers.io\\\/de\\\/\",\"logo\":{\"@type\":\"ImageObject\",\"inLanguage\":\"de\",\"@id\":\"https:\\\/\\\/www.wiredworkers.io\\\/de\\\/#\\\/schema\\\/logo\\\/image\\\/\",\"url\":\"https:\\\/\\\/www.wiredworkers.io\\\/wp-content\\\/uploads\\\/2018\\\/06\\\/wiredworkers-company-logo.jpg\",\"contentUrl\":\"https:\\\/\\\/www.wiredworkers.io\\\/wp-content\\\/uploads\\\/2018\\\/06\\\/wiredworkers-company-logo.jpg\",\"width\":1082,\"height\":714,\"caption\":\"WiredWorkers Nederland B.V.\"},\"image\":{\"@id\":\"https:\\\/\\\/www.wiredworkers.io\\\/de\\\/#\\\/schema\\\/logo\\\/image\\\/\"},\"sameAs\":[\"https:\\\/\\\/www.facebook.com\\\/WiredWorkers\",\"https:\\\/\\\/www.linkedin.com\\\/company\\\/wiredworkers\\\/\"]}]}<\/script>\n<!-- \/ Yoast SEO plugin. -->","yoast_head_json":{"title":"Maschinenbau | Dienstleistungen | WiredWorkers","description":"WiredWorkers unterst\u00fctzt Unternehmen bei der Optimierung ihrer Produktionsprozesse, indem es ma\u00dfgeschneiderte Automatisierungsl\u00f6sungen entwickelt und produziert.","robots":{"index":"index","follow":"follow","max-snippet":"max-snippet:-1","max-image-preview":"max-image-preview:large","max-video-preview":"max-video-preview:-1"},"canonical":"https:\/\/www.wiredworkers.io\/de\/dienstleistungen\/maschinenbau\/","og_locale":"de_DE","og_type":"article","og_title":"Maschinenbau | Dienstleistungen | WiredWorkers","og_description":"WiredWorkers unterst\u00fctzt Unternehmen bei der Optimierung ihrer Produktionsprozesse, indem es ma\u00dfgeschneiderte Automatisierungsl\u00f6sungen entwickelt und produziert.","og_url":"https:\/\/www.wiredworkers.io\/de\/dienstleistungen\/maschinenbau\/","og_site_name":"WiredWorkers","article_publisher":"https:\/\/www.facebook.com\/WiredWorkers","article_modified_time":"2023-11-17T11:15:11+00:00","og_image":[{"width":2560,"height":1920,"url":"https:\/\/www.wiredworkers.io\/wp-content\/uploads\/2021\/06\/IMG_0624-1-scaled.jpg","type":"image\/jpeg"}],"twitter_card":"summary_large_image","schema":{"@context":"https:\/\/schema.org","@graph":[{"@type":"WebPage","@id":"https:\/\/www.wiredworkers.io\/de\/dienstleistungen\/maschinenbau\/","url":"https:\/\/www.wiredworkers.io\/de\/dienstleistungen\/maschinenbau\/","name":"Maschinenbau | Dienstleistungen | WiredWorkers","isPartOf":{"@id":"https:\/\/www.wiredworkers.io\/de\/#website"},"primaryImageOfPage":{"@id":"https:\/\/www.wiredworkers.io\/de\/dienstleistungen\/maschinenbau\/#primaryimage"},"image":{"@id":"https:\/\/www.wiredworkers.io\/de\/dienstleistungen\/maschinenbau\/#primaryimage"},"thumbnailUrl":"https:\/\/www.wiredworkers.io\/wp-content\/uploads\/2021\/06\/IMG_0624-1-scaled.jpg","datePublished":"2023-05-10T12:08:35+00:00","dateModified":"2023-11-17T11:15:11+00:00","description":"WiredWorkers unterst\u00fctzt Unternehmen bei der Optimierung ihrer Produktionsprozesse, indem es ma\u00dfgeschneiderte Automatisierungsl\u00f6sungen entwickelt und produziert.","breadcrumb":{"@id":"https:\/\/www.wiredworkers.io\/de\/dienstleistungen\/maschinenbau\/#breadcrumb"},"inLanguage":"de","potentialAction":[{"@type":"ReadAction","target":["https:\/\/www.wiredworkers.io\/de\/dienstleistungen\/maschinenbau\/"]}]},{"@type":"ImageObject","inLanguage":"de","@id":"https:\/\/www.wiredworkers.io\/de\/dienstleistungen\/maschinenbau\/#primaryimage","url":"https:\/\/www.wiredworkers.io\/wp-content\/uploads\/2021\/06\/IMG_0624-1-scaled.jpg","contentUrl":"https:\/\/www.wiredworkers.io\/wp-content\/uploads\/2021\/06\/IMG_0624-1-scaled.jpg","width":2560,"height":1920,"caption":"machine tending van raam"},{"@type":"BreadcrumbList","@id":"https:\/\/www.wiredworkers.io\/de\/dienstleistungen\/maschinenbau\/#breadcrumb","itemListElement":[{"@type":"ListItem","position":1,"name":"WiredWorkers","item":"https:\/\/www.wiredworkers.io\/de\/"},{"@type":"ListItem","position":2,"name":"Dienstleistungen","item":"https:\/\/www.wiredworkers.io\/de\/services\/"},{"@type":"ListItem","position":3,"name":"Maschinenbau"}]},{"@type":"WebSite","@id":"https:\/\/www.wiredworkers.io\/de\/#website","url":"https:\/\/www.wiredworkers.io\/de\/","name":"WiredWorkers","description":"Robotics at your service","publisher":{"@id":"https:\/\/www.wiredworkers.io\/de\/#organization"},"potentialAction":[{"@type":"SearchAction","target":{"@type":"EntryPoint","urlTemplate":"https:\/\/www.wiredworkers.io\/de\/?s={search_term_string}"},"query-input":{"@type":"PropertyValueSpecification","valueRequired":true,"valueName":"search_term_string"}}],"inLanguage":"de"},{"@type":"Organization","@id":"https:\/\/www.wiredworkers.io\/de\/#organization","name":"WiredWorkers Nederland B.V.","url":"https:\/\/www.wiredworkers.io\/de\/","logo":{"@type":"ImageObject","inLanguage":"de","@id":"https:\/\/www.wiredworkers.io\/de\/#\/schema\/logo\/image\/","url":"https:\/\/www.wiredworkers.io\/wp-content\/uploads\/2018\/06\/wiredworkers-company-logo.jpg","contentUrl":"https:\/\/www.wiredworkers.io\/wp-content\/uploads\/2018\/06\/wiredworkers-company-logo.jpg","width":1082,"height":714,"caption":"WiredWorkers Nederland B.V."},"image":{"@id":"https:\/\/www.wiredworkers.io\/de\/#\/schema\/logo\/image\/"},"sameAs":["https:\/\/www.facebook.com\/WiredWorkers","https:\/\/www.linkedin.com\/company\/wiredworkers\/"]}]}},"_links":{"self":[{"href":"https:\/\/www.wiredworkers.io\/de\/wp-json\/wp\/v2\/pages\/21367","targetHints":{"allow":["GET"]}}],"collection":[{"href":"https:\/\/www.wiredworkers.io\/de\/wp-json\/wp\/v2\/pages"}],"about":[{"href":"https:\/\/www.wiredworkers.io\/de\/wp-json\/wp\/v2\/types\/page"}],"author":[{"embeddable":true,"href":"https:\/\/www.wiredworkers.io\/de\/wp-json\/wp\/v2\/users\/3"}],"replies":[{"embeddable":true,"href":"https:\/\/www.wiredworkers.io\/de\/wp-json\/wp\/v2\/comments?post=21367"}],"version-history":[{"count":8,"href":"https:\/\/www.wiredworkers.io\/de\/wp-json\/wp\/v2\/pages\/21367\/revisions"}],"predecessor-version":[{"id":22907,"href":"https:\/\/www.wiredworkers.io\/de\/wp-json\/wp\/v2\/pages\/21367\/revisions\/22907"}],"up":[{"embeddable":true,"href":"https:\/\/www.wiredworkers.io\/de\/wp-json\/wp\/v2\/pages\/21378"}],"wp:featuredmedia":[{"embeddable":true,"href":"https:\/\/www.wiredworkers.io\/de\/wp-json\/wp\/v2\/media\/20941"}],"wp:attachment":[{"href":"https:\/\/www.wiredworkers.io\/de\/wp-json\/wp\/v2\/media?parent=21367"}],"wp:term":[{"taxonomy":"category","embeddable":true,"href":"https:\/\/www.wiredworkers.io\/de\/wp-json\/wp\/v2\/categories?post=21367"},{"taxonomy":"post_tag","embeddable":true,"href":"https:\/\/www.wiredworkers.io\/de\/wp-json\/wp\/v2\/tags?post=21367"}],"curies":[{"name":"wp","href":"https:\/\/api.w.org\/{rel}","templated":true}]}}