{"id":21368,"date":"2023-05-10T14:11:53","date_gmt":"2023-05-10T12:11:53","guid":{"rendered":"https:\/\/wiredworkers.io\/durchfuehrbarkeitsstudie\/"},"modified":"2023-09-05T11:07:59","modified_gmt":"2023-09-05T09:07:59","slug":"durchfuehrbarkeitsstudie","status":"publish","type":"page","link":"https:\/\/www.wiredworkers.io\/de\/dienstleistungen\/durchfuehrbarkeitsstudie\/","title":{"rendered":"Durchf\u00fchrbarkeitsstudie"},"content":{"rendered":"\n<h1>\n\t\tDurchf\u00fchrbarkeitsstudie\n\t<\/h1>\n\t<p>WiredWorkers hilft Ihnen bei der Analyse des Produktionsprozesses und wir pr\u00fcfen gemeinsam, ob die Automatisierung ein guter Weg zur Optimierung der Produktion ist.<\/p>\n\t\t\t<a href=\"https:\/\/www.wiredworkers.io\/de\/kostenlose-cobot-beratung\/\" target=\"_self\" rel=\"noopener\">\n\t\t\t\t\t\t\tKostenlose Online-Beratung\n\t\t\t<\/a>\n\t\t\t<a href=\"https:\/\/www.wiredworkers.io\/de\/telefonanruf\/\" target=\"_self\" rel=\"noopener\">\n\t\t\t\t\t\t\tBevorzugen Sie einen Telefonanruf?\n\t\t\t<\/a>\n<h2>\n\t\tWas ist enthalten?\n\t<\/h2>\n\t<p>Bei einer Machbarkeitsstudie gehen wir wie folgt vor.<\/p>\n\t\t\t\t\t\t\t<h3>Einf\u00fchrung<\/h3>\n\t\t\t\t\t\t\tW\u00e4hrend unserer Einf\u00fchrung diskutieren wir die Optionen. Was soll automatisiert werden? Was soll es produzieren? Wo sind die Engp\u00e4sse?\t\t\t\t\t\t\t\t\t\t\t\t\t\n\t\t\t\t\t\t\t<h3>Analyse der Produktion<\/h3>\n\t\t\t\t\t\t\tWir analysieren die Produktionsumgebung, in der das Automatisierungssystem seine Arbeit verrichten muss.\t\t\t\t\t\t\t\t\t\t\t\t\t\n\t\t\t\t\t\t\t<h3>Produktanalyse<\/h3>\n\t\t\t\t\t\t\tWir erhalten eine Probe des zu bearbeitenden Produkts.\t\t\t\t\t\t\t\t\t\t\t\t\t\n\t\t\t\t\t\t\t<h3>Auswahl der Werkzeuge<\/h3>\n\t\t\t\t\t\t\tWir w\u00e4hlen, konstruieren, entwickeln und fertigen den richtigen Satz von Werkzeugen f\u00fcr die Automatisierungsanwendung.\t\t\t\t\t\t\t\t\t\t\t\t\t\n\t\t\t\t\t\t\t<h3>Test phase<\/h3>\n\t\t\t\t\t\t\tWir testen die Anwendung mit den bereitgestellten Produkten und ausgew\u00e4hlten Tools.\t\t\t\t\t\t\t\t\t\t\t\t\t\n\t\t\t\t\t\t\t<h3>Pr\u00e4sentation der Ergebnisse<\/h3>\n\t\t\t\t\t\t\tWir stellen das Ergebnis der Machbarkeitsstudie vor.\t\t\t\t\t\t\t\t\t\t\t\t\t\n<h2>\n\t\tIst eine Automatisierung machbar?\n\t<\/h2>\n\t<p>Bevor Sie sich entscheiden, in ein komplettes Automatisierungssystem zu investieren, wollen Sie sicher sein, dass Ihre W\u00fcnsche auch tats\u00e4chlich realisiert werden k\u00f6nnen. Zu diesem Zweck bietet WiredWorkers die M\u00f6glichkeit einer Machbarkeitsstudie. Im Rahmen dieser Studie untersuchen wir, ob die gew\u00fcnschte Anwendung mit Ihrem spezifischen Produkt realisiert werden kann. Ist die Anwendung realisierbar, ist der Schritt zur vollst\u00e4ndigen Umsetzung deutlich geringer. Die tats\u00e4chliche Integration eines Automatisierungssystems im Anschluss an eine Machbarkeitsstudie kann somit beschleunigt werden.<\/p>\n\t\t\t<a href=\"https:\/\/www.wiredworkers.io\/contact\/\" target=\"_self\" rel=\"noopener\">\n\t\t\t\t\t\t\tKontaktieren Sie uns!\n\t\t\t<\/a>\n\t\t\t\t<img decoding=\"async\" data-src=\"https:\/\/www.wiredworkers.io\/wp-content\/uploads\/2018\/02\/wiredworkers-class-683x1024.jpg\" alt=\"collaboratieve robots\" itemprop=\"image\" height=\"1024\" width=\"683\" title=\"wiredworkers-class\" onerror=\"this.style.display='none'\" src=\"data:image\/svg+xml;base64,PHN2ZyB3aWR0aD0iMSIgaGVpZ2h0PSIxIiB4bWxucz0iaHR0cDovL3d3dy53My5vcmcvMjAwMC9zdmciPjwvc3ZnPg==\" class=\"lazyload\" style=\"--smush-placeholder-width: 683px; --smush-placeholder-aspect-ratio: 683\/1024;\" \/>\n\n","protected":false},"excerpt":{"rendered":"<p>Durchf\u00fchrbarkeitsstudie WiredWorkers hilft Ihnen bei der Analyse des Produktionsprozesses und wir pr\u00fcfen gemeinsam, ob die Automatisierung ein guter Weg zur Optimierung der Produktion ist. Kostenlose Online-Beratung Bevorzugen Sie einen Telefonanruf? Was ist enthalten? Bei einer Machbarkeitsstudie gehen wir wie folgt vor. Einf\u00fchrung W\u00e4hrend unserer Einf\u00fchrung diskutieren wir die Optionen. Was soll automatisiert werden? Was soll [&hellip;]<\/p>\n","protected":false},"author":3,"featured_media":0,"parent":21378,"menu_order":0,"comment_status":"closed","ping_status":"closed","template":"","meta":{"_acf_changed":false,"site-sidebar-layout":"default","site-content-layout":"","ast-site-content-layout":"default","site-content-style":"default","site-sidebar-style":"default","ast-global-header-display":"","ast-banner-title-visibility":"","ast-main-header-display":"","ast-hfb-above-header-display":"","ast-hfb-below-header-display":"","ast-hfb-mobile-header-display":"","site-post-title":"","ast-breadcrumbs-content":"","ast-featured-img":"","footer-sml-layout":"","ast-disable-related-posts":"","theme-transparent-header-meta":"","adv-header-id-meta":"","stick-header-meta":"","header-above-stick-meta":"","header-main-stick-meta":"","header-below-stick-meta":"","astra-migrate-meta-layouts":"default","ast-page-background-enabled":"default","ast-page-background-meta":{"desktop":{"background-color":"","background-image":"","background-repeat":"repeat","background-position":"center center","background-size":"auto","background-attachment":"scroll","background-type":"","background-media":"","overlay-type":"","overlay-color":"","overlay-opacity":"","overlay-gradient":""},"tablet":{"background-color":"","background-image":"","background-repeat":"repeat","background-position":"center center","background-size":"auto","background-attachment":"scroll","background-type":"","background-media":"","overlay-type":"","overlay-color":"","overlay-opacity":"","overlay-gradient":""},"mobile":{"background-color":"","background-image":"","background-repeat":"repeat","background-position":"center center","background-size":"auto","background-attachment":"scroll","background-type":"","background-media":"","overlay-type":"","overlay-color":"","overlay-opacity":"","overlay-gradient":""}},"ast-content-background-meta":{"desktop":{"background-color":"var(--ast-global-color-5)","background-image":"","background-repeat":"repeat","background-position":"center center","background-size":"auto","background-attachment":"scroll","background-type":"","background-media":"","overlay-type":"","overlay-color":"","overlay-opacity":"","overlay-gradient":""},"tablet":{"background-color":"var(--ast-global-color-5)","background-image":"","background-repeat":"repeat","background-position":"center center","background-size":"auto","background-attachment":"scroll","background-type":"","background-media":"","overlay-type":"","overlay-color":"","overlay-opacity":"","overlay-gradient":""},"mobile":{"background-color":"var(--ast-global-color-5)","background-image":"","background-repeat":"repeat","background-position":"center center","background-size":"auto","background-attachment":"scroll","background-type":"","background-media":"","overlay-type":"","overlay-color":"","overlay-opacity":"","overlay-gradient":""}},"footnotes":""},"categories":[553],"tags":[],"class_list":["post-21368","page","type-page","status-publish","hentry","category-dienstleistungen"],"acf":[],"yoast_head":"<!-- This site is optimized with the Yoast SEO plugin v27.5 - https:\/\/yoast.com\/product\/yoast-seo-wordpress\/ -->\n<title>Machbarkeitsstudie zur Automatisierung | Dienstleistungen | WiredWorkers<\/title>\n<meta name=\"description\" content=\"WiredWorkers hilft Ihnen bei der Analyse des Produktionsprozesses, um festzustellen, ob die Automatisierung ein guter Weg zur Optimierung der Produktion ist.\" \/>\n<meta name=\"robots\" content=\"index, follow, max-snippet:-1, max-image-preview:large, max-video-preview:-1\" \/>\n<link rel=\"canonical\" href=\"https:\/\/www.wiredworkers.io\/de\/dienstleistungen\/durchfuehrbarkeitsstudie\/\" \/>\n<meta property=\"og:locale\" content=\"de_DE\" \/>\n<meta property=\"og:type\" content=\"article\" \/>\n<meta property=\"og:title\" content=\"Machbarkeitsstudie zur Automatisierung | Dienstleistungen | WiredWorkers\" \/>\n<meta property=\"og:description\" content=\"WiredWorkers hilft Ihnen bei der Analyse des Produktionsprozesses, um festzustellen, ob die Automatisierung ein guter Weg zur Optimierung der Produktion ist.\" \/>\n<meta property=\"og:url\" content=\"https:\/\/www.wiredworkers.io\/de\/dienstleistungen\/durchfuehrbarkeitsstudie\/\" \/>\n<meta property=\"og:site_name\" content=\"WiredWorkers\" \/>\n<meta property=\"article:publisher\" content=\"https:\/\/www.facebook.com\/WiredWorkers\" \/>\n<meta property=\"article:modified_time\" content=\"2023-09-05T09:07:59+00:00\" \/>\n<meta property=\"og:image\" content=\"https:\/\/www.wiredworkers.io\/wp-content\/uploads\/2018\/02\/wiredworkers-class-683x1024.jpg\" \/>\n<meta name=\"twitter:card\" content=\"summary_large_image\" \/>\n<meta name=\"twitter:label1\" content=\"Gesch\u00e4tzte Lesezeit\" \/>\n\t<meta name=\"twitter:data1\" content=\"1\u00a0Minute\" \/>\n<script type=\"application\/ld+json\" class=\"yoast-schema-graph\">{\"@context\":\"https:\\\/\\\/schema.org\",\"@graph\":[{\"@type\":\"WebPage\",\"@id\":\"https:\\\/\\\/www.wiredworkers.io\\\/de\\\/dienstleistungen\\\/durchfuehrbarkeitsstudie\\\/\",\"url\":\"https:\\\/\\\/www.wiredworkers.io\\\/de\\\/dienstleistungen\\\/durchfuehrbarkeitsstudie\\\/\",\"name\":\"Machbarkeitsstudie zur Automatisierung | Dienstleistungen | WiredWorkers\",\"isPartOf\":{\"@id\":\"https:\\\/\\\/www.wiredworkers.io\\\/de\\\/#website\"},\"primaryImageOfPage\":{\"@id\":\"https:\\\/\\\/www.wiredworkers.io\\\/de\\\/dienstleistungen\\\/durchfuehrbarkeitsstudie\\\/#primaryimage\"},\"image\":{\"@id\":\"https:\\\/\\\/www.wiredworkers.io\\\/de\\\/dienstleistungen\\\/durchfuehrbarkeitsstudie\\\/#primaryimage\"},\"thumbnailUrl\":\"https:\\\/\\\/www.wiredworkers.io\\\/wp-content\\\/uploads\\\/2018\\\/02\\\/wiredworkers-class-683x1024.jpg\",\"datePublished\":\"2023-05-10T12:11:53+00:00\",\"dateModified\":\"2023-09-05T09:07:59+00:00\",\"description\":\"WiredWorkers hilft Ihnen bei der Analyse des Produktionsprozesses, um festzustellen, ob die Automatisierung ein guter Weg zur Optimierung der Produktion ist.\",\"breadcrumb\":{\"@id\":\"https:\\\/\\\/www.wiredworkers.io\\\/de\\\/dienstleistungen\\\/durchfuehrbarkeitsstudie\\\/#breadcrumb\"},\"inLanguage\":\"de\",\"potentialAction\":[{\"@type\":\"ReadAction\",\"target\":[\"https:\\\/\\\/www.wiredworkers.io\\\/de\\\/dienstleistungen\\\/durchfuehrbarkeitsstudie\\\/\"]}]},{\"@type\":\"ImageObject\",\"inLanguage\":\"de\",\"@id\":\"https:\\\/\\\/www.wiredworkers.io\\\/de\\\/dienstleistungen\\\/durchfuehrbarkeitsstudie\\\/#primaryimage\",\"url\":\"https:\\\/\\\/www.wiredworkers.io\\\/wp-content\\\/uploads\\\/2018\\\/02\\\/wiredworkers-class-683x1024.jpg\",\"contentUrl\":\"https:\\\/\\\/www.wiredworkers.io\\\/wp-content\\\/uploads\\\/2018\\\/02\\\/wiredworkers-class-683x1024.jpg\"},{\"@type\":\"BreadcrumbList\",\"@id\":\"https:\\\/\\\/www.wiredworkers.io\\\/de\\\/dienstleistungen\\\/durchfuehrbarkeitsstudie\\\/#breadcrumb\",\"itemListElement\":[{\"@type\":\"ListItem\",\"position\":1,\"name\":\"WiredWorkers\",\"item\":\"https:\\\/\\\/www.wiredworkers.io\\\/de\\\/\"},{\"@type\":\"ListItem\",\"position\":2,\"name\":\"Dienstleistungen\",\"item\":\"https:\\\/\\\/www.wiredworkers.io\\\/de\\\/services\\\/\"},{\"@type\":\"ListItem\",\"position\":3,\"name\":\"Durchf\u00fchrbarkeitsstudie\"}]},{\"@type\":\"WebSite\",\"@id\":\"https:\\\/\\\/www.wiredworkers.io\\\/de\\\/#website\",\"url\":\"https:\\\/\\\/www.wiredworkers.io\\\/de\\\/\",\"name\":\"WiredWorkers\",\"description\":\"Robotics at your service\",\"publisher\":{\"@id\":\"https:\\\/\\\/www.wiredworkers.io\\\/de\\\/#organization\"},\"potentialAction\":[{\"@type\":\"SearchAction\",\"target\":{\"@type\":\"EntryPoint\",\"urlTemplate\":\"https:\\\/\\\/www.wiredworkers.io\\\/de\\\/?s={search_term_string}\"},\"query-input\":{\"@type\":\"PropertyValueSpecification\",\"valueRequired\":true,\"valueName\":\"search_term_string\"}}],\"inLanguage\":\"de\"},{\"@type\":\"Organization\",\"@id\":\"https:\\\/\\\/www.wiredworkers.io\\\/de\\\/#organization\",\"name\":\"WiredWorkers Nederland B.V.\",\"url\":\"https:\\\/\\\/www.wiredworkers.io\\\/de\\\/\",\"logo\":{\"@type\":\"ImageObject\",\"inLanguage\":\"de\",\"@id\":\"https:\\\/\\\/www.wiredworkers.io\\\/de\\\/#\\\/schema\\\/logo\\\/image\\\/\",\"url\":\"https:\\\/\\\/www.wiredworkers.io\\\/wp-content\\\/uploads\\\/2018\\\/06\\\/wiredworkers-company-logo.jpg\",\"contentUrl\":\"https:\\\/\\\/www.wiredworkers.io\\\/wp-content\\\/uploads\\\/2018\\\/06\\\/wiredworkers-company-logo.jpg\",\"width\":1082,\"height\":714,\"caption\":\"WiredWorkers Nederland B.V.\"},\"image\":{\"@id\":\"https:\\\/\\\/www.wiredworkers.io\\\/de\\\/#\\\/schema\\\/logo\\\/image\\\/\"},\"sameAs\":[\"https:\\\/\\\/www.facebook.com\\\/WiredWorkers\",\"https:\\\/\\\/www.linkedin.com\\\/company\\\/wiredworkers\\\/\"]}]}<\/script>\n<!-- \/ Yoast SEO plugin. -->","yoast_head_json":{"title":"Machbarkeitsstudie zur Automatisierung | Dienstleistungen | WiredWorkers","description":"WiredWorkers hilft Ihnen bei der Analyse des Produktionsprozesses, um festzustellen, ob die Automatisierung ein guter Weg zur Optimierung der Produktion ist.","robots":{"index":"index","follow":"follow","max-snippet":"max-snippet:-1","max-image-preview":"max-image-preview:large","max-video-preview":"max-video-preview:-1"},"canonical":"https:\/\/www.wiredworkers.io\/de\/dienstleistungen\/durchfuehrbarkeitsstudie\/","og_locale":"de_DE","og_type":"article","og_title":"Machbarkeitsstudie zur Automatisierung | Dienstleistungen | WiredWorkers","og_description":"WiredWorkers hilft Ihnen bei der Analyse des Produktionsprozesses, um festzustellen, ob die Automatisierung ein guter Weg zur Optimierung der Produktion ist.","og_url":"https:\/\/www.wiredworkers.io\/de\/dienstleistungen\/durchfuehrbarkeitsstudie\/","og_site_name":"WiredWorkers","article_publisher":"https:\/\/www.facebook.com\/WiredWorkers","article_modified_time":"2023-09-05T09:07:59+00:00","og_image":[{"url":"https:\/\/www.wiredworkers.io\/wp-content\/uploads\/2018\/02\/wiredworkers-class-683x1024.jpg","type":"","width":"","height":""}],"twitter_card":"summary_large_image","twitter_misc":{"Gesch\u00e4tzte Lesezeit":"1\u00a0Minute"},"schema":{"@context":"https:\/\/schema.org","@graph":[{"@type":"WebPage","@id":"https:\/\/www.wiredworkers.io\/de\/dienstleistungen\/durchfuehrbarkeitsstudie\/","url":"https:\/\/www.wiredworkers.io\/de\/dienstleistungen\/durchfuehrbarkeitsstudie\/","name":"Machbarkeitsstudie zur Automatisierung | Dienstleistungen | WiredWorkers","isPartOf":{"@id":"https:\/\/www.wiredworkers.io\/de\/#website"},"primaryImageOfPage":{"@id":"https:\/\/www.wiredworkers.io\/de\/dienstleistungen\/durchfuehrbarkeitsstudie\/#primaryimage"},"image":{"@id":"https:\/\/www.wiredworkers.io\/de\/dienstleistungen\/durchfuehrbarkeitsstudie\/#primaryimage"},"thumbnailUrl":"https:\/\/www.wiredworkers.io\/wp-content\/uploads\/2018\/02\/wiredworkers-class-683x1024.jpg","datePublished":"2023-05-10T12:11:53+00:00","dateModified":"2023-09-05T09:07:59+00:00","description":"WiredWorkers hilft Ihnen bei der Analyse des Produktionsprozesses, um festzustellen, ob die Automatisierung ein guter Weg zur Optimierung der Produktion ist.","breadcrumb":{"@id":"https:\/\/www.wiredworkers.io\/de\/dienstleistungen\/durchfuehrbarkeitsstudie\/#breadcrumb"},"inLanguage":"de","potentialAction":[{"@type":"ReadAction","target":["https:\/\/www.wiredworkers.io\/de\/dienstleistungen\/durchfuehrbarkeitsstudie\/"]}]},{"@type":"ImageObject","inLanguage":"de","@id":"https:\/\/www.wiredworkers.io\/de\/dienstleistungen\/durchfuehrbarkeitsstudie\/#primaryimage","url":"https:\/\/www.wiredworkers.io\/wp-content\/uploads\/2018\/02\/wiredworkers-class-683x1024.jpg","contentUrl":"https:\/\/www.wiredworkers.io\/wp-content\/uploads\/2018\/02\/wiredworkers-class-683x1024.jpg"},{"@type":"BreadcrumbList","@id":"https:\/\/www.wiredworkers.io\/de\/dienstleistungen\/durchfuehrbarkeitsstudie\/#breadcrumb","itemListElement":[{"@type":"ListItem","position":1,"name":"WiredWorkers","item":"https:\/\/www.wiredworkers.io\/de\/"},{"@type":"ListItem","position":2,"name":"Dienstleistungen","item":"https:\/\/www.wiredworkers.io\/de\/services\/"},{"@type":"ListItem","position":3,"name":"Durchf\u00fchrbarkeitsstudie"}]},{"@type":"WebSite","@id":"https:\/\/www.wiredworkers.io\/de\/#website","url":"https:\/\/www.wiredworkers.io\/de\/","name":"WiredWorkers","description":"Robotics at your service","publisher":{"@id":"https:\/\/www.wiredworkers.io\/de\/#organization"},"potentialAction":[{"@type":"SearchAction","target":{"@type":"EntryPoint","urlTemplate":"https:\/\/www.wiredworkers.io\/de\/?s={search_term_string}"},"query-input":{"@type":"PropertyValueSpecification","valueRequired":true,"valueName":"search_term_string"}}],"inLanguage":"de"},{"@type":"Organization","@id":"https:\/\/www.wiredworkers.io\/de\/#organization","name":"WiredWorkers Nederland B.V.","url":"https:\/\/www.wiredworkers.io\/de\/","logo":{"@type":"ImageObject","inLanguage":"de","@id":"https:\/\/www.wiredworkers.io\/de\/#\/schema\/logo\/image\/","url":"https:\/\/www.wiredworkers.io\/wp-content\/uploads\/2018\/06\/wiredworkers-company-logo.jpg","contentUrl":"https:\/\/www.wiredworkers.io\/wp-content\/uploads\/2018\/06\/wiredworkers-company-logo.jpg","width":1082,"height":714,"caption":"WiredWorkers Nederland B.V."},"image":{"@id":"https:\/\/www.wiredworkers.io\/de\/#\/schema\/logo\/image\/"},"sameAs":["https:\/\/www.facebook.com\/WiredWorkers","https:\/\/www.linkedin.com\/company\/wiredworkers\/"]}]}},"_links":{"self":[{"href":"https:\/\/www.wiredworkers.io\/de\/wp-json\/wp\/v2\/pages\/21368","targetHints":{"allow":["GET"]}}],"collection":[{"href":"https:\/\/www.wiredworkers.io\/de\/wp-json\/wp\/v2\/pages"}],"about":[{"href":"https:\/\/www.wiredworkers.io\/de\/wp-json\/wp\/v2\/types\/page"}],"author":[{"embeddable":true,"href":"https:\/\/www.wiredworkers.io\/de\/wp-json\/wp\/v2\/users\/3"}],"replies":[{"embeddable":true,"href":"https:\/\/www.wiredworkers.io\/de\/wp-json\/wp\/v2\/comments?post=21368"}],"version-history":[{"count":3,"href":"https:\/\/www.wiredworkers.io\/de\/wp-json\/wp\/v2\/pages\/21368\/revisions"}],"predecessor-version":[{"id":22372,"href":"https:\/\/www.wiredworkers.io\/de\/wp-json\/wp\/v2\/pages\/21368\/revisions\/22372"}],"up":[{"embeddable":true,"href":"https:\/\/www.wiredworkers.io\/de\/wp-json\/wp\/v2\/pages\/21378"}],"wp:attachment":[{"href":"https:\/\/www.wiredworkers.io\/de\/wp-json\/wp\/v2\/media?parent=21368"}],"wp:term":[{"taxonomy":"category","embeddable":true,"href":"https:\/\/www.wiredworkers.io\/de\/wp-json\/wp\/v2\/categories?post=21368"},{"taxonomy":"post_tag","embeddable":true,"href":"https:\/\/www.wiredworkers.io\/de\/wp-json\/wp\/v2\/tags?post=21368"}],"curies":[{"name":"wp","href":"https:\/\/api.w.org\/{rel}","templated":true}]}}