{"id":21378,"date":"2023-05-10T14:38:49","date_gmt":"2023-05-10T12:38:49","guid":{"rendered":"https:\/\/wiredworkers.io\/dienstleistungen\/"},"modified":"2023-10-31T13:28:14","modified_gmt":"2023-10-31T11:28:14","slug":"dienstleistungen","status":"publish","type":"page","link":"https:\/\/www.wiredworkers.io\/de\/dienstleistungen\/","title":{"rendered":"Dienstleistungen"},"content":{"rendered":"\n<h1>\n\t\tWiredWorkers&#8216; Dienstleistungen\n\t<\/h1>\n\t<p>WiredWorkers unterst\u00fctzt Fertigungsunternehmen bei der Automatisierung, Schulung und Beratung rund um kollaborative Roboter.<\/p>\n\t\t\t<a href=\"https:\/\/www.wiredworkers.io\/de\/kostenlose-cobot-beratung\/\" target=\"_self\" rel=\"noopener\">\n\t\t\t\t\t\t\tKostenlose Online-Beratung\n\t\t\t<\/a>\n\t\t\t<a href=\"https:\/\/www.wiredworkers.io\/de\/telefonanruf\/\" target=\"_self\" rel=\"noopener\">\n\t\t\t\t\t\t\tBevorzugen Sie einen Telefonanruf?\n\t\t\t<\/a>\n\t\tNavigieren Sie zu&#8230;\n\t\t\t\t\t\n\t\t\t\t<img decoding=\"async\" data-src=\"https:\/\/www.wiredworkers.io\/wp-content\/uploads\/2019\/12\/Techman-Robot-TM-12.png\" alt=\"Techman-Robot-TM-12\" itemprop=\"image\" height=\"500\" width=\"500\" title=\"Techman-Robot-TM-12\" onerror=\"this.style.display='none'\" src=\"data:image\/svg+xml;base64,PHN2ZyB3aWR0aD0iMSIgaGVpZ2h0PSIxIiB4bWxucz0iaHR0cDovL3d3dy53My5vcmcvMjAwMC9zdmciPjwvc3ZnPg==\" class=\"lazyload\" style=\"--smush-placeholder-width: 500px; --smush-placeholder-aspect-ratio: 500\/500;\" \/>\n<h2>\n\t\tMa\u00dfgeschneiderte Automatisierung\n\t<\/h2>\n\t<p>WiredWorkers unterst\u00fctzt Sie bei der Optimierung Ihrer Produktionsprozesse durch die Entwicklung und Realisierung von ma\u00dfgeschneiderten Automatisierungsl\u00f6sungen.<\/p>\n\t\t\t<a href=\"https:\/\/contact.wiredworkers.io\/contact\" target=\"_self\" rel=\"noopener\">\n\t\t\t\t\t\t\tKontaktieren Sie uns!\n\t\t\t<\/a>\n\t\t\t<a href=\"https:\/\/www.wiredworkers.io\/de\/dienstleistungen\/massgeschneiderte-automatisierung\/\" target=\"_self\" rel=\"noopener\">\n\t\t\t\t\t\t\tWeitere Informationen\n\t\t\t<\/a>\n\t\t\t\t<img decoding=\"async\" data-src=\"https:\/\/www.wiredworkers.io\/wp-content\/uploads\/2021\/06\/IMG_0624-1-1024x768.jpg\" alt=\"machine tending van raam\" itemprop=\"image\" height=\"768\" width=\"1024\" title=\"machine tending van raam\" onerror=\"this.style.display='none'\" src=\"data:image\/svg+xml;base64,PHN2ZyB3aWR0aD0iMSIgaGVpZ2h0PSIxIiB4bWxucz0iaHR0cDovL3d3dy53My5vcmcvMjAwMC9zdmciPjwvc3ZnPg==\" class=\"lazyload\" style=\"--smush-placeholder-width: 1024px; --smush-placeholder-aspect-ratio: 1024\/768;\" \/>\n<h2>\n\t\tPlug &#038; Produce L\u00f6sungen\n\t<\/h2>\n\t<p>Einige Anwendungen sind leichter zu automatisieren. Daher bieten wir einige standardisierte Plug &amp; Produce-L\u00f6sungen an.<\/p>\n\t\t\t<a href=\"https:\/\/www.wiredworkers.io\/de\/dienstleistungen\/cobot-schulung\/\" target=\"_self\" rel=\"noopener\">\n\t\t\t\t\t\t\tKontaktieren Sie uns!\n\t\t\t<\/a>\n\t\t\t<a href=\"https:\/\/www.wiredworkers.io\/de\/dienstleistungen\/plug-produce-loesungen\/\" target=\"_self\" rel=\"noopener\">\n\t\t\t\t\t\t\tWeitere Informationen\n\t\t\t<\/a>\n\t\t\t\t<img decoding=\"async\" data-src=\"https:\/\/www.wiredworkers.io\/wp-content\/uploads\/2023\/04\/Palletizer.png\" alt=\"Palletizer\" itemprop=\"image\" height=\"500\" width=\"500\" title=\"Palletizer\" onerror=\"this.style.display='none'\" src=\"data:image\/svg+xml;base64,PHN2ZyB3aWR0aD0iMSIgaGVpZ2h0PSIxIiB4bWxucz0iaHR0cDovL3d3dy53My5vcmcvMjAwMC9zdmciPjwvc3ZnPg==\" class=\"lazyload\" style=\"--smush-placeholder-width: 500px; --smush-placeholder-aspect-ratio: 500\/500;\" \/>\n<h2>\n\t\tLogistische Automatisierung\n\t<\/h2>\n\t<p>Wir k\u00f6nnen bei der logistischen Automatisierung helfen, indem wir fahrerlose Transportfahrzeuge und autonome mobile Roboter einsetzen.<\/p>\n\t\t\t<a href=\"https:\/\/www.wiredworkers.io\/de\/dienstleistungen\/cobot-schulung\/\" target=\"_self\" rel=\"noopener\">\n\t\t\t\t\t\t\tKontaktieren Sie uns!\n\t\t\t<\/a>\n\t\t\t<a href=\"https:\/\/www.wiredworkers.io\/de\/logistische-automatisierung\/\" target=\"_self\" rel=\"noopener\">\n\t\t\t\t\t\t\tWeitere Informationen\n\t\t\t<\/a>\n\t\t\t\t<img decoding=\"async\" data-src=\"https:\/\/www.wiredworkers.io\/wp-content\/uploads\/2021\/12\/DSC09689-750x519-1.jpg\" alt=\"Kumatech AGVs\" itemprop=\"image\" height=\"519\" width=\"750\" title=\"Kumatech AGVs\" onerror=\"this.style.display='none'\" src=\"data:image\/svg+xml;base64,PHN2ZyB3aWR0aD0iMSIgaGVpZ2h0PSIxIiB4bWxucz0iaHR0cDovL3d3dy53My5vcmcvMjAwMC9zdmciPjwvc3ZnPg==\" class=\"lazyload\" style=\"--smush-placeholder-width: 750px; --smush-placeholder-aspect-ratio: 750\/519;\" \/>\n<h2>\n\t\tSchulung\n\t<\/h2>\n\t<p>WiredWorkers bietet Unternehmern und ihren Mitarbeitern Cobot-Schulungen an, um sie mit den M\u00f6glichkeiten kollaborativer Roboter vertraut zu machen oder ihnen zu helfen, nach einem Implementierungsprozess sicher mit Robotern zu arbeiten.<\/p>\n\t\t\t<a href=\"https:\/\/www.wiredworkers.io\/de\/dienstleistungen\/cobot-schulung\/\" target=\"_self\" rel=\"noopener\">\n\t\t\t\t\t\t\tSchulung anfordern!\n\t\t\t<\/a>\n\t\t\t<a href=\"https:\/\/www.wiredworkers.io\/de\/dienstleistungen\/cobot-schulung\/\" target=\"_self\" rel=\"noopener\">\n\t\t\t\t\t\t\tWeitere Informationen\n\t\t\t<\/a>\n\t\t\t\t<img decoding=\"async\" data-src=\"https:\/\/www.wiredworkers.io\/wp-content\/uploads\/2023\/04\/IMG_0027-1024x683.jpg\" alt=\"cobot training\" itemprop=\"image\" height=\"683\" width=\"1024\" title=\"cobot training\" onerror=\"this.style.display='none'\" src=\"data:image\/svg+xml;base64,PHN2ZyB3aWR0aD0iMSIgaGVpZ2h0PSIxIiB4bWxucz0iaHR0cDovL3d3dy53My5vcmcvMjAwMC9zdmciPjwvc3ZnPg==\" class=\"lazyload\" style=\"--smush-placeholder-width: 1024px; --smush-placeholder-aspect-ratio: 1024\/683;\" \/>\n<h2>\n\t\tDurchf\u00fchrbarkeitsstudie\n\t<\/h2>\n\t<p>WiredWorkers hilft Ihnen bei der Analyse des Produktionsprozesses, und wir pr\u00fcfen gemeinsam, ob die Automatisierung ein guter Weg zur Optimierung der Produktion ist.<\/p>\n\t\t\t<a href=\"https:\/\/www.wiredworkers.io\/de\/kontakt\/\" target=\"_self\" rel=\"noopener\">\n\t\t\t\t\t\t\tKontaktieren Sie uns!\n\t\t\t<\/a>\n\t\t\t<a href=\"https:\/\/www.wiredworkers.io\/de\/dienstleistungen\/durchfuehrbarkeitsstudie\/\" target=\"_self\" rel=\"noopener\">\n\t\t\t\t\t\t\tWeitere Informationen\n\t\t\t<\/a>\n\t\t\t\t<img decoding=\"async\" data-src=\"https:\/\/www.wiredworkers.io\/wp-content\/uploads\/2022\/04\/Cobot-Finishing-1024x683.jpg\" alt=\"sanding with a cobot\" itemprop=\"image\" height=\"683\" width=\"1024\" title=\"Cobot Finishing\" onerror=\"this.style.display='none'\" src=\"data:image\/svg+xml;base64,PHN2ZyB3aWR0aD0iMSIgaGVpZ2h0PSIxIiB4bWxucz0iaHR0cDovL3d3dy53My5vcmcvMjAwMC9zdmciPjwvc3ZnPg==\" class=\"lazyload\" style=\"--smush-placeholder-width: 1024px; --smush-placeholder-aspect-ratio: 1024\/683;\" \/>\n<h2>\n\t\tCobot Miete\n\t<\/h2>\n\t<p>WiredWorkers erm\u00f6glicht es Unternehmen, einen Cobot zu mieten. Ideal f\u00fcr diejenigen, die sich in der Testphase befinden und den Cobot erst einmal ausprobieren wollen, oder f\u00fcr Unternehmen, die noch nicht bereit sind zu kaufen.<\/p>\n\t\t\t<a href=\"https:\/\/www.wiredworkers.io\/de\/kontakt\/\" target=\"_self\" rel=\"noopener\">\n\t\t\t\t\t\t\tKontaktieren Sie uns!\n\t\t\t<\/a>\n\t\t\t<a href=\"https:\/\/www.wiredworkers.io\/de\/dienstleistungen\/cobot-miete\/\" target=\"_self\" rel=\"noopener\">\n\t\t\t\t\t\t\tWeitere Informationen\n\t\t\t<\/a>\n\t\t\t\t<img decoding=\"async\" data-src=\"https:\/\/www.wiredworkers.io\/wp-content\/uploads\/2021\/04\/techman3-1.png\" alt=\"\" itemprop=\"image\" height=\"550\" width=\"580\" onerror=\"this.style.display='none'\" src=\"data:image\/svg+xml;base64,PHN2ZyB3aWR0aD0iMSIgaGVpZ2h0PSIxIiB4bWxucz0iaHR0cDovL3d3dy53My5vcmcvMjAwMC9zdmciPjwvc3ZnPg==\" class=\"lazyload\" style=\"--smush-placeholder-width: 580px; --smush-placeholder-aspect-ratio: 580\/550;\" \/>\n\n","protected":false},"excerpt":{"rendered":"<p>WiredWorkers&#8216; Dienstleistungen WiredWorkers unterst\u00fctzt Fertigungsunternehmen bei der Automatisierung, Schulung und Beratung rund um kollaborative Roboter. Kostenlose Online-Beratung Bevorzugen Sie einen Telefonanruf? Navigieren Sie zu&#8230; Ma\u00dfgeschneiderte Automatisierung WiredWorkers unterst\u00fctzt Sie bei der Optimierung Ihrer Produktionsprozesse durch die Entwicklung und Realisierung von ma\u00dfgeschneiderten Automatisierungsl\u00f6sungen. Kontaktieren Sie uns! Weitere Informationen Plug &#038; Produce L\u00f6sungen Einige Anwendungen sind leichter [&hellip;]<\/p>\n","protected":false},"author":3,"featured_media":0,"parent":0,"menu_order":0,"comment_status":"closed","ping_status":"closed","template":"","meta":{"_acf_changed":false,"site-sidebar-layout":"default","site-content-layout":"","ast-site-content-layout":"default","site-content-style":"default","site-sidebar-style":"default","ast-global-header-display":"","ast-banner-title-visibility":"","ast-main-header-display":"","ast-hfb-above-header-display":"","ast-hfb-below-header-display":"","ast-hfb-mobile-header-display":"","site-post-title":"","ast-breadcrumbs-content":"","ast-featured-img":"","footer-sml-layout":"","ast-disable-related-posts":"","theme-transparent-header-meta":"","adv-header-id-meta":"","stick-header-meta":"","header-above-stick-meta":"","header-main-stick-meta":"","header-below-stick-meta":"","astra-migrate-meta-layouts":"default","ast-page-background-enabled":"default","ast-page-background-meta":{"desktop":{"background-color":"","background-image":"","background-repeat":"repeat","background-position":"center center","background-size":"auto","background-attachment":"scroll","background-type":"","background-media":"","overlay-type":"","overlay-color":"","overlay-opacity":"","overlay-gradient":""},"tablet":{"background-color":"","background-image":"","background-repeat":"repeat","background-position":"center center","background-size":"auto","background-attachment":"scroll","background-type":"","background-media":"","overlay-type":"","overlay-color":"","overlay-opacity":"","overlay-gradient":""},"mobile":{"background-color":"","background-image":"","background-repeat":"repeat","background-position":"center center","background-size":"auto","background-attachment":"scroll","background-type":"","background-media":"","overlay-type":"","overlay-color":"","overlay-opacity":"","overlay-gradient":""}},"ast-content-background-meta":{"desktop":{"background-color":"var(--ast-global-color-5)","background-image":"","background-repeat":"repeat","background-position":"center center","background-size":"auto","background-attachment":"scroll","background-type":"","background-media":"","overlay-type":"","overlay-color":"","overlay-opacity":"","overlay-gradient":""},"tablet":{"background-color":"var(--ast-global-color-5)","background-image":"","background-repeat":"repeat","background-position":"center center","background-size":"auto","background-attachment":"scroll","background-type":"","background-media":"","overlay-type":"","overlay-color":"","overlay-opacity":"","overlay-gradient":""},"mobile":{"background-color":"var(--ast-global-color-5)","background-image":"","background-repeat":"repeat","background-position":"center center","background-size":"auto","background-attachment":"scroll","background-type":"","background-media":"","overlay-type":"","overlay-color":"","overlay-opacity":"","overlay-gradient":""}},"footnotes":""},"categories":[551],"tags":[],"class_list":["post-21378","page","type-page","status-publish","hentry","category-menu-de"],"acf":[],"yoast_head":"<!-- This site is optimized with the Yoast SEO plugin v27.3 - https:\/\/yoast.com\/product\/yoast-seo-wordpress\/ -->\n<title>Dienstleistungen | Kollaborative Robotik und Cobot-Spezialist | WiredWorkers<\/title>\n<meta name=\"description\" content=\"WiredWorkers bietet verschiedene Dienstleistungen im Bereich der industriellen Automatisierung an. Unser Schwerpunkt liegt auf Cobots und kollaborativen L\u00f6sungen.\" \/>\n<meta name=\"robots\" content=\"index, follow, max-snippet:-1, max-image-preview:large, max-video-preview:-1\" \/>\n<link rel=\"canonical\" href=\"https:\/\/www.wiredworkers.io\/de\/dienstleistungen\/\" \/>\n<meta property=\"og:locale\" content=\"de_DE\" \/>\n<meta property=\"og:type\" content=\"article\" \/>\n<meta property=\"og:title\" content=\"Dienstleistungen | Kollaborative Robotik und Cobot-Spezialist | WiredWorkers\" \/>\n<meta property=\"og:description\" content=\"WiredWorkers bietet verschiedene Dienstleistungen im Bereich der industriellen Automatisierung an. Unser Schwerpunkt liegt auf Cobots und kollaborativen L\u00f6sungen.\" \/>\n<meta property=\"og:url\" content=\"https:\/\/www.wiredworkers.io\/de\/dienstleistungen\/\" \/>\n<meta property=\"og:site_name\" content=\"WiredWorkers\" \/>\n<meta property=\"article:publisher\" content=\"https:\/\/www.facebook.com\/WiredWorkers\" \/>\n<meta property=\"article:modified_time\" content=\"2023-10-31T11:28:14+00:00\" \/>\n<meta property=\"og:image\" content=\"https:\/\/www.wiredworkers.io\/wp-content\/uploads\/2019\/12\/Techman-Robot-TM-12.png\" \/>\n<meta name=\"twitter:card\" content=\"summary_large_image\" \/>\n<meta name=\"twitter:label1\" content=\"Gesch\u00e4tzte Lesezeit\" \/>\n\t<meta name=\"twitter:data1\" content=\"1\u00a0Minute\" \/>\n<script type=\"application\/ld+json\" class=\"yoast-schema-graph\">{\"@context\":\"https:\\\/\\\/schema.org\",\"@graph\":[{\"@type\":\"WebPage\",\"@id\":\"https:\\\/\\\/www.wiredworkers.io\\\/de\\\/dienstleistungen\\\/\",\"url\":\"https:\\\/\\\/www.wiredworkers.io\\\/de\\\/dienstleistungen\\\/\",\"name\":\"Dienstleistungen | Kollaborative Robotik und Cobot-Spezialist | WiredWorkers\",\"isPartOf\":{\"@id\":\"https:\\\/\\\/www.wiredworkers.io\\\/de\\\/#website\"},\"primaryImageOfPage\":{\"@id\":\"https:\\\/\\\/www.wiredworkers.io\\\/de\\\/dienstleistungen\\\/#primaryimage\"},\"image\":{\"@id\":\"https:\\\/\\\/www.wiredworkers.io\\\/de\\\/dienstleistungen\\\/#primaryimage\"},\"thumbnailUrl\":\"https:\\\/\\\/www.wiredworkers.io\\\/wp-content\\\/uploads\\\/2019\\\/12\\\/Techman-Robot-TM-12.png\",\"datePublished\":\"2023-05-10T12:38:49+00:00\",\"dateModified\":\"2023-10-31T11:28:14+00:00\",\"description\":\"WiredWorkers bietet verschiedene Dienstleistungen im Bereich der industriellen Automatisierung an. Unser Schwerpunkt liegt auf Cobots und kollaborativen L\u00f6sungen.\",\"breadcrumb\":{\"@id\":\"https:\\\/\\\/www.wiredworkers.io\\\/de\\\/dienstleistungen\\\/#breadcrumb\"},\"inLanguage\":\"de\",\"potentialAction\":[{\"@type\":\"ReadAction\",\"target\":[\"https:\\\/\\\/www.wiredworkers.io\\\/de\\\/dienstleistungen\\\/\"]}]},{\"@type\":\"ImageObject\",\"inLanguage\":\"de\",\"@id\":\"https:\\\/\\\/www.wiredworkers.io\\\/de\\\/dienstleistungen\\\/#primaryimage\",\"url\":\"https:\\\/\\\/www.wiredworkers.io\\\/wp-content\\\/uploads\\\/2019\\\/12\\\/Techman-Robot-TM-12.png\",\"contentUrl\":\"https:\\\/\\\/www.wiredworkers.io\\\/wp-content\\\/uploads\\\/2019\\\/12\\\/Techman-Robot-TM-12.png\"},{\"@type\":\"BreadcrumbList\",\"@id\":\"https:\\\/\\\/www.wiredworkers.io\\\/de\\\/dienstleistungen\\\/#breadcrumb\",\"itemListElement\":[{\"@type\":\"ListItem\",\"position\":1,\"name\":\"WiredWorkers\",\"item\":\"https:\\\/\\\/www.wiredworkers.io\\\/de\\\/\"},{\"@type\":\"ListItem\",\"position\":2,\"name\":\"Dienstleistungen\"}]},{\"@type\":\"WebSite\",\"@id\":\"https:\\\/\\\/www.wiredworkers.io\\\/de\\\/#website\",\"url\":\"https:\\\/\\\/www.wiredworkers.io\\\/de\\\/\",\"name\":\"WiredWorkers\",\"description\":\"Robotics at your service\",\"publisher\":{\"@id\":\"https:\\\/\\\/www.wiredworkers.io\\\/de\\\/#organization\"},\"potentialAction\":[{\"@type\":\"SearchAction\",\"target\":{\"@type\":\"EntryPoint\",\"urlTemplate\":\"https:\\\/\\\/www.wiredworkers.io\\\/de\\\/?s={search_term_string}\"},\"query-input\":{\"@type\":\"PropertyValueSpecification\",\"valueRequired\":true,\"valueName\":\"search_term_string\"}}],\"inLanguage\":\"de\"},{\"@type\":\"Organization\",\"@id\":\"https:\\\/\\\/www.wiredworkers.io\\\/de\\\/#organization\",\"name\":\"WiredWorkers Nederland B.V.\",\"url\":\"https:\\\/\\\/www.wiredworkers.io\\\/de\\\/\",\"logo\":{\"@type\":\"ImageObject\",\"inLanguage\":\"de\",\"@id\":\"https:\\\/\\\/www.wiredworkers.io\\\/de\\\/#\\\/schema\\\/logo\\\/image\\\/\",\"url\":\"https:\\\/\\\/www.wiredworkers.io\\\/wp-content\\\/uploads\\\/2018\\\/06\\\/wiredworkers-company-logo.jpg\",\"contentUrl\":\"https:\\\/\\\/www.wiredworkers.io\\\/wp-content\\\/uploads\\\/2018\\\/06\\\/wiredworkers-company-logo.jpg\",\"width\":1082,\"height\":714,\"caption\":\"WiredWorkers Nederland B.V.\"},\"image\":{\"@id\":\"https:\\\/\\\/www.wiredworkers.io\\\/de\\\/#\\\/schema\\\/logo\\\/image\\\/\"},\"sameAs\":[\"https:\\\/\\\/www.facebook.com\\\/WiredWorkers\",\"https:\\\/\\\/www.linkedin.com\\\/company\\\/wiredworkers\\\/\"]}]}<\/script>\n<!-- \/ Yoast SEO plugin. -->","yoast_head_json":{"title":"Dienstleistungen | Kollaborative Robotik und Cobot-Spezialist | WiredWorkers","description":"WiredWorkers bietet verschiedene Dienstleistungen im Bereich der industriellen Automatisierung an. Unser Schwerpunkt liegt auf Cobots und kollaborativen L\u00f6sungen.","robots":{"index":"index","follow":"follow","max-snippet":"max-snippet:-1","max-image-preview":"max-image-preview:large","max-video-preview":"max-video-preview:-1"},"canonical":"https:\/\/www.wiredworkers.io\/de\/dienstleistungen\/","og_locale":"de_DE","og_type":"article","og_title":"Dienstleistungen | Kollaborative Robotik und Cobot-Spezialist | WiredWorkers","og_description":"WiredWorkers bietet verschiedene Dienstleistungen im Bereich der industriellen Automatisierung an. Unser Schwerpunkt liegt auf Cobots und kollaborativen L\u00f6sungen.","og_url":"https:\/\/www.wiredworkers.io\/de\/dienstleistungen\/","og_site_name":"WiredWorkers","article_publisher":"https:\/\/www.facebook.com\/WiredWorkers","article_modified_time":"2023-10-31T11:28:14+00:00","og_image":[{"url":"https:\/\/www.wiredworkers.io\/wp-content\/uploads\/2019\/12\/Techman-Robot-TM-12.png","type":"","width":"","height":""}],"twitter_card":"summary_large_image","twitter_misc":{"Gesch\u00e4tzte Lesezeit":"1\u00a0Minute"},"schema":{"@context":"https:\/\/schema.org","@graph":[{"@type":"WebPage","@id":"https:\/\/www.wiredworkers.io\/de\/dienstleistungen\/","url":"https:\/\/www.wiredworkers.io\/de\/dienstleistungen\/","name":"Dienstleistungen | Kollaborative Robotik und Cobot-Spezialist | WiredWorkers","isPartOf":{"@id":"https:\/\/www.wiredworkers.io\/de\/#website"},"primaryImageOfPage":{"@id":"https:\/\/www.wiredworkers.io\/de\/dienstleistungen\/#primaryimage"},"image":{"@id":"https:\/\/www.wiredworkers.io\/de\/dienstleistungen\/#primaryimage"},"thumbnailUrl":"https:\/\/www.wiredworkers.io\/wp-content\/uploads\/2019\/12\/Techman-Robot-TM-12.png","datePublished":"2023-05-10T12:38:49+00:00","dateModified":"2023-10-31T11:28:14+00:00","description":"WiredWorkers bietet verschiedene Dienstleistungen im Bereich der industriellen Automatisierung an. Unser Schwerpunkt liegt auf Cobots und kollaborativen L\u00f6sungen.","breadcrumb":{"@id":"https:\/\/www.wiredworkers.io\/de\/dienstleistungen\/#breadcrumb"},"inLanguage":"de","potentialAction":[{"@type":"ReadAction","target":["https:\/\/www.wiredworkers.io\/de\/dienstleistungen\/"]}]},{"@type":"ImageObject","inLanguage":"de","@id":"https:\/\/www.wiredworkers.io\/de\/dienstleistungen\/#primaryimage","url":"https:\/\/www.wiredworkers.io\/wp-content\/uploads\/2019\/12\/Techman-Robot-TM-12.png","contentUrl":"https:\/\/www.wiredworkers.io\/wp-content\/uploads\/2019\/12\/Techman-Robot-TM-12.png"},{"@type":"BreadcrumbList","@id":"https:\/\/www.wiredworkers.io\/de\/dienstleistungen\/#breadcrumb","itemListElement":[{"@type":"ListItem","position":1,"name":"WiredWorkers","item":"https:\/\/www.wiredworkers.io\/de\/"},{"@type":"ListItem","position":2,"name":"Dienstleistungen"}]},{"@type":"WebSite","@id":"https:\/\/www.wiredworkers.io\/de\/#website","url":"https:\/\/www.wiredworkers.io\/de\/","name":"WiredWorkers","description":"Robotics at your service","publisher":{"@id":"https:\/\/www.wiredworkers.io\/de\/#organization"},"potentialAction":[{"@type":"SearchAction","target":{"@type":"EntryPoint","urlTemplate":"https:\/\/www.wiredworkers.io\/de\/?s={search_term_string}"},"query-input":{"@type":"PropertyValueSpecification","valueRequired":true,"valueName":"search_term_string"}}],"inLanguage":"de"},{"@type":"Organization","@id":"https:\/\/www.wiredworkers.io\/de\/#organization","name":"WiredWorkers Nederland B.V.","url":"https:\/\/www.wiredworkers.io\/de\/","logo":{"@type":"ImageObject","inLanguage":"de","@id":"https:\/\/www.wiredworkers.io\/de\/#\/schema\/logo\/image\/","url":"https:\/\/www.wiredworkers.io\/wp-content\/uploads\/2018\/06\/wiredworkers-company-logo.jpg","contentUrl":"https:\/\/www.wiredworkers.io\/wp-content\/uploads\/2018\/06\/wiredworkers-company-logo.jpg","width":1082,"height":714,"caption":"WiredWorkers Nederland B.V."},"image":{"@id":"https:\/\/www.wiredworkers.io\/de\/#\/schema\/logo\/image\/"},"sameAs":["https:\/\/www.facebook.com\/WiredWorkers","https:\/\/www.linkedin.com\/company\/wiredworkers\/"]}]}},"_links":{"self":[{"href":"https:\/\/www.wiredworkers.io\/de\/wp-json\/wp\/v2\/pages\/21378","targetHints":{"allow":["GET"]}}],"collection":[{"href":"https:\/\/www.wiredworkers.io\/de\/wp-json\/wp\/v2\/pages"}],"about":[{"href":"https:\/\/www.wiredworkers.io\/de\/wp-json\/wp\/v2\/types\/page"}],"author":[{"embeddable":true,"href":"https:\/\/www.wiredworkers.io\/de\/wp-json\/wp\/v2\/users\/3"}],"replies":[{"embeddable":true,"href":"https:\/\/www.wiredworkers.io\/de\/wp-json\/wp\/v2\/comments?post=21378"}],"version-history":[{"count":2,"href":"https:\/\/www.wiredworkers.io\/de\/wp-json\/wp\/v2\/pages\/21378\/revisions"}],"predecessor-version":[{"id":22369,"href":"https:\/\/www.wiredworkers.io\/de\/wp-json\/wp\/v2\/pages\/21378\/revisions\/22369"}],"wp:attachment":[{"href":"https:\/\/www.wiredworkers.io\/de\/wp-json\/wp\/v2\/media?parent=21378"}],"wp:term":[{"taxonomy":"category","embeddable":true,"href":"https:\/\/www.wiredworkers.io\/de\/wp-json\/wp\/v2\/categories?post=21378"},{"taxonomy":"post_tag","embeddable":true,"href":"https:\/\/www.wiredworkers.io\/de\/wp-json\/wp\/v2\/tags?post=21378"}],"curies":[{"name":"wp","href":"https:\/\/api.w.org\/{rel}","templated":true}]}}