{"id":21390,"date":"2023-05-10T15:00:57","date_gmt":"2023-05-10T13:00:57","guid":{"rendered":"https:\/\/wiredworkers.io\/techman-robot\/"},"modified":"2023-06-28T16:02:44","modified_gmt":"2023-06-28T14:02:44","slug":"techman-robot","status":"publish","type":"page","link":"https:\/\/www.wiredworkers.io\/de\/cobot\/hersteller\/techman-robot\/","title":{"rendered":"Techman Robot"},"content":{"rendered":"\n\n\t<a href=\"https:\/\/www.wiredworkers.io\/de\/\">WiredWorkers<\/a> \u279c <a href=\"https:\/\/www.wiredworkers.io\/de\/cobot\/\">Cobot<\/a> \u279c <a href=\"https:\/\/www.wiredworkers.io\/de\/cobot\/marken\/\">Marken<\/a> \u279c Techman Robot<h1>\n\t\tTechman Robot\n\t<\/h1>\n\t\t\t<a href=\"https:\/\/shop.wiredworkers.io\/en_GB\/shop?search=&#038;order=&#038;attrib=1-7\" target=\"_blank\" rel=\"noopener\">\n\t\t\t\t\t\t\tIm Shop ansehen\n\t\t\t<\/a>\n<h2>\n\t\tTechman Roboter\n\t<\/h2>\n\t<p>Techman Robot ist ein f\u00fchrendes Unternehmen, das auf kollaborative Roboter und Bildverarbeitungstechnologien spezialisiert ist. Unter anderem dank der Unterst\u00fctzung des Forschungs- und Entwicklungsteams der Muttergesellschaft Quant Storage Inc. und durch die Nutzung der globalen Ressourcen der Quanta Group ist es Techman Robot gelungen, sich einen festen Platz auf dem Markt zu sichern. Die taiwanesische Quanta Group wurde 1988 als Hersteller von Computer- und Kommunikationsprodukten gegr\u00fcndet. Der Name setzt sich aus den W\u00f6rtern &#8222;Technologie&#8220; und &#8222;Mensch&#8220; zusammen.<\/p>\n\t\t\t\t<img decoding=\"async\" data-src=\"https:\/\/www.wiredworkers.io\/wp-content\/uploads\/2021\/04\/Techman2.jpg\" alt=\"robotic arm\" itemprop=\"image\" height=\"789\" width=\"1087\" onerror=\"this.style.display='none'\" src=\"data:image\/svg+xml;base64,PHN2ZyB3aWR0aD0iMSIgaGVpZ2h0PSIxIiB4bWxucz0iaHR0cDovL3d3dy53My5vcmcvMjAwMC9zdmciPjwvc3ZnPg==\" class=\"lazyload\" style=\"--smush-placeholder-width: 1087px; --smush-placeholder-aspect-ratio: 1087\/789;\" \/>\n\t\t\t\t<img decoding=\"async\" data-src=\"https:\/\/www.wiredworkers.io\/wp-content\/uploads\/2019\/06\/Techman-Robot-omslag.jpg\" alt=\"Techman Robot\" itemprop=\"image\" height=\"683\" width=\"1024\" title=\"Techman Robot omslag\" onerror=\"this.style.display='none'\" src=\"data:image\/svg+xml;base64,PHN2ZyB3aWR0aD0iMSIgaGVpZ2h0PSIxIiB4bWxucz0iaHR0cDovL3d3dy53My5vcmcvMjAwMC9zdmciPjwvc3ZnPg==\" class=\"lazyload\" style=\"--smush-placeholder-width: 1024px; --smush-placeholder-aspect-ratio: 1024\/683;\" \/>\n<h2>\n\t\tVerbesserung der Arbeitswelt\n\t<\/h2>\n\t<p>Techman Robot setzt sich seit vielen Jahren daf\u00fcr ein, die Arbeitswelt f\u00fcr Unternehmen und ihre Mitarbeiter durch (roboter-)technologische Anwendungen zu verbessern. Techman ist davon \u00fcberzeugt, dass der richtige Einsatz von Cobots einen gro\u00dfen Beitrag zur Leistung, Effizienz und Produktivit\u00e4t von Unternehmen leistet und sogar ganze Branchen nachhaltig positiv beeinflussen kann. Die Mission des Unternehmens ist es, &#8222;die Arbeitswelt f\u00fcr Unternehmer und Arbeitnehmer \u00fcberall zu verbessern, indem immer intelligentere Cobots am Arbeitsplatz eingef\u00fchrt werden.&#8220;<\/p>\n\t<h2>Download aller Spezifikationen der Techman-Roboter<\/h2>\n\t\t\t<a href=\"https:\/\/www.wiredworkers.io\/download-techman-robot-specifications\/\" target=\"_self\" rel=\"noopener\">\n\t\t\t\t\t\t\tTM-Spezifikationen herunterladen\n\t\t\t<\/a>\n<h2>\n\t\tTechman Roboter Konstruktionsprinzipien\n\t<\/h2>\n\t\t\n\t\t\t\t\tDank der eingebauten Kamera k\u00f6nnen die Roboter Muster erkennen, Objekte lokalisieren, Farben erkennen und sogar Strichcodes scannen.\t\t\t\t\n\t\t\n\t\t\t\t\tAlle TM-Cobots entsprechen den neuesten Sicherheitsanforderungen und erm\u00f6glichen eine verantwortungsvolle Zusammenarbeit mit Menschen.\t\t\t\t\n\t\t\n\t\t\t\t\tDank des benutzerfreundlichen Programmiertools von Techman Robot sind keine umfangreichen Programmierkenntnisse erforderlich, um mit ihnen zu arbeiten.\t\t\t\t\n\t\t\t\t<img decoding=\"async\" data-src=\"https:\/\/www.wiredworkers.io\/wp-content\/uploads\/2019\/07\/Techman-Robot-Header.jpg\" alt=\"Specificaties techman robot\" itemprop=\"image\" height=\"683\" width=\"1024\" title=\"Techman Robot Header\" onerror=\"this.style.display='none'\" src=\"data:image\/svg+xml;base64,PHN2ZyB3aWR0aD0iMSIgaGVpZ2h0PSIxIiB4bWxucz0iaHR0cDovL3d3dy53My5vcmcvMjAwMC9zdmciPjwvc3ZnPg==\" class=\"lazyload\" style=\"--smush-placeholder-width: 1024px; --smush-placeholder-aspect-ratio: 1024\/683;\" \/>\n<h3>\n\t\tFinden Sie heraus, wie wir Ihre Produktion verbessern k\u00f6nnen\n\t<\/h3>\n\t<p>Buchen Sie eine kostenlose Online-Beratung mit unserem Automatisierungsspezialisten!<\/p>\n\t\t\t<a href=\"https:\/\/www.wiredworkers.io\/de\/kostenlose-cobot-beratung\/\" target=\"_self\" rel=\"noopener\">\n\t\t\t\t\t\t\tVideokonferenz vereinbaren\n\t\t\t<\/a>\n\t<h6>V\u00f6llig kostenlos und unverbindlich!<\/h6>\n<h2>\n\t\tEingebaute Vision\n\t<\/h2>\n\t<p>Die kollaborativen Roboter von Techman sind die ersten Cobots auf dem Markt mit integrierter Bildverarbeitung. Sowohl in der Hardware als auch in der Software sind die Systeme sowie verschiedene Standard-Vision-Funktionen der Roboter integriert. Denken Sie an den Mustervergleich, die Lokalisierung von Objekten, das Scannen von Barcodes und die Farberkennung. Dank der benutzerfreundlichen Bedienoberfl\u00e4che ist es f\u00fcr jedermann m\u00f6glich, diesen Cobot zu nutzen.<\/p>\n<p>Neben den integrierten Vision-Funktionen zeichnen sich die Roboter von Techman Robot durch eine besonders hohe Genauigkeit aus. Die Roboter sind bis auf 0,5 mm genau und eignen sich daher auch f\u00fcr die sensibelsten Aufgaben.<\/p>\n\t\t\t\t<img decoding=\"async\" data-src=\"https:\/\/www.wiredworkers.io\/wp-content\/uploads\/2021\/04\/vision.png\" alt=\"built in vision techman robot | cobot\" itemprop=\"image\" height=\"500\" width=\"500\" title=\"Techman robot built in camera\" onerror=\"this.style.display='none'\" src=\"data:image\/svg+xml;base64,PHN2ZyB3aWR0aD0iMSIgaGVpZ2h0PSIxIiB4bWxucz0iaHR0cDovL3d3dy53My5vcmcvMjAwMC9zdmciPjwvc3ZnPg==\" class=\"lazyload\" style=\"--smush-placeholder-width: 500px; --smush-placeholder-aspect-ratio: 500\/500;\" \/>\n<h2>\n\t\tOther Techman robots&#8230;\n\t<\/h2>\n\t<meta itemscope itemprop=\"mainEntityOfPage\" itemtype=\"https:\/\/schema.org\/WebPage\" itemid=\"https:\/\/www.wiredworkers.io\/de\/cobot\/marken\/techman-robot\/tm5-900\/\" content=\"TM5-900\" \/><meta itemprop=\"datePublished\" content=\"2023-05-26\" \/><meta itemprop=\"dateModified\" content=\"2023-05-26\" \/><meta itemprop=\"name\" content=\"WiredWorkers\"\/><meta itemprop=\"url\" content=\"https:\/\/www.wiredworkers.io\/wp-content\/uploads\/2018\/01\/cropped-wiredworkers-logo-white.png\"\/><meta itemprop=\"url\" content=\"https:\/\/www.wiredworkers.io\/de\/author\/robbinmennings\/\" \/><meta itemprop=\"name\" content=\"Robbin Mennings\" \/><meta itemprop=\"url\" content=\"https:\/\/www.wiredworkers.io\/wp-content\/uploads\/2023\/04\/Techman-Robot-TM5-900.png\" \/><meta itemprop=\"width\" content=\"500\" \/><meta itemprop=\"height\" content=\"500\" \/><meta itemprop=\"interactionType\" content=\"https:\/\/schema.org\/CommentAction\" \/><meta itemprop=\"userInteractionCount\" content=\"0\" \/>\n\t\t\t\t\t<a href=\"https:\/\/www.wiredworkers.io\/de\/cobot\/marken\/techman-robot\/tm5-900\/\" title=\"TM5-900\"><\/a>\n\t\t\t\t<img decoding=\"async\" src=\"https:\/\/www.wiredworkers.io\/wp-content\/uploads\/2023\/04\/Techman-Robot-TM5-900-300x300.png\" alt=\"Techman Robot TM5-900\" itemprop=\"image\" data-no-lazy=\"1\" height=\"300\" width=\"300\" title=\"Techman Robot TM5-900\" onerror=\"this.style.display='none'\"  \/>\n\t\t\t\t\t\t\t\t\t<h4 itemprop=\"headline\">\n\t\t\t\t\t\t\t\t\t\t\t\t\t\tTM5-900\t\t\t\t\t\t\t\t\t\t\t<\/h4>\n\t<meta itemscope itemprop=\"mainEntityOfPage\" itemtype=\"https:\/\/schema.org\/WebPage\" itemid=\"https:\/\/www.wiredworkers.io\/de\/cobot\/marken\/techman-robot\/tm5-700\/\" content=\"TM5-700\" \/><meta itemprop=\"datePublished\" content=\"2023-05-26\" \/><meta itemprop=\"dateModified\" content=\"2023-05-26\" \/><meta itemprop=\"name\" content=\"WiredWorkers\"\/><meta itemprop=\"url\" content=\"https:\/\/www.wiredworkers.io\/wp-content\/uploads\/2018\/01\/cropped-wiredworkers-logo-white.png\"\/><meta itemprop=\"url\" content=\"https:\/\/www.wiredworkers.io\/de\/author\/robbinmennings\/\" \/><meta itemprop=\"name\" content=\"Robbin Mennings\" \/><meta itemprop=\"url\" content=\"https:\/\/www.wiredworkers.io\/wp-content\/uploads\/2023\/04\/Techman-Robot-TM5-700.png\" \/><meta itemprop=\"width\" content=\"500\" \/><meta itemprop=\"height\" content=\"500\" \/><meta itemprop=\"interactionType\" content=\"https:\/\/schema.org\/CommentAction\" \/><meta itemprop=\"userInteractionCount\" content=\"0\" \/>\n\t\t\t\t\t<a href=\"https:\/\/www.wiredworkers.io\/de\/cobot\/marken\/techman-robot\/tm5-700\/\" title=\"TM5-700\"><\/a>\n\t\t\t\t<img decoding=\"async\" src=\"https:\/\/www.wiredworkers.io\/wp-content\/uploads\/2023\/04\/Techman-Robot-TM5-700-300x300.png\" alt=\"Techman Robot TM5-700\" itemprop=\"image\" data-no-lazy=\"1\" height=\"300\" width=\"300\" title=\"Techman Robot TM5-700\" onerror=\"this.style.display='none'\"  \/>\n\t\t\t\t\t\t\t\t\t<h4 itemprop=\"headline\">\n\t\t\t\t\t\t\t\t\t\t\t\t\t\tTM5-700\t\t\t\t\t\t\t\t\t\t\t<\/h4>\n\t<meta itemscope itemprop=\"mainEntityOfPage\" itemtype=\"https:\/\/schema.org\/WebPage\" itemid=\"https:\/\/www.wiredworkers.io\/de\/cobot\/marken\/techman-robot\/tm14\/\" content=\"TM14\" \/><meta itemprop=\"datePublished\" content=\"2023-05-26\" \/><meta itemprop=\"dateModified\" content=\"2023-05-26\" \/><meta itemprop=\"name\" content=\"WiredWorkers\"\/><meta itemprop=\"url\" content=\"https:\/\/www.wiredworkers.io\/wp-content\/uploads\/2018\/01\/cropped-wiredworkers-logo-white.png\"\/><meta itemprop=\"url\" content=\"https:\/\/www.wiredworkers.io\/de\/author\/robbinmennings\/\" \/><meta itemprop=\"name\" content=\"Robbin Mennings\" \/><meta itemprop=\"url\" content=\"https:\/\/www.wiredworkers.io\/wp-content\/uploads\/2023\/04\/Techman-Robot-TM14.png\" \/><meta itemprop=\"width\" content=\"500\" \/><meta itemprop=\"height\" content=\"500\" \/><meta itemprop=\"interactionType\" content=\"https:\/\/schema.org\/CommentAction\" \/><meta itemprop=\"userInteractionCount\" content=\"0\" \/>\n\t\t\t\t\t<a href=\"https:\/\/www.wiredworkers.io\/de\/cobot\/marken\/techman-robot\/tm14\/\" title=\"TM14\"><\/a>\n\t\t\t\t<img decoding=\"async\" src=\"https:\/\/www.wiredworkers.io\/wp-content\/uploads\/2023\/04\/Techman-Robot-TM14-300x300.png\" alt=\"Techman Robot TM14\" itemprop=\"image\" data-no-lazy=\"1\" height=\"300\" width=\"300\" title=\"Techman Robot TM14\" onerror=\"this.style.display='none'\"  \/>\n\t\t\t\t\t\t\t\t\t<h4 itemprop=\"headline\">\n\t\t\t\t\t\t\t\t\t\t\t\t\t\tTM14\t\t\t\t\t\t\t\t\t\t\t<\/h4>\n\t\t\t\t<ul class='page-numbers'>\n\t<li>1<\/li>\n\t<li><a href=\"https:\/\/www.wiredworkers.io\/de\/page\/2\/?page_id=21390&#038;fl_builder\">2<\/a><\/li>\n\t<li><a href=\"https:\/\/www.wiredworkers.io\/de\/page\/2\/?page_id=21390&#038;fl_builder\">Weiter &raquo;<\/a><\/li>\n<\/ul>\n\t\t<!-- .pp-content-posts -->\n\n","protected":false},"excerpt":{"rendered":"<p>WiredWorkers \u279c Cobot \u279c Marken \u279c Techman Robot Techman Robot Im Shop ansehen Techman Roboter Techman Robot ist ein f\u00fchrendes Unternehmen, das auf kollaborative Roboter und Bildverarbeitungstechnologien spezialisiert ist. Unter anderem dank der Unterst\u00fctzung des Forschungs- und Entwicklungsteams der Muttergesellschaft Quant Storage Inc. und durch die Nutzung der globalen Ressourcen der Quanta Group ist es [&hellip;]<\/p>\n","protected":false},"author":3,"featured_media":0,"parent":21392,"menu_order":2,"comment_status":"closed","ping_status":"closed","template":"","meta":{"_acf_changed":false,"site-sidebar-layout":"default","site-content-layout":"default","ast-site-content-layout":"default","site-content-style":"default","site-sidebar-style":"default","ast-global-header-display":"","ast-banner-title-visibility":"","ast-main-header-display":"","ast-hfb-above-header-display":"","ast-hfb-below-header-display":"","ast-hfb-mobile-header-display":"","site-post-title":"","ast-breadcrumbs-content":"","ast-featured-img":"","footer-sml-layout":"","ast-disable-related-posts":"","theme-transparent-header-meta":"default","adv-header-id-meta":"","stick-header-meta":"default","header-above-stick-meta":"","header-main-stick-meta":"","header-below-stick-meta":"","astra-migrate-meta-layouts":"default","ast-page-background-enabled":"default","ast-page-background-meta":{"desktop":{"background-color":"","background-image":"","background-repeat":"repeat","background-position":"center center","background-size":"auto","background-attachment":"scroll","background-type":"","background-media":"","overlay-type":"","overlay-color":"","overlay-opacity":"","overlay-gradient":""},"tablet":{"background-color":"","background-image":"","background-repeat":"repeat","background-position":"center center","background-size":"auto","background-attachment":"scroll","background-type":"","background-media":"","overlay-type":"","overlay-color":"","overlay-opacity":"","overlay-gradient":""},"mobile":{"background-color":"","background-image":"","background-repeat":"repeat","background-position":"center center","background-size":"auto","background-attachment":"scroll","background-type":"","background-media":"","overlay-type":"","overlay-color":"","overlay-opacity":"","overlay-gradient":""}},"ast-content-background-meta":{"desktop":{"background-color":"var(--ast-global-color-5)","background-image":"","background-repeat":"repeat","background-position":"center center","background-size":"auto","background-attachment":"scroll","background-type":"","background-media":"","overlay-type":"","overlay-color":"","overlay-opacity":"","overlay-gradient":""},"tablet":{"background-color":"var(--ast-global-color-5)","background-image":"","background-repeat":"repeat","background-position":"center center","background-size":"auto","background-attachment":"scroll","background-type":"","background-media":"","overlay-type":"","overlay-color":"","overlay-opacity":"","overlay-gradient":""},"mobile":{"background-color":"var(--ast-global-color-5)","background-image":"","background-repeat":"repeat","background-position":"center center","background-size":"auto","background-attachment":"scroll","background-type":"","background-media":"","overlay-type":"","overlay-color":"","overlay-opacity":"","overlay-gradient":""}},"footnotes":""},"categories":[555],"tags":[],"class_list":["post-21390","page","type-page","status-publish","hentry","category-roboterhersteller-seite"],"acf":[],"yoast_head":"<!-- This site is optimized with the Yoast SEO plugin v27.4 - https:\/\/yoast.com\/product\/yoast-seo-wordpress\/ -->\n<title>Techman Robot | Kollaborative Roboter | WiredWorkers<\/title>\n<meta name=\"description\" content=\"Die kollaborativen Roboter von Techman erf\u00fcllen die neuesten Sicherheitsanforderungen f\u00fcr Cobots. Die Roboter sind intelligent, einfach und sicher in der Handhabung.\" \/>\n<meta name=\"robots\" content=\"index, follow, max-snippet:-1, max-image-preview:large, max-video-preview:-1\" \/>\n<link rel=\"canonical\" href=\"https:\/\/www.wiredworkers.io\/de\/cobot\/hersteller\/techman-robot\/\" \/>\n<meta property=\"og:locale\" content=\"de_DE\" \/>\n<meta property=\"og:type\" content=\"article\" \/>\n<meta property=\"og:title\" content=\"Techman Robot | Kollaborative Roboter | WiredWorkers\" \/>\n<meta property=\"og:description\" content=\"Die kollaborativen Roboter von Techman erf\u00fcllen die neuesten Sicherheitsanforderungen f\u00fcr Cobots. Die Roboter sind intelligent, einfach und sicher in der Handhabung.\" \/>\n<meta property=\"og:url\" content=\"https:\/\/www.wiredworkers.io\/de\/cobot\/hersteller\/techman-robot\/\" \/>\n<meta property=\"og:site_name\" content=\"WiredWorkers\" \/>\n<meta property=\"article:publisher\" content=\"https:\/\/www.facebook.com\/WiredWorkers\" \/>\n<meta property=\"article:modified_time\" content=\"2023-06-28T14:02:44+00:00\" \/>\n<meta property=\"og:image\" content=\"https:\/\/www.wiredworkers.io\/wp-content\/uploads\/2021\/04\/Techman2.jpg\" \/>\n<meta name=\"twitter:card\" content=\"summary_large_image\" \/>\n<meta name=\"twitter:label1\" content=\"Gesch\u00e4tzte Lesezeit\" \/>\n\t<meta name=\"twitter:data1\" content=\"2\u00a0Minuten\" \/>\n<script type=\"application\/ld+json\" class=\"yoast-schema-graph\">{\"@context\":\"https:\\\/\\\/schema.org\",\"@graph\":[{\"@type\":\"WebPage\",\"@id\":\"https:\\\/\\\/www.wiredworkers.io\\\/de\\\/cobot\\\/hersteller\\\/techman-robot\\\/\",\"url\":\"https:\\\/\\\/www.wiredworkers.io\\\/de\\\/cobot\\\/hersteller\\\/techman-robot\\\/\",\"name\":\"Techman Robot | Kollaborative Roboter | WiredWorkers\",\"isPartOf\":{\"@id\":\"https:\\\/\\\/www.wiredworkers.io\\\/de\\\/#website\"},\"primaryImageOfPage\":{\"@id\":\"https:\\\/\\\/www.wiredworkers.io\\\/de\\\/cobot\\\/hersteller\\\/techman-robot\\\/#primaryimage\"},\"image\":{\"@id\":\"https:\\\/\\\/www.wiredworkers.io\\\/de\\\/cobot\\\/hersteller\\\/techman-robot\\\/#primaryimage\"},\"thumbnailUrl\":\"https:\\\/\\\/www.wiredworkers.io\\\/wp-content\\\/uploads\\\/2021\\\/04\\\/Techman2.jpg\",\"datePublished\":\"2023-05-10T13:00:57+00:00\",\"dateModified\":\"2023-06-28T14:02:44+00:00\",\"description\":\"Die kollaborativen Roboter von Techman erf\u00fcllen die neuesten Sicherheitsanforderungen f\u00fcr Cobots. Die Roboter sind intelligent, einfach und sicher in der Handhabung.\",\"breadcrumb\":{\"@id\":\"https:\\\/\\\/www.wiredworkers.io\\\/de\\\/cobot\\\/hersteller\\\/techman-robot\\\/#breadcrumb\"},\"inLanguage\":\"de\",\"potentialAction\":[{\"@type\":\"ReadAction\",\"target\":[\"https:\\\/\\\/www.wiredworkers.io\\\/de\\\/cobot\\\/hersteller\\\/techman-robot\\\/\"]}]},{\"@type\":\"ImageObject\",\"inLanguage\":\"de\",\"@id\":\"https:\\\/\\\/www.wiredworkers.io\\\/de\\\/cobot\\\/hersteller\\\/techman-robot\\\/#primaryimage\",\"url\":\"https:\\\/\\\/www.wiredworkers.io\\\/wp-content\\\/uploads\\\/2021\\\/04\\\/Techman2.jpg\",\"contentUrl\":\"https:\\\/\\\/www.wiredworkers.io\\\/wp-content\\\/uploads\\\/2021\\\/04\\\/Techman2.jpg\"},{\"@type\":\"BreadcrumbList\",\"@id\":\"https:\\\/\\\/www.wiredworkers.io\\\/de\\\/cobot\\\/hersteller\\\/techman-robot\\\/#breadcrumb\",\"itemListElement\":[{\"@type\":\"ListItem\",\"position\":1,\"name\":\"WiredWorkers\",\"item\":\"https:\\\/\\\/www.wiredworkers.io\\\/de\\\/\"},{\"@type\":\"ListItem\",\"position\":2,\"name\":\"Cobot\",\"item\":\"https:\\\/\\\/www.wiredworkers.io\\\/de\\\/cobot\\\/\"},{\"@type\":\"ListItem\",\"position\":3,\"name\":\"Hersteller\",\"item\":\"https:\\\/\\\/www.wiredworkers.io\\\/de\\\/cobot\\\/hersteller\\\/\"},{\"@type\":\"ListItem\",\"position\":4,\"name\":\"Techman Robot\"}]},{\"@type\":\"WebSite\",\"@id\":\"https:\\\/\\\/www.wiredworkers.io\\\/de\\\/#website\",\"url\":\"https:\\\/\\\/www.wiredworkers.io\\\/de\\\/\",\"name\":\"WiredWorkers\",\"description\":\"Robotics at your service\",\"publisher\":{\"@id\":\"https:\\\/\\\/www.wiredworkers.io\\\/de\\\/#organization\"},\"potentialAction\":[{\"@type\":\"SearchAction\",\"target\":{\"@type\":\"EntryPoint\",\"urlTemplate\":\"https:\\\/\\\/www.wiredworkers.io\\\/de\\\/?s={search_term_string}\"},\"query-input\":{\"@type\":\"PropertyValueSpecification\",\"valueRequired\":true,\"valueName\":\"search_term_string\"}}],\"inLanguage\":\"de\"},{\"@type\":\"Organization\",\"@id\":\"https:\\\/\\\/www.wiredworkers.io\\\/de\\\/#organization\",\"name\":\"WiredWorkers Nederland B.V.\",\"url\":\"https:\\\/\\\/www.wiredworkers.io\\\/de\\\/\",\"logo\":{\"@type\":\"ImageObject\",\"inLanguage\":\"de\",\"@id\":\"https:\\\/\\\/www.wiredworkers.io\\\/de\\\/#\\\/schema\\\/logo\\\/image\\\/\",\"url\":\"https:\\\/\\\/www.wiredworkers.io\\\/wp-content\\\/uploads\\\/2018\\\/06\\\/wiredworkers-company-logo.jpg\",\"contentUrl\":\"https:\\\/\\\/www.wiredworkers.io\\\/wp-content\\\/uploads\\\/2018\\\/06\\\/wiredworkers-company-logo.jpg\",\"width\":1082,\"height\":714,\"caption\":\"WiredWorkers Nederland B.V.\"},\"image\":{\"@id\":\"https:\\\/\\\/www.wiredworkers.io\\\/de\\\/#\\\/schema\\\/logo\\\/image\\\/\"},\"sameAs\":[\"https:\\\/\\\/www.facebook.com\\\/WiredWorkers\",\"https:\\\/\\\/www.linkedin.com\\\/company\\\/wiredworkers\\\/\"]}]}<\/script>\n<!-- \/ Yoast SEO plugin. -->","yoast_head_json":{"title":"Techman Robot | Kollaborative Roboter | WiredWorkers","description":"Die kollaborativen Roboter von Techman erf\u00fcllen die neuesten Sicherheitsanforderungen f\u00fcr Cobots. Die Roboter sind intelligent, einfach und sicher in der Handhabung.","robots":{"index":"index","follow":"follow","max-snippet":"max-snippet:-1","max-image-preview":"max-image-preview:large","max-video-preview":"max-video-preview:-1"},"canonical":"https:\/\/www.wiredworkers.io\/de\/cobot\/hersteller\/techman-robot\/","og_locale":"de_DE","og_type":"article","og_title":"Techman Robot | Kollaborative Roboter | WiredWorkers","og_description":"Die kollaborativen Roboter von Techman erf\u00fcllen die neuesten Sicherheitsanforderungen f\u00fcr Cobots. Die Roboter sind intelligent, einfach und sicher in der Handhabung.","og_url":"https:\/\/www.wiredworkers.io\/de\/cobot\/hersteller\/techman-robot\/","og_site_name":"WiredWorkers","article_publisher":"https:\/\/www.facebook.com\/WiredWorkers","article_modified_time":"2023-06-28T14:02:44+00:00","og_image":[{"url":"https:\/\/www.wiredworkers.io\/wp-content\/uploads\/2021\/04\/Techman2.jpg","type":"","width":"","height":""}],"twitter_card":"summary_large_image","twitter_misc":{"Gesch\u00e4tzte Lesezeit":"2\u00a0Minuten"},"schema":{"@context":"https:\/\/schema.org","@graph":[{"@type":"WebPage","@id":"https:\/\/www.wiredworkers.io\/de\/cobot\/hersteller\/techman-robot\/","url":"https:\/\/www.wiredworkers.io\/de\/cobot\/hersteller\/techman-robot\/","name":"Techman Robot | Kollaborative Roboter | WiredWorkers","isPartOf":{"@id":"https:\/\/www.wiredworkers.io\/de\/#website"},"primaryImageOfPage":{"@id":"https:\/\/www.wiredworkers.io\/de\/cobot\/hersteller\/techman-robot\/#primaryimage"},"image":{"@id":"https:\/\/www.wiredworkers.io\/de\/cobot\/hersteller\/techman-robot\/#primaryimage"},"thumbnailUrl":"https:\/\/www.wiredworkers.io\/wp-content\/uploads\/2021\/04\/Techman2.jpg","datePublished":"2023-05-10T13:00:57+00:00","dateModified":"2023-06-28T14:02:44+00:00","description":"Die kollaborativen Roboter von Techman erf\u00fcllen die neuesten Sicherheitsanforderungen f\u00fcr Cobots. Die Roboter sind intelligent, einfach und sicher in der Handhabung.","breadcrumb":{"@id":"https:\/\/www.wiredworkers.io\/de\/cobot\/hersteller\/techman-robot\/#breadcrumb"},"inLanguage":"de","potentialAction":[{"@type":"ReadAction","target":["https:\/\/www.wiredworkers.io\/de\/cobot\/hersteller\/techman-robot\/"]}]},{"@type":"ImageObject","inLanguage":"de","@id":"https:\/\/www.wiredworkers.io\/de\/cobot\/hersteller\/techman-robot\/#primaryimage","url":"https:\/\/www.wiredworkers.io\/wp-content\/uploads\/2021\/04\/Techman2.jpg","contentUrl":"https:\/\/www.wiredworkers.io\/wp-content\/uploads\/2021\/04\/Techman2.jpg"},{"@type":"BreadcrumbList","@id":"https:\/\/www.wiredworkers.io\/de\/cobot\/hersteller\/techman-robot\/#breadcrumb","itemListElement":[{"@type":"ListItem","position":1,"name":"WiredWorkers","item":"https:\/\/www.wiredworkers.io\/de\/"},{"@type":"ListItem","position":2,"name":"Cobot","item":"https:\/\/www.wiredworkers.io\/de\/cobot\/"},{"@type":"ListItem","position":3,"name":"Hersteller","item":"https:\/\/www.wiredworkers.io\/de\/cobot\/hersteller\/"},{"@type":"ListItem","position":4,"name":"Techman Robot"}]},{"@type":"WebSite","@id":"https:\/\/www.wiredworkers.io\/de\/#website","url":"https:\/\/www.wiredworkers.io\/de\/","name":"WiredWorkers","description":"Robotics at your service","publisher":{"@id":"https:\/\/www.wiredworkers.io\/de\/#organization"},"potentialAction":[{"@type":"SearchAction","target":{"@type":"EntryPoint","urlTemplate":"https:\/\/www.wiredworkers.io\/de\/?s={search_term_string}"},"query-input":{"@type":"PropertyValueSpecification","valueRequired":true,"valueName":"search_term_string"}}],"inLanguage":"de"},{"@type":"Organization","@id":"https:\/\/www.wiredworkers.io\/de\/#organization","name":"WiredWorkers Nederland B.V.","url":"https:\/\/www.wiredworkers.io\/de\/","logo":{"@type":"ImageObject","inLanguage":"de","@id":"https:\/\/www.wiredworkers.io\/de\/#\/schema\/logo\/image\/","url":"https:\/\/www.wiredworkers.io\/wp-content\/uploads\/2018\/06\/wiredworkers-company-logo.jpg","contentUrl":"https:\/\/www.wiredworkers.io\/wp-content\/uploads\/2018\/06\/wiredworkers-company-logo.jpg","width":1082,"height":714,"caption":"WiredWorkers Nederland B.V."},"image":{"@id":"https:\/\/www.wiredworkers.io\/de\/#\/schema\/logo\/image\/"},"sameAs":["https:\/\/www.facebook.com\/WiredWorkers","https:\/\/www.linkedin.com\/company\/wiredworkers\/"]}]}},"_links":{"self":[{"href":"https:\/\/www.wiredworkers.io\/de\/wp-json\/wp\/v2\/pages\/21390","targetHints":{"allow":["GET"]}}],"collection":[{"href":"https:\/\/www.wiredworkers.io\/de\/wp-json\/wp\/v2\/pages"}],"about":[{"href":"https:\/\/www.wiredworkers.io\/de\/wp-json\/wp\/v2\/types\/page"}],"author":[{"embeddable":true,"href":"https:\/\/www.wiredworkers.io\/de\/wp-json\/wp\/v2\/users\/3"}],"replies":[{"embeddable":true,"href":"https:\/\/www.wiredworkers.io\/de\/wp-json\/wp\/v2\/comments?post=21390"}],"version-history":[{"count":2,"href":"https:\/\/www.wiredworkers.io\/de\/wp-json\/wp\/v2\/pages\/21390\/revisions"}],"predecessor-version":[{"id":22046,"href":"https:\/\/www.wiredworkers.io\/de\/wp-json\/wp\/v2\/pages\/21390\/revisions\/22046"}],"up":[{"embeddable":true,"href":"https:\/\/www.wiredworkers.io\/de\/wp-json\/wp\/v2\/pages\/21392"}],"wp:attachment":[{"href":"https:\/\/www.wiredworkers.io\/de\/wp-json\/wp\/v2\/media?parent=21390"}],"wp:term":[{"taxonomy":"category","embeddable":true,"href":"https:\/\/www.wiredworkers.io\/de\/wp-json\/wp\/v2\/categories?post=21390"},{"taxonomy":"post_tag","embeddable":true,"href":"https:\/\/www.wiredworkers.io\/de\/wp-json\/wp\/v2\/tags?post=21390"}],"curies":[{"name":"wp","href":"https:\/\/api.w.org\/{rel}","templated":true}]}}