{"id":21392,"date":"2023-05-10T15:17:58","date_gmt":"2023-05-10T13:17:58","guid":{"rendered":"https:\/\/wiredworkers.io\/cobot-marken\/"},"modified":"2023-10-27T14:23:04","modified_gmt":"2023-10-27T12:23:04","slug":"hersteller","status":"publish","type":"page","link":"https:\/\/www.wiredworkers.io\/de\/cobot\/hersteller\/","title":{"rendered":"Hersteller"},"content":{"rendered":"\n\n\t<nav id=\"breadcrumbs\" aria-label=\"Breadcrumbs\"><a href=\"https:\/\/www.wiredworkers.io\/de\/\">WiredWorkers<\/a> \u279c <a href=\"https:\/\/www.wiredworkers.io\/de\/cobot\/\">Cobot<\/a> \u279c Hersteller<\/nav><h1>\n\t\tVerschiedene Cobot Hersteller \n\t<\/h1>\n\t<p>Kollaborierende Roboter werden immer wichtiger und die Nachfrage nach Automatisierung steigt. Es ist daher nicht verwunderlich, dass die Zahl der Cobots in den letzten Jahren erheblich zugenommen hat. Insgesamt gibt es inzwischen etwa 30 verschiedene Cobot-Hersteller, die sich auf die Produktion und Entwicklung von Cobots konzentrieren. Von diesen ist Universal Robots mit fast der H\u00e4lfte des Marktanteils der gr\u00f6\u00dfte.<\/p>\n\t\tNavigieren Sie zu&#8230;\n\t\t\t\t\t\n\t\t\t\t<img decoding=\"async\" data-src=\"https:\/\/www.wiredworkers.io\/wp-content\/uploads\/2019\/12\/Techman-robot.png\" alt=\"Techman Robot \" itemprop=\"image\" height=\"572\" width=\"805\" title=\"Techman robot\" onerror=\"this.style.display='none'\" src=\"data:image\/svg+xml;base64,PHN2ZyB3aWR0aD0iMSIgaGVpZ2h0PSIxIiB4bWxucz0iaHR0cDovL3d3dy53My5vcmcvMjAwMC9zdmciPjwvc3ZnPg==\" class=\"lazyload\" style=\"--smush-placeholder-width: 805px; --smush-placeholder-aspect-ratio: 805\/572;\" \/>\n\t<p>Cobots haben jeweils ihre eigenen einzigartigen Merkmale und Spezifikationen. Wer ein Cobot-Automatisierungsprojekt starten will, muss sich genau mit den Anforderungen f\u00fcr eine erfolgreiche Integration auseinandersetzen. Reichweite, Tragf\u00e4higkeit, Genauigkeit, Geschwindigkeit und die Anzahl der Achsen sind wichtige Spezifikationen, die im Vorfeld zu pr\u00fcfen sind. WiredWorkers arbeitet haupts\u00e4chlich mit drei verschiedenen Cobot Hersteller : Universal Robots, Techman Robot und Franka Emika. Werfen Sie unten einen Blick auf die verschiedenen Cobot Hersteller und ihre einzigartigen Eigenschaften.<\/p>\n\t\t\t\t<img decoding=\"async\" data-src=\"https:\/\/www.wiredworkers.io\/wp-content\/uploads\/2019\/06\/Techman-Robot-TM5-900.png\" alt=\"What is a cobot? | Wat is een cobot? | Techman Robot TM5-900\" itemprop=\"image\" height=\"500\" width=\"500\" onerror=\"this.style.display='none'\" src=\"data:image\/svg+xml;base64,PHN2ZyB3aWR0aD0iMSIgaGVpZ2h0PSIxIiB4bWxucz0iaHR0cDovL3d3dy53My5vcmcvMjAwMC9zdmciPjwvc3ZnPg==\" class=\"lazyload\" style=\"--smush-placeholder-width: 500px; --smush-placeholder-aspect-ratio: 500\/500;\" \/>\n<h2>\n\t\tTechman Robot\n\t<\/h2>\n\t<p>Die Cobots von Techman Robot sind die ersten, die \u00fcber ein integriertes Bildverarbeitungssystem verf\u00fcgen. Am Ende des Roboterarms ist eine Kamera integriert und die zugeh\u00f6rige Programmierschnittstelle verf\u00fcgt \u00fcber intelligente Erkennungsprogramme. Verschiedene n\u00fctzliche Aufgaben wie Mustererkennung, Objektlokalisierung, Barcode-Scannen und Farberkennung k\u00f6nnen auf relativ einfache Weise eingerichtet werden. Die Software ist intuitiv gestaltet und kann auch von Personen ohne Programmierkenntnisse bedient werden. Techman hat vier verschiedene Cobots auf dem Markt: den TM5-700, TM5-900, TM12 und TM14. Die Nutzlasten reichen von 4 kg bis 14 kg und die Reichweite variiert von 700 Millimetern bis 1300 Millimetern.<\/p>\n\t\t\t<a href=\"https:\/\/www.wiredworkers.io\/de\/cobot\/hersteller\/techman-robot\/\" target=\"_self\" rel=\"noopener\">\n\t\t\t\t\t\t\tTechman Roboter entdecken\n\t\t\t\t\t<\/a>\n<h2>\n\t\tUniversal Robots\n\t<\/h2>\n\t<p>Universal Robots ist der weltweit gr\u00f6\u00dfte Cobot-Hersteller mit fast der H\u00e4lfte des Marktanteils. Sie haben zwei verschiedene Serien mit insgesamt 7 verschiedenen Robotern herausgebracht. Die CB3-Serie mit dem UR3, UR5 und UR10. Und die E-Reihe mit dem UR3e, UR5e, UR10e und UR16e. Die Cobots bieten vier verschiedene Traglasten: 3, 5, 12,5 und 16 Kilogramm. Dadurch k\u00f6nnen die Roboter eine Vielzahl von Anwendungen ausf\u00fchren. Alle Roboter verf\u00fcgen \u00fcber 6 Freiheitsgrade, sind \u00e4u\u00dferst flexibel und lassen sich leicht in bestehende Produktionsumgebungen integrieren. Die Reichweite reicht von 500 bis 1300 Millimetern.<\/p>\n\t\t\t<a href=\"https:\/\/www.wiredworkers.io\/de\/cobot\/hersteller\/universal-robots\/\" target=\"_self\" rel=\"noopener\">\n\t\t\t\t\t\t\tEntdecken Sie Universal Robots\n\t\t\t\t\t<\/a>\n\t\t\t\t<img decoding=\"async\" data-src=\"https:\/\/www.wiredworkers.io\/wp-content\/uploads\/2020\/07\/UR_16e_07-896x1024.png\" alt=\"UR16e | universal robot | cobot\" itemprop=\"image\" height=\"1024\" width=\"896\" title=\"Universal Robots UR16e\" onerror=\"this.style.display='none'\" src=\"data:image\/svg+xml;base64,PHN2ZyB3aWR0aD0iMSIgaGVpZ2h0PSIxIiB4bWxucz0iaHR0cDovL3d3dy53My5vcmcvMjAwMC9zdmciPjwvc3ZnPg==\" class=\"lazyload\" style=\"--smush-placeholder-width: 896px; --smush-placeholder-aspect-ratio: 896\/1024;\" \/>\n\t\t\t\t<img decoding=\"async\" data-src=\"https:\/\/www.wiredworkers.io\/wp-content\/uploads\/2023\/05\/CRX-25iA.png\" alt=\"CRX-25iA\" itemprop=\"image\" height=\"500\" width=\"500\" title=\"CRX-25iA\" onerror=\"this.style.display='none'\" src=\"data:image\/svg+xml;base64,PHN2ZyB3aWR0aD0iMSIgaGVpZ2h0PSIxIiB4bWxucz0iaHR0cDovL3d3dy53My5vcmcvMjAwMC9zdmciPjwvc3ZnPg==\" class=\"lazyload\" style=\"--smush-placeholder-width: 500px; --smush-placeholder-aspect-ratio: 500\/500;\" \/>\n<h2>\n\t\tFanuc\n\t<\/h2>\n\t<p>Die Cobot-Serie von FANUC, bestehend aus den Modellen CRX-10iA, CRX-10iA\/L, CRX-20iA\/L und CRX-25iA, bietet ein vielf\u00e4ltiges Angebot an Cobots mit unterschiedlichen Tragf\u00e4higkeiten. Wenn Sie ein kleines oder mittleres Unternehmen besitzen und die M\u00f6glichkeiten der Automatisierung noch nicht erforscht haben, bieten die FANUC Cobots genau das, was Sie brauchen. Diese Cobots sind nicht nur schnell zu installieren und einfach zu bedienen, sondern sie setzen auch Ma\u00dfst\u00e4be in Sachen Zuverl\u00e4ssigkeit, was eine nachhaltige Produktivit\u00e4tssteigerung gew\u00e4hrleistet und neue Wachstumsperspektiven f\u00fcr Ihr Unternehmen er\u00f6ffnet. Dar\u00fcber hinaus garantieren sie einen sicheren Return on Investment und sind damit eine kluge Wahl f\u00fcr langfristigen Erfolg.<\/p>\n\t\t\t<a href=\"https:\/\/www.wiredworkers.io\/de\/cobot\/hersteller\/fanuc\/\" target=\"_self\" rel=\"noopener\">\n\t\t\t\t\t\t\tEntdecken Sie Fanuc\n\t\t\t\t\t<\/a>\n<h2>\n\t\tFranka Emika\n\t<\/h2>\n\t<p>Das deutsche Unternehmen Franka Emika hat ein Robotersystem entwickelt, das in Bezug auf Man\u00f6vrierf\u00e4higkeit und Sensibilit\u00e4t wie ein menschlicher Arm arbeiten kann. Die Programmierplattform von Franka Emika ist ein workflowbasiertes Softwareprogramm, das sehr benutzerfreundlich gestaltet wurde. Verschiedene Aktionen k\u00f6nnen zu einer Sequenz zusammengestellt werden, nach der man dem Roboter durch Demonstration und Parameteranpassung eine komplette Aufgabe beibringen kann. Die Cobots sind mit Drehmomentsensoren in allen Gelenken ausgestattet, was den Cobot extrem sensibel macht. Dar\u00fcber hinaus hat der Franka eine Nutzlast von 3 Kilogramm und eine Reichweite von 855 Millimetern.<\/p>\n\t\t\t<a href=\"https:\/\/www.wiredworkers.io\/de\/cobot\/hersteller\/franka-emika\/\" target=\"_self\" rel=\"noopener\">\n\t\t\t\t\t\t\tEntdecken Sie Franka Emika\n\t\t\t\t\t<\/a>\n\t\t\t\t<img decoding=\"async\" data-src=\"https:\/\/www.wiredworkers.io\/wp-content\/uploads\/2019\/04\/FRANKA-EMIKA-Technology.png\" alt=\"FRANKA EMIKA Technology\" itemprop=\"image\" height=\"822\" width=\"1530\" title=\"FRANKA EMIKA Technology\" onerror=\"this.style.display='none'\" src=\"data:image\/svg+xml;base64,PHN2ZyB3aWR0aD0iMSIgaGVpZ2h0PSIxIiB4bWxucz0iaHR0cDovL3d3dy53My5vcmcvMjAwMC9zdmciPjwvc3ZnPg==\" class=\"lazyload\" style=\"--smush-placeholder-width: 1530px; --smush-placeholder-aspect-ratio: 1530\/822;\" \/>\n\n","protected":false},"excerpt":{"rendered":"<p>WiredWorkers \u279c Cobot \u279c Hersteller Verschiedene Cobot Hersteller Kollaborierende Roboter werden immer wichtiger und die Nachfrage nach Automatisierung steigt. Es ist daher nicht verwunderlich, dass die Zahl der Cobots in den letzten Jahren erheblich zugenommen hat. Insgesamt gibt es inzwischen etwa 30 verschiedene Cobot-Hersteller, die sich auf die Produktion und Entwicklung von Cobots konzentrieren. Von [&hellip;]<\/p>\n","protected":false},"author":3,"featured_media":0,"parent":21348,"menu_order":2,"comment_status":"closed","ping_status":"closed","template":"","meta":{"_acf_changed":false,"site-sidebar-layout":"no-sidebar","site-content-layout":"page-builder","ast-site-content-layout":"full-width-container","site-content-style":"unboxed","site-sidebar-style":"unboxed","ast-global-header-display":"","ast-banner-title-visibility":"","ast-main-header-display":"","ast-hfb-above-header-display":"","ast-hfb-below-header-display":"","ast-hfb-mobile-header-display":"","site-post-title":"disabled","ast-breadcrumbs-content":"","ast-featured-img":"disabled","footer-sml-layout":"","ast-disable-related-posts":"","theme-transparent-header-meta":"default","adv-header-id-meta":"","stick-header-meta":"default","header-above-stick-meta":"","header-main-stick-meta":"","header-below-stick-meta":"","astra-migrate-meta-layouts":"set","ast-page-background-enabled":"default","ast-page-background-meta":{"desktop":{"background-color":"","background-image":"","background-repeat":"repeat","background-position":"center center","background-size":"auto","background-attachment":"scroll","background-type":"","background-media":"","overlay-type":"","overlay-color":"","overlay-opacity":"","overlay-gradient":""},"tablet":{"background-color":"","background-image":"","background-repeat":"repeat","background-position":"center center","background-size":"auto","background-attachment":"scroll","background-type":"","background-media":"","overlay-type":"","overlay-color":"","overlay-opacity":"","overlay-gradient":""},"mobile":{"background-color":"","background-image":"","background-repeat":"repeat","background-position":"center center","background-size":"auto","background-attachment":"scroll","background-type":"","background-media":"","overlay-type":"","overlay-color":"","overlay-opacity":"","overlay-gradient":""}},"ast-content-background-meta":{"desktop":{"background-color":"var(--ast-global-color-5)","background-image":"","background-repeat":"repeat","background-position":"center center","background-size":"auto","background-attachment":"scroll","background-type":"","background-media":"","overlay-type":"","overlay-color":"","overlay-opacity":"","overlay-gradient":""},"tablet":{"background-color":"var(--ast-global-color-5)","background-image":"","background-repeat":"repeat","background-position":"center center","background-size":"auto","background-attachment":"scroll","background-type":"","background-media":"","overlay-type":"","overlay-color":"","overlay-opacity":"","overlay-gradient":""},"mobile":{"background-color":"var(--ast-global-color-5)","background-image":"","background-repeat":"repeat","background-position":"center center","background-size":"auto","background-attachment":"scroll","background-type":"","background-media":"","overlay-type":"","overlay-color":"","overlay-opacity":"","overlay-gradient":""}},"footnotes":""},"categories":[551],"tags":[],"class_list":["post-21392","page","type-page","status-publish","hentry","category-menu-de"],"acf":[],"yoast_head":"<!-- This site is optimized with the Yoast SEO plugin v27.4 - https:\/\/yoast.com\/product\/yoast-seo-wordpress\/ -->\n<title>Cobot Hersteller | Verschiedene Hersteller von kollaborativen Robotern | WiredWorkers<\/title>\n<meta name=\"description\" content=\"WiredWorkers bietet eine gro\u00dfe Auswahl an kollaborativen Robotern und kompletten Roboterl\u00f6sungen. Eine passende L\u00f6sung f\u00fcr Ihr Automatisierungsproblem.\" \/>\n<meta name=\"robots\" content=\"index, follow, max-snippet:-1, max-image-preview:large, max-video-preview:-1\" \/>\n<link rel=\"canonical\" href=\"https:\/\/www.wiredworkers.io\/de\/cobot\/hersteller\/\" \/>\n<meta property=\"og:locale\" content=\"de_DE\" \/>\n<meta property=\"og:type\" content=\"article\" \/>\n<meta property=\"og:title\" content=\"Cobot Hersteller | Verschiedene Hersteller von kollaborativen Robotern | WiredWorkers\" \/>\n<meta property=\"og:description\" content=\"WiredWorkers bietet eine gro\u00dfe Auswahl an kollaborativen Robotern und kompletten Roboterl\u00f6sungen. Eine passende L\u00f6sung f\u00fcr Ihr Automatisierungsproblem.\" \/>\n<meta property=\"og:url\" content=\"https:\/\/www.wiredworkers.io\/de\/cobot\/hersteller\/\" \/>\n<meta property=\"og:site_name\" content=\"WiredWorkers\" \/>\n<meta property=\"article:publisher\" content=\"https:\/\/www.facebook.com\/WiredWorkers\" \/>\n<meta property=\"article:modified_time\" content=\"2023-10-27T12:23:04+00:00\" \/>\n<meta property=\"og:image\" content=\"https:\/\/www.wiredworkers.io\/wp-content\/uploads\/2019\/12\/Techman-robot.png\" \/>\n<meta name=\"twitter:card\" content=\"summary_large_image\" \/>\n<meta name=\"twitter:label1\" content=\"Gesch\u00e4tzte Lesezeit\" \/>\n\t<meta name=\"twitter:data1\" content=\"3\u00a0Minuten\" \/>\n<script type=\"application\/ld+json\" class=\"yoast-schema-graph\">{\"@context\":\"https:\\\/\\\/schema.org\",\"@graph\":[{\"@type\":\"WebPage\",\"@id\":\"https:\\\/\\\/www.wiredworkers.io\\\/de\\\/cobot\\\/hersteller\\\/\",\"url\":\"https:\\\/\\\/www.wiredworkers.io\\\/de\\\/cobot\\\/hersteller\\\/\",\"name\":\"Cobot Hersteller | Verschiedene Hersteller von kollaborativen Robotern | WiredWorkers\",\"isPartOf\":{\"@id\":\"https:\\\/\\\/www.wiredworkers.io\\\/de\\\/#website\"},\"primaryImageOfPage\":{\"@id\":\"https:\\\/\\\/www.wiredworkers.io\\\/de\\\/cobot\\\/hersteller\\\/#primaryimage\"},\"image\":{\"@id\":\"https:\\\/\\\/www.wiredworkers.io\\\/de\\\/cobot\\\/hersteller\\\/#primaryimage\"},\"thumbnailUrl\":\"https:\\\/\\\/www.wiredworkers.io\\\/wp-content\\\/uploads\\\/2019\\\/12\\\/Techman-robot.png\",\"datePublished\":\"2023-05-10T13:17:58+00:00\",\"dateModified\":\"2023-10-27T12:23:04+00:00\",\"description\":\"WiredWorkers bietet eine gro\u00dfe Auswahl an kollaborativen Robotern und kompletten Roboterl\u00f6sungen. Eine passende L\u00f6sung f\u00fcr Ihr Automatisierungsproblem.\",\"breadcrumb\":{\"@id\":\"https:\\\/\\\/www.wiredworkers.io\\\/de\\\/cobot\\\/hersteller\\\/#breadcrumb\"},\"inLanguage\":\"de\",\"potentialAction\":[{\"@type\":\"ReadAction\",\"target\":[\"https:\\\/\\\/www.wiredworkers.io\\\/de\\\/cobot\\\/hersteller\\\/\"]}]},{\"@type\":\"ImageObject\",\"inLanguage\":\"de\",\"@id\":\"https:\\\/\\\/www.wiredworkers.io\\\/de\\\/cobot\\\/hersteller\\\/#primaryimage\",\"url\":\"https:\\\/\\\/www.wiredworkers.io\\\/wp-content\\\/uploads\\\/2019\\\/12\\\/Techman-robot.png\",\"contentUrl\":\"https:\\\/\\\/www.wiredworkers.io\\\/wp-content\\\/uploads\\\/2019\\\/12\\\/Techman-robot.png\"},{\"@type\":\"BreadcrumbList\",\"@id\":\"https:\\\/\\\/www.wiredworkers.io\\\/de\\\/cobot\\\/hersteller\\\/#breadcrumb\",\"itemListElement\":[{\"@type\":\"ListItem\",\"position\":1,\"name\":\"WiredWorkers\",\"item\":\"https:\\\/\\\/www.wiredworkers.io\\\/de\\\/\"},{\"@type\":\"ListItem\",\"position\":2,\"name\":\"Cobot\",\"item\":\"https:\\\/\\\/www.wiredworkers.io\\\/de\\\/cobot\\\/\"},{\"@type\":\"ListItem\",\"position\":3,\"name\":\"Hersteller\"}]},{\"@type\":\"WebSite\",\"@id\":\"https:\\\/\\\/www.wiredworkers.io\\\/de\\\/#website\",\"url\":\"https:\\\/\\\/www.wiredworkers.io\\\/de\\\/\",\"name\":\"WiredWorkers\",\"description\":\"Robotics at your service\",\"publisher\":{\"@id\":\"https:\\\/\\\/www.wiredworkers.io\\\/de\\\/#organization\"},\"potentialAction\":[{\"@type\":\"SearchAction\",\"target\":{\"@type\":\"EntryPoint\",\"urlTemplate\":\"https:\\\/\\\/www.wiredworkers.io\\\/de\\\/?s={search_term_string}\"},\"query-input\":{\"@type\":\"PropertyValueSpecification\",\"valueRequired\":true,\"valueName\":\"search_term_string\"}}],\"inLanguage\":\"de\"},{\"@type\":\"Organization\",\"@id\":\"https:\\\/\\\/www.wiredworkers.io\\\/de\\\/#organization\",\"name\":\"WiredWorkers Nederland B.V.\",\"url\":\"https:\\\/\\\/www.wiredworkers.io\\\/de\\\/\",\"logo\":{\"@type\":\"ImageObject\",\"inLanguage\":\"de\",\"@id\":\"https:\\\/\\\/www.wiredworkers.io\\\/de\\\/#\\\/schema\\\/logo\\\/image\\\/\",\"url\":\"https:\\\/\\\/www.wiredworkers.io\\\/wp-content\\\/uploads\\\/2018\\\/06\\\/wiredworkers-company-logo.jpg\",\"contentUrl\":\"https:\\\/\\\/www.wiredworkers.io\\\/wp-content\\\/uploads\\\/2018\\\/06\\\/wiredworkers-company-logo.jpg\",\"width\":1082,\"height\":714,\"caption\":\"WiredWorkers Nederland B.V.\"},\"image\":{\"@id\":\"https:\\\/\\\/www.wiredworkers.io\\\/de\\\/#\\\/schema\\\/logo\\\/image\\\/\"},\"sameAs\":[\"https:\\\/\\\/www.facebook.com\\\/WiredWorkers\",\"https:\\\/\\\/www.linkedin.com\\\/company\\\/wiredworkers\\\/\"]}]}<\/script>\n<!-- \/ Yoast SEO plugin. -->","yoast_head_json":{"title":"Cobot Hersteller | Verschiedene Hersteller von kollaborativen Robotern | WiredWorkers","description":"WiredWorkers bietet eine gro\u00dfe Auswahl an kollaborativen Robotern und kompletten Roboterl\u00f6sungen. Eine passende L\u00f6sung f\u00fcr Ihr Automatisierungsproblem.","robots":{"index":"index","follow":"follow","max-snippet":"max-snippet:-1","max-image-preview":"max-image-preview:large","max-video-preview":"max-video-preview:-1"},"canonical":"https:\/\/www.wiredworkers.io\/de\/cobot\/hersteller\/","og_locale":"de_DE","og_type":"article","og_title":"Cobot Hersteller | Verschiedene Hersteller von kollaborativen Robotern | WiredWorkers","og_description":"WiredWorkers bietet eine gro\u00dfe Auswahl an kollaborativen Robotern und kompletten Roboterl\u00f6sungen. Eine passende L\u00f6sung f\u00fcr Ihr Automatisierungsproblem.","og_url":"https:\/\/www.wiredworkers.io\/de\/cobot\/hersteller\/","og_site_name":"WiredWorkers","article_publisher":"https:\/\/www.facebook.com\/WiredWorkers","article_modified_time":"2023-10-27T12:23:04+00:00","og_image":[{"url":"https:\/\/www.wiredworkers.io\/wp-content\/uploads\/2019\/12\/Techman-robot.png","type":"","width":"","height":""}],"twitter_card":"summary_large_image","twitter_misc":{"Gesch\u00e4tzte Lesezeit":"3\u00a0Minuten"},"schema":{"@context":"https:\/\/schema.org","@graph":[{"@type":"WebPage","@id":"https:\/\/www.wiredworkers.io\/de\/cobot\/hersteller\/","url":"https:\/\/www.wiredworkers.io\/de\/cobot\/hersteller\/","name":"Cobot Hersteller | Verschiedene Hersteller von kollaborativen Robotern | WiredWorkers","isPartOf":{"@id":"https:\/\/www.wiredworkers.io\/de\/#website"},"primaryImageOfPage":{"@id":"https:\/\/www.wiredworkers.io\/de\/cobot\/hersteller\/#primaryimage"},"image":{"@id":"https:\/\/www.wiredworkers.io\/de\/cobot\/hersteller\/#primaryimage"},"thumbnailUrl":"https:\/\/www.wiredworkers.io\/wp-content\/uploads\/2019\/12\/Techman-robot.png","datePublished":"2023-05-10T13:17:58+00:00","dateModified":"2023-10-27T12:23:04+00:00","description":"WiredWorkers bietet eine gro\u00dfe Auswahl an kollaborativen Robotern und kompletten Roboterl\u00f6sungen. Eine passende L\u00f6sung f\u00fcr Ihr Automatisierungsproblem.","breadcrumb":{"@id":"https:\/\/www.wiredworkers.io\/de\/cobot\/hersteller\/#breadcrumb"},"inLanguage":"de","potentialAction":[{"@type":"ReadAction","target":["https:\/\/www.wiredworkers.io\/de\/cobot\/hersteller\/"]}]},{"@type":"ImageObject","inLanguage":"de","@id":"https:\/\/www.wiredworkers.io\/de\/cobot\/hersteller\/#primaryimage","url":"https:\/\/www.wiredworkers.io\/wp-content\/uploads\/2019\/12\/Techman-robot.png","contentUrl":"https:\/\/www.wiredworkers.io\/wp-content\/uploads\/2019\/12\/Techman-robot.png"},{"@type":"BreadcrumbList","@id":"https:\/\/www.wiredworkers.io\/de\/cobot\/hersteller\/#breadcrumb","itemListElement":[{"@type":"ListItem","position":1,"name":"WiredWorkers","item":"https:\/\/www.wiredworkers.io\/de\/"},{"@type":"ListItem","position":2,"name":"Cobot","item":"https:\/\/www.wiredworkers.io\/de\/cobot\/"},{"@type":"ListItem","position":3,"name":"Hersteller"}]},{"@type":"WebSite","@id":"https:\/\/www.wiredworkers.io\/de\/#website","url":"https:\/\/www.wiredworkers.io\/de\/","name":"WiredWorkers","description":"Robotics at your service","publisher":{"@id":"https:\/\/www.wiredworkers.io\/de\/#organization"},"potentialAction":[{"@type":"SearchAction","target":{"@type":"EntryPoint","urlTemplate":"https:\/\/www.wiredworkers.io\/de\/?s={search_term_string}"},"query-input":{"@type":"PropertyValueSpecification","valueRequired":true,"valueName":"search_term_string"}}],"inLanguage":"de"},{"@type":"Organization","@id":"https:\/\/www.wiredworkers.io\/de\/#organization","name":"WiredWorkers Nederland B.V.","url":"https:\/\/www.wiredworkers.io\/de\/","logo":{"@type":"ImageObject","inLanguage":"de","@id":"https:\/\/www.wiredworkers.io\/de\/#\/schema\/logo\/image\/","url":"https:\/\/www.wiredworkers.io\/wp-content\/uploads\/2018\/06\/wiredworkers-company-logo.jpg","contentUrl":"https:\/\/www.wiredworkers.io\/wp-content\/uploads\/2018\/06\/wiredworkers-company-logo.jpg","width":1082,"height":714,"caption":"WiredWorkers Nederland B.V."},"image":{"@id":"https:\/\/www.wiredworkers.io\/de\/#\/schema\/logo\/image\/"},"sameAs":["https:\/\/www.facebook.com\/WiredWorkers","https:\/\/www.linkedin.com\/company\/wiredworkers\/"]}]}},"_links":{"self":[{"href":"https:\/\/www.wiredworkers.io\/de\/wp-json\/wp\/v2\/pages\/21392","targetHints":{"allow":["GET"]}}],"collection":[{"href":"https:\/\/www.wiredworkers.io\/de\/wp-json\/wp\/v2\/pages"}],"about":[{"href":"https:\/\/www.wiredworkers.io\/de\/wp-json\/wp\/v2\/types\/page"}],"author":[{"embeddable":true,"href":"https:\/\/www.wiredworkers.io\/de\/wp-json\/wp\/v2\/users\/3"}],"replies":[{"embeddable":true,"href":"https:\/\/www.wiredworkers.io\/de\/wp-json\/wp\/v2\/comments?post=21392"}],"version-history":[{"count":6,"href":"https:\/\/www.wiredworkers.io\/de\/wp-json\/wp\/v2\/pages\/21392\/revisions"}],"predecessor-version":[{"id":22634,"href":"https:\/\/www.wiredworkers.io\/de\/wp-json\/wp\/v2\/pages\/21392\/revisions\/22634"}],"up":[{"embeddable":true,"href":"https:\/\/www.wiredworkers.io\/de\/wp-json\/wp\/v2\/pages\/21348"}],"wp:attachment":[{"href":"https:\/\/www.wiredworkers.io\/de\/wp-json\/wp\/v2\/media?parent=21392"}],"wp:term":[{"taxonomy":"category","embeddable":true,"href":"https:\/\/www.wiredworkers.io\/de\/wp-json\/wp\/v2\/categories?post=21392"},{"taxonomy":"post_tag","embeddable":true,"href":"https:\/\/www.wiredworkers.io\/de\/wp-json\/wp\/v2\/tags?post=21392"}],"curies":[{"name":"wp","href":"https:\/\/api.w.org\/{rel}","templated":true}]}}