{"id":21430,"date":"2023-05-11T10:20:09","date_gmt":"2023-05-11T08:20:09","guid":{"rendered":"https:\/\/wiredworkers.io\/bin-picking\/"},"modified":"2024-03-04T15:28:10","modified_gmt":"2024-03-04T13:28:10","slug":"bin-picking","status":"publish","type":"page","link":"https:\/\/www.wiredworkers.io\/de\/cobot\/anwendungen\/bin-picking\/","title":{"rendered":"Bin Picking"},"content":{"rendered":"\n\n\t<nav id=\"breadcrumbs\" aria-label=\"Breadcrumbs\"><a href=\"https:\/\/www.wiredworkers.io\/de\/\">WiredWorkers<\/a> \u279c <a href=\"https:\/\/www.wiredworkers.io\/de\/cobot\/\">Cobot<\/a> \u279c <a href=\"https:\/\/www.wiredworkers.io\/de\/cobot\/applications\/\">Anwendungen<\/a> \u279c Bin Picking<\/nav><h1>\n\t\tBin Picking mit einem Cobot\n\t<\/h1>\n\t<p>Bin picking ist vergleichbar mit dem Pick-and-Place-Verfahren, nur dass hier die Objekte nicht in einer standardisierten Weise angeliefert werden. Dank intelligenter Software und Vision-Technologie erkennt der Cobot die Objekte in einem Beh\u00e4lter und nimmt sie einzeln auf. N\u00fctzlich zum Beispiel f\u00fcr die Versorgung eines F\u00f6rderbandes.<\/p>\n<h2>\n\t\tBin Picking mit einem kollaborativen Roboter\n\t<\/h2>\n\t<p>Bin picking ist eine Pick-and-Place-Anwendung mit Bildverarbeitungstechnologie. Hier treffen zwei der fortschrittlichsten modernen Automatisierungstechnologien aufeinander: Roboter und Computer Vision. Dies schafft neue M\u00f6glichkeiten der Automatisierung. Dank 3D-Vision sind Roboter in der Lage, Produkte in einem Beh\u00e4lter zu erkennen und zu entnehmen. Das bedeutet, dass die Teile und Produkte dem Roboter nicht mehr auf eine standardisierte Weise pr\u00e4sentiert werden m\u00fcssen. Der Roboter unterscheidet die Produkte und nimmt sie so einzeln auf. Das Bin Picking ver\u00e4ndert die Art und Weise, wie wir die F\u00e4higkeiten eines Roboters betrachten. Fr\u00fcher war die Bereitstellung und Wiederholbarkeit einer Aufgabe sehr wichtig. W\u00e4hrend ein Cobot zun\u00e4chst eine standardisierte Lieferung von Produkten von einem F\u00f6rderband erhalten musste, kann der Roboter dieses F\u00f6rderband nun selbst beladen, nachdem die Produkte in gro\u00dfen Mengen angeliefert wurden.<\/p>\n\t\t\t\t<img decoding=\"async\" data-src=\"https:\/\/www.wiredworkers.io\/wp-content\/uploads\/2021\/09\/bin-picking.jpg\" alt=\"bin picking with a cobot\" itemprop=\"image\" height=\"720\" width=\"1280\" title=\"bin picking\" onerror=\"this.style.display='none'\" src=\"data:image\/svg+xml;base64,PHN2ZyB3aWR0aD0iMSIgaGVpZ2h0PSIxIiB4bWxucz0iaHR0cDovL3d3dy53My5vcmcvMjAwMC9zdmciPjwvc3ZnPg==\" class=\"lazyload\" style=\"--smush-placeholder-width: 1280px; --smush-placeholder-aspect-ratio: 1280\/720;\" \/>\n<h2>\n\t\tVideo zur Cobot-Bin Picking\n\t<\/h2>\n\t<p>Sehen Sie sich das folgende Video an, in dem ein Cobot mit Hilfe von Bildverarbeitung einen Beh\u00e4lter ausw\u00e4hlt.<\/p>\n\t<iframe title=\"Bin Picking met een Pickit 3D vision systeem en een Techman Robot.\" width=\"500\" height=\"281\" data-src=\"https:\/\/www.youtube.com\/embed\/tcKocriDumI?feature=oembed\" frameborder=\"0\" allow=\"accelerometer; autoplay; clipboard-write; encrypted-media; gyroscope; picture-in-picture; web-share\" allowfullscreen src=\"data:image\/svg+xml;base64,PHN2ZyB3aWR0aD0iMSIgaGVpZ2h0PSIxIiB4bWxucz0iaHR0cDovL3d3dy53My5vcmcvMjAwMC9zdmciPjwvc3ZnPg==\" class=\"lazyload\" data-load-mode=\"1\"><\/iframe>\n<h2>\n\t\tVorteile der Cobot-Bin Picking\n\t<\/h2>\n\t\t<ul>\n\t\t\t\t\t<li>\n\t\t\t\t<h4>Einsparung von Kosten<\/h4>\n\t\tSie sparen Personalkosten\t\t\t\n\t\t\t<\/li>\n\t\t\t\t\t<li>\n\t\t\t\t<h4>Steigerung der Produktivit\u00e4t<\/h4>\n\t\tDas Personal kann andere Aufgaben \u00fcbernehmen\t\t\t\n\t\t\t<\/li>\n\t\t\t\t\t<li>\n\t\t\t\t<h4>Volle Kapazit\u00e4t ausnutzen<\/h4>\n\t\tHolen Sie mehr aus Ihren Mitarbeitern heraus\t\t\t\n\t\t\t<\/li>\n\t\t\t\t\t<li>\n\t\t\t\t<h4>St\u00f6rungen vorbeugen<\/h4>\n\t\tVorbeugung von St\u00f6rungen bei Arbeitnehmern\t\t\t\n\t\t\t<\/li>\n\t\t\t\t\t<li>\n\t\t\t\t<h4>Kein Verlust der Konzentration<\/h4>\n\t\tRoboter werden nie die Konzentration verlieren\t\t\t\n\t\t\t<\/li>\n\t\t\t\t\t<li>\n\t\t\t\t<h4>Konstante Qualit\u00e4t der Ergebnisse<\/h4>\n\t\tRoboter liefern konsistente Qualit\u00e4t\t\t\t\n\t\t\t<\/li>\n\t\t\t\t<\/ul>\n\t\t\t\t<img decoding=\"async\" data-src=\"https:\/\/www.wiredworkers.io\/wp-content\/uploads\/2020\/07\/UR_16e_07-896x1024.png\" alt=\"UR16e | universal robot | cobot\" itemprop=\"image\" height=\"1024\" width=\"896\" title=\"Universal Robots UR16e\" onerror=\"this.style.display='none'\" src=\"data:image\/svg+xml;base64,PHN2ZyB3aWR0aD0iMSIgaGVpZ2h0PSIxIiB4bWxucz0iaHR0cDovL3d3dy53My5vcmcvMjAwMC9zdmciPjwvc3ZnPg==\" class=\"lazyload\" style=\"--smush-placeholder-width: 896px; --smush-placeholder-aspect-ratio: 896\/1024;\" \/>\n<h3>\n\t\tFinden Sie heraus, wie wir Ihre Produktion verbessern k\u00f6nnen\n\t<\/h3>\n\t<p>Buchen Sie eine kostenlose Online-Beratung mit unserem Automatisierungsspezialisten!<\/p>\n\t\t\t<a href=\"https:\/\/www.wiredworkers.io\/de\/kostenlose-cobot-beratung\/\" target=\"_self\" rel=\"noopener\">\n\t\t\t\t\t\t\tVideokonferenz vereinbaren\n\t\t\t<\/a>\n\t<h6>V\u00f6llig kostenlos und unverbindlich!<\/h6>\n<h2>\n\t\tVision erh\u00f6ht die Chancen\n\t<\/h2>\n\t<p>Dank der Bildverarbeitung, intelligenter Software, des maschinellen Lernens und der k\u00fcnstlichen Intelligenz werden die M\u00f6glichkeiten der Kommissionierung von Beh\u00e4ltern viel gr\u00f6\u00dfer. Die Software wird immer ausgefeilter, so dass sie auch Farben, Formen und Gr\u00f6\u00dfen erkennen kann. Es ist daher m\u00f6glich, dem Roboter einen Beh\u00e4lter mit Gegenst\u00e4nden anzubieten, die dann nach Merkmalen sortiert werden k\u00f6nnen. Cobots zeichnen sich durch ihre Benutzerfreundlichkeit aus, so dass eine Bin Picking-Anwendung im Handumdrehen eingerichtet ist.<\/p>\n\t\t\t\t<img decoding=\"async\" data-src=\"https:\/\/www.wiredworkers.io\/wp-content\/uploads\/2021\/12\/simple-programming-of-actinav-bin-picking1-1.jpg\" alt=\"bin picking with a cobot\" itemprop=\"image\" height=\"534\" width=\"950\" title=\"simple-programming-of-actinav-bin-picking1 (1)\" onerror=\"this.style.display='none'\" src=\"data:image\/svg+xml;base64,PHN2ZyB3aWR0aD0iMSIgaGVpZ2h0PSIxIiB4bWxucz0iaHR0cDovL3d3dy53My5vcmcvMjAwMC9zdmciPjwvc3ZnPg==\" class=\"lazyload\" style=\"--smush-placeholder-width: 950px; --smush-placeholder-aspect-ratio: 950\/534;\" \/>\n<h2>\n\t\tAndere Anwendungen\n\t<\/h2>\n\t<meta itemscope itemprop=\"mainEntityOfPage\" itemtype=\"https:\/\/schema.org\/WebPage\" itemid=\"http:\/\/21455\" content=\"L\u00f6ten\" \/><meta itemprop=\"datePublished\" content=\"2023-05-11\" \/><meta itemprop=\"dateModified\" content=\"2023-05-11\" \/><meta itemprop=\"name\" content=\"WiredWorkers\"\/><meta itemprop=\"url\" content=\"https:\/\/www.wiredworkers.io\/wp-content\/uploads\/2018\/01\/cropped-wiredworkers-logo-white.png\"\/><meta itemprop=\"url\" content=\"https:\/\/www.wiredworkers.io\/de\/author\/robbinmennings\/\" \/><meta itemprop=\"name\" content=\"Robbin Mennings\" \/><meta itemprop=\"url\" content=\"https:\/\/www.wiredworkers.io\/wp-content\/uploads\/2022\/04\/UR-Soldering.jpg\" \/><meta itemprop=\"width\" content=\"600\" \/><meta itemprop=\"height\" content=\"650\" \/><meta itemprop=\"interactionType\" content=\"https:\/\/schema.org\/CommentAction\" \/><meta itemprop=\"userInteractionCount\" content=\"0\" \/>\n\t\t\t\t\t<a href=\"https:\/\/www.wiredworkers.io\/de\/cobot\/anwendungen\/loten\/\" title=\"L\u00f6ten\"><\/a>\n\t\t\t\t<img decoding=\"async\" src=\"https:\/\/www.wiredworkers.io\/wp-content\/uploads\/2022\/04\/UR-Soldering-350x250.jpg\" alt=\"UR Soldering\" itemprop=\"image\" data-no-lazy=\"1\" height=\"250\" width=\"350\" title=\"UR Soldering\" onerror=\"this.style.display='none'\"  \/>\n\t\t\t\t\t\t\t\t\t<h4 itemprop=\"headline\">\n\t\t\t\t\t\t\t\t\t\t\t\t\t\tL\u00f6ten\t\t\t\t\t\t\t\t\t\t\t<\/h4>\n\t<meta itemscope itemprop=\"mainEntityOfPage\" itemtype=\"https:\/\/schema.org\/WebPage\" itemid=\"http:\/\/21452\" content=\"Schwei\u00dfen\" \/><meta itemprop=\"datePublished\" content=\"2023-05-11\" \/><meta itemprop=\"dateModified\" content=\"2023-11-17\" \/><meta itemprop=\"name\" content=\"WiredWorkers\"\/><meta itemprop=\"url\" content=\"https:\/\/www.wiredworkers.io\/wp-content\/uploads\/2018\/01\/cropped-wiredworkers-logo-white.png\"\/><meta itemprop=\"url\" content=\"https:\/\/www.wiredworkers.io\/de\/author\/robbinmennings\/\" \/><meta itemprop=\"name\" content=\"Robbin Mennings\" \/><meta itemprop=\"url\" content=\"https:\/\/www.wiredworkers.io\/wp-content\/uploads\/2021\/07\/cowelder_opengraph_1200x630.jpg\" \/><meta itemprop=\"width\" content=\"1200\" \/><meta itemprop=\"height\" content=\"630\" \/><meta itemprop=\"interactionType\" content=\"https:\/\/schema.org\/CommentAction\" \/><meta itemprop=\"userInteractionCount\" content=\"0\" \/>\n\t\t\t\t\t<a href=\"https:\/\/www.wiredworkers.io\/de\/cobot\/anwendungen\/schweissen\/\" title=\"Schwei\u00dfen\"><\/a>\n\t\t\t\t<img decoding=\"async\" src=\"https:\/\/www.wiredworkers.io\/wp-content\/uploads\/2021\/07\/cowelder_opengraph_1200x630-350x250.jpg\" alt=\"UR Welding\" itemprop=\"image\" data-no-lazy=\"1\" height=\"250\" width=\"350\" title=\"UR Welding\" onerror=\"this.style.display='none'\"  \/>\n\t\t\t\t\t\t\t\t\t<h4 itemprop=\"headline\">\n\t\t\t\t\t\t\t\t\t\t\t\t\t\tSchwei\u00dfen\t\t\t\t\t\t\t\t\t\t\t<\/h4>\n\t<meta itemscope itemprop=\"mainEntityOfPage\" itemtype=\"https:\/\/schema.org\/WebPage\" itemid=\"http:\/\/21447\" content=\"Kleben und Dichten\" \/><meta itemprop=\"datePublished\" content=\"2023-05-11\" \/><meta itemprop=\"dateModified\" content=\"2023-05-11\" \/><meta itemprop=\"name\" content=\"WiredWorkers\"\/><meta itemprop=\"url\" content=\"https:\/\/www.wiredworkers.io\/wp-content\/uploads\/2018\/01\/cropped-wiredworkers-logo-white.png\"\/><meta itemprop=\"url\" content=\"https:\/\/www.wiredworkers.io\/de\/author\/robbinmennings\/\" \/><meta itemprop=\"name\" content=\"Robbin Mennings\" \/><meta itemprop=\"url\" content=\"https:\/\/www.wiredworkers.io\/wp-content\/uploads\/2021\/06\/Ontwerp-zonder-titel-13.png\" \/><meta itemprop=\"width\" content=\"331\" \/><meta itemprop=\"height\" content=\"237\" \/><meta itemprop=\"interactionType\" content=\"https:\/\/schema.org\/CommentAction\" \/><meta itemprop=\"userInteractionCount\" content=\"0\" \/>\n\t\t\t\t\t<a href=\"https:\/\/www.wiredworkers.io\/de\/cobot\/anwendungen\/kleben-und-dichten\/\" title=\"Kleben und Dichten\"><\/a>\n\t\t\t\t<img decoding=\"async\" src=\"https:\/\/www.wiredworkers.io\/wp-content\/uploads\/2021\/06\/Ontwerp-zonder-titel-13.png\" alt=\"Aim Robotics Cobot Dispenser\" itemprop=\"image\" data-no-lazy=\"1\" height=\"237\" width=\"331\" title=\"Aim Robotics Cobot Dispenser\" onerror=\"this.style.display='none'\"  \/>\n\t\t\t\t\t\t\t\t\t<h4 itemprop=\"headline\">\n\t\t\t\t\t\t\t\t\t\t\t\t\t\tKleben und Dichten\t\t\t\t\t\t\t\t\t\t\t<\/h4>\n\t\t\t\t<ul class='page-numbers'>\n\t<li>1<\/li>\n\t<li><a href=\"https:\/\/www.wiredworkers.io\/de\/page\/2\/?page_id=21430&#038;fl_builder\">2<\/a><\/li>\n\t<li><a href=\"https:\/\/www.wiredworkers.io\/de\/page\/3\/?page_id=21430&#038;fl_builder\">3<\/a><\/li>\n\t<li><a href=\"https:\/\/www.wiredworkers.io\/de\/page\/2\/?page_id=21430&#038;fl_builder\">Weiter &raquo;<\/a><\/li>\n<\/ul>\n\t\t<!-- .pp-content-posts -->\n\n","protected":false},"excerpt":{"rendered":"<p>WiredWorkers \u279c Cobot \u279c Anwendungen \u279c Bin Picking Bin Picking mit einem Cobot Bin picking ist vergleichbar mit dem Pick-and-Place-Verfahren, nur dass hier die Objekte nicht in einer standardisierten Weise angeliefert werden. Dank intelligenter Software und Vision-Technologie erkennt der Cobot die Objekte in einem Beh\u00e4lter und nimmt sie einzeln auf. N\u00fctzlich zum Beispiel f\u00fcr die [&hellip;]<\/p>\n","protected":false},"author":3,"featured_media":20556,"parent":21464,"menu_order":5,"comment_status":"closed","ping_status":"closed","template":"","meta":{"_acf_changed":false,"site-sidebar-layout":"default","site-content-layout":"default","ast-site-content-layout":"default","site-content-style":"default","site-sidebar-style":"default","ast-global-header-display":"","ast-banner-title-visibility":"","ast-main-header-display":"","ast-hfb-above-header-display":"","ast-hfb-below-header-display":"","ast-hfb-mobile-header-display":"","site-post-title":"","ast-breadcrumbs-content":"","ast-featured-img":"disabled","footer-sml-layout":"","ast-disable-related-posts":"","theme-transparent-header-meta":"default","adv-header-id-meta":"","stick-header-meta":"default","header-above-stick-meta":"","header-main-stick-meta":"","header-below-stick-meta":"","astra-migrate-meta-layouts":"default","ast-page-background-enabled":"default","ast-page-background-meta":{"desktop":{"background-color":"","background-image":"","background-repeat":"repeat","background-position":"center center","background-size":"auto","background-attachment":"scroll","background-type":"","background-media":"","overlay-type":"","overlay-color":"","overlay-opacity":"","overlay-gradient":""},"tablet":{"background-color":"","background-image":"","background-repeat":"repeat","background-position":"center center","background-size":"auto","background-attachment":"scroll","background-type":"","background-media":"","overlay-type":"","overlay-color":"","overlay-opacity":"","overlay-gradient":""},"mobile":{"background-color":"","background-image":"","background-repeat":"repeat","background-position":"center center","background-size":"auto","background-attachment":"scroll","background-type":"","background-media":"","overlay-type":"","overlay-color":"","overlay-opacity":"","overlay-gradient":""}},"ast-content-background-meta":{"desktop":{"background-color":"var(--ast-global-color-5)","background-image":"","background-repeat":"repeat","background-position":"center center","background-size":"auto","background-attachment":"scroll","background-type":"","background-media":"","overlay-type":"","overlay-color":"","overlay-opacity":"","overlay-gradient":""},"tablet":{"background-color":"var(--ast-global-color-5)","background-image":"","background-repeat":"repeat","background-position":"center center","background-size":"auto","background-attachment":"scroll","background-type":"","background-media":"","overlay-type":"","overlay-color":"","overlay-opacity":"","overlay-gradient":""},"mobile":{"background-color":"var(--ast-global-color-5)","background-image":"","background-repeat":"repeat","background-position":"center center","background-size":"auto","background-attachment":"scroll","background-type":"","background-media":"","overlay-type":"","overlay-color":"","overlay-opacity":"","overlay-gradient":""}},"footnotes":""},"categories":[556],"tags":[],"class_list":["post-21430","page","type-page","status-publish","has-post-thumbnail","hentry","category-anwendungen"],"acf":[],"yoast_head":"<!-- This site is optimized with the Yoast SEO plugin v27.4 - https:\/\/yoast.com\/product\/yoast-seo-wordpress\/ -->\n<title>Bin Picking mit einem Cobot | Kollaborative Roboter-Bin Picking<\/title>\n<meta name=\"description\" content=\"Bin picking ist eine komplizierte Pick-and-Place-Anwendung. Bei bin picking werden dem Roboter Objekte in unstrukturierter Form in gro\u00dfen Mengen angeboten.\" \/>\n<meta name=\"robots\" content=\"index, follow, max-snippet:-1, max-image-preview:large, max-video-preview:-1\" \/>\n<link rel=\"canonical\" href=\"https:\/\/www.wiredworkers.io\/de\/cobot\/anwendungen\/bin-picking\/\" \/>\n<meta property=\"og:locale\" content=\"de_DE\" \/>\n<meta property=\"og:type\" content=\"article\" \/>\n<meta property=\"og:title\" content=\"Bin Picking mit einem Cobot | Kollaborative Roboter-Bin Picking\" \/>\n<meta property=\"og:description\" content=\"Bin picking ist eine komplizierte Pick-and-Place-Anwendung. Bei bin picking werden dem Roboter Objekte in unstrukturierter Form in gro\u00dfen Mengen angeboten.\" \/>\n<meta property=\"og:url\" content=\"https:\/\/www.wiredworkers.io\/de\/cobot\/anwendungen\/bin-picking\/\" \/>\n<meta property=\"og:site_name\" content=\"WiredWorkers\" \/>\n<meta property=\"article:publisher\" content=\"https:\/\/www.facebook.com\/WiredWorkers\" \/>\n<meta property=\"article:modified_time\" content=\"2024-03-04T13:28:10+00:00\" \/>\n<meta property=\"og:image\" content=\"https:\/\/www.wiredworkers.io\/wp-content\/uploads\/2020\/07\/maxresdefault-1.jpg\" \/>\n\t<meta property=\"og:image:width\" content=\"1280\" \/>\n\t<meta property=\"og:image:height\" content=\"720\" \/>\n\t<meta property=\"og:image:type\" content=\"image\/jpeg\" \/>\n<meta name=\"twitter:card\" content=\"summary_large_image\" \/>\n<script type=\"application\/ld+json\" class=\"yoast-schema-graph\">{\"@context\":\"https:\\\/\\\/schema.org\",\"@graph\":[{\"@type\":\"WebPage\",\"@id\":\"https:\\\/\\\/www.wiredworkers.io\\\/de\\\/cobot\\\/anwendungen\\\/bin-picking\\\/\",\"url\":\"https:\\\/\\\/www.wiredworkers.io\\\/de\\\/cobot\\\/anwendungen\\\/bin-picking\\\/\",\"name\":\"Bin Picking mit einem Cobot | Kollaborative Roboter-Bin Picking\",\"isPartOf\":{\"@id\":\"https:\\\/\\\/www.wiredworkers.io\\\/de\\\/#website\"},\"primaryImageOfPage\":{\"@id\":\"https:\\\/\\\/www.wiredworkers.io\\\/de\\\/cobot\\\/anwendungen\\\/bin-picking\\\/#primaryimage\"},\"image\":{\"@id\":\"https:\\\/\\\/www.wiredworkers.io\\\/de\\\/cobot\\\/anwendungen\\\/bin-picking\\\/#primaryimage\"},\"thumbnailUrl\":\"https:\\\/\\\/www.wiredworkers.io\\\/wp-content\\\/uploads\\\/2020\\\/07\\\/maxresdefault-1.jpg\",\"datePublished\":\"2023-05-11T08:20:09+00:00\",\"dateModified\":\"2024-03-04T13:28:10+00:00\",\"description\":\"Bin picking ist eine komplizierte Pick-and-Place-Anwendung. Bei bin picking werden dem Roboter Objekte in unstrukturierter Form in gro\u00dfen Mengen angeboten.\",\"breadcrumb\":{\"@id\":\"https:\\\/\\\/www.wiredworkers.io\\\/de\\\/cobot\\\/anwendungen\\\/bin-picking\\\/#breadcrumb\"},\"inLanguage\":\"de\",\"potentialAction\":[{\"@type\":\"ReadAction\",\"target\":[\"https:\\\/\\\/www.wiredworkers.io\\\/de\\\/cobot\\\/anwendungen\\\/bin-picking\\\/\"]}]},{\"@type\":\"ImageObject\",\"inLanguage\":\"de\",\"@id\":\"https:\\\/\\\/www.wiredworkers.io\\\/de\\\/cobot\\\/anwendungen\\\/bin-picking\\\/#primaryimage\",\"url\":\"https:\\\/\\\/www.wiredworkers.io\\\/wp-content\\\/uploads\\\/2020\\\/07\\\/maxresdefault-1.jpg\",\"contentUrl\":\"https:\\\/\\\/www.wiredworkers.io\\\/wp-content\\\/uploads\\\/2020\\\/07\\\/maxresdefault-1.jpg\",\"width\":1280,\"height\":720},{\"@type\":\"BreadcrumbList\",\"@id\":\"https:\\\/\\\/www.wiredworkers.io\\\/de\\\/cobot\\\/anwendungen\\\/bin-picking\\\/#breadcrumb\",\"itemListElement\":[{\"@type\":\"ListItem\",\"position\":1,\"name\":\"WiredWorkers\",\"item\":\"https:\\\/\\\/www.wiredworkers.io\\\/de\\\/\"},{\"@type\":\"ListItem\",\"position\":2,\"name\":\"Cobot\",\"item\":\"https:\\\/\\\/www.wiredworkers.io\\\/de\\\/cobot\\\/\"},{\"@type\":\"ListItem\",\"position\":3,\"name\":\"Anwendungen\",\"item\":\"https:\\\/\\\/www.wiredworkers.io\\\/de\\\/cobot\\\/applications\\\/\"},{\"@type\":\"ListItem\",\"position\":4,\"name\":\"Bin Picking\"}]},{\"@type\":\"WebSite\",\"@id\":\"https:\\\/\\\/www.wiredworkers.io\\\/de\\\/#website\",\"url\":\"https:\\\/\\\/www.wiredworkers.io\\\/de\\\/\",\"name\":\"WiredWorkers\",\"description\":\"Robotics at your service\",\"publisher\":{\"@id\":\"https:\\\/\\\/www.wiredworkers.io\\\/de\\\/#organization\"},\"potentialAction\":[{\"@type\":\"SearchAction\",\"target\":{\"@type\":\"EntryPoint\",\"urlTemplate\":\"https:\\\/\\\/www.wiredworkers.io\\\/de\\\/?s={search_term_string}\"},\"query-input\":{\"@type\":\"PropertyValueSpecification\",\"valueRequired\":true,\"valueName\":\"search_term_string\"}}],\"inLanguage\":\"de\"},{\"@type\":\"Organization\",\"@id\":\"https:\\\/\\\/www.wiredworkers.io\\\/de\\\/#organization\",\"name\":\"WiredWorkers Nederland B.V.\",\"url\":\"https:\\\/\\\/www.wiredworkers.io\\\/de\\\/\",\"logo\":{\"@type\":\"ImageObject\",\"inLanguage\":\"de\",\"@id\":\"https:\\\/\\\/www.wiredworkers.io\\\/de\\\/#\\\/schema\\\/logo\\\/image\\\/\",\"url\":\"https:\\\/\\\/www.wiredworkers.io\\\/wp-content\\\/uploads\\\/2018\\\/06\\\/wiredworkers-company-logo.jpg\",\"contentUrl\":\"https:\\\/\\\/www.wiredworkers.io\\\/wp-content\\\/uploads\\\/2018\\\/06\\\/wiredworkers-company-logo.jpg\",\"width\":1082,\"height\":714,\"caption\":\"WiredWorkers Nederland B.V.\"},\"image\":{\"@id\":\"https:\\\/\\\/www.wiredworkers.io\\\/de\\\/#\\\/schema\\\/logo\\\/image\\\/\"},\"sameAs\":[\"https:\\\/\\\/www.facebook.com\\\/WiredWorkers\",\"https:\\\/\\\/www.linkedin.com\\\/company\\\/wiredworkers\\\/\"]}]}<\/script>\n<!-- \/ Yoast SEO plugin. -->","yoast_head_json":{"title":"Bin Picking mit einem Cobot | Kollaborative Roboter-Bin Picking","description":"Bin picking ist eine komplizierte Pick-and-Place-Anwendung. Bei bin picking werden dem Roboter Objekte in unstrukturierter Form in gro\u00dfen Mengen angeboten.","robots":{"index":"index","follow":"follow","max-snippet":"max-snippet:-1","max-image-preview":"max-image-preview:large","max-video-preview":"max-video-preview:-1"},"canonical":"https:\/\/www.wiredworkers.io\/de\/cobot\/anwendungen\/bin-picking\/","og_locale":"de_DE","og_type":"article","og_title":"Bin Picking mit einem Cobot | Kollaborative Roboter-Bin Picking","og_description":"Bin picking ist eine komplizierte Pick-and-Place-Anwendung. Bei bin picking werden dem Roboter Objekte in unstrukturierter Form in gro\u00dfen Mengen angeboten.","og_url":"https:\/\/www.wiredworkers.io\/de\/cobot\/anwendungen\/bin-picking\/","og_site_name":"WiredWorkers","article_publisher":"https:\/\/www.facebook.com\/WiredWorkers","article_modified_time":"2024-03-04T13:28:10+00:00","og_image":[{"width":1280,"height":720,"url":"https:\/\/www.wiredworkers.io\/wp-content\/uploads\/2020\/07\/maxresdefault-1.jpg","type":"image\/jpeg"}],"twitter_card":"summary_large_image","schema":{"@context":"https:\/\/schema.org","@graph":[{"@type":"WebPage","@id":"https:\/\/www.wiredworkers.io\/de\/cobot\/anwendungen\/bin-picking\/","url":"https:\/\/www.wiredworkers.io\/de\/cobot\/anwendungen\/bin-picking\/","name":"Bin Picking mit einem Cobot | Kollaborative Roboter-Bin Picking","isPartOf":{"@id":"https:\/\/www.wiredworkers.io\/de\/#website"},"primaryImageOfPage":{"@id":"https:\/\/www.wiredworkers.io\/de\/cobot\/anwendungen\/bin-picking\/#primaryimage"},"image":{"@id":"https:\/\/www.wiredworkers.io\/de\/cobot\/anwendungen\/bin-picking\/#primaryimage"},"thumbnailUrl":"https:\/\/www.wiredworkers.io\/wp-content\/uploads\/2020\/07\/maxresdefault-1.jpg","datePublished":"2023-05-11T08:20:09+00:00","dateModified":"2024-03-04T13:28:10+00:00","description":"Bin picking ist eine komplizierte Pick-and-Place-Anwendung. Bei bin picking werden dem Roboter Objekte in unstrukturierter Form in gro\u00dfen Mengen angeboten.","breadcrumb":{"@id":"https:\/\/www.wiredworkers.io\/de\/cobot\/anwendungen\/bin-picking\/#breadcrumb"},"inLanguage":"de","potentialAction":[{"@type":"ReadAction","target":["https:\/\/www.wiredworkers.io\/de\/cobot\/anwendungen\/bin-picking\/"]}]},{"@type":"ImageObject","inLanguage":"de","@id":"https:\/\/www.wiredworkers.io\/de\/cobot\/anwendungen\/bin-picking\/#primaryimage","url":"https:\/\/www.wiredworkers.io\/wp-content\/uploads\/2020\/07\/maxresdefault-1.jpg","contentUrl":"https:\/\/www.wiredworkers.io\/wp-content\/uploads\/2020\/07\/maxresdefault-1.jpg","width":1280,"height":720},{"@type":"BreadcrumbList","@id":"https:\/\/www.wiredworkers.io\/de\/cobot\/anwendungen\/bin-picking\/#breadcrumb","itemListElement":[{"@type":"ListItem","position":1,"name":"WiredWorkers","item":"https:\/\/www.wiredworkers.io\/de\/"},{"@type":"ListItem","position":2,"name":"Cobot","item":"https:\/\/www.wiredworkers.io\/de\/cobot\/"},{"@type":"ListItem","position":3,"name":"Anwendungen","item":"https:\/\/www.wiredworkers.io\/de\/cobot\/applications\/"},{"@type":"ListItem","position":4,"name":"Bin Picking"}]},{"@type":"WebSite","@id":"https:\/\/www.wiredworkers.io\/de\/#website","url":"https:\/\/www.wiredworkers.io\/de\/","name":"WiredWorkers","description":"Robotics at your service","publisher":{"@id":"https:\/\/www.wiredworkers.io\/de\/#organization"},"potentialAction":[{"@type":"SearchAction","target":{"@type":"EntryPoint","urlTemplate":"https:\/\/www.wiredworkers.io\/de\/?s={search_term_string}"},"query-input":{"@type":"PropertyValueSpecification","valueRequired":true,"valueName":"search_term_string"}}],"inLanguage":"de"},{"@type":"Organization","@id":"https:\/\/www.wiredworkers.io\/de\/#organization","name":"WiredWorkers Nederland B.V.","url":"https:\/\/www.wiredworkers.io\/de\/","logo":{"@type":"ImageObject","inLanguage":"de","@id":"https:\/\/www.wiredworkers.io\/de\/#\/schema\/logo\/image\/","url":"https:\/\/www.wiredworkers.io\/wp-content\/uploads\/2018\/06\/wiredworkers-company-logo.jpg","contentUrl":"https:\/\/www.wiredworkers.io\/wp-content\/uploads\/2018\/06\/wiredworkers-company-logo.jpg","width":1082,"height":714,"caption":"WiredWorkers Nederland B.V."},"image":{"@id":"https:\/\/www.wiredworkers.io\/de\/#\/schema\/logo\/image\/"},"sameAs":["https:\/\/www.facebook.com\/WiredWorkers","https:\/\/www.linkedin.com\/company\/wiredworkers\/"]}]}},"_links":{"self":[{"href":"https:\/\/www.wiredworkers.io\/de\/wp-json\/wp\/v2\/pages\/21430","targetHints":{"allow":["GET"]}}],"collection":[{"href":"https:\/\/www.wiredworkers.io\/de\/wp-json\/wp\/v2\/pages"}],"about":[{"href":"https:\/\/www.wiredworkers.io\/de\/wp-json\/wp\/v2\/types\/page"}],"author":[{"embeddable":true,"href":"https:\/\/www.wiredworkers.io\/de\/wp-json\/wp\/v2\/users\/3"}],"replies":[{"embeddable":true,"href":"https:\/\/www.wiredworkers.io\/de\/wp-json\/wp\/v2\/comments?post=21430"}],"version-history":[{"count":3,"href":"https:\/\/www.wiredworkers.io\/de\/wp-json\/wp\/v2\/pages\/21430\/revisions"}],"predecessor-version":[{"id":23446,"href":"https:\/\/www.wiredworkers.io\/de\/wp-json\/wp\/v2\/pages\/21430\/revisions\/23446"}],"up":[{"embeddable":true,"href":"https:\/\/www.wiredworkers.io\/de\/wp-json\/wp\/v2\/pages\/21464"}],"wp:featuredmedia":[{"embeddable":true,"href":"https:\/\/www.wiredworkers.io\/de\/wp-json\/wp\/v2\/media\/20556"}],"wp:attachment":[{"href":"https:\/\/www.wiredworkers.io\/de\/wp-json\/wp\/v2\/media?parent=21430"}],"wp:term":[{"taxonomy":"category","embeddable":true,"href":"https:\/\/www.wiredworkers.io\/de\/wp-json\/wp\/v2\/categories?post=21430"},{"taxonomy":"post_tag","embeddable":true,"href":"https:\/\/www.wiredworkers.io\/de\/wp-json\/wp\/v2\/tags?post=21430"}],"curies":[{"name":"wp","href":"https:\/\/api.w.org\/{rel}","templated":true}]}}