{"id":21438,"date":"2023-05-11T10:51:00","date_gmt":"2023-05-11T08:51:00","guid":{"rendered":"https:\/\/wiredworkers.io\/palettieren\/"},"modified":"2024-10-30T14:26:58","modified_gmt":"2024-10-30T12:26:58","slug":"palettieren","status":"publish","type":"page","link":"https:\/\/www.wiredworkers.io\/de\/cobot\/anwendungen\/palettieren\/","title":{"rendered":"Palettieren"},"content":{"rendered":"\n\n\t<nav id=\"breadcrumbs\" aria-label=\"Breadcrumbs\"><a href=\"https:\/\/www.wiredworkers.io\/de\/\">WiredWorkers<\/a> \u279c <a href=\"https:\/\/www.wiredworkers.io\/de\/cobot\/\">Cobot<\/a> \u279c <a href=\"https:\/\/www.wiredworkers.io\/de\/cobot\/applications\/\">Anwendungen<\/a> \u279c Palettieren<\/nav><h1>\n\t\tPalettieren mit einem Cobot\n\t<\/h1>\n\t<p>Die Palettierung (Stapeln von Kartons auf Paletten) kann mit kollaborierenden Robotern effizienter durchgef\u00fchrt werden. Die Kartons werden mit elektrischen Vakuumgreifern aufgenommen und auf Paletten abgesetzt. Neue Technologien machen eine externe Luftzufuhr und Schl\u00e4uche \u00fcberfl\u00fcssig, was die Integration erleichtert, die Kosten senkt und L\u00e4rm und Bel\u00e4stigung reduziert.<\/p>\n<h2>\n\t\tPalettieren mit einem kollaborierenden Roboter\n\t<\/h2>\n\t<p>Unter Palettieren versteht man das Aufsetzen von Produkten oder Kartons auf eine Palette, die f\u00fcr den Versand oder die Lagerung vorbereitet wird. Diese Aufgabe kann mit einem Cobot perfekt automatisiert werden. Der Cobot kann die Produkte in einem gew\u00fcnschten Muster stapeln, wodurch die Menge der Ladung maximiert und die Gefahr des Umkippens verringert wird. Heute werden viele Paletten noch manuell gestapelt. Eine einfache, m\u00fchsame Aufgabe, die bei hohem Gewicht zu k\u00f6rperlichen Beschwerden f\u00fchren kann. Ein Cobot kann, vorausgesetzt, die Waren werden st\u00e4ndig geliefert, endlos stapeln. Wenn die Produktion 24 Stunden am Tag l\u00e4uft, k\u00f6nnen Roboter die Zykluszeit einer gestapelten Palette reduzieren.<\/p>\n\t\t\t\t<img decoding=\"async\" data-src=\"https:\/\/www.wiredworkers.io\/wp-content\/uploads\/2024\/10\/Foto-Boermarke-8-scaled.jpg\" alt=\"Foto Boermarke 8\" itemprop=\"image\" height=\"1440\" width=\"2560\" title=\"Foto Boermarke 8\" onerror=\"this.style.display='none'\" src=\"data:image\/svg+xml;base64,PHN2ZyB3aWR0aD0iMSIgaGVpZ2h0PSIxIiB4bWxucz0iaHR0cDovL3d3dy53My5vcmcvMjAwMC9zdmciPjwvc3ZnPg==\" class=\"lazyload\" style=\"--smush-placeholder-width: 2560px; --smush-placeholder-aspect-ratio: 2560\/1440;\" \/>\n<h2>\n\t\tVorteile der Cobot-Palettierung\n\t<\/h2>\n\t\t<ul>\n\t\t\t\t\t<li>\n\t\t\t\t<h4>Einsparung von Kosten<\/h4>\n\t\tSie sparen Personalkosten\t\t\t\n\t\t\t<\/li>\n\t\t\t\t\t<li>\n\t\t\t\t<h4>Steigerung der Produktivit\u00e4t<\/h4>\n\t\tDas Personal kann andere Aufgaben \u00fcbernehmen\t\t\t\n\t\t\t<\/li>\n\t\t\t\t\t<li>\n\t\t\t\t<h4>Volle Kapazit\u00e4t ausnutzen<\/h4>\n\t\tHolen Sie mehr aus Ihren Mitarbeitern heraus\t\t\t\n\t\t\t<\/li>\n\t\t\t\t\t<li>\n\t\t\t\t<h4>St\u00f6rungen vorbeugen<\/h4>\n\t\tVorbeugung von St\u00f6rungen bei Arbeitnehmern\t\t\t\n\t\t\t<\/li>\n\t\t\t\t\t<li>\n\t\t\t\t<h4>Kein Verlust der Konzentration<\/h4>\n\t\tRoboter werden nie die Konzentration verlieren\t\t\t\n\t\t\t<\/li>\n\t\t\t\t\t<li>\n\t\t\t\t<h4>Konstante Qualit\u00e4t der Ergebnisse<\/h4>\n\t\tRoboter liefern konsistente Qualit\u00e4t\t\t\t\n\t\t\t<\/li>\n\t\t\t\t<\/ul>\n\t\t\t\t<img decoding=\"async\" data-src=\"https:\/\/www.wiredworkers.io\/wp-content\/uploads\/2020\/07\/UR_16e_07-896x1024.png\" alt=\"UR16e | universal robot | cobot\" itemprop=\"image\" height=\"1024\" width=\"896\" title=\"Universal Robots UR16e\" onerror=\"this.style.display='none'\" src=\"data:image\/svg+xml;base64,PHN2ZyB3aWR0aD0iMSIgaGVpZ2h0PSIxIiB4bWxucz0iaHR0cDovL3d3dy53My5vcmcvMjAwMC9zdmciPjwvc3ZnPg==\" class=\"lazyload\" style=\"--smush-placeholder-width: 896px; --smush-placeholder-aspect-ratio: 896\/1024;\" \/>\n<h2>\n\t\tSpeziell entwickelte L\u00f6sung\n\t<\/h2>\n\t<p>Der Cobot Palletizer ist eine selbst entwickelte L\u00f6sung, die f\u00fcr eine nahtlose Integration in Ihre Verpackungslinie konzipiert wurde. Sein standardisiertes Design sorgt f\u00fcr einen schnellen Einsatz mit minimalen \u00c4nderungen, und seine Mobilit\u00e4t erm\u00f6glicht den Einsatz an verschiedenen Standorten. Dank der intuitiven Software lassen sich neue Palettenmuster schnell und einfach konfigurieren, was ihn zu einer effizienten und flexiblen Option f\u00fcr verschiedene Anwendungen macht.<\/p>\n<p>Der Palletizer-Roboter kann bis zu 7 Kartons pro Minute mit einer maximalen Stapelh\u00f6he von 1900 mm stapeln und verf\u00fcgt \u00fcber 17 zertifizierte Sicherheitsmerkmale auf PL=d-Zellenebene.<\/p>\n\t\t\t<a href=\"https:\/\/www.wiredworkers.io\/de\/dienstleistungen\/plug-produce-loesungen\/automatischer-palettierer\/\" target=\"_self\" rel=\"noopener\">\n\t\t\t\t\t\t\tSiehe unseren Cobot Palletizer\n\t\t\t<\/a>\n\t\t\t\t<img decoding=\"async\" data-src=\"https:\/\/www.wiredworkers.io\/wp-content\/uploads\/2023\/04\/Palletizer.png\" alt=\"automatic palletizer\" itemprop=\"image\" height=\"500\" width=\"500\" title=\"Palletizer\" onerror=\"this.style.display='none'\" src=\"data:image\/svg+xml;base64,PHN2ZyB3aWR0aD0iMSIgaGVpZ2h0PSIxIiB4bWxucz0iaHR0cDovL3d3dy53My5vcmcvMjAwMC9zdmciPjwvc3ZnPg==\" class=\"lazyload\" style=\"--smush-placeholder-width: 500px; --smush-placeholder-aspect-ratio: 500\/500;\" \/>\n    <a href=\"https:\/\/cta-service-cms2.hubspot.com\/web-interactives\/public\/v1\/track\/redirect?encryptedPayload=AVxigLIAFILpo6Qae4xlweH0O6vyH4%2Bzq3f0IXlQe3IC3bSbfEm5tWg%2BraFFjZibpp3zPA%2B8DCbZiAn1tvAtLkAQ%2F5u1Tp%2FMK1FEWkUXcz6T%2FtUlpGh80TdXUdbApVTz24kfZN1GwOHUcTlDc1rJkSK7XuIRmnLFrOulo2zXMgG4q7uu6nBwRaA5MH9Kt6crwyzJ%2FQZB2sHSu8KEzCYhAw%3D%3D\" target=\"_blank\" rel=\"noopener\" crossorigin=\"anonymous\">\n      <img decoding=\"async\" alt=\"KONTAKT Vereinbaren Sie eine KOSTENLOSE Beratung Finden Sie heraus, wie WiredWorkers Ihre Produktionseffizienz maximieren kann!\"\n        data-src=\"https:\/\/no-cache.hubspot.com\/cta\/default\/19989853\/interactive-179301684633.png\"\n        onerror=\"this.style.display='none'\" src=\"data:image\/svg+xml;base64,PHN2ZyB3aWR0aD0iMSIgaGVpZ2h0PSIxIiB4bWxucz0iaHR0cDovL3d3dy53My5vcmcvMjAwMC9zdmciPjwvc3ZnPg==\" class=\"lazyload\" \/>\n    <\/a>\n<h2>\n\t\tVideo zum Palettieren mit Cobot\n\t<\/h2>\n\t<p>Sehen Sie sich das folgende Video an, in dem eine Cobot Palletizer-L\u00f6sung demonstriert wird.<\/p>\n\t<iframe title=\"Cobot Palletizer with FANUC CRX-25iA at Boermarke | WiredWorkers\" width=\"500\" height=\"281\" data-src=\"https:\/\/www.youtube.com\/embed\/R-5heweQ9NA?feature=oembed\" frameborder=\"0\" allow=\"accelerometer; autoplay; clipboard-write; encrypted-media; gyroscope; picture-in-picture; web-share\" referrerpolicy=\"strict-origin-when-cross-origin\" allowfullscreen src=\"data:image\/svg+xml;base64,PHN2ZyB3aWR0aD0iMSIgaGVpZ2h0PSIxIiB4bWxucz0iaHR0cDovL3d3dy53My5vcmcvMjAwMC9zdmciPjwvc3ZnPg==\" class=\"lazyload\" data-load-mode=\"1\"><\/iframe>\n<h2>\n\t\tAndere Anwendungen\n\t<\/h2>\n\t<meta itemscope itemprop=\"mainEntityOfPage\" itemtype=\"https:\/\/schema.org\/WebPage\" itemid=\"http:\/\/21455\" content=\"L\u00f6ten\" \/><meta itemprop=\"datePublished\" content=\"2023-05-11\" \/><meta itemprop=\"dateModified\" content=\"2023-05-11\" \/><meta itemprop=\"name\" content=\"WiredWorkers\"\/><meta itemprop=\"url\" content=\"https:\/\/www.wiredworkers.io\/wp-content\/uploads\/2018\/01\/cropped-wiredworkers-logo-white.png\"\/><meta itemprop=\"url\" content=\"https:\/\/www.wiredworkers.io\/de\/author\/robbinmennings\/\" \/><meta itemprop=\"name\" content=\"Robbin Mennings\" \/><meta itemprop=\"url\" content=\"https:\/\/www.wiredworkers.io\/wp-content\/uploads\/2022\/04\/UR-Soldering.jpg\" \/><meta itemprop=\"width\" content=\"600\" \/><meta itemprop=\"height\" content=\"650\" \/><meta itemprop=\"interactionType\" content=\"https:\/\/schema.org\/CommentAction\" \/><meta itemprop=\"userInteractionCount\" content=\"0\" \/>\n\t\t\t\t\t<a href=\"https:\/\/www.wiredworkers.io\/de\/cobot\/anwendungen\/loten\/\" title=\"L\u00f6ten\"><\/a>\n\t\t\t\t<img decoding=\"async\" src=\"https:\/\/www.wiredworkers.io\/wp-content\/uploads\/2022\/04\/UR-Soldering-350x250.jpg\" alt=\"UR Soldering\" itemprop=\"image\" data-no-lazy=\"1\" height=\"250\" width=\"350\" title=\"UR Soldering\" onerror=\"this.style.display='none'\"  \/>\n\t\t\t\t\t\t\t\t\t<h4 itemprop=\"headline\">\n\t\t\t\t\t\t\t\t\t\t\t\t\t\tL\u00f6ten\t\t\t\t\t\t\t\t\t\t\t<\/h4>\n\t<meta itemscope itemprop=\"mainEntityOfPage\" itemtype=\"https:\/\/schema.org\/WebPage\" itemid=\"http:\/\/21452\" content=\"Schwei\u00dfen\" \/><meta itemprop=\"datePublished\" content=\"2023-05-11\" \/><meta itemprop=\"dateModified\" content=\"2024-05-02\" \/><meta itemprop=\"name\" content=\"WiredWorkers\"\/><meta itemprop=\"url\" content=\"https:\/\/www.wiredworkers.io\/wp-content\/uploads\/2018\/01\/cropped-wiredworkers-logo-white.png\"\/><meta itemprop=\"url\" content=\"https:\/\/www.wiredworkers.io\/de\/author\/robbinmennings\/\" \/><meta itemprop=\"name\" content=\"Robbin Mennings\" \/><meta itemprop=\"url\" content=\"https:\/\/www.wiredworkers.io\/wp-content\/uploads\/2021\/07\/cowelder_opengraph_1200x630.jpg\" \/><meta itemprop=\"width\" content=\"1200\" \/><meta itemprop=\"height\" content=\"630\" \/><meta itemprop=\"interactionType\" content=\"https:\/\/schema.org\/CommentAction\" \/><meta itemprop=\"userInteractionCount\" content=\"0\" \/>\n\t\t\t\t\t<a href=\"https:\/\/www.wiredworkers.io\/de\/cobot\/anwendungen\/schweissen\/\" title=\"Schwei\u00dfen\"><\/a>\n\t\t\t\t<img decoding=\"async\" src=\"https:\/\/www.wiredworkers.io\/wp-content\/uploads\/2021\/07\/cowelder_opengraph_1200x630-350x250.jpg\" alt=\"UR Welding\" itemprop=\"image\" data-no-lazy=\"1\" height=\"250\" width=\"350\" title=\"UR Welding\" onerror=\"this.style.display='none'\"  \/>\n\t\t\t\t\t\t\t\t\t<h4 itemprop=\"headline\">\n\t\t\t\t\t\t\t\t\t\t\t\t\t\tSchwei\u00dfen\t\t\t\t\t\t\t\t\t\t\t<\/h4>\n\t<meta itemscope itemprop=\"mainEntityOfPage\" itemtype=\"https:\/\/schema.org\/WebPage\" itemid=\"http:\/\/21447\" content=\"Kleben und Dichten\" \/><meta itemprop=\"datePublished\" content=\"2023-05-11\" \/><meta itemprop=\"dateModified\" content=\"2023-05-11\" \/><meta itemprop=\"name\" content=\"WiredWorkers\"\/><meta itemprop=\"url\" content=\"https:\/\/www.wiredworkers.io\/wp-content\/uploads\/2018\/01\/cropped-wiredworkers-logo-white.png\"\/><meta itemprop=\"url\" content=\"https:\/\/www.wiredworkers.io\/de\/author\/robbinmennings\/\" \/><meta itemprop=\"name\" content=\"Robbin Mennings\" \/><meta itemprop=\"url\" content=\"https:\/\/www.wiredworkers.io\/wp-content\/uploads\/2021\/06\/Ontwerp-zonder-titel-13.png\" \/><meta itemprop=\"width\" content=\"331\" \/><meta itemprop=\"height\" content=\"237\" \/><meta itemprop=\"interactionType\" content=\"https:\/\/schema.org\/CommentAction\" \/><meta itemprop=\"userInteractionCount\" content=\"0\" \/>\n\t\t\t\t\t<a href=\"https:\/\/www.wiredworkers.io\/de\/cobot\/anwendungen\/kleben-und-dichten\/\" title=\"Kleben und Dichten\"><\/a>\n\t\t\t\t<img decoding=\"async\" src=\"https:\/\/www.wiredworkers.io\/wp-content\/uploads\/2021\/06\/Ontwerp-zonder-titel-13.png\" alt=\"Aim Robotics Cobot Dispenser\" itemprop=\"image\" data-no-lazy=\"1\" height=\"237\" width=\"331\" title=\"Aim Robotics Cobot Dispenser\" onerror=\"this.style.display='none'\"  \/>\n\t\t\t\t\t\t\t\t\t<h4 itemprop=\"headline\">\n\t\t\t\t\t\t\t\t\t\t\t\t\t\tKleben und Dichten\t\t\t\t\t\t\t\t\t\t\t<\/h4>\n\t\t\t\t<ul class='page-numbers'>\n\t<li>1<\/li>\n\t<li><a href=\"https:\/\/www.wiredworkers.io\/de\/page\/2\/?page_id=21438&#038;fl_builder\">2<\/a><\/li>\n\t<li><a href=\"https:\/\/www.wiredworkers.io\/de\/page\/3\/?page_id=21438&#038;fl_builder\">3<\/a><\/li>\n\t<li><a href=\"https:\/\/www.wiredworkers.io\/de\/page\/2\/?page_id=21438&#038;fl_builder\">Weiter &raquo;<\/a><\/li>\n<\/ul>\n\t\t<!-- .pp-content-posts -->\n\n","protected":false},"excerpt":{"rendered":"<p>WiredWorkers \u279c Cobot \u279c Anwendungen \u279c Palettieren Palettieren mit einem Cobot Die Palettierung (Stapeln von Kartons auf Paletten) kann mit kollaborierenden Robotern effizienter durchgef\u00fchrt werden. Die Kartons werden mit elektrischen Vakuumgreifern aufgenommen und auf Paletten abgesetzt. Neue Technologien machen eine externe Luftzufuhr und Schl\u00e4uche \u00fcberfl\u00fcssig, was die Integration erleichtert, die Kosten senkt und L\u00e4rm und [&hellip;]<\/p>\n","protected":false},"author":3,"featured_media":21216,"parent":21464,"menu_order":5,"comment_status":"closed","ping_status":"closed","template":"","meta":{"_acf_changed":false,"site-sidebar-layout":"default","site-content-layout":"default","ast-site-content-layout":"default","site-content-style":"default","site-sidebar-style":"default","ast-global-header-display":"","ast-banner-title-visibility":"","ast-main-header-display":"","ast-hfb-above-header-display":"","ast-hfb-below-header-display":"","ast-hfb-mobile-header-display":"","site-post-title":"","ast-breadcrumbs-content":"","ast-featured-img":"disabled","footer-sml-layout":"","ast-disable-related-posts":"","theme-transparent-header-meta":"default","adv-header-id-meta":"","stick-header-meta":"default","header-above-stick-meta":"","header-main-stick-meta":"","header-below-stick-meta":"","astra-migrate-meta-layouts":"default","ast-page-background-enabled":"default","ast-page-background-meta":{"desktop":{"background-color":"","background-image":"","background-repeat":"repeat","background-position":"center center","background-size":"auto","background-attachment":"scroll","background-type":"","background-media":"","overlay-type":"","overlay-color":"","overlay-opacity":"","overlay-gradient":""},"tablet":{"background-color":"","background-image":"","background-repeat":"repeat","background-position":"center center","background-size":"auto","background-attachment":"scroll","background-type":"","background-media":"","overlay-type":"","overlay-color":"","overlay-opacity":"","overlay-gradient":""},"mobile":{"background-color":"","background-image":"","background-repeat":"repeat","background-position":"center center","background-size":"auto","background-attachment":"scroll","background-type":"","background-media":"","overlay-type":"","overlay-color":"","overlay-opacity":"","overlay-gradient":""}},"ast-content-background-meta":{"desktop":{"background-color":"var(--ast-global-color-5)","background-image":"","background-repeat":"repeat","background-position":"center center","background-size":"auto","background-attachment":"scroll","background-type":"","background-media":"","overlay-type":"","overlay-color":"","overlay-opacity":"","overlay-gradient":""},"tablet":{"background-color":"var(--ast-global-color-5)","background-image":"","background-repeat":"repeat","background-position":"center center","background-size":"auto","background-attachment":"scroll","background-type":"","background-media":"","overlay-type":"","overlay-color":"","overlay-opacity":"","overlay-gradient":""},"mobile":{"background-color":"var(--ast-global-color-5)","background-image":"","background-repeat":"repeat","background-position":"center center","background-size":"auto","background-attachment":"scroll","background-type":"","background-media":"","overlay-type":"","overlay-color":"","overlay-opacity":"","overlay-gradient":""}},"footnotes":""},"categories":[556],"tags":[],"class_list":["post-21438","page","type-page","status-publish","has-post-thumbnail","hentry","category-anwendungen"],"acf":[],"yoast_head":"<!-- This site is optimized with the Yoast SEO plugin v27.5 - https:\/\/yoast.com\/product\/yoast-seo-wordpress\/ -->\n<title>Palettieren mit einem Cobot | WiredWorkers<\/title>\n<meta name=\"description\" content=\"Die Palettierung kann mit kollaborierenden Robotern effizienter gestaltet werden. Die Kartons werden mit elektrischen Vakuumgreifern aufgenommen und auf Paletten abgesetzt.\" \/>\n<meta name=\"robots\" content=\"index, follow, max-snippet:-1, max-image-preview:large, max-video-preview:-1\" \/>\n<link rel=\"canonical\" href=\"https:\/\/www.wiredworkers.io\/de\/cobot\/anwendungen\/palettieren\/\" \/>\n<meta property=\"og:locale\" content=\"de_DE\" \/>\n<meta property=\"og:type\" content=\"article\" \/>\n<meta property=\"og:title\" content=\"Palettieren mit einem Cobot | WiredWorkers\" \/>\n<meta property=\"og:description\" content=\"Die Palettierung kann mit kollaborierenden Robotern effizienter gestaltet werden. Die Kartons werden mit elektrischen Vakuumgreifern aufgenommen und auf Paletten abgesetzt.\" \/>\n<meta property=\"og:url\" content=\"https:\/\/www.wiredworkers.io\/de\/cobot\/anwendungen\/palettieren\/\" \/>\n<meta property=\"og:site_name\" content=\"WiredWorkers\" \/>\n<meta property=\"article:publisher\" content=\"https:\/\/www.facebook.com\/WiredWorkers\" \/>\n<meta property=\"article:modified_time\" content=\"2024-10-30T12:26:58+00:00\" \/>\n<meta property=\"og:image\" content=\"https:\/\/www.wiredworkers.io\/wp-content\/uploads\/2022\/06\/cobotpalletizer_gallery2-e1655215860851.jpg\" \/>\n\t<meta property=\"og:image:width\" content=\"599\" \/>\n\t<meta property=\"og:image:height\" content=\"598\" \/>\n\t<meta property=\"og:image:type\" content=\"image\/jpeg\" \/>\n<meta name=\"twitter:card\" content=\"summary_large_image\" \/>\n<script type=\"application\/ld+json\" class=\"yoast-schema-graph\">{\"@context\":\"https:\\\/\\\/schema.org\",\"@graph\":[{\"@type\":\"WebPage\",\"@id\":\"https:\\\/\\\/www.wiredworkers.io\\\/de\\\/cobot\\\/anwendungen\\\/palettieren\\\/\",\"url\":\"https:\\\/\\\/www.wiredworkers.io\\\/de\\\/cobot\\\/anwendungen\\\/palettieren\\\/\",\"name\":\"Palettieren mit einem Cobot | WiredWorkers\",\"isPartOf\":{\"@id\":\"https:\\\/\\\/www.wiredworkers.io\\\/de\\\/#website\"},\"primaryImageOfPage\":{\"@id\":\"https:\\\/\\\/www.wiredworkers.io\\\/de\\\/cobot\\\/anwendungen\\\/palettieren\\\/#primaryimage\"},\"image\":{\"@id\":\"https:\\\/\\\/www.wiredworkers.io\\\/de\\\/cobot\\\/anwendungen\\\/palettieren\\\/#primaryimage\"},\"thumbnailUrl\":\"https:\\\/\\\/www.wiredworkers.io\\\/wp-content\\\/uploads\\\/2022\\\/06\\\/cobotpalletizer_gallery2-e1655215860851.jpg\",\"datePublished\":\"2023-05-11T08:51:00+00:00\",\"dateModified\":\"2024-10-30T12:26:58+00:00\",\"description\":\"Die Palettierung kann mit kollaborierenden Robotern effizienter gestaltet werden. Die Kartons werden mit elektrischen Vakuumgreifern aufgenommen und auf Paletten abgesetzt.\",\"breadcrumb\":{\"@id\":\"https:\\\/\\\/www.wiredworkers.io\\\/de\\\/cobot\\\/anwendungen\\\/palettieren\\\/#breadcrumb\"},\"inLanguage\":\"de\",\"potentialAction\":[{\"@type\":\"ReadAction\",\"target\":[\"https:\\\/\\\/www.wiredworkers.io\\\/de\\\/cobot\\\/anwendungen\\\/palettieren\\\/\"]}]},{\"@type\":\"ImageObject\",\"inLanguage\":\"de\",\"@id\":\"https:\\\/\\\/www.wiredworkers.io\\\/de\\\/cobot\\\/anwendungen\\\/palettieren\\\/#primaryimage\",\"url\":\"https:\\\/\\\/www.wiredworkers.io\\\/wp-content\\\/uploads\\\/2022\\\/06\\\/cobotpalletizer_gallery2-e1655215860851.jpg\",\"contentUrl\":\"https:\\\/\\\/www.wiredworkers.io\\\/wp-content\\\/uploads\\\/2022\\\/06\\\/cobotpalletizer_gallery2-e1655215860851.jpg\",\"width\":599,\"height\":598},{\"@type\":\"BreadcrumbList\",\"@id\":\"https:\\\/\\\/www.wiredworkers.io\\\/de\\\/cobot\\\/anwendungen\\\/palettieren\\\/#breadcrumb\",\"itemListElement\":[{\"@type\":\"ListItem\",\"position\":1,\"name\":\"WiredWorkers\",\"item\":\"https:\\\/\\\/www.wiredworkers.io\\\/de\\\/\"},{\"@type\":\"ListItem\",\"position\":2,\"name\":\"Cobot\",\"item\":\"https:\\\/\\\/www.wiredworkers.io\\\/de\\\/cobot\\\/\"},{\"@type\":\"ListItem\",\"position\":3,\"name\":\"Anwendungen\",\"item\":\"https:\\\/\\\/www.wiredworkers.io\\\/de\\\/cobot\\\/applications\\\/\"},{\"@type\":\"ListItem\",\"position\":4,\"name\":\"Palettieren\"}]},{\"@type\":\"WebSite\",\"@id\":\"https:\\\/\\\/www.wiredworkers.io\\\/de\\\/#website\",\"url\":\"https:\\\/\\\/www.wiredworkers.io\\\/de\\\/\",\"name\":\"WiredWorkers\",\"description\":\"Robotics at your service\",\"publisher\":{\"@id\":\"https:\\\/\\\/www.wiredworkers.io\\\/de\\\/#organization\"},\"potentialAction\":[{\"@type\":\"SearchAction\",\"target\":{\"@type\":\"EntryPoint\",\"urlTemplate\":\"https:\\\/\\\/www.wiredworkers.io\\\/de\\\/?s={search_term_string}\"},\"query-input\":{\"@type\":\"PropertyValueSpecification\",\"valueRequired\":true,\"valueName\":\"search_term_string\"}}],\"inLanguage\":\"de\"},{\"@type\":\"Organization\",\"@id\":\"https:\\\/\\\/www.wiredworkers.io\\\/de\\\/#organization\",\"name\":\"WiredWorkers Nederland B.V.\",\"url\":\"https:\\\/\\\/www.wiredworkers.io\\\/de\\\/\",\"logo\":{\"@type\":\"ImageObject\",\"inLanguage\":\"de\",\"@id\":\"https:\\\/\\\/www.wiredworkers.io\\\/de\\\/#\\\/schema\\\/logo\\\/image\\\/\",\"url\":\"https:\\\/\\\/www.wiredworkers.io\\\/wp-content\\\/uploads\\\/2018\\\/06\\\/wiredworkers-company-logo.jpg\",\"contentUrl\":\"https:\\\/\\\/www.wiredworkers.io\\\/wp-content\\\/uploads\\\/2018\\\/06\\\/wiredworkers-company-logo.jpg\",\"width\":1082,\"height\":714,\"caption\":\"WiredWorkers Nederland B.V.\"},\"image\":{\"@id\":\"https:\\\/\\\/www.wiredworkers.io\\\/de\\\/#\\\/schema\\\/logo\\\/image\\\/\"},\"sameAs\":[\"https:\\\/\\\/www.facebook.com\\\/WiredWorkers\",\"https:\\\/\\\/www.linkedin.com\\\/company\\\/wiredworkers\\\/\"]}]}<\/script>\n<!-- \/ Yoast SEO plugin. -->","yoast_head_json":{"title":"Palettieren mit einem Cobot | WiredWorkers","description":"Die Palettierung kann mit kollaborierenden Robotern effizienter gestaltet werden. Die Kartons werden mit elektrischen Vakuumgreifern aufgenommen und auf Paletten abgesetzt.","robots":{"index":"index","follow":"follow","max-snippet":"max-snippet:-1","max-image-preview":"max-image-preview:large","max-video-preview":"max-video-preview:-1"},"canonical":"https:\/\/www.wiredworkers.io\/de\/cobot\/anwendungen\/palettieren\/","og_locale":"de_DE","og_type":"article","og_title":"Palettieren mit einem Cobot | WiredWorkers","og_description":"Die Palettierung kann mit kollaborierenden Robotern effizienter gestaltet werden. Die Kartons werden mit elektrischen Vakuumgreifern aufgenommen und auf Paletten abgesetzt.","og_url":"https:\/\/www.wiredworkers.io\/de\/cobot\/anwendungen\/palettieren\/","og_site_name":"WiredWorkers","article_publisher":"https:\/\/www.facebook.com\/WiredWorkers","article_modified_time":"2024-10-30T12:26:58+00:00","og_image":[{"width":599,"height":598,"url":"https:\/\/www.wiredworkers.io\/wp-content\/uploads\/2022\/06\/cobotpalletizer_gallery2-e1655215860851.jpg","type":"image\/jpeg"}],"twitter_card":"summary_large_image","schema":{"@context":"https:\/\/schema.org","@graph":[{"@type":"WebPage","@id":"https:\/\/www.wiredworkers.io\/de\/cobot\/anwendungen\/palettieren\/","url":"https:\/\/www.wiredworkers.io\/de\/cobot\/anwendungen\/palettieren\/","name":"Palettieren mit einem Cobot | WiredWorkers","isPartOf":{"@id":"https:\/\/www.wiredworkers.io\/de\/#website"},"primaryImageOfPage":{"@id":"https:\/\/www.wiredworkers.io\/de\/cobot\/anwendungen\/palettieren\/#primaryimage"},"image":{"@id":"https:\/\/www.wiredworkers.io\/de\/cobot\/anwendungen\/palettieren\/#primaryimage"},"thumbnailUrl":"https:\/\/www.wiredworkers.io\/wp-content\/uploads\/2022\/06\/cobotpalletizer_gallery2-e1655215860851.jpg","datePublished":"2023-05-11T08:51:00+00:00","dateModified":"2024-10-30T12:26:58+00:00","description":"Die Palettierung kann mit kollaborierenden Robotern effizienter gestaltet werden. Die Kartons werden mit elektrischen Vakuumgreifern aufgenommen und auf Paletten abgesetzt.","breadcrumb":{"@id":"https:\/\/www.wiredworkers.io\/de\/cobot\/anwendungen\/palettieren\/#breadcrumb"},"inLanguage":"de","potentialAction":[{"@type":"ReadAction","target":["https:\/\/www.wiredworkers.io\/de\/cobot\/anwendungen\/palettieren\/"]}]},{"@type":"ImageObject","inLanguage":"de","@id":"https:\/\/www.wiredworkers.io\/de\/cobot\/anwendungen\/palettieren\/#primaryimage","url":"https:\/\/www.wiredworkers.io\/wp-content\/uploads\/2022\/06\/cobotpalletizer_gallery2-e1655215860851.jpg","contentUrl":"https:\/\/www.wiredworkers.io\/wp-content\/uploads\/2022\/06\/cobotpalletizer_gallery2-e1655215860851.jpg","width":599,"height":598},{"@type":"BreadcrumbList","@id":"https:\/\/www.wiredworkers.io\/de\/cobot\/anwendungen\/palettieren\/#breadcrumb","itemListElement":[{"@type":"ListItem","position":1,"name":"WiredWorkers","item":"https:\/\/www.wiredworkers.io\/de\/"},{"@type":"ListItem","position":2,"name":"Cobot","item":"https:\/\/www.wiredworkers.io\/de\/cobot\/"},{"@type":"ListItem","position":3,"name":"Anwendungen","item":"https:\/\/www.wiredworkers.io\/de\/cobot\/applications\/"},{"@type":"ListItem","position":4,"name":"Palettieren"}]},{"@type":"WebSite","@id":"https:\/\/www.wiredworkers.io\/de\/#website","url":"https:\/\/www.wiredworkers.io\/de\/","name":"WiredWorkers","description":"Robotics at your service","publisher":{"@id":"https:\/\/www.wiredworkers.io\/de\/#organization"},"potentialAction":[{"@type":"SearchAction","target":{"@type":"EntryPoint","urlTemplate":"https:\/\/www.wiredworkers.io\/de\/?s={search_term_string}"},"query-input":{"@type":"PropertyValueSpecification","valueRequired":true,"valueName":"search_term_string"}}],"inLanguage":"de"},{"@type":"Organization","@id":"https:\/\/www.wiredworkers.io\/de\/#organization","name":"WiredWorkers Nederland B.V.","url":"https:\/\/www.wiredworkers.io\/de\/","logo":{"@type":"ImageObject","inLanguage":"de","@id":"https:\/\/www.wiredworkers.io\/de\/#\/schema\/logo\/image\/","url":"https:\/\/www.wiredworkers.io\/wp-content\/uploads\/2018\/06\/wiredworkers-company-logo.jpg","contentUrl":"https:\/\/www.wiredworkers.io\/wp-content\/uploads\/2018\/06\/wiredworkers-company-logo.jpg","width":1082,"height":714,"caption":"WiredWorkers Nederland B.V."},"image":{"@id":"https:\/\/www.wiredworkers.io\/de\/#\/schema\/logo\/image\/"},"sameAs":["https:\/\/www.facebook.com\/WiredWorkers","https:\/\/www.linkedin.com\/company\/wiredworkers\/"]}]}},"_links":{"self":[{"href":"https:\/\/www.wiredworkers.io\/de\/wp-json\/wp\/v2\/pages\/21438","targetHints":{"allow":["GET"]}}],"collection":[{"href":"https:\/\/www.wiredworkers.io\/de\/wp-json\/wp\/v2\/pages"}],"about":[{"href":"https:\/\/www.wiredworkers.io\/de\/wp-json\/wp\/v2\/types\/page"}],"author":[{"embeddable":true,"href":"https:\/\/www.wiredworkers.io\/de\/wp-json\/wp\/v2\/users\/3"}],"replies":[{"embeddable":true,"href":"https:\/\/www.wiredworkers.io\/de\/wp-json\/wp\/v2\/comments?post=21438"}],"version-history":[{"count":4,"href":"https:\/\/www.wiredworkers.io\/de\/wp-json\/wp\/v2\/pages\/21438\/revisions"}],"predecessor-version":[{"id":24317,"href":"https:\/\/www.wiredworkers.io\/de\/wp-json\/wp\/v2\/pages\/21438\/revisions\/24317"}],"up":[{"embeddable":true,"href":"https:\/\/www.wiredworkers.io\/de\/wp-json\/wp\/v2\/pages\/21464"}],"wp:featuredmedia":[{"embeddable":true,"href":"https:\/\/www.wiredworkers.io\/de\/wp-json\/wp\/v2\/media\/21216"}],"wp:attachment":[{"href":"https:\/\/www.wiredworkers.io\/de\/wp-json\/wp\/v2\/media?parent=21438"}],"wp:term":[{"taxonomy":"category","embeddable":true,"href":"https:\/\/www.wiredworkers.io\/de\/wp-json\/wp\/v2\/categories?post=21438"},{"taxonomy":"post_tag","embeddable":true,"href":"https:\/\/www.wiredworkers.io\/de\/wp-json\/wp\/v2\/tags?post=21438"}],"curies":[{"name":"wp","href":"https:\/\/api.w.org\/{rel}","templated":true}]}}