{"id":21447,"date":"2023-05-11T11:16:42","date_gmt":"2023-05-11T09:16:42","guid":{"rendered":"https:\/\/wiredworkers.io\/kleben-und-dichten\/"},"modified":"2023-05-11T16:34:17","modified_gmt":"2023-05-11T14:34:17","slug":"kleben-und-dichten","status":"publish","type":"page","link":"https:\/\/www.wiredworkers.io\/de\/cobot\/anwendungen\/kleben-und-dichten\/","title":{"rendered":"Kleben und Dichten"},"content":{"rendered":"","protected":false},"excerpt":{"rendered":"","protected":false},"author":3,"featured_media":20978,"parent":21464,"menu_order":5,"comment_status":"closed","ping_status":"closed","template":"","meta":{"_acf_changed":false,"site-sidebar-layout":"default","site-content-layout":"default","ast-site-content-layout":"default","site-content-style":"default","site-sidebar-style":"default","ast-global-header-display":"","ast-banner-title-visibility":"","ast-main-header-display":"","ast-hfb-above-header-display":"","ast-hfb-below-header-display":"","ast-hfb-mobile-header-display":"","site-post-title":"","ast-breadcrumbs-content":"","ast-featured-img":"disabled","footer-sml-layout":"","ast-disable-related-posts":"","theme-transparent-header-meta":"default","adv-header-id-meta":"","stick-header-meta":"default","header-above-stick-meta":"","header-main-stick-meta":"","header-below-stick-meta":"","astra-migrate-meta-layouts":"default","ast-page-background-enabled":"default","ast-page-background-meta":{"desktop":{"background-color":"","background-image":"","background-repeat":"repeat","background-position":"center center","background-size":"auto","background-attachment":"scroll","background-type":"","background-media":"","overlay-type":"","overlay-color":"","overlay-opacity":"","overlay-gradient":""},"tablet":{"background-color":"","background-image":"","background-repeat":"repeat","background-position":"center center","background-size":"auto","background-attachment":"scroll","background-type":"","background-media":"","overlay-type":"","overlay-color":"","overlay-opacity":"","overlay-gradient":""},"mobile":{"background-color":"","background-image":"","background-repeat":"repeat","background-position":"center center","background-size":"auto","background-attachment":"scroll","background-type":"","background-media":"","overlay-type":"","overlay-color":"","overlay-opacity":"","overlay-gradient":""}},"ast-content-background-meta":{"desktop":{"background-color":"var(--ast-global-color-5)","background-image":"","background-repeat":"repeat","background-position":"center center","background-size":"auto","background-attachment":"scroll","background-type":"","background-media":"","overlay-type":"","overlay-color":"","overlay-opacity":"","overlay-gradient":""},"tablet":{"background-color":"var(--ast-global-color-5)","background-image":"","background-repeat":"repeat","background-position":"center center","background-size":"auto","background-attachment":"scroll","background-type":"","background-media":"","overlay-type":"","overlay-color":"","overlay-opacity":"","overlay-gradient":""},"mobile":{"background-color":"var(--ast-global-color-5)","background-image":"","background-repeat":"repeat","background-position":"center center","background-size":"auto","background-attachment":"scroll","background-type":"","background-media":"","overlay-type":"","overlay-color":"","overlay-opacity":"","overlay-gradient":""}},"footnotes":""},"categories":[556],"tags":[],"class_list":["post-21447","page","type-page","status-publish","has-post-thumbnail","hentry","category-anwendungen"],"acf":[],"yoast_head":"<!-- This site is optimized with the Yoast SEO plugin v27.3 - https:\/\/yoast.com\/product\/yoast-seo-wordpress\/ -->\n<title>Kleben und Dichten mit einem Cobot | Kollaboratives Roboterkleben und -dichten<\/title>\n<meta name=\"description\" content=\"F\u00fcr das Kleben und Abdichten von Gegenst\u00e4nden sind Cobots eine ideale L\u00f6sung. Der Kleb- oder Dichtstoff wird gleichm\u00e4\u00dfig verteilt, was zu einem minimalen Produktverlust f\u00fchrt.\" \/>\n<meta name=\"robots\" content=\"index, follow, max-snippet:-1, max-image-preview:large, max-video-preview:-1\" \/>\n<link rel=\"canonical\" href=\"https:\/\/www.wiredworkers.io\/de\/cobot\/anwendungen\/kleben-und-dichten\/\" \/>\n<meta property=\"og:locale\" content=\"de_DE\" \/>\n<meta property=\"og:type\" content=\"article\" \/>\n<meta property=\"og:title\" content=\"Kleben und Dichten mit einem Cobot | Kollaboratives Roboterkleben und -dichten\" \/>\n<meta property=\"og:description\" content=\"F\u00fcr das Kleben und Abdichten von Gegenst\u00e4nden sind Cobots eine ideale L\u00f6sung. Der Kleb- oder Dichtstoff wird gleichm\u00e4\u00dfig verteilt, was zu einem minimalen Produktverlust f\u00fchrt.\" \/>\n<meta property=\"og:url\" content=\"https:\/\/www.wiredworkers.io\/de\/cobot\/anwendungen\/kleben-und-dichten\/\" \/>\n<meta property=\"og:site_name\" content=\"WiredWorkers\" \/>\n<meta property=\"article:publisher\" content=\"https:\/\/www.facebook.com\/WiredWorkers\" \/>\n<meta property=\"article:modified_time\" content=\"2023-05-11T14:34:17+00:00\" \/>\n<meta property=\"og:image\" content=\"https:\/\/www.wiredworkers.io\/wp-content\/uploads\/2021\/06\/Ontwerp-zonder-titel-13.png\" \/>\n\t<meta property=\"og:image:width\" content=\"331\" \/>\n\t<meta property=\"og:image:height\" content=\"237\" \/>\n\t<meta property=\"og:image:type\" content=\"image\/png\" \/>\n<meta name=\"twitter:card\" content=\"summary_large_image\" \/>\n<script type=\"application\/ld+json\" class=\"yoast-schema-graph\">{\"@context\":\"https:\\\/\\\/schema.org\",\"@graph\":[{\"@type\":\"WebPage\",\"@id\":\"https:\\\/\\\/www.wiredworkers.io\\\/de\\\/cobot\\\/anwendungen\\\/kleben-und-dichten\\\/\",\"url\":\"https:\\\/\\\/www.wiredworkers.io\\\/de\\\/cobot\\\/anwendungen\\\/kleben-und-dichten\\\/\",\"name\":\"Kleben und Dichten mit einem Cobot | Kollaboratives Roboterkleben und -dichten\",\"isPartOf\":{\"@id\":\"https:\\\/\\\/www.wiredworkers.io\\\/de\\\/#website\"},\"primaryImageOfPage\":{\"@id\":\"https:\\\/\\\/www.wiredworkers.io\\\/de\\\/cobot\\\/anwendungen\\\/kleben-und-dichten\\\/#primaryimage\"},\"image\":{\"@id\":\"https:\\\/\\\/www.wiredworkers.io\\\/de\\\/cobot\\\/anwendungen\\\/kleben-und-dichten\\\/#primaryimage\"},\"thumbnailUrl\":\"https:\\\/\\\/www.wiredworkers.io\\\/wp-content\\\/uploads\\\/2021\\\/06\\\/Ontwerp-zonder-titel-13.png\",\"datePublished\":\"2023-05-11T09:16:42+00:00\",\"dateModified\":\"2023-05-11T14:34:17+00:00\",\"description\":\"F\u00fcr das Kleben und Abdichten von Gegenst\u00e4nden sind Cobots eine ideale L\u00f6sung. Der Kleb- oder Dichtstoff wird gleichm\u00e4\u00dfig verteilt, was zu einem minimalen Produktverlust f\u00fchrt.\",\"breadcrumb\":{\"@id\":\"https:\\\/\\\/www.wiredworkers.io\\\/de\\\/cobot\\\/anwendungen\\\/kleben-und-dichten\\\/#breadcrumb\"},\"inLanguage\":\"de\",\"potentialAction\":[{\"@type\":\"ReadAction\",\"target\":[\"https:\\\/\\\/www.wiredworkers.io\\\/de\\\/cobot\\\/anwendungen\\\/kleben-und-dichten\\\/\"]}]},{\"@type\":\"ImageObject\",\"inLanguage\":\"de\",\"@id\":\"https:\\\/\\\/www.wiredworkers.io\\\/de\\\/cobot\\\/anwendungen\\\/kleben-und-dichten\\\/#primaryimage\",\"url\":\"https:\\\/\\\/www.wiredworkers.io\\\/wp-content\\\/uploads\\\/2021\\\/06\\\/Ontwerp-zonder-titel-13.png\",\"contentUrl\":\"https:\\\/\\\/www.wiredworkers.io\\\/wp-content\\\/uploads\\\/2021\\\/06\\\/Ontwerp-zonder-titel-13.png\",\"width\":331,\"height\":237},{\"@type\":\"BreadcrumbList\",\"@id\":\"https:\\\/\\\/www.wiredworkers.io\\\/de\\\/cobot\\\/anwendungen\\\/kleben-und-dichten\\\/#breadcrumb\",\"itemListElement\":[{\"@type\":\"ListItem\",\"position\":1,\"name\":\"WiredWorkers\",\"item\":\"https:\\\/\\\/www.wiredworkers.io\\\/de\\\/\"},{\"@type\":\"ListItem\",\"position\":2,\"name\":\"Cobot\",\"item\":\"https:\\\/\\\/www.wiredworkers.io\\\/de\\\/cobot\\\/\"},{\"@type\":\"ListItem\",\"position\":3,\"name\":\"Anwendungen\",\"item\":\"https:\\\/\\\/www.wiredworkers.io\\\/de\\\/cobot\\\/applications\\\/\"},{\"@type\":\"ListItem\",\"position\":4,\"name\":\"Kleben und Dichten\"}]},{\"@type\":\"WebSite\",\"@id\":\"https:\\\/\\\/www.wiredworkers.io\\\/de\\\/#website\",\"url\":\"https:\\\/\\\/www.wiredworkers.io\\\/de\\\/\",\"name\":\"WiredWorkers\",\"description\":\"Robotics at your service\",\"publisher\":{\"@id\":\"https:\\\/\\\/www.wiredworkers.io\\\/de\\\/#organization\"},\"potentialAction\":[{\"@type\":\"SearchAction\",\"target\":{\"@type\":\"EntryPoint\",\"urlTemplate\":\"https:\\\/\\\/www.wiredworkers.io\\\/de\\\/?s={search_term_string}\"},\"query-input\":{\"@type\":\"PropertyValueSpecification\",\"valueRequired\":true,\"valueName\":\"search_term_string\"}}],\"inLanguage\":\"de\"},{\"@type\":\"Organization\",\"@id\":\"https:\\\/\\\/www.wiredworkers.io\\\/de\\\/#organization\",\"name\":\"WiredWorkers Nederland B.V.\",\"url\":\"https:\\\/\\\/www.wiredworkers.io\\\/de\\\/\",\"logo\":{\"@type\":\"ImageObject\",\"inLanguage\":\"de\",\"@id\":\"https:\\\/\\\/www.wiredworkers.io\\\/de\\\/#\\\/schema\\\/logo\\\/image\\\/\",\"url\":\"https:\\\/\\\/www.wiredworkers.io\\\/wp-content\\\/uploads\\\/2018\\\/06\\\/wiredworkers-company-logo.jpg\",\"contentUrl\":\"https:\\\/\\\/www.wiredworkers.io\\\/wp-content\\\/uploads\\\/2018\\\/06\\\/wiredworkers-company-logo.jpg\",\"width\":1082,\"height\":714,\"caption\":\"WiredWorkers Nederland B.V.\"},\"image\":{\"@id\":\"https:\\\/\\\/www.wiredworkers.io\\\/de\\\/#\\\/schema\\\/logo\\\/image\\\/\"},\"sameAs\":[\"https:\\\/\\\/www.facebook.com\\\/WiredWorkers\",\"https:\\\/\\\/www.linkedin.com\\\/company\\\/wiredworkers\\\/\"]}]}<\/script>\n<!-- \/ Yoast SEO plugin. -->","yoast_head_json":{"title":"Kleben und Dichten mit einem Cobot | Kollaboratives Roboterkleben und -dichten","description":"F\u00fcr das Kleben und Abdichten von Gegenst\u00e4nden sind Cobots eine ideale L\u00f6sung. Der Kleb- oder Dichtstoff wird gleichm\u00e4\u00dfig verteilt, was zu einem minimalen Produktverlust f\u00fchrt.","robots":{"index":"index","follow":"follow","max-snippet":"max-snippet:-1","max-image-preview":"max-image-preview:large","max-video-preview":"max-video-preview:-1"},"canonical":"https:\/\/www.wiredworkers.io\/de\/cobot\/anwendungen\/kleben-und-dichten\/","og_locale":"de_DE","og_type":"article","og_title":"Kleben und Dichten mit einem Cobot | Kollaboratives Roboterkleben und -dichten","og_description":"F\u00fcr das Kleben und Abdichten von Gegenst\u00e4nden sind Cobots eine ideale L\u00f6sung. Der Kleb- oder Dichtstoff wird gleichm\u00e4\u00dfig verteilt, was zu einem minimalen Produktverlust f\u00fchrt.","og_url":"https:\/\/www.wiredworkers.io\/de\/cobot\/anwendungen\/kleben-und-dichten\/","og_site_name":"WiredWorkers","article_publisher":"https:\/\/www.facebook.com\/WiredWorkers","article_modified_time":"2023-05-11T14:34:17+00:00","og_image":[{"width":331,"height":237,"url":"https:\/\/www.wiredworkers.io\/wp-content\/uploads\/2021\/06\/Ontwerp-zonder-titel-13.png","type":"image\/png"}],"twitter_card":"summary_large_image","schema":{"@context":"https:\/\/schema.org","@graph":[{"@type":"WebPage","@id":"https:\/\/www.wiredworkers.io\/de\/cobot\/anwendungen\/kleben-und-dichten\/","url":"https:\/\/www.wiredworkers.io\/de\/cobot\/anwendungen\/kleben-und-dichten\/","name":"Kleben und Dichten mit einem Cobot | Kollaboratives Roboterkleben und -dichten","isPartOf":{"@id":"https:\/\/www.wiredworkers.io\/de\/#website"},"primaryImageOfPage":{"@id":"https:\/\/www.wiredworkers.io\/de\/cobot\/anwendungen\/kleben-und-dichten\/#primaryimage"},"image":{"@id":"https:\/\/www.wiredworkers.io\/de\/cobot\/anwendungen\/kleben-und-dichten\/#primaryimage"},"thumbnailUrl":"https:\/\/www.wiredworkers.io\/wp-content\/uploads\/2021\/06\/Ontwerp-zonder-titel-13.png","datePublished":"2023-05-11T09:16:42+00:00","dateModified":"2023-05-11T14:34:17+00:00","description":"F\u00fcr das Kleben und Abdichten von Gegenst\u00e4nden sind Cobots eine ideale L\u00f6sung. Der Kleb- oder Dichtstoff wird gleichm\u00e4\u00dfig verteilt, was zu einem minimalen Produktverlust f\u00fchrt.","breadcrumb":{"@id":"https:\/\/www.wiredworkers.io\/de\/cobot\/anwendungen\/kleben-und-dichten\/#breadcrumb"},"inLanguage":"de","potentialAction":[{"@type":"ReadAction","target":["https:\/\/www.wiredworkers.io\/de\/cobot\/anwendungen\/kleben-und-dichten\/"]}]},{"@type":"ImageObject","inLanguage":"de","@id":"https:\/\/www.wiredworkers.io\/de\/cobot\/anwendungen\/kleben-und-dichten\/#primaryimage","url":"https:\/\/www.wiredworkers.io\/wp-content\/uploads\/2021\/06\/Ontwerp-zonder-titel-13.png","contentUrl":"https:\/\/www.wiredworkers.io\/wp-content\/uploads\/2021\/06\/Ontwerp-zonder-titel-13.png","width":331,"height":237},{"@type":"BreadcrumbList","@id":"https:\/\/www.wiredworkers.io\/de\/cobot\/anwendungen\/kleben-und-dichten\/#breadcrumb","itemListElement":[{"@type":"ListItem","position":1,"name":"WiredWorkers","item":"https:\/\/www.wiredworkers.io\/de\/"},{"@type":"ListItem","position":2,"name":"Cobot","item":"https:\/\/www.wiredworkers.io\/de\/cobot\/"},{"@type":"ListItem","position":3,"name":"Anwendungen","item":"https:\/\/www.wiredworkers.io\/de\/cobot\/applications\/"},{"@type":"ListItem","position":4,"name":"Kleben und Dichten"}]},{"@type":"WebSite","@id":"https:\/\/www.wiredworkers.io\/de\/#website","url":"https:\/\/www.wiredworkers.io\/de\/","name":"WiredWorkers","description":"Robotics at your service","publisher":{"@id":"https:\/\/www.wiredworkers.io\/de\/#organization"},"potentialAction":[{"@type":"SearchAction","target":{"@type":"EntryPoint","urlTemplate":"https:\/\/www.wiredworkers.io\/de\/?s={search_term_string}"},"query-input":{"@type":"PropertyValueSpecification","valueRequired":true,"valueName":"search_term_string"}}],"inLanguage":"de"},{"@type":"Organization","@id":"https:\/\/www.wiredworkers.io\/de\/#organization","name":"WiredWorkers Nederland B.V.","url":"https:\/\/www.wiredworkers.io\/de\/","logo":{"@type":"ImageObject","inLanguage":"de","@id":"https:\/\/www.wiredworkers.io\/de\/#\/schema\/logo\/image\/","url":"https:\/\/www.wiredworkers.io\/wp-content\/uploads\/2018\/06\/wiredworkers-company-logo.jpg","contentUrl":"https:\/\/www.wiredworkers.io\/wp-content\/uploads\/2018\/06\/wiredworkers-company-logo.jpg","width":1082,"height":714,"caption":"WiredWorkers Nederland B.V."},"image":{"@id":"https:\/\/www.wiredworkers.io\/de\/#\/schema\/logo\/image\/"},"sameAs":["https:\/\/www.facebook.com\/WiredWorkers","https:\/\/www.linkedin.com\/company\/wiredworkers\/"]}]}},"_links":{"self":[{"href":"https:\/\/www.wiredworkers.io\/de\/wp-json\/wp\/v2\/pages\/21447","targetHints":{"allow":["GET"]}}],"collection":[{"href":"https:\/\/www.wiredworkers.io\/de\/wp-json\/wp\/v2\/pages"}],"about":[{"href":"https:\/\/www.wiredworkers.io\/de\/wp-json\/wp\/v2\/types\/page"}],"author":[{"embeddable":true,"href":"https:\/\/www.wiredworkers.io\/de\/wp-json\/wp\/v2\/users\/3"}],"replies":[{"embeddable":true,"href":"https:\/\/www.wiredworkers.io\/de\/wp-json\/wp\/v2\/comments?post=21447"}],"version-history":[{"count":2,"href":"https:\/\/www.wiredworkers.io\/de\/wp-json\/wp\/v2\/pages\/21447\/revisions"}],"predecessor-version":[{"id":21476,"href":"https:\/\/www.wiredworkers.io\/de\/wp-json\/wp\/v2\/pages\/21447\/revisions\/21476"}],"up":[{"embeddable":true,"href":"https:\/\/www.wiredworkers.io\/de\/wp-json\/wp\/v2\/pages\/21464"}],"wp:featuredmedia":[{"embeddable":true,"href":"https:\/\/www.wiredworkers.io\/de\/wp-json\/wp\/v2\/media\/20978"}],"wp:attachment":[{"href":"https:\/\/www.wiredworkers.io\/de\/wp-json\/wp\/v2\/media?parent=21447"}],"wp:term":[{"taxonomy":"category","embeddable":true,"href":"https:\/\/www.wiredworkers.io\/de\/wp-json\/wp\/v2\/categories?post=21447"},{"taxonomy":"post_tag","embeddable":true,"href":"https:\/\/www.wiredworkers.io\/de\/wp-json\/wp\/v2\/tags?post=21447"}],"curies":[{"name":"wp","href":"https:\/\/api.w.org\/{rel}","templated":true}]}}