{"id":21452,"date":"2023-05-11T11:40:38","date_gmt":"2023-05-11T09:40:38","guid":{"rendered":"https:\/\/wiredworkers.io\/schweissen\/"},"modified":"2024-05-02T14:19:40","modified_gmt":"2024-05-02T12:19:40","slug":"schweissen","status":"publish","type":"page","link":"https:\/\/www.wiredworkers.io\/de\/cobot\/anwendungen\/schweissen\/","title":{"rendered":"Schwei\u00dfen"},"content":{"rendered":"\n\n\t<nav id=\"breadcrumbs\" aria-label=\"Breadcrumbs\"><a href=\"https:\/\/www.wiredworkers.io\/de\/\">WiredWorkers<\/a> \u279c <a href=\"https:\/\/www.wiredworkers.io\/de\/cobot\/\">Cobot<\/a> \u279c <a href=\"https:\/\/www.wiredworkers.io\/de\/cobot\/applications\/\">Anwendungen<\/a> \u279c Schwei\u00dfen<\/nav><h1>\n\t\tSchwei\u00dfen mit einem Cobot\n\t<\/h1>\n\t<p>Schwei\u00dfen ist eine Aufgabe, die mit \u00e4u\u00dferster Pr\u00e4zision ausgef\u00fchrt werden muss. Cobots sind pr\u00e4ziser als Menschen und liefern daher eine gleichm\u00e4\u00dfigere Qualit\u00e4t. Cobots k\u00f6nnen in einer Vielzahl von Anwendungen schwei\u00dfen. Denken Sie an Mig\/Mag, Tig, Punktschwei\u00dfen, Lichtbogenschwei\u00dfen, Ultraschallschwei\u00dfen und Plasmaschwei\u00dfen.<\/p>\n\t\t\t<a href=\"https:\/\/www.wiredworkers.io\/de\/kostenlose-cobot-beratung\/\" target=\"_self\" rel=\"noopener\">\n\t\t\t\t\t\t\tKostenlose Online-Beratung\n\t\t\t<\/a>\n\t\t\t<a href=\"https:\/\/www.wiredworkers.io\/de\/kontakt\/\" target=\"_self\" rel=\"noopener\">\n\t\t\t\t\t\t\tKontakt?\n\t\t\t<\/a>\n<h2>\n\t\tSchwei\u00dfen mit einem kollaborierenden Roboter\n\t<\/h2>\n\t<p>F\u00fcr Schwei\u00dfprodukte k\u00f6nnen Sie einen kollaborierenden Roboter verwenden, um eine Schwei\u00dfanwendung schnell und einfach zu automatisieren. Indem man einen Schwei\u00dfbrenner an den Roboter anschlie\u00dft und ihn dann entlang des gew\u00fcnschten Pfades fahren l\u00e4sst, werden pr\u00e4zise Schwei\u00dfn\u00e4hte erzeugt. Der Cobot bewegt sich immer mit der gew\u00fcnschten Geschwindigkeit und ist auf 0,1 mm genau. Auf diese Weise sorgt der Cobot f\u00fcr gleichbleibende, hochwertige Endprodukte. Im Vergleich zu einer herk\u00f6mmlichen Roboterzelle bietet der Cobot eine Reihe von Vorteilen. Er ist nicht so teuer in der Anschaffung, schnell zu installieren und mit einer Grundausbildung kann die Programmierung schnell erlernt werden. Auch ohne Programmiererfahrung. Au\u00dferdem kann er schnell auf eine neue Schwei\u00dfaufgabe umger\u00fcstet werden, was ideal f\u00fcr die Serienproduktion in kleinen St\u00fcckzahlen ist.<\/p>\n\t\t\t\t<img decoding=\"async\" data-src=\"https:\/\/www.wiredworkers.io\/wp-content\/uploads\/2023\/11\/Render-lascobot.jpg\" alt=\"Render lascobot\" itemprop=\"image\" height=\"1483\" width=\"1920\" title=\"Render lascobot\" onerror=\"this.style.display='none'\" src=\"data:image\/svg+xml;base64,PHN2ZyB3aWR0aD0iMSIgaGVpZ2h0PSIxIiB4bWxucz0iaHR0cDovL3d3dy53My5vcmcvMjAwMC9zdmciPjwvc3ZnPg==\" class=\"lazyload\" style=\"--smush-placeholder-width: 1920px; --smush-placeholder-aspect-ratio: 1920\/1483;\" \/>\n<h2>\n\t\tVideo Schwei\u00dfroboter\n\t<\/h2>\n\t<p>Sehen Sie sich das folgende Video \u00fcber den Schwei\u00dfroboter an, den wir bei Signify installiert haben.<\/p>\n\t<iframe title=\"Welding cobot at Signify | WiredWorkers\" width=\"500\" height=\"281\" data-src=\"https:\/\/www.youtube.com\/embed\/-NGgaapP7bc?feature=oembed\" frameborder=\"0\" allow=\"accelerometer; autoplay; clipboard-write; encrypted-media; gyroscope; picture-in-picture; web-share\" referrerpolicy=\"strict-origin-when-cross-origin\" allowfullscreen src=\"data:image\/svg+xml;base64,PHN2ZyB3aWR0aD0iMSIgaGVpZ2h0PSIxIiB4bWxucz0iaHR0cDovL3d3dy53My5vcmcvMjAwMC9zdmciPjwvc3ZnPg==\" class=\"lazyload\" data-load-mode=\"1\"><\/iframe>\n<h2>\n\t\tVorteile des Cobot-Schwei\u00dfens\n\t<\/h2>\n\t\t<ul>\n\t\t\t\t\t<li>\n\t\t\t\t<h4>Einsparung von Kosten<\/h4>\n\t\tSie sparen Personalkosten\t\t\t\n\t\t\t<\/li>\n\t\t\t\t\t<li>\n\t\t\t\t<h4>Steigerung der Produktivit\u00e4t<\/h4>\n\t\tDas Personal kann andere Aufgaben \u00fcbernehmen\t\t\t\n\t\t\t<\/li>\n\t\t\t\t\t<li>\n\t\t\t\t<h4>Volle Kapazit\u00e4t ausnutzen<\/h4>\n\t\tHolen Sie mehr aus Ihren Mitarbeitern heraus\t\t\t\n\t\t\t<\/li>\n\t\t\t\t\t<li>\n\t\t\t\t<h4>St\u00f6rungen vorbeugen<\/h4>\n\t\tVorbeugung von St\u00f6rungen bei Arbeitnehmern\t\t\t\n\t\t\t<\/li>\n\t\t\t\t\t<li>\n\t\t\t\t<h4>Kein Verlust der Konzentration<\/h4>\n\t\tRoboter werden nie die Konzentration verlieren\t\t\t\n\t\t\t<\/li>\n\t\t\t\t\t<li>\n\t\t\t\t<h4>Konstante Qualit\u00e4t der Ergebnisse<\/h4>\n\t\tRoboter liefern konsistente Qualit\u00e4t\t\t\t\n\t\t\t<\/li>\n\t\t\t\t<\/ul>\n\t\t\t\t<img decoding=\"async\" data-src=\"https:\/\/www.wiredworkers.io\/wp-content\/uploads\/2021\/07\/included-in-package_600x900.jpg\" alt=\"collaboratieve robot lassen\" itemprop=\"image\" height=\"900\" width=\"600\" title=\"included-in-package_600x900\" onerror=\"this.style.display='none'\" src=\"data:image\/svg+xml;base64,PHN2ZyB3aWR0aD0iMSIgaGVpZ2h0PSIxIiB4bWxucz0iaHR0cDovL3d3dy53My5vcmcvMjAwMC9zdmciPjwvc3ZnPg==\" class=\"lazyload\" style=\"--smush-placeholder-width: 600px; --smush-placeholder-aspect-ratio: 600\/900;\" \/>\n<h2>\n\t\tVervollst\u00e4ndigen Sie die Belegschaft\n\t<\/h2>\n\t<p>Schwei\u00dfen ist eine Aufgabe, die mit \u00e4u\u00dferster Pr\u00e4zision ausgef\u00fchrt werden muss. Aufgaben, die f\u00fcr Ihre Mitarbeiter langweilig oder aufgrund von Konzentrationsverlusten von unterschiedlicher Qualit\u00e4t sein k\u00f6nnen. Wenn Sie diese Aufgaben von einem Cobot \u00fcbernehmen lassen, k\u00f6nnen Sie sich nicht nur auf eine gleichbleibende Qualit\u00e4t verlassen, sondern auch die Produktivit\u00e4t steigern. Die Mitarbeiter haben die H\u00e4nde frei f\u00fcr andere Aufgaben, z. B. f\u00fcr die Vorarbeit, damit der Roboter die richtige Schwei\u00dfnaht liefert, oder f\u00fcr die anschlie\u00dfende Qualit\u00e4tskontrolle. Hinzu kommt, dass es einen verzweifelten Mangel an qualifiziertem Schwei\u00dfpersonal gibt. Cobots k\u00f6nnen dazu beitragen, diesen Mangel zu beheben, so dass Unternehmen in einem angespannten Arbeitsmarkt wettbewerbsf\u00e4hig bleiben k\u00f6nnen.<\/p>\n\t\t\t\t<img decoding=\"async\" data-src=\"https:\/\/www.wiredworkers.io\/wp-content\/uploads\/2022\/11\/Welding-cobot.jpg\" alt=\"cobot welding | cobot lassen\" itemprop=\"image\" height=\"1333\" width=\"2000\" title=\"Welding cobot\" onerror=\"this.style.display='none'\" src=\"data:image\/svg+xml;base64,PHN2ZyB3aWR0aD0iMSIgaGVpZ2h0PSIxIiB4bWxucz0iaHR0cDovL3d3dy53My5vcmcvMjAwMC9zdmciPjwvc3ZnPg==\" class=\"lazyload\" style=\"--smush-placeholder-width: 2000px; --smush-placeholder-aspect-ratio: 2000\/1333;\" \/>\n<h3>\n\t\tFinden Sie heraus, wie wir Ihre Produktion verbessern k\u00f6nnen\n\t<\/h3>\n\t<p>Buchen Sie eine kostenlose Online-Beratung mit unserem Automatisierungsspezialisten!<\/p>\n\t\t\t<a href=\"https:\/\/www.wiredworkers.io\/de\/kostenlose-cobot-beratung\/\" target=\"_self\" rel=\"noopener\">\n\t\t\t\t\t\t\tVideokonferenz vereinbaren\n\t\t\t<\/a>\n\t<h6>V\u00f6llig kostenlos und unverbindlich!<\/h6>\n<h2>\n\t\tAndere Anwendungen\n\t<\/h2>\n\t<meta itemscope itemprop=\"mainEntityOfPage\" itemtype=\"https:\/\/schema.org\/WebPage\" itemid=\"http:\/\/21455\" content=\"L\u00f6ten\" \/><meta itemprop=\"datePublished\" content=\"2023-05-11\" \/><meta itemprop=\"dateModified\" content=\"2023-05-11\" \/><meta itemprop=\"name\" content=\"WiredWorkers\"\/><meta itemprop=\"url\" content=\"https:\/\/www.wiredworkers.io\/wp-content\/uploads\/2018\/01\/cropped-wiredworkers-logo-white.png\"\/><meta itemprop=\"url\" content=\"https:\/\/www.wiredworkers.io\/de\/author\/robbinmennings\/\" \/><meta itemprop=\"name\" content=\"Robbin Mennings\" \/><meta itemprop=\"url\" content=\"https:\/\/www.wiredworkers.io\/wp-content\/uploads\/2022\/04\/UR-Soldering.jpg\" \/><meta itemprop=\"width\" content=\"600\" \/><meta itemprop=\"height\" content=\"650\" \/><meta itemprop=\"interactionType\" content=\"https:\/\/schema.org\/CommentAction\" \/><meta itemprop=\"userInteractionCount\" content=\"0\" \/>\n\t\t\t\t\t<a href=\"https:\/\/www.wiredworkers.io\/de\/cobot\/anwendungen\/loten\/\" title=\"L\u00f6ten\"><\/a>\n\t\t\t\t<img decoding=\"async\" src=\"https:\/\/www.wiredworkers.io\/wp-content\/uploads\/2022\/04\/UR-Soldering-350x250.jpg\" alt=\"UR Soldering\" itemprop=\"image\" data-no-lazy=\"1\" height=\"250\" width=\"350\" title=\"UR Soldering\" onerror=\"this.style.display='none'\"  \/>\n\t\t\t\t\t\t\t\t\t<h4 itemprop=\"headline\">\n\t\t\t\t\t\t\t\t\t\t\t\t\t\tL\u00f6ten\t\t\t\t\t\t\t\t\t\t\t<\/h4>\n\t<meta itemscope itemprop=\"mainEntityOfPage\" itemtype=\"https:\/\/schema.org\/WebPage\" itemid=\"http:\/\/21447\" content=\"Kleben und Dichten\" \/><meta itemprop=\"datePublished\" content=\"2023-05-11\" \/><meta itemprop=\"dateModified\" content=\"2023-05-11\" \/><meta itemprop=\"name\" content=\"WiredWorkers\"\/><meta itemprop=\"url\" content=\"https:\/\/www.wiredworkers.io\/wp-content\/uploads\/2018\/01\/cropped-wiredworkers-logo-white.png\"\/><meta itemprop=\"url\" content=\"https:\/\/www.wiredworkers.io\/de\/author\/robbinmennings\/\" \/><meta itemprop=\"name\" content=\"Robbin Mennings\" \/><meta itemprop=\"url\" content=\"https:\/\/www.wiredworkers.io\/wp-content\/uploads\/2021\/06\/Ontwerp-zonder-titel-13.png\" \/><meta itemprop=\"width\" content=\"331\" \/><meta itemprop=\"height\" content=\"237\" \/><meta itemprop=\"interactionType\" content=\"https:\/\/schema.org\/CommentAction\" \/><meta itemprop=\"userInteractionCount\" content=\"0\" \/>\n\t\t\t\t\t<a href=\"https:\/\/www.wiredworkers.io\/de\/cobot\/anwendungen\/kleben-und-dichten\/\" title=\"Kleben und Dichten\"><\/a>\n\t\t\t\t<img decoding=\"async\" src=\"https:\/\/www.wiredworkers.io\/wp-content\/uploads\/2021\/06\/Ontwerp-zonder-titel-13.png\" alt=\"Aim Robotics Cobot Dispenser\" itemprop=\"image\" data-no-lazy=\"1\" height=\"237\" width=\"331\" title=\"Aim Robotics Cobot Dispenser\" onerror=\"this.style.display='none'\"  \/>\n\t\t\t\t\t\t\t\t\t<h4 itemprop=\"headline\">\n\t\t\t\t\t\t\t\t\t\t\t\t\t\tKleben und Dichten\t\t\t\t\t\t\t\t\t\t\t<\/h4>\n\t<meta itemscope itemprop=\"mainEntityOfPage\" itemtype=\"https:\/\/schema.org\/WebPage\" itemid=\"http:\/\/21442\" content=\"Qualit\u00e4tspr\u00fcfung und Inspektion\" \/><meta itemprop=\"datePublished\" content=\"2023-05-11\" \/><meta itemprop=\"dateModified\" content=\"2023-05-11\" \/><meta itemprop=\"name\" content=\"WiredWorkers\"\/><meta itemprop=\"url\" content=\"https:\/\/www.wiredworkers.io\/wp-content\/uploads\/2018\/01\/cropped-wiredworkers-logo-white.png\"\/><meta itemprop=\"url\" content=\"https:\/\/www.wiredworkers.io\/de\/author\/robbinmennings\/\" \/><meta itemprop=\"name\" content=\"Robbin Mennings\" \/><meta itemprop=\"url\" content=\"https:\/\/www.wiredworkers.io\/wp-content\/uploads\/2022\/03\/Chip-Testing-thumbnail-e1646838731278.png\" \/><meta itemprop=\"width\" content=\"1701\" \/><meta itemprop=\"height\" content=\"1078\" \/><meta itemprop=\"interactionType\" content=\"https:\/\/schema.org\/CommentAction\" \/><meta itemprop=\"userInteractionCount\" content=\"0\" \/>\n\t\t\t\t\t<a href=\"https:\/\/www.wiredworkers.io\/de\/cobot\/anwendungen\/qualitatsprufung-und-inspektion\/\" title=\"Qualit\u00e4tspr\u00fcfung und Inspektion\"><\/a>\n\t\t\t\t<img decoding=\"async\" src=\"https:\/\/www.wiredworkers.io\/wp-content\/uploads\/2022\/03\/Chip-Testing-thumbnail-e1646838731278-350x250.png\" alt=\"Chip Testing thumbnail\" itemprop=\"image\" data-no-lazy=\"1\" height=\"250\" width=\"350\" title=\"Chip Testing thumbnail\" onerror=\"this.style.display='none'\"  \/>\n\t\t\t\t\t\t\t\t\t<h4 itemprop=\"headline\">\n\t\t\t\t\t\t\t\t\t\t\t\t\t\tQualit\u00e4tspr\u00fcfung und Inspektion\t\t\t\t\t\t\t\t\t\t\t<\/h4>\n\t\t\t\t<ul class='page-numbers'>\n\t<li>1<\/li>\n\t<li><a href=\"https:\/\/www.wiredworkers.io\/de\/page\/2\/?page_id=21452&#038;fl_builder\">2<\/a><\/li>\n\t<li><a href=\"https:\/\/www.wiredworkers.io\/de\/page\/3\/?page_id=21452&#038;fl_builder\">3<\/a><\/li>\n\t<li><a href=\"https:\/\/www.wiredworkers.io\/de\/page\/2\/?page_id=21452&#038;fl_builder\">Weiter &raquo;<\/a><\/li>\n<\/ul>\n\t\t<!-- .pp-content-posts -->\n\n","protected":false},"excerpt":{"rendered":"<p>WiredWorkers \u279c Cobot \u279c Anwendungen \u279c Schwei\u00dfen Schwei\u00dfen mit einem Cobot Schwei\u00dfen ist eine Aufgabe, die mit \u00e4u\u00dferster Pr\u00e4zision ausgef\u00fchrt werden muss. Cobots sind pr\u00e4ziser als Menschen und liefern daher eine gleichm\u00e4\u00dfigere Qualit\u00e4t. Cobots k\u00f6nnen in einer Vielzahl von Anwendungen schwei\u00dfen. Denken Sie an Mig\/Mag, Tig, Punktschwei\u00dfen, Lichtbogenschwei\u00dfen, Ultraschallschwei\u00dfen und Plasmaschwei\u00dfen. Kostenlose Online-Beratung Kontakt? Schwei\u00dfen [&hellip;]<\/p>\n","protected":false},"author":3,"featured_media":20983,"parent":21464,"menu_order":5,"comment_status":"closed","ping_status":"closed","template":"","meta":{"_acf_changed":false,"site-sidebar-layout":"default","site-content-layout":"default","ast-site-content-layout":"default","site-content-style":"default","site-sidebar-style":"default","ast-global-header-display":"","ast-banner-title-visibility":"","ast-main-header-display":"","ast-hfb-above-header-display":"","ast-hfb-below-header-display":"","ast-hfb-mobile-header-display":"","site-post-title":"","ast-breadcrumbs-content":"","ast-featured-img":"disabled","footer-sml-layout":"","ast-disable-related-posts":"","theme-transparent-header-meta":"default","adv-header-id-meta":"","stick-header-meta":"default","header-above-stick-meta":"","header-main-stick-meta":"","header-below-stick-meta":"","astra-migrate-meta-layouts":"default","ast-page-background-enabled":"default","ast-page-background-meta":{"desktop":{"background-color":"","background-image":"","background-repeat":"repeat","background-position":"center center","background-size":"auto","background-attachment":"scroll","background-type":"","background-media":"","overlay-type":"","overlay-color":"","overlay-opacity":"","overlay-gradient":""},"tablet":{"background-color":"","background-image":"","background-repeat":"repeat","background-position":"center center","background-size":"auto","background-attachment":"scroll","background-type":"","background-media":"","overlay-type":"","overlay-color":"","overlay-opacity":"","overlay-gradient":""},"mobile":{"background-color":"","background-image":"","background-repeat":"repeat","background-position":"center center","background-size":"auto","background-attachment":"scroll","background-type":"","background-media":"","overlay-type":"","overlay-color":"","overlay-opacity":"","overlay-gradient":""}},"ast-content-background-meta":{"desktop":{"background-color":"var(--ast-global-color-5)","background-image":"","background-repeat":"repeat","background-position":"center center","background-size":"auto","background-attachment":"scroll","background-type":"","background-media":"","overlay-type":"","overlay-color":"","overlay-opacity":"","overlay-gradient":""},"tablet":{"background-color":"var(--ast-global-color-5)","background-image":"","background-repeat":"repeat","background-position":"center center","background-size":"auto","background-attachment":"scroll","background-type":"","background-media":"","overlay-type":"","overlay-color":"","overlay-opacity":"","overlay-gradient":""},"mobile":{"background-color":"var(--ast-global-color-5)","background-image":"","background-repeat":"repeat","background-position":"center center","background-size":"auto","background-attachment":"scroll","background-type":"","background-media":"","overlay-type":"","overlay-color":"","overlay-opacity":"","overlay-gradient":""}},"footnotes":""},"categories":[556],"tags":[],"class_list":["post-21452","page","type-page","status-publish","has-post-thumbnail","hentry","category-anwendungen"],"acf":[],"yoast_head":"<!-- This site is optimized with the Yoast SEO plugin v27.3 - https:\/\/yoast.com\/product\/yoast-seo-wordpress\/ -->\n<title>Schwei\u00dfen mit einem Cobot | Kollaboratives Roboterschwei\u00dfen | WiredWorkers<\/title>\n<meta name=\"description\" content=\"F\u00fcr Schwei\u00dfprodukte k\u00f6nnen Sie einen kollaborierenden Roboter verwenden, um eine Schwei\u00dfanwendung schnell und einfach zu automatisieren.\" \/>\n<meta name=\"robots\" content=\"index, follow, max-snippet:-1, max-image-preview:large, max-video-preview:-1\" \/>\n<link rel=\"canonical\" href=\"https:\/\/www.wiredworkers.io\/de\/cobot\/anwendungen\/schweissen\/\" \/>\n<meta property=\"og:locale\" content=\"de_DE\" \/>\n<meta property=\"og:type\" content=\"article\" \/>\n<meta property=\"og:title\" content=\"Schwei\u00dfen mit einem Cobot | Kollaboratives Roboterschwei\u00dfen | WiredWorkers\" \/>\n<meta property=\"og:description\" content=\"F\u00fcr Schwei\u00dfprodukte k\u00f6nnen Sie einen kollaborierenden Roboter verwenden, um eine Schwei\u00dfanwendung schnell und einfach zu automatisieren.\" \/>\n<meta property=\"og:url\" content=\"https:\/\/www.wiredworkers.io\/de\/cobot\/anwendungen\/schweissen\/\" \/>\n<meta property=\"og:site_name\" content=\"WiredWorkers\" \/>\n<meta property=\"article:publisher\" content=\"https:\/\/www.facebook.com\/WiredWorkers\" \/>\n<meta property=\"article:modified_time\" content=\"2024-05-02T12:19:40+00:00\" \/>\n<meta property=\"og:image\" content=\"https:\/\/www.wiredworkers.io\/wp-content\/uploads\/2021\/07\/cowelder_opengraph_1200x630.jpg\" \/>\n\t<meta property=\"og:image:width\" content=\"1200\" \/>\n\t<meta property=\"og:image:height\" content=\"630\" \/>\n\t<meta property=\"og:image:type\" content=\"image\/jpeg\" \/>\n<meta name=\"twitter:card\" content=\"summary_large_image\" \/>\n<script type=\"application\/ld+json\" class=\"yoast-schema-graph\">{\"@context\":\"https:\\\/\\\/schema.org\",\"@graph\":[{\"@type\":\"WebPage\",\"@id\":\"https:\\\/\\\/www.wiredworkers.io\\\/de\\\/cobot\\\/anwendungen\\\/schweissen\\\/\",\"url\":\"https:\\\/\\\/www.wiredworkers.io\\\/de\\\/cobot\\\/anwendungen\\\/schweissen\\\/\",\"name\":\"Schwei\u00dfen mit einem Cobot | Kollaboratives Roboterschwei\u00dfen | WiredWorkers\",\"isPartOf\":{\"@id\":\"https:\\\/\\\/www.wiredworkers.io\\\/de\\\/#website\"},\"primaryImageOfPage\":{\"@id\":\"https:\\\/\\\/www.wiredworkers.io\\\/de\\\/cobot\\\/anwendungen\\\/schweissen\\\/#primaryimage\"},\"image\":{\"@id\":\"https:\\\/\\\/www.wiredworkers.io\\\/de\\\/cobot\\\/anwendungen\\\/schweissen\\\/#primaryimage\"},\"thumbnailUrl\":\"https:\\\/\\\/www.wiredworkers.io\\\/wp-content\\\/uploads\\\/2021\\\/07\\\/cowelder_opengraph_1200x630.jpg\",\"datePublished\":\"2023-05-11T09:40:38+00:00\",\"dateModified\":\"2024-05-02T12:19:40+00:00\",\"description\":\"F\u00fcr Schwei\u00dfprodukte k\u00f6nnen Sie einen kollaborierenden Roboter verwenden, um eine Schwei\u00dfanwendung schnell und einfach zu automatisieren.\",\"breadcrumb\":{\"@id\":\"https:\\\/\\\/www.wiredworkers.io\\\/de\\\/cobot\\\/anwendungen\\\/schweissen\\\/#breadcrumb\"},\"inLanguage\":\"de\",\"potentialAction\":[{\"@type\":\"ReadAction\",\"target\":[\"https:\\\/\\\/www.wiredworkers.io\\\/de\\\/cobot\\\/anwendungen\\\/schweissen\\\/\"]}]},{\"@type\":\"ImageObject\",\"inLanguage\":\"de\",\"@id\":\"https:\\\/\\\/www.wiredworkers.io\\\/de\\\/cobot\\\/anwendungen\\\/schweissen\\\/#primaryimage\",\"url\":\"https:\\\/\\\/www.wiredworkers.io\\\/wp-content\\\/uploads\\\/2021\\\/07\\\/cowelder_opengraph_1200x630.jpg\",\"contentUrl\":\"https:\\\/\\\/www.wiredworkers.io\\\/wp-content\\\/uploads\\\/2021\\\/07\\\/cowelder_opengraph_1200x630.jpg\",\"width\":1200,\"height\":630},{\"@type\":\"BreadcrumbList\",\"@id\":\"https:\\\/\\\/www.wiredworkers.io\\\/de\\\/cobot\\\/anwendungen\\\/schweissen\\\/#breadcrumb\",\"itemListElement\":[{\"@type\":\"ListItem\",\"position\":1,\"name\":\"WiredWorkers\",\"item\":\"https:\\\/\\\/www.wiredworkers.io\\\/de\\\/\"},{\"@type\":\"ListItem\",\"position\":2,\"name\":\"Cobot\",\"item\":\"https:\\\/\\\/www.wiredworkers.io\\\/de\\\/cobot\\\/\"},{\"@type\":\"ListItem\",\"position\":3,\"name\":\"Anwendungen\",\"item\":\"https:\\\/\\\/www.wiredworkers.io\\\/de\\\/cobot\\\/applications\\\/\"},{\"@type\":\"ListItem\",\"position\":4,\"name\":\"Schwei\u00dfen\"}]},{\"@type\":\"WebSite\",\"@id\":\"https:\\\/\\\/www.wiredworkers.io\\\/de\\\/#website\",\"url\":\"https:\\\/\\\/www.wiredworkers.io\\\/de\\\/\",\"name\":\"WiredWorkers\",\"description\":\"Robotics at your service\",\"publisher\":{\"@id\":\"https:\\\/\\\/www.wiredworkers.io\\\/de\\\/#organization\"},\"potentialAction\":[{\"@type\":\"SearchAction\",\"target\":{\"@type\":\"EntryPoint\",\"urlTemplate\":\"https:\\\/\\\/www.wiredworkers.io\\\/de\\\/?s={search_term_string}\"},\"query-input\":{\"@type\":\"PropertyValueSpecification\",\"valueRequired\":true,\"valueName\":\"search_term_string\"}}],\"inLanguage\":\"de\"},{\"@type\":\"Organization\",\"@id\":\"https:\\\/\\\/www.wiredworkers.io\\\/de\\\/#organization\",\"name\":\"WiredWorkers Nederland B.V.\",\"url\":\"https:\\\/\\\/www.wiredworkers.io\\\/de\\\/\",\"logo\":{\"@type\":\"ImageObject\",\"inLanguage\":\"de\",\"@id\":\"https:\\\/\\\/www.wiredworkers.io\\\/de\\\/#\\\/schema\\\/logo\\\/image\\\/\",\"url\":\"https:\\\/\\\/www.wiredworkers.io\\\/wp-content\\\/uploads\\\/2018\\\/06\\\/wiredworkers-company-logo.jpg\",\"contentUrl\":\"https:\\\/\\\/www.wiredworkers.io\\\/wp-content\\\/uploads\\\/2018\\\/06\\\/wiredworkers-company-logo.jpg\",\"width\":1082,\"height\":714,\"caption\":\"WiredWorkers Nederland B.V.\"},\"image\":{\"@id\":\"https:\\\/\\\/www.wiredworkers.io\\\/de\\\/#\\\/schema\\\/logo\\\/image\\\/\"},\"sameAs\":[\"https:\\\/\\\/www.facebook.com\\\/WiredWorkers\",\"https:\\\/\\\/www.linkedin.com\\\/company\\\/wiredworkers\\\/\"]}]}<\/script>\n<!-- \/ Yoast SEO plugin. -->","yoast_head_json":{"title":"Schwei\u00dfen mit einem Cobot | Kollaboratives Roboterschwei\u00dfen | WiredWorkers","description":"F\u00fcr Schwei\u00dfprodukte k\u00f6nnen Sie einen kollaborierenden Roboter verwenden, um eine Schwei\u00dfanwendung schnell und einfach zu automatisieren.","robots":{"index":"index","follow":"follow","max-snippet":"max-snippet:-1","max-image-preview":"max-image-preview:large","max-video-preview":"max-video-preview:-1"},"canonical":"https:\/\/www.wiredworkers.io\/de\/cobot\/anwendungen\/schweissen\/","og_locale":"de_DE","og_type":"article","og_title":"Schwei\u00dfen mit einem Cobot | Kollaboratives Roboterschwei\u00dfen | WiredWorkers","og_description":"F\u00fcr Schwei\u00dfprodukte k\u00f6nnen Sie einen kollaborierenden Roboter verwenden, um eine Schwei\u00dfanwendung schnell und einfach zu automatisieren.","og_url":"https:\/\/www.wiredworkers.io\/de\/cobot\/anwendungen\/schweissen\/","og_site_name":"WiredWorkers","article_publisher":"https:\/\/www.facebook.com\/WiredWorkers","article_modified_time":"2024-05-02T12:19:40+00:00","og_image":[{"width":1200,"height":630,"url":"https:\/\/www.wiredworkers.io\/wp-content\/uploads\/2021\/07\/cowelder_opengraph_1200x630.jpg","type":"image\/jpeg"}],"twitter_card":"summary_large_image","schema":{"@context":"https:\/\/schema.org","@graph":[{"@type":"WebPage","@id":"https:\/\/www.wiredworkers.io\/de\/cobot\/anwendungen\/schweissen\/","url":"https:\/\/www.wiredworkers.io\/de\/cobot\/anwendungen\/schweissen\/","name":"Schwei\u00dfen mit einem Cobot | Kollaboratives Roboterschwei\u00dfen | WiredWorkers","isPartOf":{"@id":"https:\/\/www.wiredworkers.io\/de\/#website"},"primaryImageOfPage":{"@id":"https:\/\/www.wiredworkers.io\/de\/cobot\/anwendungen\/schweissen\/#primaryimage"},"image":{"@id":"https:\/\/www.wiredworkers.io\/de\/cobot\/anwendungen\/schweissen\/#primaryimage"},"thumbnailUrl":"https:\/\/www.wiredworkers.io\/wp-content\/uploads\/2021\/07\/cowelder_opengraph_1200x630.jpg","datePublished":"2023-05-11T09:40:38+00:00","dateModified":"2024-05-02T12:19:40+00:00","description":"F\u00fcr Schwei\u00dfprodukte k\u00f6nnen Sie einen kollaborierenden Roboter verwenden, um eine Schwei\u00dfanwendung schnell und einfach zu automatisieren.","breadcrumb":{"@id":"https:\/\/www.wiredworkers.io\/de\/cobot\/anwendungen\/schweissen\/#breadcrumb"},"inLanguage":"de","potentialAction":[{"@type":"ReadAction","target":["https:\/\/www.wiredworkers.io\/de\/cobot\/anwendungen\/schweissen\/"]}]},{"@type":"ImageObject","inLanguage":"de","@id":"https:\/\/www.wiredworkers.io\/de\/cobot\/anwendungen\/schweissen\/#primaryimage","url":"https:\/\/www.wiredworkers.io\/wp-content\/uploads\/2021\/07\/cowelder_opengraph_1200x630.jpg","contentUrl":"https:\/\/www.wiredworkers.io\/wp-content\/uploads\/2021\/07\/cowelder_opengraph_1200x630.jpg","width":1200,"height":630},{"@type":"BreadcrumbList","@id":"https:\/\/www.wiredworkers.io\/de\/cobot\/anwendungen\/schweissen\/#breadcrumb","itemListElement":[{"@type":"ListItem","position":1,"name":"WiredWorkers","item":"https:\/\/www.wiredworkers.io\/de\/"},{"@type":"ListItem","position":2,"name":"Cobot","item":"https:\/\/www.wiredworkers.io\/de\/cobot\/"},{"@type":"ListItem","position":3,"name":"Anwendungen","item":"https:\/\/www.wiredworkers.io\/de\/cobot\/applications\/"},{"@type":"ListItem","position":4,"name":"Schwei\u00dfen"}]},{"@type":"WebSite","@id":"https:\/\/www.wiredworkers.io\/de\/#website","url":"https:\/\/www.wiredworkers.io\/de\/","name":"WiredWorkers","description":"Robotics at your service","publisher":{"@id":"https:\/\/www.wiredworkers.io\/de\/#organization"},"potentialAction":[{"@type":"SearchAction","target":{"@type":"EntryPoint","urlTemplate":"https:\/\/www.wiredworkers.io\/de\/?s={search_term_string}"},"query-input":{"@type":"PropertyValueSpecification","valueRequired":true,"valueName":"search_term_string"}}],"inLanguage":"de"},{"@type":"Organization","@id":"https:\/\/www.wiredworkers.io\/de\/#organization","name":"WiredWorkers Nederland B.V.","url":"https:\/\/www.wiredworkers.io\/de\/","logo":{"@type":"ImageObject","inLanguage":"de","@id":"https:\/\/www.wiredworkers.io\/de\/#\/schema\/logo\/image\/","url":"https:\/\/www.wiredworkers.io\/wp-content\/uploads\/2018\/06\/wiredworkers-company-logo.jpg","contentUrl":"https:\/\/www.wiredworkers.io\/wp-content\/uploads\/2018\/06\/wiredworkers-company-logo.jpg","width":1082,"height":714,"caption":"WiredWorkers Nederland B.V."},"image":{"@id":"https:\/\/www.wiredworkers.io\/de\/#\/schema\/logo\/image\/"},"sameAs":["https:\/\/www.facebook.com\/WiredWorkers","https:\/\/www.linkedin.com\/company\/wiredworkers\/"]}]}},"_links":{"self":[{"href":"https:\/\/www.wiredworkers.io\/de\/wp-json\/wp\/v2\/pages\/21452","targetHints":{"allow":["GET"]}}],"collection":[{"href":"https:\/\/www.wiredworkers.io\/de\/wp-json\/wp\/v2\/pages"}],"about":[{"href":"https:\/\/www.wiredworkers.io\/de\/wp-json\/wp\/v2\/types\/page"}],"author":[{"embeddable":true,"href":"https:\/\/www.wiredworkers.io\/de\/wp-json\/wp\/v2\/users\/3"}],"replies":[{"embeddable":true,"href":"https:\/\/www.wiredworkers.io\/de\/wp-json\/wp\/v2\/comments?post=21452"}],"version-history":[{"count":7,"href":"https:\/\/www.wiredworkers.io\/de\/wp-json\/wp\/v2\/pages\/21452\/revisions"}],"predecessor-version":[{"id":23660,"href":"https:\/\/www.wiredworkers.io\/de\/wp-json\/wp\/v2\/pages\/21452\/revisions\/23660"}],"up":[{"embeddable":true,"href":"https:\/\/www.wiredworkers.io\/de\/wp-json\/wp\/v2\/pages\/21464"}],"wp:featuredmedia":[{"embeddable":true,"href":"https:\/\/www.wiredworkers.io\/de\/wp-json\/wp\/v2\/media\/20983"}],"wp:attachment":[{"href":"https:\/\/www.wiredworkers.io\/de\/wp-json\/wp\/v2\/media?parent=21452"}],"wp:term":[{"taxonomy":"category","embeddable":true,"href":"https:\/\/www.wiredworkers.io\/de\/wp-json\/wp\/v2\/categories?post=21452"},{"taxonomy":"post_tag","embeddable":true,"href":"https:\/\/www.wiredworkers.io\/de\/wp-json\/wp\/v2\/tags?post=21452"}],"curies":[{"name":"wp","href":"https:\/\/api.w.org\/{rel}","templated":true}]}}