{"id":21574,"date":"2023-05-12T14:58:31","date_gmt":"2023-05-12T12:58:31","guid":{"rendered":"https:\/\/wiredworkers.io\/software\/"},"modified":"2023-11-17T12:50:19","modified_gmt":"2023-11-17T10:50:19","slug":"software","status":"publish","type":"page","link":"https:\/\/www.wiredworkers.io\/de\/cobot\/werkzeuge\/software\/","title":{"rendered":"Software"},"content":{"rendered":"\n\n\t<a href=\"https:\/\/www.wiredworkers.io\/de\/\">WiredWorkers<\/a> \u279c <a href=\"https:\/\/www.wiredworkers.io\/de\/cobot\/\">Cobot<\/a> \u279c <a href=\"https:\/\/www.wiredworkers.io\/de\/cobot\/tools\/\">Werkzeuge<\/a> \u279c Software<h1>\n\t\tCobot Software\n\t<\/h1>\n\t<p>Kollaborationsroboter k\u00f6nnen zahlreiche Aufgaben \u00fcbernehmen, sofern sie \u00fcber die richtigen Werkzeuge verf\u00fcgen. Cobots k\u00f6nnen mit einer Vielzahl von Werkzeugen arbeiten, genau wie Menschen. Dank der benutzerfreundlichen Software ist es relativ einfach, einem Cobot neue Aufgaben beizubringen.<\/p>\n\t\t\t<a href=\"https:\/\/shop.wiredworkers.io\/en_GB\/shop\/category\/software-17\" target=\"_blank\" rel=\"noopener\">\n\t\t\t\t\t\t\tIm Shop ansehen\n\t\t\t<\/a>\n<h2>\n\t\tSoftware f\u00fcr kollaborative Roboter\n\t<\/h2>\n\t<p>F\u00fcr die Programmierung und Gestaltung einer kollaborativen Roboteranwendung steht eine Vielzahl von Software zur Verf\u00fcgung. Jeder Cobot verf\u00fcgt \u00fcber eine eigene intuitive, benutzerfreundliche Programmiersoftware, mit der der Roboter neue Aufgaben einfach und schnell erlernen kann. Dar\u00fcber hinaus ist eine Simulatorsoftware verf\u00fcgbar, mit der eine solide Roboterintegration entworfen werden kann, bevor mit der Realisierung des Projekts begonnen wird.<\/p>\n\t\t\t\t<img decoding=\"async\" data-src=\"https:\/\/www.wiredworkers.io\/wp-content\/uploads\/2019\/03\/no-title-2.png\" alt=\"Franka Desk\" itemprop=\"image\" height=\"586\" width=\"963\" title=\"Franka Des\" onerror=\"this.style.display='none'\" src=\"data:image\/svg+xml;base64,PHN2ZyB3aWR0aD0iMSIgaGVpZ2h0PSIxIiB4bWxucz0iaHR0cDovL3d3dy53My5vcmcvMjAwMC9zdmciPjwvc3ZnPg==\" class=\"lazyload\" style=\"--smush-placeholder-width: 963px; --smush-placeholder-aspect-ratio: 963\/586;\" \/>\n\t<p>Herk\u00f6mmliche Roboter ben\u00f6tigen viel Wissen und Zeit, um Aktionen zu programmieren, und k\u00f6nnen nur einige wenige Aktionen ausf\u00fchren. Im Gegensatz zu herk\u00f6mmlichen Robotern, die derzeit in der Industrie eingesetzt werden, ist ein Cobot einfach zu programmieren. Durch benutzerfreundliche Software und mobile Anwendungen k\u00f6nnen Cobots neue Aktionen erlernen. Sie k\u00f6nnen einen Roboter auch manuell in die gew\u00fcnschte Position bringen und diese in der Software speichern. Da ein Cobot so einfach zu programmieren ist, kann er schnell in einen Prozess integriert werden, und es ist sogar m\u00f6glich, ihn verschiedene Aufgaben ausf\u00fchren zu lassen.<\/p>\n<h2>\n\t\tRoboDK\n\t<\/h2>\n\t<p>RoboDK ist ein leistungsstarker und kosteng\u00fcnstiger Robotersimulator. Das Softwarepaket besteht aus einer umfangreichen Bibliothek mit mehr als 500 Roboterarmen und ist sehr benutzerfreundlich. Es sind keine Programmierkenntnisse erforderlich und die Robotersimulation ist schnell und einfach programmiert.<\/p>\n\t\t\t\t<img decoding=\"async\" data-src=\"https:\/\/www.wiredworkers.io\/wp-content\/uploads\/2020\/10\/ROBODK-WW-1024x595.png\" alt=\"RoboDK | software for collaborative robot automation\" itemprop=\"image\" height=\"595\" width=\"1024\" title=\"ROBODK-WW\" onerror=\"this.style.display='none'\" src=\"data:image\/svg+xml;base64,PHN2ZyB3aWR0aD0iMSIgaGVpZ2h0PSIxIiB4bWxucz0iaHR0cDovL3d3dy53My5vcmcvMjAwMC9zdmciPjwvc3ZnPg==\" class=\"lazyload\" style=\"--smush-placeholder-width: 1024px; --smush-placeholder-aspect-ratio: 1024\/595;\" \/>\n\t<p>RoboDK arbeitet mit Offline-Programmierung, d.h. es ist m\u00f6glich, die Roboter au\u00dferhalb der Produktionsumgebung zu programmieren. Die Software kann f\u00fcr viele Produktionsprojekte verwendet werden, darunter Maschinenbedienung, Schwei\u00dfen, Pick-and-Place, Verpackung und Palettierung.<\/p>\n<h3>\n\t\tFinden Sie heraus, wie wir Ihre Produktion verbessern k\u00f6nnen\n\t<\/h3>\n\t<p>Buchen Sie eine kostenlose Online-Beratung mit unserem Automatisierungsspezialisten!<\/p>\n\t\t\t<a href=\"https:\/\/www.wiredworkers.io\/de\/kostenlose-cobot-beratung\/\" target=\"_self\" rel=\"noopener\">\n\t\t\t\t\t\t\tVideokonferenz vereinbaren\n\t\t\t<\/a>\n\t<h6>V\u00f6llig kostenlos und unverbindlich!<\/h6>\n<h2>\n\t\tLeicht zu integrieren\n\t<\/h2>\n\t<p>Kollaborationsroboter zeichnen sich durch einfache Bedienung und schnelle Installation aus. Sie k\u00f6nnen schnell und einfach angeschlossen und verbunden werden. Dank der benutzerfreundlichen Software l\u00e4sst sich auch die Kommunikation mit dem Roboter leicht einrichten.<\/p>\n\t\t\t\t<img decoding=\"async\" data-src=\"https:\/\/www.wiredworkers.io\/wp-content\/uploads\/2018\/11\/innoveren-2-1024x448.jpg\" alt=\"Franka Emika programming\" itemprop=\"image\" height=\"448\" width=\"1024\" title=\"Franka Emika programming\" onerror=\"this.style.display='none'\" src=\"data:image\/svg+xml;base64,PHN2ZyB3aWR0aD0iMSIgaGVpZ2h0PSIxIiB4bWxucz0iaHR0cDovL3d3dy53My5vcmcvMjAwMC9zdmciPjwvc3ZnPg==\" class=\"lazyload\" style=\"--smush-placeholder-width: 1024px; --smush-placeholder-aspect-ratio: 1024\/448;\" \/>\n\n","protected":false},"excerpt":{"rendered":"<p>WiredWorkers \u279c Cobot \u279c Werkzeuge \u279c Software Cobot Software Kollaborationsroboter k\u00f6nnen zahlreiche Aufgaben \u00fcbernehmen, sofern sie \u00fcber die richtigen Werkzeuge verf\u00fcgen. Cobots k\u00f6nnen mit einer Vielzahl von Werkzeugen arbeiten, genau wie Menschen. Dank der benutzerfreundlichen Software ist es relativ einfach, einem Cobot neue Aufgaben beizubringen. Im Shop ansehen Software f\u00fcr kollaborative Roboter F\u00fcr die Programmierung [&hellip;]<\/p>\n","protected":false},"author":3,"featured_media":0,"parent":21578,"menu_order":0,"comment_status":"closed","ping_status":"closed","template":"","meta":{"_acf_changed":false,"site-sidebar-layout":"no-sidebar","site-content-layout":"page-builder","ast-site-content-layout":"default","site-content-style":"default","site-sidebar-style":"default","ast-global-header-display":"","ast-banner-title-visibility":"","ast-main-header-display":"","ast-hfb-above-header-display":"","ast-hfb-below-header-display":"","ast-hfb-mobile-header-display":"","site-post-title":"disabled","ast-breadcrumbs-content":"","ast-featured-img":"disabled","footer-sml-layout":"","ast-disable-related-posts":"","theme-transparent-header-meta":"default","adv-header-id-meta":"","stick-header-meta":"default","header-above-stick-meta":"","header-main-stick-meta":"","header-below-stick-meta":"","astra-migrate-meta-layouts":"default","ast-page-background-enabled":"default","ast-page-background-meta":{"desktop":{"background-color":"","background-image":"","background-repeat":"repeat","background-position":"center center","background-size":"auto","background-attachment":"scroll","background-type":"","background-media":"","overlay-type":"","overlay-color":"","overlay-opacity":"","overlay-gradient":""},"tablet":{"background-color":"","background-image":"","background-repeat":"repeat","background-position":"center center","background-size":"auto","background-attachment":"scroll","background-type":"","background-media":"","overlay-type":"","overlay-color":"","overlay-opacity":"","overlay-gradient":""},"mobile":{"background-color":"","background-image":"","background-repeat":"repeat","background-position":"center center","background-size":"auto","background-attachment":"scroll","background-type":"","background-media":"","overlay-type":"","overlay-color":"","overlay-opacity":"","overlay-gradient":""}},"ast-content-background-meta":{"desktop":{"background-color":"var(--ast-global-color-5)","background-image":"","background-repeat":"repeat","background-position":"center center","background-size":"auto","background-attachment":"scroll","background-type":"","background-media":"","overlay-type":"","overlay-color":"","overlay-opacity":"","overlay-gradient":""},"tablet":{"background-color":"var(--ast-global-color-5)","background-image":"","background-repeat":"repeat","background-position":"center center","background-size":"auto","background-attachment":"scroll","background-type":"","background-media":"","overlay-type":"","overlay-color":"","overlay-opacity":"","overlay-gradient":""},"mobile":{"background-color":"var(--ast-global-color-5)","background-image":"","background-repeat":"repeat","background-position":"center center","background-size":"auto","background-attachment":"scroll","background-type":"","background-media":"","overlay-type":"","overlay-color":"","overlay-opacity":"","overlay-gradient":""}},"footnotes":""},"categories":[558],"tags":[],"class_list":["post-21574","page","type-page","status-publish","hentry","category-werkzeuge"],"acf":[],"yoast_head":"<!-- This site is optimized with the Yoast SEO plugin v27.4 - https:\/\/yoast.com\/product\/yoast-seo-wordpress\/ -->\n<title>Cobot-Software | Software f\u00fcr kollaborierende Roboter | WiredWorkers<\/title>\n<meta name=\"description\" content=\"F\u00fcr die Programmierung und Gestaltung einer kollaborativen Roboteranwendung steht eine Vielzahl von Cobot-Software zur Verf\u00fcgung. Einfach zu bedienen und intuitiv.\" \/>\n<meta name=\"robots\" content=\"index, follow, max-snippet:-1, max-image-preview:large, max-video-preview:-1\" \/>\n<link rel=\"canonical\" href=\"https:\/\/www.wiredworkers.io\/de\/cobot\/werkzeuge\/software\/\" \/>\n<meta property=\"og:locale\" content=\"de_DE\" \/>\n<meta property=\"og:type\" content=\"article\" \/>\n<meta property=\"og:title\" content=\"Cobot-Software | Software f\u00fcr kollaborierende Roboter | WiredWorkers\" \/>\n<meta property=\"og:description\" content=\"F\u00fcr die Programmierung und Gestaltung einer kollaborativen Roboteranwendung steht eine Vielzahl von Cobot-Software zur Verf\u00fcgung. Einfach zu bedienen und intuitiv.\" \/>\n<meta property=\"og:url\" content=\"https:\/\/www.wiredworkers.io\/de\/cobot\/werkzeuge\/software\/\" \/>\n<meta property=\"og:site_name\" content=\"WiredWorkers\" \/>\n<meta property=\"article:publisher\" content=\"https:\/\/www.facebook.com\/WiredWorkers\" \/>\n<meta property=\"article:modified_time\" content=\"2023-11-17T10:50:19+00:00\" \/>\n<meta property=\"og:image\" content=\"https:\/\/www.wiredworkers.io\/wp-content\/uploads\/2019\/03\/no-title-2.png\" \/>\n<meta name=\"twitter:card\" content=\"summary_large_image\" \/>\n<meta name=\"twitter:label1\" content=\"Gesch\u00e4tzte Lesezeit\" \/>\n\t<meta name=\"twitter:data1\" content=\"2\u00a0Minuten\" \/>\n<script type=\"application\/ld+json\" class=\"yoast-schema-graph\">{\"@context\":\"https:\\\/\\\/schema.org\",\"@graph\":[{\"@type\":\"WebPage\",\"@id\":\"https:\\\/\\\/www.wiredworkers.io\\\/de\\\/cobot\\\/werkzeuge\\\/software\\\/\",\"url\":\"https:\\\/\\\/www.wiredworkers.io\\\/de\\\/cobot\\\/werkzeuge\\\/software\\\/\",\"name\":\"Cobot-Software | Software f\u00fcr kollaborierende Roboter | WiredWorkers\",\"isPartOf\":{\"@id\":\"https:\\\/\\\/www.wiredworkers.io\\\/de\\\/#website\"},\"primaryImageOfPage\":{\"@id\":\"https:\\\/\\\/www.wiredworkers.io\\\/de\\\/cobot\\\/werkzeuge\\\/software\\\/#primaryimage\"},\"image\":{\"@id\":\"https:\\\/\\\/www.wiredworkers.io\\\/de\\\/cobot\\\/werkzeuge\\\/software\\\/#primaryimage\"},\"thumbnailUrl\":\"https:\\\/\\\/www.wiredworkers.io\\\/wp-content\\\/uploads\\\/2019\\\/03\\\/no-title-2.png\",\"datePublished\":\"2023-05-12T12:58:31+00:00\",\"dateModified\":\"2023-11-17T10:50:19+00:00\",\"description\":\"F\u00fcr die Programmierung und Gestaltung einer kollaborativen Roboteranwendung steht eine Vielzahl von Cobot-Software zur Verf\u00fcgung. Einfach zu bedienen und intuitiv.\",\"breadcrumb\":{\"@id\":\"https:\\\/\\\/www.wiredworkers.io\\\/de\\\/cobot\\\/werkzeuge\\\/software\\\/#breadcrumb\"},\"inLanguage\":\"de\",\"potentialAction\":[{\"@type\":\"ReadAction\",\"target\":[\"https:\\\/\\\/www.wiredworkers.io\\\/de\\\/cobot\\\/werkzeuge\\\/software\\\/\"]}]},{\"@type\":\"ImageObject\",\"inLanguage\":\"de\",\"@id\":\"https:\\\/\\\/www.wiredworkers.io\\\/de\\\/cobot\\\/werkzeuge\\\/software\\\/#primaryimage\",\"url\":\"https:\\\/\\\/www.wiredworkers.io\\\/wp-content\\\/uploads\\\/2019\\\/03\\\/no-title-2.png\",\"contentUrl\":\"https:\\\/\\\/www.wiredworkers.io\\\/wp-content\\\/uploads\\\/2019\\\/03\\\/no-title-2.png\"},{\"@type\":\"BreadcrumbList\",\"@id\":\"https:\\\/\\\/www.wiredworkers.io\\\/de\\\/cobot\\\/werkzeuge\\\/software\\\/#breadcrumb\",\"itemListElement\":[{\"@type\":\"ListItem\",\"position\":1,\"name\":\"WiredWorkers\",\"item\":\"https:\\\/\\\/www.wiredworkers.io\\\/de\\\/\"},{\"@type\":\"ListItem\",\"position\":2,\"name\":\"Cobot\",\"item\":\"https:\\\/\\\/www.wiredworkers.io\\\/de\\\/cobot\\\/\"},{\"@type\":\"ListItem\",\"position\":3,\"name\":\"Werkzeuge\",\"item\":\"https:\\\/\\\/www.wiredworkers.io\\\/de\\\/cobot\\\/werkzeuge\\\/\"},{\"@type\":\"ListItem\",\"position\":4,\"name\":\"Software\"}]},{\"@type\":\"WebSite\",\"@id\":\"https:\\\/\\\/www.wiredworkers.io\\\/de\\\/#website\",\"url\":\"https:\\\/\\\/www.wiredworkers.io\\\/de\\\/\",\"name\":\"WiredWorkers\",\"description\":\"Robotics at your service\",\"publisher\":{\"@id\":\"https:\\\/\\\/www.wiredworkers.io\\\/de\\\/#organization\"},\"potentialAction\":[{\"@type\":\"SearchAction\",\"target\":{\"@type\":\"EntryPoint\",\"urlTemplate\":\"https:\\\/\\\/www.wiredworkers.io\\\/de\\\/?s={search_term_string}\"},\"query-input\":{\"@type\":\"PropertyValueSpecification\",\"valueRequired\":true,\"valueName\":\"search_term_string\"}}],\"inLanguage\":\"de\"},{\"@type\":\"Organization\",\"@id\":\"https:\\\/\\\/www.wiredworkers.io\\\/de\\\/#organization\",\"name\":\"WiredWorkers Nederland B.V.\",\"url\":\"https:\\\/\\\/www.wiredworkers.io\\\/de\\\/\",\"logo\":{\"@type\":\"ImageObject\",\"inLanguage\":\"de\",\"@id\":\"https:\\\/\\\/www.wiredworkers.io\\\/de\\\/#\\\/schema\\\/logo\\\/image\\\/\",\"url\":\"https:\\\/\\\/www.wiredworkers.io\\\/wp-content\\\/uploads\\\/2018\\\/06\\\/wiredworkers-company-logo.jpg\",\"contentUrl\":\"https:\\\/\\\/www.wiredworkers.io\\\/wp-content\\\/uploads\\\/2018\\\/06\\\/wiredworkers-company-logo.jpg\",\"width\":1082,\"height\":714,\"caption\":\"WiredWorkers Nederland B.V.\"},\"image\":{\"@id\":\"https:\\\/\\\/www.wiredworkers.io\\\/de\\\/#\\\/schema\\\/logo\\\/image\\\/\"},\"sameAs\":[\"https:\\\/\\\/www.facebook.com\\\/WiredWorkers\",\"https:\\\/\\\/www.linkedin.com\\\/company\\\/wiredworkers\\\/\"]}]}<\/script>\n<!-- \/ Yoast SEO plugin. -->","yoast_head_json":{"title":"Cobot-Software | Software f\u00fcr kollaborierende Roboter | WiredWorkers","description":"F\u00fcr die Programmierung und Gestaltung einer kollaborativen Roboteranwendung steht eine Vielzahl von Cobot-Software zur Verf\u00fcgung. Einfach zu bedienen und intuitiv.","robots":{"index":"index","follow":"follow","max-snippet":"max-snippet:-1","max-image-preview":"max-image-preview:large","max-video-preview":"max-video-preview:-1"},"canonical":"https:\/\/www.wiredworkers.io\/de\/cobot\/werkzeuge\/software\/","og_locale":"de_DE","og_type":"article","og_title":"Cobot-Software | Software f\u00fcr kollaborierende Roboter | WiredWorkers","og_description":"F\u00fcr die Programmierung und Gestaltung einer kollaborativen Roboteranwendung steht eine Vielzahl von Cobot-Software zur Verf\u00fcgung. Einfach zu bedienen und intuitiv.","og_url":"https:\/\/www.wiredworkers.io\/de\/cobot\/werkzeuge\/software\/","og_site_name":"WiredWorkers","article_publisher":"https:\/\/www.facebook.com\/WiredWorkers","article_modified_time":"2023-11-17T10:50:19+00:00","og_image":[{"url":"https:\/\/www.wiredworkers.io\/wp-content\/uploads\/2019\/03\/no-title-2.png","type":"","width":"","height":""}],"twitter_card":"summary_large_image","twitter_misc":{"Gesch\u00e4tzte Lesezeit":"2\u00a0Minuten"},"schema":{"@context":"https:\/\/schema.org","@graph":[{"@type":"WebPage","@id":"https:\/\/www.wiredworkers.io\/de\/cobot\/werkzeuge\/software\/","url":"https:\/\/www.wiredworkers.io\/de\/cobot\/werkzeuge\/software\/","name":"Cobot-Software | Software f\u00fcr kollaborierende Roboter | WiredWorkers","isPartOf":{"@id":"https:\/\/www.wiredworkers.io\/de\/#website"},"primaryImageOfPage":{"@id":"https:\/\/www.wiredworkers.io\/de\/cobot\/werkzeuge\/software\/#primaryimage"},"image":{"@id":"https:\/\/www.wiredworkers.io\/de\/cobot\/werkzeuge\/software\/#primaryimage"},"thumbnailUrl":"https:\/\/www.wiredworkers.io\/wp-content\/uploads\/2019\/03\/no-title-2.png","datePublished":"2023-05-12T12:58:31+00:00","dateModified":"2023-11-17T10:50:19+00:00","description":"F\u00fcr die Programmierung und Gestaltung einer kollaborativen Roboteranwendung steht eine Vielzahl von Cobot-Software zur Verf\u00fcgung. Einfach zu bedienen und intuitiv.","breadcrumb":{"@id":"https:\/\/www.wiredworkers.io\/de\/cobot\/werkzeuge\/software\/#breadcrumb"},"inLanguage":"de","potentialAction":[{"@type":"ReadAction","target":["https:\/\/www.wiredworkers.io\/de\/cobot\/werkzeuge\/software\/"]}]},{"@type":"ImageObject","inLanguage":"de","@id":"https:\/\/www.wiredworkers.io\/de\/cobot\/werkzeuge\/software\/#primaryimage","url":"https:\/\/www.wiredworkers.io\/wp-content\/uploads\/2019\/03\/no-title-2.png","contentUrl":"https:\/\/www.wiredworkers.io\/wp-content\/uploads\/2019\/03\/no-title-2.png"},{"@type":"BreadcrumbList","@id":"https:\/\/www.wiredworkers.io\/de\/cobot\/werkzeuge\/software\/#breadcrumb","itemListElement":[{"@type":"ListItem","position":1,"name":"WiredWorkers","item":"https:\/\/www.wiredworkers.io\/de\/"},{"@type":"ListItem","position":2,"name":"Cobot","item":"https:\/\/www.wiredworkers.io\/de\/cobot\/"},{"@type":"ListItem","position":3,"name":"Werkzeuge","item":"https:\/\/www.wiredworkers.io\/de\/cobot\/werkzeuge\/"},{"@type":"ListItem","position":4,"name":"Software"}]},{"@type":"WebSite","@id":"https:\/\/www.wiredworkers.io\/de\/#website","url":"https:\/\/www.wiredworkers.io\/de\/","name":"WiredWorkers","description":"Robotics at your service","publisher":{"@id":"https:\/\/www.wiredworkers.io\/de\/#organization"},"potentialAction":[{"@type":"SearchAction","target":{"@type":"EntryPoint","urlTemplate":"https:\/\/www.wiredworkers.io\/de\/?s={search_term_string}"},"query-input":{"@type":"PropertyValueSpecification","valueRequired":true,"valueName":"search_term_string"}}],"inLanguage":"de"},{"@type":"Organization","@id":"https:\/\/www.wiredworkers.io\/de\/#organization","name":"WiredWorkers Nederland B.V.","url":"https:\/\/www.wiredworkers.io\/de\/","logo":{"@type":"ImageObject","inLanguage":"de","@id":"https:\/\/www.wiredworkers.io\/de\/#\/schema\/logo\/image\/","url":"https:\/\/www.wiredworkers.io\/wp-content\/uploads\/2018\/06\/wiredworkers-company-logo.jpg","contentUrl":"https:\/\/www.wiredworkers.io\/wp-content\/uploads\/2018\/06\/wiredworkers-company-logo.jpg","width":1082,"height":714,"caption":"WiredWorkers Nederland B.V."},"image":{"@id":"https:\/\/www.wiredworkers.io\/de\/#\/schema\/logo\/image\/"},"sameAs":["https:\/\/www.facebook.com\/WiredWorkers","https:\/\/www.linkedin.com\/company\/wiredworkers\/"]}]}},"_links":{"self":[{"href":"https:\/\/www.wiredworkers.io\/de\/wp-json\/wp\/v2\/pages\/21574","targetHints":{"allow":["GET"]}}],"collection":[{"href":"https:\/\/www.wiredworkers.io\/de\/wp-json\/wp\/v2\/pages"}],"about":[{"href":"https:\/\/www.wiredworkers.io\/de\/wp-json\/wp\/v2\/types\/page"}],"author":[{"embeddable":true,"href":"https:\/\/www.wiredworkers.io\/de\/wp-json\/wp\/v2\/users\/3"}],"replies":[{"embeddable":true,"href":"https:\/\/www.wiredworkers.io\/de\/wp-json\/wp\/v2\/comments?post=21574"}],"version-history":[{"count":2,"href":"https:\/\/www.wiredworkers.io\/de\/wp-json\/wp\/v2\/pages\/21574\/revisions"}],"predecessor-version":[{"id":22113,"href":"https:\/\/www.wiredworkers.io\/de\/wp-json\/wp\/v2\/pages\/21574\/revisions\/22113"}],"up":[{"embeddable":true,"href":"https:\/\/www.wiredworkers.io\/de\/wp-json\/wp\/v2\/pages\/21578"}],"wp:attachment":[{"href":"https:\/\/www.wiredworkers.io\/de\/wp-json\/wp\/v2\/media?parent=21574"}],"wp:term":[{"taxonomy":"category","embeddable":true,"href":"https:\/\/www.wiredworkers.io\/de\/wp-json\/wp\/v2\/categories?post=21574"},{"taxonomy":"post_tag","embeddable":true,"href":"https:\/\/www.wiredworkers.io\/de\/wp-json\/wp\/v2\/tags?post=21574"}],"curies":[{"name":"wp","href":"https:\/\/api.w.org\/{rel}","templated":true}]}}