{"id":21825,"date":"2023-05-26T13:48:46","date_gmt":"2023-05-26T11:48:46","guid":{"rendered":"https:\/\/wiredworkers.io\/ur20\/"},"modified":"2023-05-26T14:00:27","modified_gmt":"2023-05-26T12:00:27","slug":"ur20","status":"publish","type":"page","link":"https:\/\/www.wiredworkers.io\/de\/cobot\/hersteller\/universal-robots\/ur20\/","title":{"rendered":"UR20"},"content":{"rendered":"","protected":false},"excerpt":{"rendered":"","protected":false},"author":3,"featured_media":21334,"parent":21391,"menu_order":0,"comment_status":"closed","ping_status":"closed","template":"","meta":{"_acf_changed":false,"site-sidebar-layout":"no-sidebar","site-content-layout":"page-builder","ast-site-content-layout":"default","site-content-style":"default","site-sidebar-style":"default","ast-global-header-display":"","ast-banner-title-visibility":"","ast-main-header-display":"","ast-hfb-above-header-display":"","ast-hfb-below-header-display":"","ast-hfb-mobile-header-display":"","site-post-title":"disabled","ast-breadcrumbs-content":"","ast-featured-img":"disabled","footer-sml-layout":"","ast-disable-related-posts":"","theme-transparent-header-meta":"default","adv-header-id-meta":"","stick-header-meta":"default","header-above-stick-meta":"","header-main-stick-meta":"","header-below-stick-meta":"","astra-migrate-meta-layouts":"default","ast-page-background-enabled":"default","ast-page-background-meta":{"desktop":{"background-color":"","background-image":"","background-repeat":"repeat","background-position":"center center","background-size":"auto","background-attachment":"scroll","background-type":"","background-media":"","overlay-type":"","overlay-color":"","overlay-opacity":"","overlay-gradient":""},"tablet":{"background-color":"","background-image":"","background-repeat":"repeat","background-position":"center center","background-size":"auto","background-attachment":"scroll","background-type":"","background-media":"","overlay-type":"","overlay-color":"","overlay-opacity":"","overlay-gradient":""},"mobile":{"background-color":"","background-image":"","background-repeat":"repeat","background-position":"center center","background-size":"auto","background-attachment":"scroll","background-type":"","background-media":"","overlay-type":"","overlay-color":"","overlay-opacity":"","overlay-gradient":""}},"ast-content-background-meta":{"desktop":{"background-color":"var(--ast-global-color-5)","background-image":"","background-repeat":"repeat","background-position":"center center","background-size":"auto","background-attachment":"scroll","background-type":"","background-media":"","overlay-type":"","overlay-color":"","overlay-opacity":"","overlay-gradient":""},"tablet":{"background-color":"var(--ast-global-color-5)","background-image":"","background-repeat":"repeat","background-position":"center center","background-size":"auto","background-attachment":"scroll","background-type":"","background-media":"","overlay-type":"","overlay-color":"","overlay-opacity":"","overlay-gradient":""},"mobile":{"background-color":"var(--ast-global-color-5)","background-image":"","background-repeat":"repeat","background-position":"center center","background-size":"auto","background-attachment":"scroll","background-type":"","background-media":"","overlay-type":"","overlay-color":"","overlay-opacity":"","overlay-gradient":""}},"footnotes":""},"categories":[575],"tags":[578],"class_list":["post-21825","page","type-page","status-publish","has-post-thumbnail","hentry","category-robot-seite","tag-universal-robots-de"],"acf":[],"yoast_head":"<!-- This site is optimized with the Yoast SEO plugin v27.5 - https:\/\/yoast.com\/product\/yoast-seo-wordpress\/ -->\n<title>Universal Robots UR20 | Der gr\u00f6\u00dfte Cobot. Neu definiert<\/title>\n<meta name=\"description\" content=\"Der UR20 ist der erste Roboter der n\u00e4chsten Generation von Universal Robots, der die Leistung auf ein neues Niveau hebt.\" \/>\n<meta name=\"robots\" content=\"index, follow, max-snippet:-1, max-image-preview:large, max-video-preview:-1\" \/>\n<link rel=\"canonical\" href=\"https:\/\/www.wiredworkers.io\/de\/cobot\/hersteller\/universal-robots\/ur20\/\" \/>\n<meta property=\"og:locale\" content=\"de_DE\" \/>\n<meta property=\"og:type\" content=\"article\" \/>\n<meta property=\"og:title\" content=\"Universal Robots UR20 | Der gr\u00f6\u00dfte Cobot. Neu definiert\" \/>\n<meta property=\"og:description\" content=\"Der UR20 ist der erste Roboter der n\u00e4chsten Generation von Universal Robots, der die Leistung auf ein neues Niveau hebt.\" \/>\n<meta property=\"og:url\" content=\"https:\/\/www.wiredworkers.io\/de\/cobot\/hersteller\/universal-robots\/ur20\/\" \/>\n<meta property=\"og:site_name\" content=\"WiredWorkers\" \/>\n<meta property=\"article:publisher\" content=\"https:\/\/www.facebook.com\/WiredWorkers\" \/>\n<meta property=\"article:modified_time\" content=\"2023-05-26T12:00:27+00:00\" \/>\n<meta property=\"og:image\" content=\"https:\/\/www.wiredworkers.io\/wp-content\/uploads\/2023\/04\/UR20.png\" \/>\n\t<meta property=\"og:image:width\" content=\"500\" \/>\n\t<meta property=\"og:image:height\" content=\"500\" \/>\n\t<meta property=\"og:image:type\" content=\"image\/png\" \/>\n<meta name=\"twitter:card\" content=\"summary_large_image\" \/>\n<script type=\"application\/ld+json\" class=\"yoast-schema-graph\">{\"@context\":\"https:\\\/\\\/schema.org\",\"@graph\":[{\"@type\":\"WebPage\",\"@id\":\"https:\\\/\\\/www.wiredworkers.io\\\/de\\\/cobot\\\/hersteller\\\/universal-robots\\\/ur20\\\/\",\"url\":\"https:\\\/\\\/www.wiredworkers.io\\\/de\\\/cobot\\\/hersteller\\\/universal-robots\\\/ur20\\\/\",\"name\":\"Universal Robots UR20 | Der gr\u00f6\u00dfte Cobot. Neu definiert\",\"isPartOf\":{\"@id\":\"https:\\\/\\\/www.wiredworkers.io\\\/de\\\/#website\"},\"primaryImageOfPage\":{\"@id\":\"https:\\\/\\\/www.wiredworkers.io\\\/de\\\/cobot\\\/hersteller\\\/universal-robots\\\/ur20\\\/#primaryimage\"},\"image\":{\"@id\":\"https:\\\/\\\/www.wiredworkers.io\\\/de\\\/cobot\\\/hersteller\\\/universal-robots\\\/ur20\\\/#primaryimage\"},\"thumbnailUrl\":\"https:\\\/\\\/www.wiredworkers.io\\\/wp-content\\\/uploads\\\/2023\\\/04\\\/UR20.png\",\"datePublished\":\"2023-05-26T11:48:46+00:00\",\"dateModified\":\"2023-05-26T12:00:27+00:00\",\"description\":\"Der UR20 ist der erste Roboter der n\u00e4chsten Generation von Universal Robots, der die Leistung auf ein neues Niveau hebt.\",\"breadcrumb\":{\"@id\":\"https:\\\/\\\/www.wiredworkers.io\\\/de\\\/cobot\\\/hersteller\\\/universal-robots\\\/ur20\\\/#breadcrumb\"},\"inLanguage\":\"de\",\"potentialAction\":[{\"@type\":\"ReadAction\",\"target\":[\"https:\\\/\\\/www.wiredworkers.io\\\/de\\\/cobot\\\/hersteller\\\/universal-robots\\\/ur20\\\/\"]}]},{\"@type\":\"ImageObject\",\"inLanguage\":\"de\",\"@id\":\"https:\\\/\\\/www.wiredworkers.io\\\/de\\\/cobot\\\/hersteller\\\/universal-robots\\\/ur20\\\/#primaryimage\",\"url\":\"https:\\\/\\\/www.wiredworkers.io\\\/wp-content\\\/uploads\\\/2023\\\/04\\\/UR20.png\",\"contentUrl\":\"https:\\\/\\\/www.wiredworkers.io\\\/wp-content\\\/uploads\\\/2023\\\/04\\\/UR20.png\",\"width\":500,\"height\":500},{\"@type\":\"BreadcrumbList\",\"@id\":\"https:\\\/\\\/www.wiredworkers.io\\\/de\\\/cobot\\\/hersteller\\\/universal-robots\\\/ur20\\\/#breadcrumb\",\"itemListElement\":[{\"@type\":\"ListItem\",\"position\":1,\"name\":\"WiredWorkers\",\"item\":\"https:\\\/\\\/www.wiredworkers.io\\\/de\\\/\"},{\"@type\":\"ListItem\",\"position\":2,\"name\":\"Cobot\",\"item\":\"https:\\\/\\\/www.wiredworkers.io\\\/de\\\/cobot\\\/\"},{\"@type\":\"ListItem\",\"position\":3,\"name\":\"Hersteller\",\"item\":\"https:\\\/\\\/www.wiredworkers.io\\\/de\\\/cobot\\\/hersteller\\\/\"},{\"@type\":\"ListItem\",\"position\":4,\"name\":\"Universal Robots\",\"item\":\"https:\\\/\\\/www.wiredworkers.io\\\/de\\\/cobot\\\/hersteller\\\/universal-robots\\\/\"},{\"@type\":\"ListItem\",\"position\":5,\"name\":\"UR20\"}]},{\"@type\":\"WebSite\",\"@id\":\"https:\\\/\\\/www.wiredworkers.io\\\/de\\\/#website\",\"url\":\"https:\\\/\\\/www.wiredworkers.io\\\/de\\\/\",\"name\":\"WiredWorkers\",\"description\":\"Robotics at your service\",\"publisher\":{\"@id\":\"https:\\\/\\\/www.wiredworkers.io\\\/de\\\/#organization\"},\"potentialAction\":[{\"@type\":\"SearchAction\",\"target\":{\"@type\":\"EntryPoint\",\"urlTemplate\":\"https:\\\/\\\/www.wiredworkers.io\\\/de\\\/?s={search_term_string}\"},\"query-input\":{\"@type\":\"PropertyValueSpecification\",\"valueRequired\":true,\"valueName\":\"search_term_string\"}}],\"inLanguage\":\"de\"},{\"@type\":\"Organization\",\"@id\":\"https:\\\/\\\/www.wiredworkers.io\\\/de\\\/#organization\",\"name\":\"WiredWorkers Nederland B.V.\",\"url\":\"https:\\\/\\\/www.wiredworkers.io\\\/de\\\/\",\"logo\":{\"@type\":\"ImageObject\",\"inLanguage\":\"de\",\"@id\":\"https:\\\/\\\/www.wiredworkers.io\\\/de\\\/#\\\/schema\\\/logo\\\/image\\\/\",\"url\":\"https:\\\/\\\/www.wiredworkers.io\\\/wp-content\\\/uploads\\\/2018\\\/06\\\/wiredworkers-company-logo.jpg\",\"contentUrl\":\"https:\\\/\\\/www.wiredworkers.io\\\/wp-content\\\/uploads\\\/2018\\\/06\\\/wiredworkers-company-logo.jpg\",\"width\":1082,\"height\":714,\"caption\":\"WiredWorkers Nederland B.V.\"},\"image\":{\"@id\":\"https:\\\/\\\/www.wiredworkers.io\\\/de\\\/#\\\/schema\\\/logo\\\/image\\\/\"},\"sameAs\":[\"https:\\\/\\\/www.facebook.com\\\/WiredWorkers\",\"https:\\\/\\\/www.linkedin.com\\\/company\\\/wiredworkers\\\/\"]}]}<\/script>\n<!-- \/ Yoast SEO plugin. -->","yoast_head_json":{"title":"Universal Robots UR20 | Der gr\u00f6\u00dfte Cobot. Neu definiert","description":"Der UR20 ist der erste Roboter der n\u00e4chsten Generation von Universal Robots, der die Leistung auf ein neues Niveau hebt.","robots":{"index":"index","follow":"follow","max-snippet":"max-snippet:-1","max-image-preview":"max-image-preview:large","max-video-preview":"max-video-preview:-1"},"canonical":"https:\/\/www.wiredworkers.io\/de\/cobot\/hersteller\/universal-robots\/ur20\/","og_locale":"de_DE","og_type":"article","og_title":"Universal Robots UR20 | Der gr\u00f6\u00dfte Cobot. Neu definiert","og_description":"Der UR20 ist der erste Roboter der n\u00e4chsten Generation von Universal Robots, der die Leistung auf ein neues Niveau hebt.","og_url":"https:\/\/www.wiredworkers.io\/de\/cobot\/hersteller\/universal-robots\/ur20\/","og_site_name":"WiredWorkers","article_publisher":"https:\/\/www.facebook.com\/WiredWorkers","article_modified_time":"2023-05-26T12:00:27+00:00","og_image":[{"width":500,"height":500,"url":"https:\/\/www.wiredworkers.io\/wp-content\/uploads\/2023\/04\/UR20.png","type":"image\/png"}],"twitter_card":"summary_large_image","schema":{"@context":"https:\/\/schema.org","@graph":[{"@type":"WebPage","@id":"https:\/\/www.wiredworkers.io\/de\/cobot\/hersteller\/universal-robots\/ur20\/","url":"https:\/\/www.wiredworkers.io\/de\/cobot\/hersteller\/universal-robots\/ur20\/","name":"Universal Robots UR20 | Der gr\u00f6\u00dfte Cobot. Neu definiert","isPartOf":{"@id":"https:\/\/www.wiredworkers.io\/de\/#website"},"primaryImageOfPage":{"@id":"https:\/\/www.wiredworkers.io\/de\/cobot\/hersteller\/universal-robots\/ur20\/#primaryimage"},"image":{"@id":"https:\/\/www.wiredworkers.io\/de\/cobot\/hersteller\/universal-robots\/ur20\/#primaryimage"},"thumbnailUrl":"https:\/\/www.wiredworkers.io\/wp-content\/uploads\/2023\/04\/UR20.png","datePublished":"2023-05-26T11:48:46+00:00","dateModified":"2023-05-26T12:00:27+00:00","description":"Der UR20 ist der erste Roboter der n\u00e4chsten Generation von Universal Robots, der die Leistung auf ein neues Niveau hebt.","breadcrumb":{"@id":"https:\/\/www.wiredworkers.io\/de\/cobot\/hersteller\/universal-robots\/ur20\/#breadcrumb"},"inLanguage":"de","potentialAction":[{"@type":"ReadAction","target":["https:\/\/www.wiredworkers.io\/de\/cobot\/hersteller\/universal-robots\/ur20\/"]}]},{"@type":"ImageObject","inLanguage":"de","@id":"https:\/\/www.wiredworkers.io\/de\/cobot\/hersteller\/universal-robots\/ur20\/#primaryimage","url":"https:\/\/www.wiredworkers.io\/wp-content\/uploads\/2023\/04\/UR20.png","contentUrl":"https:\/\/www.wiredworkers.io\/wp-content\/uploads\/2023\/04\/UR20.png","width":500,"height":500},{"@type":"BreadcrumbList","@id":"https:\/\/www.wiredworkers.io\/de\/cobot\/hersteller\/universal-robots\/ur20\/#breadcrumb","itemListElement":[{"@type":"ListItem","position":1,"name":"WiredWorkers","item":"https:\/\/www.wiredworkers.io\/de\/"},{"@type":"ListItem","position":2,"name":"Cobot","item":"https:\/\/www.wiredworkers.io\/de\/cobot\/"},{"@type":"ListItem","position":3,"name":"Hersteller","item":"https:\/\/www.wiredworkers.io\/de\/cobot\/hersteller\/"},{"@type":"ListItem","position":4,"name":"Universal Robots","item":"https:\/\/www.wiredworkers.io\/de\/cobot\/hersteller\/universal-robots\/"},{"@type":"ListItem","position":5,"name":"UR20"}]},{"@type":"WebSite","@id":"https:\/\/www.wiredworkers.io\/de\/#website","url":"https:\/\/www.wiredworkers.io\/de\/","name":"WiredWorkers","description":"Robotics at your service","publisher":{"@id":"https:\/\/www.wiredworkers.io\/de\/#organization"},"potentialAction":[{"@type":"SearchAction","target":{"@type":"EntryPoint","urlTemplate":"https:\/\/www.wiredworkers.io\/de\/?s={search_term_string}"},"query-input":{"@type":"PropertyValueSpecification","valueRequired":true,"valueName":"search_term_string"}}],"inLanguage":"de"},{"@type":"Organization","@id":"https:\/\/www.wiredworkers.io\/de\/#organization","name":"WiredWorkers Nederland B.V.","url":"https:\/\/www.wiredworkers.io\/de\/","logo":{"@type":"ImageObject","inLanguage":"de","@id":"https:\/\/www.wiredworkers.io\/de\/#\/schema\/logo\/image\/","url":"https:\/\/www.wiredworkers.io\/wp-content\/uploads\/2018\/06\/wiredworkers-company-logo.jpg","contentUrl":"https:\/\/www.wiredworkers.io\/wp-content\/uploads\/2018\/06\/wiredworkers-company-logo.jpg","width":1082,"height":714,"caption":"WiredWorkers Nederland B.V."},"image":{"@id":"https:\/\/www.wiredworkers.io\/de\/#\/schema\/logo\/image\/"},"sameAs":["https:\/\/www.facebook.com\/WiredWorkers","https:\/\/www.linkedin.com\/company\/wiredworkers\/"]}]}},"_links":{"self":[{"href":"https:\/\/www.wiredworkers.io\/de\/wp-json\/wp\/v2\/pages\/21825","targetHints":{"allow":["GET"]}}],"collection":[{"href":"https:\/\/www.wiredworkers.io\/de\/wp-json\/wp\/v2\/pages"}],"about":[{"href":"https:\/\/www.wiredworkers.io\/de\/wp-json\/wp\/v2\/types\/page"}],"author":[{"embeddable":true,"href":"https:\/\/www.wiredworkers.io\/de\/wp-json\/wp\/v2\/users\/3"}],"replies":[{"embeddable":true,"href":"https:\/\/www.wiredworkers.io\/de\/wp-json\/wp\/v2\/comments?post=21825"}],"version-history":[{"count":1,"href":"https:\/\/www.wiredworkers.io\/de\/wp-json\/wp\/v2\/pages\/21825\/revisions"}],"predecessor-version":[{"id":21833,"href":"https:\/\/www.wiredworkers.io\/de\/wp-json\/wp\/v2\/pages\/21825\/revisions\/21833"}],"up":[{"embeddable":true,"href":"https:\/\/www.wiredworkers.io\/de\/wp-json\/wp\/v2\/pages\/21391"}],"wp:featuredmedia":[{"embeddable":true,"href":"https:\/\/www.wiredworkers.io\/de\/wp-json\/wp\/v2\/media\/21334"}],"wp:attachment":[{"href":"https:\/\/www.wiredworkers.io\/de\/wp-json\/wp\/v2\/media?parent=21825"}],"wp:term":[{"taxonomy":"category","embeddable":true,"href":"https:\/\/www.wiredworkers.io\/de\/wp-json\/wp\/v2\/categories?post=21825"},{"taxonomy":"post_tag","embeddable":true,"href":"https:\/\/www.wiredworkers.io\/de\/wp-json\/wp\/v2\/tags?post=21825"}],"curies":[{"name":"wp","href":"https:\/\/api.w.org\/{rel}","templated":true}]}}