{"id":21883,"date":"2023-05-31T13:27:39","date_gmt":"2023-05-31T11:27:39","guid":{"rendered":"https:\/\/wiredworkers.io\/asyril\/"},"modified":"2023-08-31T12:16:11","modified_gmt":"2023-08-31T10:16:11","slug":"asyril","status":"publish","type":"page","link":"https:\/\/www.wiredworkers.io\/de\/asyril\/","title":{"rendered":"Asyril"},"content":{"rendered":"\n<a href=\"https:\/\/www.wiredworkers.io\/\">WiredWorkers<\/a> \u279c Asyril<h1>\n\t\tAsyril\n\t<\/h1>\n\t<p>Asyril develops and manufactures high-quality flexible feeding systems for parts and components from 0.1 to 150 mm.<\/p>\n\t\t\t<a href=\"https:\/\/shop.wiredworkers.io\/en_GB\/shop?search=&amp;order=&amp;attrib=1-3\" target=\"_self\" role=\"button\" rel=\"noopener\">\n\t\t\t\t\t\t\tView in shop\n\t\t\t<\/a>\n<h2>\n\t\tAbout Asyril\n\t<\/h2>\n\t<p>Asyril&#8217;s field of expertise and their know-how in vibration technology, vision, artificial intelligence and robotics enables them to develop customized and scalable solutions. They design patented and innovative devices for the automated assembly of all kinds of products. In this perspective, the Asycube series allows perfect distribution of all types of parts, including parts with complex geometries or very delicate parts.<\/p>\n\t\t\t\t<img decoding=\"async\" data-src=\"https:\/\/www.wiredworkers.io\/wp-content\/uploads\/2021\/06\/Ontwerp-zonder-titel-11.png\" alt=\"Asyril feeding systems\" itemprop=\"image\" height=\"880\" width=\"1080\" title=\"Asyril Logo\" onerror=\"this.style.display='none'\" src=\"data:image\/svg+xml;base64,PHN2ZyB3aWR0aD0iMSIgaGVpZ2h0PSIxIiB4bWxucz0iaHR0cDovL3d3dy53My5vcmcvMjAwMC9zdmciPjwvc3ZnPg==\" class=\"lazyload\" style=\"--smush-placeholder-width: 1080px; --smush-placeholder-aspect-ratio: 1080\/880;\">\n\t\t\t\t<img decoding=\"async\" data-src=\"https:\/\/www.wiredworkers.io\/wp-content\/uploads\/2019\/08\/Asycube_240_Flexible_Feeding_System_hopper_by_Asyril.png\" alt=\"Asyril Asycube 240 Flexibel Feeding System for Collaborative Robots\" itemprop=\"image\" height=\"820\" width=\"1200\" title=\"Asycube_240_Flexible_Feeding_System_hopper_by_Asyril\" onerror=\"this.style.display='none'\" src=\"data:image\/svg+xml;base64,PHN2ZyB3aWR0aD0iMSIgaGVpZ2h0PSIxIiB4bWxucz0iaHR0cDovL3d3dy53My5vcmcvMjAwMC9zdmciPjwvc3ZnPg==\" class=\"lazyload\" style=\"--smush-placeholder-width: 1200px; --smush-placeholder-aspect-ratio: 1200\/820;\">\n<h2>\n\t\tAssortment Asyril\n\t<\/h2>\n\t<p>Asyril offers you the optimal solution for de-bulking your various parts. Thanks to the combination of an Asycube and the EYE+ smart control system, you can enter, separate and orient the parts you receive in bulk more efficiently. The EYE+ optimizes the performance of your Asycube. It is designed to simplify and facilitate integration with your machine and communication between the different parts of your application, thus improving your cycle time.<\/p>\n<h3>\n\t\tFind out how we can improve your production\n\t<\/h3>\n\t<p>Book a free online consultation with our automation specialist!<\/p>\n\t\t\t<a href=\"https:\/\/contact.wiredworkers.io\/en_GB\/appointment\/8\" target=\"_self\" role=\"button\" rel=\"noopener\">\n\t\t\t\t\t\t\tSchedule a videocall\n\t\t\t<\/a>\n\t<h6>Completely free and without obligation!<\/h6>\n","protected":false},"excerpt":{"rendered":"<p>WiredWorkers \u279c Asyril Asyril Asyril develops and manufactures high-quality flexible feeding systems for parts and components from 0.1 to 150 mm. View in shop About Asyril Asyril&#8217;s field of expertise and their know-how in vibration technology, vision, artificial intelligence and robotics enables them to develop customized and scalable solutions. They design patented and innovative devices [&hellip;]<\/p>\n","protected":false},"author":3,"featured_media":21869,"parent":0,"menu_order":3,"comment_status":"closed","ping_status":"closed","template":"","meta":{"_acf_changed":false,"site-sidebar-layout":"default","site-content-layout":"default","ast-site-content-layout":"default","site-content-style":"default","site-sidebar-style":"default","ast-global-header-display":"","ast-banner-title-visibility":"","ast-main-header-display":"","ast-hfb-above-header-display":"","ast-hfb-below-header-display":"","ast-hfb-mobile-header-display":"","site-post-title":"","ast-breadcrumbs-content":"","ast-featured-img":"disabled","footer-sml-layout":"","ast-disable-related-posts":"","theme-transparent-header-meta":"default","adv-header-id-meta":"","stick-header-meta":"default","header-above-stick-meta":"","header-main-stick-meta":"","header-below-stick-meta":"","astra-migrate-meta-layouts":"default","ast-page-background-enabled":"default","ast-page-background-meta":{"desktop":{"background-color":"","background-image":"","background-repeat":"repeat","background-position":"center center","background-size":"auto","background-attachment":"scroll","background-type":"","background-media":"","overlay-type":"","overlay-color":"","overlay-opacity":"","overlay-gradient":""},"tablet":{"background-color":"","background-image":"","background-repeat":"repeat","background-position":"center center","background-size":"auto","background-attachment":"scroll","background-type":"","background-media":"","overlay-type":"","overlay-color":"","overlay-opacity":"","overlay-gradient":""},"mobile":{"background-color":"","background-image":"","background-repeat":"repeat","background-position":"center center","background-size":"auto","background-attachment":"scroll","background-type":"","background-media":"","overlay-type":"","overlay-color":"","overlay-opacity":"","overlay-gradient":""}},"ast-content-background-meta":{"desktop":{"background-color":"var(--ast-global-color-5)","background-image":"","background-repeat":"repeat","background-position":"center center","background-size":"auto","background-attachment":"scroll","background-type":"","background-media":"","overlay-type":"","overlay-color":"","overlay-opacity":"","overlay-gradient":""},"tablet":{"background-color":"var(--ast-global-color-5)","background-image":"","background-repeat":"repeat","background-position":"center center","background-size":"auto","background-attachment":"scroll","background-type":"","background-media":"","overlay-type":"","overlay-color":"","overlay-opacity":"","overlay-gradient":""},"mobile":{"background-color":"var(--ast-global-color-5)","background-image":"","background-repeat":"repeat","background-position":"center center","background-size":"auto","background-attachment":"scroll","background-type":"","background-media":"","overlay-type":"","overlay-color":"","overlay-opacity":"","overlay-gradient":""}},"footnotes":""},"categories":[580],"tags":[601],"class_list":["post-21883","page","type-page","status-publish","has-post-thumbnail","hentry","category-seite-der-werkzeughersteller","tag-zufuhrungssysteme"],"acf":[],"yoast_head":"<!-- This site is optimized with the Yoast SEO plugin v27.5 - https:\/\/yoast.com\/product\/yoast-seo-wordpress\/ -->\n<title>Asyril | Flexibilit\u00e4t, Einfachheit, Effizienz<\/title>\n<meta name=\"description\" content=\"Asyril entwickelt und produziert in der Schweiz hochleistungsf\u00e4hige, flexible Zuf\u00fchrsysteme f\u00fcr Teile und Komponenten von 0,1 bis 150 mm Gr\u00f6\u00dfe.\" \/>\n<meta name=\"robots\" content=\"index, follow, max-snippet:-1, max-image-preview:large, max-video-preview:-1\" \/>\n<link rel=\"canonical\" href=\"https:\/\/www.wiredworkers.io\/de\/asyril\/\" \/>\n<meta property=\"og:locale\" content=\"de_DE\" \/>\n<meta property=\"og:type\" content=\"article\" \/>\n<meta property=\"og:title\" content=\"Asyril | Flexibilit\u00e4t, Einfachheit, Effizienz\" \/>\n<meta property=\"og:description\" content=\"Asyril entwickelt und produziert in der Schweiz hochleistungsf\u00e4hige, flexible Zuf\u00fchrsysteme f\u00fcr Teile und Komponenten von 0,1 bis 150 mm Gr\u00f6\u00dfe.\" \/>\n<meta property=\"og:url\" content=\"https:\/\/www.wiredworkers.io\/de\/asyril\/\" \/>\n<meta property=\"og:site_name\" content=\"WiredWorkers\" \/>\n<meta property=\"article:publisher\" content=\"https:\/\/www.facebook.com\/WiredWorkers\" \/>\n<meta property=\"article:modified_time\" content=\"2023-08-31T10:16:11+00:00\" \/>\n<meta property=\"og:image\" content=\"https:\/\/www.wiredworkers.io\/wp-content\/uploads\/2023\/05\/Asyril-logo.png\" \/>\n\t<meta property=\"og:image:width\" content=\"500\" \/>\n\t<meta property=\"og:image:height\" content=\"500\" \/>\n\t<meta property=\"og:image:type\" content=\"image\/png\" \/>\n<meta name=\"twitter:card\" content=\"summary_large_image\" \/>\n<meta name=\"twitter:label1\" content=\"Gesch\u00e4tzte Lesezeit\" \/>\n\t<meta name=\"twitter:data1\" content=\"1\u00a0Minute\" \/>\n<script type=\"application\/ld+json\" class=\"yoast-schema-graph\">{\"@context\":\"https:\\\/\\\/schema.org\",\"@graph\":[{\"@type\":\"WebPage\",\"@id\":\"https:\\\/\\\/www.wiredworkers.io\\\/de\\\/asyril\\\/\",\"url\":\"https:\\\/\\\/www.wiredworkers.io\\\/de\\\/asyril\\\/\",\"name\":\"Asyril | Flexibilit\u00e4t, Einfachheit, Effizienz\",\"isPartOf\":{\"@id\":\"https:\\\/\\\/www.wiredworkers.io\\\/de\\\/#website\"},\"primaryImageOfPage\":{\"@id\":\"https:\\\/\\\/www.wiredworkers.io\\\/de\\\/asyril\\\/#primaryimage\"},\"image\":{\"@id\":\"https:\\\/\\\/www.wiredworkers.io\\\/de\\\/asyril\\\/#primaryimage\"},\"thumbnailUrl\":\"https:\\\/\\\/www.wiredworkers.io\\\/wp-content\\\/uploads\\\/2023\\\/05\\\/Asyril-logo.png\",\"datePublished\":\"2023-05-31T11:27:39+00:00\",\"dateModified\":\"2023-08-31T10:16:11+00:00\",\"description\":\"Asyril entwickelt und produziert in der Schweiz hochleistungsf\u00e4hige, flexible Zuf\u00fchrsysteme f\u00fcr Teile und Komponenten von 0,1 bis 150 mm Gr\u00f6\u00dfe.\",\"breadcrumb\":{\"@id\":\"https:\\\/\\\/www.wiredworkers.io\\\/de\\\/asyril\\\/#breadcrumb\"},\"inLanguage\":\"de\",\"potentialAction\":[{\"@type\":\"ReadAction\",\"target\":[\"https:\\\/\\\/www.wiredworkers.io\\\/de\\\/asyril\\\/\"]}]},{\"@type\":\"ImageObject\",\"inLanguage\":\"de\",\"@id\":\"https:\\\/\\\/www.wiredworkers.io\\\/de\\\/asyril\\\/#primaryimage\",\"url\":\"https:\\\/\\\/www.wiredworkers.io\\\/wp-content\\\/uploads\\\/2023\\\/05\\\/Asyril-logo.png\",\"contentUrl\":\"https:\\\/\\\/www.wiredworkers.io\\\/wp-content\\\/uploads\\\/2023\\\/05\\\/Asyril-logo.png\",\"width\":500,\"height\":500},{\"@type\":\"BreadcrumbList\",\"@id\":\"https:\\\/\\\/www.wiredworkers.io\\\/de\\\/asyril\\\/#breadcrumb\",\"itemListElement\":[{\"@type\":\"ListItem\",\"position\":1,\"name\":\"WiredWorkers\",\"item\":\"https:\\\/\\\/www.wiredworkers.io\\\/de\\\/\"},{\"@type\":\"ListItem\",\"position\":2,\"name\":\"Asyril\"}]},{\"@type\":\"WebSite\",\"@id\":\"https:\\\/\\\/www.wiredworkers.io\\\/de\\\/#website\",\"url\":\"https:\\\/\\\/www.wiredworkers.io\\\/de\\\/\",\"name\":\"WiredWorkers\",\"description\":\"Robotics at your service\",\"publisher\":{\"@id\":\"https:\\\/\\\/www.wiredworkers.io\\\/de\\\/#organization\"},\"potentialAction\":[{\"@type\":\"SearchAction\",\"target\":{\"@type\":\"EntryPoint\",\"urlTemplate\":\"https:\\\/\\\/www.wiredworkers.io\\\/de\\\/?s={search_term_string}\"},\"query-input\":{\"@type\":\"PropertyValueSpecification\",\"valueRequired\":true,\"valueName\":\"search_term_string\"}}],\"inLanguage\":\"de\"},{\"@type\":\"Organization\",\"@id\":\"https:\\\/\\\/www.wiredworkers.io\\\/de\\\/#organization\",\"name\":\"WiredWorkers Nederland B.V.\",\"url\":\"https:\\\/\\\/www.wiredworkers.io\\\/de\\\/\",\"logo\":{\"@type\":\"ImageObject\",\"inLanguage\":\"de\",\"@id\":\"https:\\\/\\\/www.wiredworkers.io\\\/de\\\/#\\\/schema\\\/logo\\\/image\\\/\",\"url\":\"https:\\\/\\\/www.wiredworkers.io\\\/wp-content\\\/uploads\\\/2018\\\/06\\\/wiredworkers-company-logo.jpg\",\"contentUrl\":\"https:\\\/\\\/www.wiredworkers.io\\\/wp-content\\\/uploads\\\/2018\\\/06\\\/wiredworkers-company-logo.jpg\",\"width\":1082,\"height\":714,\"caption\":\"WiredWorkers Nederland B.V.\"},\"image\":{\"@id\":\"https:\\\/\\\/www.wiredworkers.io\\\/de\\\/#\\\/schema\\\/logo\\\/image\\\/\"},\"sameAs\":[\"https:\\\/\\\/www.facebook.com\\\/WiredWorkers\",\"https:\\\/\\\/www.linkedin.com\\\/company\\\/wiredworkers\\\/\"]}]}<\/script>\n<!-- \/ Yoast SEO plugin. -->","yoast_head_json":{"title":"Asyril | Flexibilit\u00e4t, Einfachheit, Effizienz","description":"Asyril entwickelt und produziert in der Schweiz hochleistungsf\u00e4hige, flexible Zuf\u00fchrsysteme f\u00fcr Teile und Komponenten von 0,1 bis 150 mm Gr\u00f6\u00dfe.","robots":{"index":"index","follow":"follow","max-snippet":"max-snippet:-1","max-image-preview":"max-image-preview:large","max-video-preview":"max-video-preview:-1"},"canonical":"https:\/\/www.wiredworkers.io\/de\/asyril\/","og_locale":"de_DE","og_type":"article","og_title":"Asyril | Flexibilit\u00e4t, Einfachheit, Effizienz","og_description":"Asyril entwickelt und produziert in der Schweiz hochleistungsf\u00e4hige, flexible Zuf\u00fchrsysteme f\u00fcr Teile und Komponenten von 0,1 bis 150 mm Gr\u00f6\u00dfe.","og_url":"https:\/\/www.wiredworkers.io\/de\/asyril\/","og_site_name":"WiredWorkers","article_publisher":"https:\/\/www.facebook.com\/WiredWorkers","article_modified_time":"2023-08-31T10:16:11+00:00","og_image":[{"width":500,"height":500,"url":"https:\/\/www.wiredworkers.io\/wp-content\/uploads\/2023\/05\/Asyril-logo.png","type":"image\/png"}],"twitter_card":"summary_large_image","twitter_misc":{"Gesch\u00e4tzte Lesezeit":"1\u00a0Minute"},"schema":{"@context":"https:\/\/schema.org","@graph":[{"@type":"WebPage","@id":"https:\/\/www.wiredworkers.io\/de\/asyril\/","url":"https:\/\/www.wiredworkers.io\/de\/asyril\/","name":"Asyril | Flexibilit\u00e4t, Einfachheit, Effizienz","isPartOf":{"@id":"https:\/\/www.wiredworkers.io\/de\/#website"},"primaryImageOfPage":{"@id":"https:\/\/www.wiredworkers.io\/de\/asyril\/#primaryimage"},"image":{"@id":"https:\/\/www.wiredworkers.io\/de\/asyril\/#primaryimage"},"thumbnailUrl":"https:\/\/www.wiredworkers.io\/wp-content\/uploads\/2023\/05\/Asyril-logo.png","datePublished":"2023-05-31T11:27:39+00:00","dateModified":"2023-08-31T10:16:11+00:00","description":"Asyril entwickelt und produziert in der Schweiz hochleistungsf\u00e4hige, flexible Zuf\u00fchrsysteme f\u00fcr Teile und Komponenten von 0,1 bis 150 mm Gr\u00f6\u00dfe.","breadcrumb":{"@id":"https:\/\/www.wiredworkers.io\/de\/asyril\/#breadcrumb"},"inLanguage":"de","potentialAction":[{"@type":"ReadAction","target":["https:\/\/www.wiredworkers.io\/de\/asyril\/"]}]},{"@type":"ImageObject","inLanguage":"de","@id":"https:\/\/www.wiredworkers.io\/de\/asyril\/#primaryimage","url":"https:\/\/www.wiredworkers.io\/wp-content\/uploads\/2023\/05\/Asyril-logo.png","contentUrl":"https:\/\/www.wiredworkers.io\/wp-content\/uploads\/2023\/05\/Asyril-logo.png","width":500,"height":500},{"@type":"BreadcrumbList","@id":"https:\/\/www.wiredworkers.io\/de\/asyril\/#breadcrumb","itemListElement":[{"@type":"ListItem","position":1,"name":"WiredWorkers","item":"https:\/\/www.wiredworkers.io\/de\/"},{"@type":"ListItem","position":2,"name":"Asyril"}]},{"@type":"WebSite","@id":"https:\/\/www.wiredworkers.io\/de\/#website","url":"https:\/\/www.wiredworkers.io\/de\/","name":"WiredWorkers","description":"Robotics at your service","publisher":{"@id":"https:\/\/www.wiredworkers.io\/de\/#organization"},"potentialAction":[{"@type":"SearchAction","target":{"@type":"EntryPoint","urlTemplate":"https:\/\/www.wiredworkers.io\/de\/?s={search_term_string}"},"query-input":{"@type":"PropertyValueSpecification","valueRequired":true,"valueName":"search_term_string"}}],"inLanguage":"de"},{"@type":"Organization","@id":"https:\/\/www.wiredworkers.io\/de\/#organization","name":"WiredWorkers Nederland B.V.","url":"https:\/\/www.wiredworkers.io\/de\/","logo":{"@type":"ImageObject","inLanguage":"de","@id":"https:\/\/www.wiredworkers.io\/de\/#\/schema\/logo\/image\/","url":"https:\/\/www.wiredworkers.io\/wp-content\/uploads\/2018\/06\/wiredworkers-company-logo.jpg","contentUrl":"https:\/\/www.wiredworkers.io\/wp-content\/uploads\/2018\/06\/wiredworkers-company-logo.jpg","width":1082,"height":714,"caption":"WiredWorkers Nederland B.V."},"image":{"@id":"https:\/\/www.wiredworkers.io\/de\/#\/schema\/logo\/image\/"},"sameAs":["https:\/\/www.facebook.com\/WiredWorkers","https:\/\/www.linkedin.com\/company\/wiredworkers\/"]}]}},"_links":{"self":[{"href":"https:\/\/www.wiredworkers.io\/de\/wp-json\/wp\/v2\/pages\/21883","targetHints":{"allow":["GET"]}}],"collection":[{"href":"https:\/\/www.wiredworkers.io\/de\/wp-json\/wp\/v2\/pages"}],"about":[{"href":"https:\/\/www.wiredworkers.io\/de\/wp-json\/wp\/v2\/types\/page"}],"author":[{"embeddable":true,"href":"https:\/\/www.wiredworkers.io\/de\/wp-json\/wp\/v2\/users\/3"}],"replies":[{"embeddable":true,"href":"https:\/\/www.wiredworkers.io\/de\/wp-json\/wp\/v2\/comments?post=21883"}],"version-history":[{"count":2,"href":"https:\/\/www.wiredworkers.io\/de\/wp-json\/wp\/v2\/pages\/21883\/revisions"}],"predecessor-version":[{"id":22329,"href":"https:\/\/www.wiredworkers.io\/de\/wp-json\/wp\/v2\/pages\/21883\/revisions\/22329"}],"wp:featuredmedia":[{"embeddable":true,"href":"https:\/\/www.wiredworkers.io\/de\/wp-json\/wp\/v2\/media\/21869"}],"wp:attachment":[{"href":"https:\/\/www.wiredworkers.io\/de\/wp-json\/wp\/v2\/media?parent=21883"}],"wp:term":[{"taxonomy":"category","embeddable":true,"href":"https:\/\/www.wiredworkers.io\/de\/wp-json\/wp\/v2\/categories?post=21883"},{"taxonomy":"post_tag","embeddable":true,"href":"https:\/\/www.wiredworkers.io\/de\/wp-json\/wp\/v2\/tags?post=21883"}],"curies":[{"name":"wp","href":"https:\/\/api.w.org\/{rel}","templated":true}]}}