{"id":21902,"date":"2023-06-02T16:05:48","date_gmt":"2023-06-02T14:05:48","guid":{"rendered":"https:\/\/wiredworkers.io\/die-robotisierung-traegt-zur-persoenlichen-entwicklung-der-mitarbeiter-bei\/"},"modified":"2024-11-01T11:36:42","modified_gmt":"2024-11-01T09:36:42","slug":"die-robotisierung-traegt-zur-persoenlichen-entwicklung-der-mitarbeiter-bei","status":"publish","type":"page","link":"https:\/\/www.wiredworkers.io\/de\/blog\/die-robotisierung-traegt-zur-persoenlichen-entwicklung-der-mitarbeiter-bei\/","title":{"rendered":"Die Robotisierung tr\u00e4gt zur pers\u00f6nlichen Entwicklung der Mitarbeiter bei."},"content":{"rendered":"\n<h1>\n\t\tRobotisation stimulates the personal development of employees\n\t<\/h1>\n\t<p><strong>We cannot ignore it. More and more work will be automated or robotized. A comprehensive report by the World Economic Forum predicts that by 2022, about 42% of the work will be carried out by machines, compared with about 29% today. Many articles on robotization report job losses and workers&#8216; fear of being replaced. But are these feelings justified? Shouldn&#8217;t workers applaud robotization and embrace innovations?<\/strong><\/p>\n<h2>\n\t\tFables on robotization\n\t<\/h2>\n\t<p>Every week newspapers, columnists and blog pages pay attention to the &#8218;4th Industrial Revolution&#8216;. Remarkable is that the tenor in this reporting differs. <a href=\"http:\/\/www.bbc.com\/\">BBC<\/a> published an article in November with the headline: <a href=\"https:\/\/www.bbc.com\/news\/world-us-canada-42170100\">Robot automation will &#8218;take 800 million jobs by 2030&#8216;.<\/a> A title that causes a lot of fear among employees who consider robotization as a threat. At the same time, other media reported that <a href=\"https:\/\/www.theguardian.com\/business\/2018\/sep\/17\/robots-in-workplace-could-create-double-the-jobs-they-destroy\">robotization will create more jobs<\/a>, an opposite claim about the same development. Perhaps the truth is in the middle, but it is understandable that employees are not so positive about current developments. It is a pity, because robotization offers opportunities for employees and can enrich work.<\/p>\n\t\t\t\t<img decoding=\"async\" data-src=\"https:\/\/www.wiredworkers.io\/wp-content\/uploads\/2020\/08\/Schermafbeelding-2020-08-11-om-11.44.07-858x1024.png\" alt=\"Schermafbeelding 2020-08-11 om 11.44.07\" itemprop=\"image\" height=\"1024\" width=\"858\" title=\"Schermafbeelding 2020-08-11 om 11.44.07\" onerror=\"this.style.display='none'\" src=\"data:image\/svg+xml;base64,PHN2ZyB3aWR0aD0iMSIgaGVpZ2h0PSIxIiB4bWxucz0iaHR0cDovL3d3dy53My5vcmcvMjAwMC9zdmciPjwvc3ZnPg==\" class=\"lazyload\" style=\"--smush-placeholder-width: 858px; --smush-placeholder-aspect-ratio: 858\/1024;\">\n\t<!--HubSpot Call-to-Action Code --><!--[if lte IE 8]><![endif]--><a href=\"https:\/\/cta-redirect.hubspot.com\/cta\/redirect\/19989853\/49a5522a-00a8-4714-b65c-3a45ac94e76b\"><img decoding=\"async\" id=\"hs-cta-img-49a5522a-00a8-4714-b65c-3a45ac94e76b\" height=\"250\" width=\"800\" data-src=\"https:\/\/no-cache.hubspot.com\/cta\/default\/19989853\/49a5522a-00a8-4714-b65c-3a45ac94e76b.png\" alt=\"New call-to-action\" src=\"data:image\/svg+xml;base64,PHN2ZyB3aWR0aD0iMSIgaGVpZ2h0PSIxIiB4bWxucz0iaHR0cDovL3d3dy53My5vcmcvMjAwMC9zdmciPjwvc3ZnPg==\" class=\"lazyload\" style=\"--smush-placeholder-width: 800px; --smush-placeholder-aspect-ratio: 800\/250;\"><\/a><!-- end HubSpot Call-to-Action Code -->\n<h2>\n\t\tCollaborative robots\n\t<\/h2>\n\t<p>An interesting development within robotics is the rise of <a href=\"https:\/\/www.wiredworkers.io\/nl\/cobot\/\">collaborative robots<\/a>, or &#8218;cobots&#8216;. Cobots offer several advantages over traditional robots and have a unique feature that fits perfectly with the personal development of employees. Collaborative robots (as the name suggests) are made to work with people. These robots are sensitive and feel touch and the environment around them. They don&#8217;t have to stand behind large safety screens and the risk of accidents is small.<\/p>\n\t\t\t\t<img decoding=\"async\" data-src=\"https:\/\/www.wiredworkers.io\/wp-content\/uploads\/2021\/04\/robots-row-e1619186774541.jpg\" alt=\"robots row\" itemprop=\"image\" height=\"1000\" width=\"1000\" title=\"robots row\" onerror=\"this.style.display='none'\" src=\"data:image\/svg+xml;base64,PHN2ZyB3aWR0aD0iMSIgaGVpZ2h0PSIxIiB4bWxucz0iaHR0cDovL3d3dy53My5vcmcvMjAwMC9zdmciPjwvc3ZnPg==\" class=\"lazyload\" style=\"--smush-placeholder-width: 1000px; --smush-placeholder-aspect-ratio: 1000\/1000;\">\n<h3>\n\t\t&#8222;Giving employees creative and solution-oriented tasks contributes to personal development&#8220;.\n\t<\/h3>\n<h2>\n\t\tCobots and employees\n\t<\/h2>\n\t<p>Production work such as packing goods, replenishing supplies or conveyorbelting are characterised by terms such as &#8218;monotonous&#8216;, &#8218;boring&#8216; and &#8218;mind-numbing&#8216;. This type of work is also often the cause of RSI, Repetitive Strain Injury. A condition that arises from frequently performing the same movement. A robot, on the other hand, is very good at frequently performing the same movement and will not experience the work as boring either. By having a robot perform the work of a production worker, the production worker could focus on other tasks. Tasks that require creativity and solution-oriented thinking such as maintenance or quality control.<\/p>\n<p>By giving employees creative and solution-oriented tasks, the work they do is enriched, it is not monotonous or boring and it contributes to the<a href=\"https:\/\/www.wiredworkers.io\/robotisation-personal-development\/\"> personal development<\/a> of people. It also stimulates diversity and flexibility, creating an <a href=\"https:\/\/www.wiredworkers.io\/attractive-work-environment\/\">attractive working environment<\/a>. These factors make employees more happy with the work they do, more involved in the work they do and more productive, especially for <a href=\"https:\/\/www.wiredworkers.io\/blog\/robotization-smes\/\">SME companies<\/a>. In principle, you kill two birds with one stone because innovation and robotisation also increase productivity.<\/p>\n<h2>\n\t\tYou may also like&#8230;\n\t<\/h2>\n\t<meta itemscope=\"\" itemprop=\"mainEntityOfPage\" itemtype=\"https:\/\/schema.org\/WebPage\" itemid=\"https:\/\/www.wiredworkers.io\/blog\/robot-vision-how-does-it-work-and-what-can-you-do-with-it\/\" content=\"Robot vision, how does it work and what can you do with it?\"><meta itemprop=\"datePublished\" content=\"2022-03-28\"><meta itemprop=\"dateModified\" content=\"2022-03-28\"><meta itemprop=\"name\" content=\"WiredWorkers\"><meta itemprop=\"url\" content=\"https:\/\/www.wiredworkers.io\/wp-content\/uploads\/2018\/01\/cropped-wiredworkers-logo-white.png\"><meta itemprop=\"url\" content=\"https:\/\/www.wiredworkers.io\/author\/robbinmennings\/\"><meta itemprop=\"name\" content=\"Robbin Mennings\"><meta itemprop=\"interactionType\" content=\"https:\/\/schema.org\/CommentAction\"><meta itemprop=\"userInteractionCount\" content=\"0\">\n\t\t\t\t\t<a href=\"https:\/\/www.wiredworkers.io\/blog\/robot-vision-how-does-it-work-and-what-can-you-do-with-it\/\" title=\"Robot vision, how does it work and what can you do with it?\"><\/a>\n\t\t\t\t<img decoding=\"async\" src=\"https:\/\/www.wiredworkers.io\/wp-content\/uploads\/2019\/08\/Pick-It-product-01-350x250.jpg\" alt=\"Bin Picking\" itemprop=\"image\" data-no-lazy=\"1\" height=\"250\" width=\"350\" title=\"Bin picking\" onerror=\"this.style.display='none'\">\n\t\t\t\t\t\t\t\t\t<h4 itemprop=\"headline\">\n\t\t\t\t\t\t\t\t\t\t\t\t\t\tRobot vision, how does it work and what can you do with it?\t\t\t\t\t\t\t\t\t\t\t<\/h4>\n\t<meta itemscope=\"\" itemprop=\"mainEntityOfPage\" itemtype=\"https:\/\/schema.org\/WebPage\" itemid=\"https:\/\/www.wiredworkers.io\/blog\/opportunities-of-automation-in-the-food-industry\/\" content=\"The opportunities of automation in the food industry\"><meta itemprop=\"datePublished\" content=\"2022-03-02\"><meta itemprop=\"dateModified\" content=\"2022-03-07\"><meta itemprop=\"name\" content=\"WiredWorkers\"><meta itemprop=\"url\" content=\"https:\/\/www.wiredworkers.io\/wp-content\/uploads\/2018\/01\/cropped-wiredworkers-logo-white.png\"><meta itemprop=\"url\" content=\"https:\/\/www.wiredworkers.io\/author\/robbinmennings\/\"><meta itemprop=\"name\" content=\"Robbin Mennings\"><meta itemprop=\"interactionType\" content=\"https:\/\/schema.org\/CommentAction\"><meta itemprop=\"userInteractionCount\" content=\"0\">\n\t\t\t\t\t<a href=\"https:\/\/www.wiredworkers.io\/blog\/opportunities-of-automation-in-the-food-industry\/\" title=\"The opportunities of automation in the food industry\"><\/a>\n\t\t\t\t<img decoding=\"async\" src=\"https:\/\/www.wiredworkers.io\/wp-content\/uploads\/2022\/03\/softrobotics-1-350x250.jpg\" alt=\"soft gripper\" itemprop=\"image\" data-no-lazy=\"1\" height=\"250\" width=\"350\" title=\"soft gripper\" onerror=\"this.style.display='none'\">\n\t\t\t\t\t\t\t\t\t<h4 itemprop=\"headline\">\n\t\t\t\t\t\t\t\t\t\t\t\t\t\tThe opportunities of automation in the food industry\t\t\t\t\t\t\t\t\t\t\t<\/h4>\n\t<meta itemscope=\"\" itemprop=\"mainEntityOfPage\" itemtype=\"https:\/\/schema.org\/WebPage\" itemid=\"https:\/\/www.wiredworkers.io\/blog\/cobots-can-be-a-solution-to-the-packaging-industry\/\" content=\"5 challenges in the packaging industry and how cobots can be a solution to them\"><meta itemprop=\"datePublished\" content=\"2022-02-08\"><meta itemprop=\"dateModified\" content=\"2022-03-01\"><meta itemprop=\"name\" content=\"WiredWorkers\"><meta itemprop=\"url\" content=\"https:\/\/www.wiredworkers.io\/wp-content\/uploads\/2018\/01\/cropped-wiredworkers-logo-white.png\"><meta itemprop=\"url\" content=\"https:\/\/www.wiredworkers.io\/author\/robbinmennings\/\"><meta itemprop=\"name\" content=\"Robbin Mennings\"><meta itemprop=\"interactionType\" content=\"https:\/\/schema.org\/CommentAction\"><meta itemprop=\"userInteractionCount\" content=\"0\">\n\t\t\t\t\t<a href=\"https:\/\/www.wiredworkers.io\/blog\/cobots-can-be-a-solution-to-the-packaging-industry\/\" title=\"5 challenges in the packaging industry and how cobots can be a solution to them\"><\/a>\n\t\t\t\t<img decoding=\"async\" src=\"https:\/\/www.wiredworkers.io\/wp-content\/uploads\/2020\/07\/Palletiserencobot-350x250.jpg\" alt=\"Palletiserencobot\" itemprop=\"image\" data-no-lazy=\"1\" height=\"250\" width=\"350\" title=\"Palletiserencobot\" onerror=\"this.style.display='none'\">\n\t\t\t\t\t\t\t\t\t<h4 itemprop=\"headline\">\n\t\t\t\t\t\t\t\t\t\t\t\t\t\t5 challenges in the packaging industry and how cobots can be a solution to them\t\t\t\t\t\t\t\t\t\t\t<\/h4>\n\t\t\t\t<ul class=\"page-numbers\">\n\t<li>1<\/li>\n\t<li><a href=\"https:\/\/www.wiredworkers.io\/page\/2\/?page_id=1157&amp;fl_builder\">2<\/a><\/li>\n\t<li><a href=\"https:\/\/www.wiredworkers.io\/page\/3\/?page_id=1157&amp;fl_builder\">3<\/a><\/li>\n\t<li>\u2026<\/li>\n\t<li><a href=\"https:\/\/www.wiredworkers.io\/page\/8\/?page_id=1157&amp;fl_builder\">8<\/a><\/li>\n\t<li><a href=\"https:\/\/www.wiredworkers.io\/page\/2\/?page_id=1157&amp;fl_builder\">Next \u00bb<\/a><\/li>\n<\/ul>\n\t\t<!-- .pp-content-posts -->\n","protected":false},"excerpt":{"rendered":"<p>Robotisation stimulates the personal development of employees We cannot ignore it. More and more work will be automated or robotized. A comprehensive report by the World Economic Forum predicts that by 2022, about 42% of the work will be carried out by machines, compared with about 29% today. Many articles on robotization report job losses [&hellip;]<\/p>\n","protected":false},"author":3,"featured_media":1167,"parent":21615,"menu_order":7,"comment_status":"closed","ping_status":"closed","template":"","meta":{"_acf_changed":false,"site-sidebar-layout":"no-sidebar","site-content-layout":"page-builder","ast-site-content-layout":"default","site-content-style":"default","site-sidebar-style":"default","ast-global-header-display":"","ast-banner-title-visibility":"","ast-main-header-display":"","ast-hfb-above-header-display":"","ast-hfb-below-header-display":"","ast-hfb-mobile-header-display":"","site-post-title":"disabled","ast-breadcrumbs-content":"","ast-featured-img":"disabled","footer-sml-layout":"","ast-disable-related-posts":"","theme-transparent-header-meta":"default","adv-header-id-meta":"","stick-header-meta":"default","header-above-stick-meta":"","header-main-stick-meta":"","header-below-stick-meta":"","astra-migrate-meta-layouts":"default","ast-page-background-enabled":"default","ast-page-background-meta":{"desktop":{"background-color":"","background-image":"","background-repeat":"repeat","background-position":"center center","background-size":"auto","background-attachment":"scroll","background-type":"","background-media":"","overlay-type":"","overlay-color":"","overlay-opacity":"","overlay-gradient":""},"tablet":{"background-color":"","background-image":"","background-repeat":"repeat","background-position":"center center","background-size":"auto","background-attachment":"scroll","background-type":"","background-media":"","overlay-type":"","overlay-color":"","overlay-opacity":"","overlay-gradient":""},"mobile":{"background-color":"","background-image":"","background-repeat":"repeat","background-position":"center center","background-size":"auto","background-attachment":"scroll","background-type":"","background-media":"","overlay-type":"","overlay-color":"","overlay-opacity":"","overlay-gradient":""}},"ast-content-background-meta":{"desktop":{"background-color":"var(--ast-global-color-5)","background-image":"","background-repeat":"repeat","background-position":"center center","background-size":"auto","background-attachment":"scroll","background-type":"","background-media":"","overlay-type":"","overlay-color":"","overlay-opacity":"","overlay-gradient":""},"tablet":{"background-color":"var(--ast-global-color-5)","background-image":"","background-repeat":"repeat","background-position":"center center","background-size":"auto","background-attachment":"scroll","background-type":"","background-media":"","overlay-type":"","overlay-color":"","overlay-opacity":"","overlay-gradient":""},"mobile":{"background-color":"var(--ast-global-color-5)","background-image":"","background-repeat":"repeat","background-position":"center center","background-size":"auto","background-attachment":"scroll","background-type":"","background-media":"","overlay-type":"","overlay-color":"","overlay-opacity":"","overlay-gradient":""}},"footnotes":""},"categories":[560],"tags":[564],"class_list":["post-21902","page","type-page","status-publish","has-post-thumbnail","hentry","category-blog-de","tag-automatisierung"],"acf":[],"yoast_head":"<!-- This site is optimized with the Yoast SEO plugin v27.3 - https:\/\/yoast.com\/product\/yoast-seo-wordpress\/ -->\n<title>Die Robotisierung tr\u00e4gt zur pers\u00f6nlichen Entwicklung der Mitarbeiter bei.<\/title>\n<meta name=\"description\" content=\"Die Robotisierung tr\u00e4gt zur pers\u00f6nlichen Entwicklung der Mitarbeiter bei. Lesen Sie in unserem Blog, warum kollaborative Robotik Mitarbeiter unterst\u00fctzen kann.\" \/>\n<meta name=\"robots\" content=\"index, follow, max-snippet:-1, max-image-preview:large, max-video-preview:-1\" \/>\n<link rel=\"canonical\" href=\"https:\/\/www.wiredworkers.io\/de\/blog\/die-robotisierung-traegt-zur-persoenlichen-entwicklung-der-mitarbeiter-bei\/\" \/>\n<meta property=\"og:locale\" content=\"de_DE\" \/>\n<meta property=\"og:type\" content=\"article\" \/>\n<meta property=\"og:title\" content=\"Die Robotisierung tr\u00e4gt zur pers\u00f6nlichen Entwicklung der Mitarbeiter bei.\" \/>\n<meta property=\"og:description\" content=\"Die Robotisierung tr\u00e4gt zur pers\u00f6nlichen Entwicklung der Mitarbeiter bei. Lesen Sie in unserem Blog, warum kollaborative Robotik Mitarbeiter unterst\u00fctzen kann.\" \/>\n<meta property=\"og:url\" content=\"https:\/\/www.wiredworkers.io\/de\/blog\/die-robotisierung-traegt-zur-persoenlichen-entwicklung-der-mitarbeiter-bei\/\" \/>\n<meta property=\"og:site_name\" content=\"WiredWorkers\" \/>\n<meta property=\"article:publisher\" content=\"https:\/\/www.facebook.com\/WiredWorkers\" \/>\n<meta property=\"article:modified_time\" content=\"2024-11-01T09:36:42+00:00\" \/>\n<meta property=\"og:image\" content=\"https:\/\/www.wiredworkers.io\/wp-content\/uploads\/2018\/12\/careers.f320a8d.jpg\" \/>\n\t<meta property=\"og:image:width\" content=\"2470\" \/>\n\t<meta property=\"og:image:height\" content=\"869\" \/>\n\t<meta property=\"og:image:type\" content=\"image\/jpeg\" \/>\n<meta name=\"twitter:card\" content=\"summary_large_image\" \/>\n<meta name=\"twitter:label1\" content=\"Gesch\u00e4tzte Lesezeit\" \/>\n\t<meta name=\"twitter:data1\" content=\"2\u00a0Minuten\" \/>\n<script type=\"application\/ld+json\" class=\"yoast-schema-graph\">{\"@context\":\"https:\\\/\\\/schema.org\",\"@graph\":[{\"@type\":\"WebPage\",\"@id\":\"https:\\\/\\\/www.wiredworkers.io\\\/de\\\/blog\\\/die-robotisierung-traegt-zur-persoenlichen-entwicklung-der-mitarbeiter-bei\\\/\",\"url\":\"https:\\\/\\\/www.wiredworkers.io\\\/de\\\/blog\\\/die-robotisierung-traegt-zur-persoenlichen-entwicklung-der-mitarbeiter-bei\\\/\",\"name\":\"Die Robotisierung tr\u00e4gt zur pers\u00f6nlichen Entwicklung der Mitarbeiter bei.\",\"isPartOf\":{\"@id\":\"https:\\\/\\\/www.wiredworkers.io\\\/de\\\/#website\"},\"primaryImageOfPage\":{\"@id\":\"https:\\\/\\\/www.wiredworkers.io\\\/de\\\/blog\\\/die-robotisierung-traegt-zur-persoenlichen-entwicklung-der-mitarbeiter-bei\\\/#primaryimage\"},\"image\":{\"@id\":\"https:\\\/\\\/www.wiredworkers.io\\\/de\\\/blog\\\/die-robotisierung-traegt-zur-persoenlichen-entwicklung-der-mitarbeiter-bei\\\/#primaryimage\"},\"thumbnailUrl\":\"https:\\\/\\\/www.wiredworkers.io\\\/wp-content\\\/uploads\\\/2018\\\/12\\\/careers.f320a8d.jpg\",\"datePublished\":\"2023-06-02T14:05:48+00:00\",\"dateModified\":\"2024-11-01T09:36:42+00:00\",\"description\":\"Die Robotisierung tr\u00e4gt zur pers\u00f6nlichen Entwicklung der Mitarbeiter bei. Lesen Sie in unserem Blog, warum kollaborative Robotik Mitarbeiter unterst\u00fctzen kann.\",\"breadcrumb\":{\"@id\":\"https:\\\/\\\/www.wiredworkers.io\\\/de\\\/blog\\\/die-robotisierung-traegt-zur-persoenlichen-entwicklung-der-mitarbeiter-bei\\\/#breadcrumb\"},\"inLanguage\":\"de\",\"potentialAction\":[{\"@type\":\"ReadAction\",\"target\":[\"https:\\\/\\\/www.wiredworkers.io\\\/de\\\/blog\\\/die-robotisierung-traegt-zur-persoenlichen-entwicklung-der-mitarbeiter-bei\\\/\"]}]},{\"@type\":\"ImageObject\",\"inLanguage\":\"de\",\"@id\":\"https:\\\/\\\/www.wiredworkers.io\\\/de\\\/blog\\\/die-robotisierung-traegt-zur-persoenlichen-entwicklung-der-mitarbeiter-bei\\\/#primaryimage\",\"url\":\"https:\\\/\\\/www.wiredworkers.io\\\/wp-content\\\/uploads\\\/2018\\\/12\\\/careers.f320a8d.jpg\",\"contentUrl\":\"https:\\\/\\\/www.wiredworkers.io\\\/wp-content\\\/uploads\\\/2018\\\/12\\\/careers.f320a8d.jpg\",\"width\":2470,\"height\":869},{\"@type\":\"BreadcrumbList\",\"@id\":\"https:\\\/\\\/www.wiredworkers.io\\\/de\\\/blog\\\/die-robotisierung-traegt-zur-persoenlichen-entwicklung-der-mitarbeiter-bei\\\/#breadcrumb\",\"itemListElement\":[{\"@type\":\"ListItem\",\"position\":1,\"name\":\"WiredWorkers\",\"item\":\"https:\\\/\\\/www.wiredworkers.io\\\/de\\\/\"},{\"@type\":\"ListItem\",\"position\":2,\"name\":\"Blog\",\"item\":\"https:\\\/\\\/www.wiredworkers.io\\\/de\\\/blog\\\/\"},{\"@type\":\"ListItem\",\"position\":3,\"name\":\"Die Robotisierung tr\u00e4gt zur pers\u00f6nlichen Entwicklung der Mitarbeiter bei.\"}]},{\"@type\":\"WebSite\",\"@id\":\"https:\\\/\\\/www.wiredworkers.io\\\/de\\\/#website\",\"url\":\"https:\\\/\\\/www.wiredworkers.io\\\/de\\\/\",\"name\":\"WiredWorkers\",\"description\":\"Robotics at your service\",\"publisher\":{\"@id\":\"https:\\\/\\\/www.wiredworkers.io\\\/de\\\/#organization\"},\"potentialAction\":[{\"@type\":\"SearchAction\",\"target\":{\"@type\":\"EntryPoint\",\"urlTemplate\":\"https:\\\/\\\/www.wiredworkers.io\\\/de\\\/?s={search_term_string}\"},\"query-input\":{\"@type\":\"PropertyValueSpecification\",\"valueRequired\":true,\"valueName\":\"search_term_string\"}}],\"inLanguage\":\"de\"},{\"@type\":\"Organization\",\"@id\":\"https:\\\/\\\/www.wiredworkers.io\\\/de\\\/#organization\",\"name\":\"WiredWorkers Nederland B.V.\",\"url\":\"https:\\\/\\\/www.wiredworkers.io\\\/de\\\/\",\"logo\":{\"@type\":\"ImageObject\",\"inLanguage\":\"de\",\"@id\":\"https:\\\/\\\/www.wiredworkers.io\\\/de\\\/#\\\/schema\\\/logo\\\/image\\\/\",\"url\":\"https:\\\/\\\/www.wiredworkers.io\\\/wp-content\\\/uploads\\\/2018\\\/06\\\/wiredworkers-company-logo.jpg\",\"contentUrl\":\"https:\\\/\\\/www.wiredworkers.io\\\/wp-content\\\/uploads\\\/2018\\\/06\\\/wiredworkers-company-logo.jpg\",\"width\":1082,\"height\":714,\"caption\":\"WiredWorkers Nederland B.V.\"},\"image\":{\"@id\":\"https:\\\/\\\/www.wiredworkers.io\\\/de\\\/#\\\/schema\\\/logo\\\/image\\\/\"},\"sameAs\":[\"https:\\\/\\\/www.facebook.com\\\/WiredWorkers\",\"https:\\\/\\\/www.linkedin.com\\\/company\\\/wiredworkers\\\/\"]}]}<\/script>\n<!-- \/ Yoast SEO plugin. -->","yoast_head_json":{"title":"Die Robotisierung tr\u00e4gt zur pers\u00f6nlichen Entwicklung der Mitarbeiter bei.","description":"Die Robotisierung tr\u00e4gt zur pers\u00f6nlichen Entwicklung der Mitarbeiter bei. Lesen Sie in unserem Blog, warum kollaborative Robotik Mitarbeiter unterst\u00fctzen kann.","robots":{"index":"index","follow":"follow","max-snippet":"max-snippet:-1","max-image-preview":"max-image-preview:large","max-video-preview":"max-video-preview:-1"},"canonical":"https:\/\/www.wiredworkers.io\/de\/blog\/die-robotisierung-traegt-zur-persoenlichen-entwicklung-der-mitarbeiter-bei\/","og_locale":"de_DE","og_type":"article","og_title":"Die Robotisierung tr\u00e4gt zur pers\u00f6nlichen Entwicklung der Mitarbeiter bei.","og_description":"Die Robotisierung tr\u00e4gt zur pers\u00f6nlichen Entwicklung der Mitarbeiter bei. Lesen Sie in unserem Blog, warum kollaborative Robotik Mitarbeiter unterst\u00fctzen kann.","og_url":"https:\/\/www.wiredworkers.io\/de\/blog\/die-robotisierung-traegt-zur-persoenlichen-entwicklung-der-mitarbeiter-bei\/","og_site_name":"WiredWorkers","article_publisher":"https:\/\/www.facebook.com\/WiredWorkers","article_modified_time":"2024-11-01T09:36:42+00:00","og_image":[{"width":2470,"height":869,"url":"https:\/\/www.wiredworkers.io\/wp-content\/uploads\/2018\/12\/careers.f320a8d.jpg","type":"image\/jpeg"}],"twitter_card":"summary_large_image","twitter_misc":{"Gesch\u00e4tzte Lesezeit":"2\u00a0Minuten"},"schema":{"@context":"https:\/\/schema.org","@graph":[{"@type":"WebPage","@id":"https:\/\/www.wiredworkers.io\/de\/blog\/die-robotisierung-traegt-zur-persoenlichen-entwicklung-der-mitarbeiter-bei\/","url":"https:\/\/www.wiredworkers.io\/de\/blog\/die-robotisierung-traegt-zur-persoenlichen-entwicklung-der-mitarbeiter-bei\/","name":"Die Robotisierung tr\u00e4gt zur pers\u00f6nlichen Entwicklung der Mitarbeiter bei.","isPartOf":{"@id":"https:\/\/www.wiredworkers.io\/de\/#website"},"primaryImageOfPage":{"@id":"https:\/\/www.wiredworkers.io\/de\/blog\/die-robotisierung-traegt-zur-persoenlichen-entwicklung-der-mitarbeiter-bei\/#primaryimage"},"image":{"@id":"https:\/\/www.wiredworkers.io\/de\/blog\/die-robotisierung-traegt-zur-persoenlichen-entwicklung-der-mitarbeiter-bei\/#primaryimage"},"thumbnailUrl":"https:\/\/www.wiredworkers.io\/wp-content\/uploads\/2018\/12\/careers.f320a8d.jpg","datePublished":"2023-06-02T14:05:48+00:00","dateModified":"2024-11-01T09:36:42+00:00","description":"Die Robotisierung tr\u00e4gt zur pers\u00f6nlichen Entwicklung der Mitarbeiter bei. Lesen Sie in unserem Blog, warum kollaborative Robotik Mitarbeiter unterst\u00fctzen kann.","breadcrumb":{"@id":"https:\/\/www.wiredworkers.io\/de\/blog\/die-robotisierung-traegt-zur-persoenlichen-entwicklung-der-mitarbeiter-bei\/#breadcrumb"},"inLanguage":"de","potentialAction":[{"@type":"ReadAction","target":["https:\/\/www.wiredworkers.io\/de\/blog\/die-robotisierung-traegt-zur-persoenlichen-entwicklung-der-mitarbeiter-bei\/"]}]},{"@type":"ImageObject","inLanguage":"de","@id":"https:\/\/www.wiredworkers.io\/de\/blog\/die-robotisierung-traegt-zur-persoenlichen-entwicklung-der-mitarbeiter-bei\/#primaryimage","url":"https:\/\/www.wiredworkers.io\/wp-content\/uploads\/2018\/12\/careers.f320a8d.jpg","contentUrl":"https:\/\/www.wiredworkers.io\/wp-content\/uploads\/2018\/12\/careers.f320a8d.jpg","width":2470,"height":869},{"@type":"BreadcrumbList","@id":"https:\/\/www.wiredworkers.io\/de\/blog\/die-robotisierung-traegt-zur-persoenlichen-entwicklung-der-mitarbeiter-bei\/#breadcrumb","itemListElement":[{"@type":"ListItem","position":1,"name":"WiredWorkers","item":"https:\/\/www.wiredworkers.io\/de\/"},{"@type":"ListItem","position":2,"name":"Blog","item":"https:\/\/www.wiredworkers.io\/de\/blog\/"},{"@type":"ListItem","position":3,"name":"Die Robotisierung tr\u00e4gt zur pers\u00f6nlichen Entwicklung der Mitarbeiter bei."}]},{"@type":"WebSite","@id":"https:\/\/www.wiredworkers.io\/de\/#website","url":"https:\/\/www.wiredworkers.io\/de\/","name":"WiredWorkers","description":"Robotics at your service","publisher":{"@id":"https:\/\/www.wiredworkers.io\/de\/#organization"},"potentialAction":[{"@type":"SearchAction","target":{"@type":"EntryPoint","urlTemplate":"https:\/\/www.wiredworkers.io\/de\/?s={search_term_string}"},"query-input":{"@type":"PropertyValueSpecification","valueRequired":true,"valueName":"search_term_string"}}],"inLanguage":"de"},{"@type":"Organization","@id":"https:\/\/www.wiredworkers.io\/de\/#organization","name":"WiredWorkers Nederland B.V.","url":"https:\/\/www.wiredworkers.io\/de\/","logo":{"@type":"ImageObject","inLanguage":"de","@id":"https:\/\/www.wiredworkers.io\/de\/#\/schema\/logo\/image\/","url":"https:\/\/www.wiredworkers.io\/wp-content\/uploads\/2018\/06\/wiredworkers-company-logo.jpg","contentUrl":"https:\/\/www.wiredworkers.io\/wp-content\/uploads\/2018\/06\/wiredworkers-company-logo.jpg","width":1082,"height":714,"caption":"WiredWorkers Nederland B.V."},"image":{"@id":"https:\/\/www.wiredworkers.io\/de\/#\/schema\/logo\/image\/"},"sameAs":["https:\/\/www.facebook.com\/WiredWorkers","https:\/\/www.linkedin.com\/company\/wiredworkers\/"]}]}},"_links":{"self":[{"href":"https:\/\/www.wiredworkers.io\/de\/wp-json\/wp\/v2\/pages\/21902","targetHints":{"allow":["GET"]}}],"collection":[{"href":"https:\/\/www.wiredworkers.io\/de\/wp-json\/wp\/v2\/pages"}],"about":[{"href":"https:\/\/www.wiredworkers.io\/de\/wp-json\/wp\/v2\/types\/page"}],"author":[{"embeddable":true,"href":"https:\/\/www.wiredworkers.io\/de\/wp-json\/wp\/v2\/users\/3"}],"replies":[{"embeddable":true,"href":"https:\/\/www.wiredworkers.io\/de\/wp-json\/wp\/v2\/comments?post=21902"}],"version-history":[{"count":2,"href":"https:\/\/www.wiredworkers.io\/de\/wp-json\/wp\/v2\/pages\/21902\/revisions"}],"predecessor-version":[{"id":23044,"href":"https:\/\/www.wiredworkers.io\/de\/wp-json\/wp\/v2\/pages\/21902\/revisions\/23044"}],"up":[{"embeddable":true,"href":"https:\/\/www.wiredworkers.io\/de\/wp-json\/wp\/v2\/pages\/21615"}],"wp:featuredmedia":[{"embeddable":true,"href":"https:\/\/www.wiredworkers.io\/de\/wp-json\/wp\/v2\/media\/1167"}],"wp:attachment":[{"href":"https:\/\/www.wiredworkers.io\/de\/wp-json\/wp\/v2\/media?parent=21902"}],"wp:term":[{"taxonomy":"category","embeddable":true,"href":"https:\/\/www.wiredworkers.io\/de\/wp-json\/wp\/v2\/categories?post=21902"},{"taxonomy":"post_tag","embeddable":true,"href":"https:\/\/www.wiredworkers.io\/de\/wp-json\/wp\/v2\/tags?post=21902"}],"curies":[{"name":"wp","href":"https:\/\/api.w.org\/{rel}","templated":true}]}}