{"id":21914,"date":"2023-06-06T10:34:15","date_gmt":"2023-06-06T08:34:15","guid":{"rendered":"https:\/\/wiredworkers.io\/pickit\/"},"modified":"2023-08-31T11:55:08","modified_gmt":"2023-08-31T09:55:08","slug":"pickit","status":"publish","type":"page","link":"https:\/\/www.wiredworkers.io\/de\/pickit\/","title":{"rendered":"Pickit"},"content":{"rendered":"\n\n\t<a href=\"https:\/\/www.wiredworkers.io\/de\/\">WiredWorkers<\/a> \u279c Pickit<h1>\n\t\tPickit\n\t<\/h1>\n\t<p>Die Pickit 3D Vision Solution erm\u00f6glicht es den Kunden, die Herausforderungen der Roboterf\u00fchrung durch den Einsatz von 3D Vision zu l\u00f6sen. Sie kombiniert modernste Hardware, eine robuste und agile Software-Plattform und ein umfassendes Angebot an Dienstleistungen.<\/p>\n\t\t\t<a href=\"https:\/\/shop.wiredworkers.io\/en_GB?search=&#038;order=&#038;attrib=1-48\" target=\"_self\" rel=\"noopener\">\n\t\t\t\t\t\t\tIm Shop ansehen\n\t\t\t<\/a>\n<h2>\n\t\tPickit\n\t<\/h2>\n\t<p>Pickit wurde 2016 als Produkt-Spinout von Intermodalics gegr\u00fcndet, einem Unternehmen, das Software f\u00fcr Roboter entwickelt und das Pickit-Produkt drei Jahre lang entwickelt und getestet hat, bevor es auf den Markt gebracht wurde.<\/p>\n<p>Pickit wurde von den drei M\u00e4nnern Peter Soetens, Ruben Smits und Bert Willaert gegr\u00fcndet, die das Potenzial sahen, die Prozessautomatisierung f\u00fcr eine gro\u00dfe Anzahl von Produktionsunternehmen mit einem Produkt, der Pickit 3D-Kamera, zu vereinfachen.<\/p>\n\t\t\t\t<img decoding=\"async\" data-src=\"https:\/\/www.wiredworkers.io\/wp-content\/uploads\/2023\/06\/Pickit-logo.png\" alt=\"Pickit logo\" itemprop=\"image\" height=\"500\" width=\"500\" title=\"Pickit logo\" onerror=\"this.style.display='none'\" src=\"data:image\/svg+xml;base64,PHN2ZyB3aWR0aD0iMSIgaGVpZ2h0PSIxIiB4bWxucz0iaHR0cDovL3d3dy53My5vcmcvMjAwMC9zdmciPjwvc3ZnPg==\" class=\"lazyload\" style=\"--smush-placeholder-width: 500px; --smush-placeholder-aspect-ratio: 500\/500;\" \/>\n\t\t\t\t<img decoding=\"async\" data-src=\"https:\/\/www.wiredworkers.io\/wp-content\/uploads\/2019\/08\/Pick-It-product-01-scaled.jpg\" alt=\"Bin Picking\" itemprop=\"image\" height=\"1920\" width=\"2560\" title=\"Bin picking\" onerror=\"this.style.display='none'\" src=\"data:image\/svg+xml;base64,PHN2ZyB3aWR0aD0iMSIgaGVpZ2h0PSIxIiB4bWxucz0iaHR0cDovL3d3dy53My5vcmcvMjAwMC9zdmciPjwvc3ZnPg==\" class=\"lazyload\" style=\"--smush-placeholder-width: 2560px; --smush-placeholder-aspect-ratio: 2560\/1920;\" \/>\n<h2>\n\t\tSortiment Pickit\n\t<\/h2>\n\t<p>Das Sortiment von Pickit besteht aus verschiedenen Varianten von 3D-Kameras f\u00fcr kollaborative Roboter. In Prozessen fallen t\u00e4glich Bauteile unterschiedlicher Formen, Gr\u00f6\u00dfen und Materialien an. Der Roboter nimmt diese Teile auf oder legt sie ab. Die Ausstattung der Roboter mit einer 3D-Kamera und der dazugeh\u00f6rigen Software macht diesen Automatisierungsschritt f\u00fcr Sie einfach.<\/p>\n<p>Im ersten Jahr seines Bestehens hat Pickit mehr als 100 Robotern die Augen ge\u00f6ffnet und seither eine Reihe renommierter Wettbewerbe wie den Trends Pitcher&#8217;s Day und Deloitte Rising Star gewonnen.<\/p>\n<h3>\n\t\tFinden Sie heraus, wie wir Ihre Produktion verbessern k\u00f6nnen\n\t<\/h3>\n\t<p>Buchen Sie eine kostenlose Online-Beratung mit unserem Automatisierungsspezialisten!<\/p>\n\t\t\t<a href=\"https:\/\/contact.wiredworkers.io\/en_GB\/appointment\/8\" target=\"_self\" rel=\"noopener\">\n\t\t\t\t\t\t\tVideokonferenz vereinbaren\n\t\t\t<\/a>\n\t<h6>V\u00f6llig kostenlos und unverbindlich!<\/h6>\n\n","protected":false},"excerpt":{"rendered":"<p>WiredWorkers \u279c Pickit Pickit Die Pickit 3D Vision Solution erm\u00f6glicht es den Kunden, die Herausforderungen der Roboterf\u00fchrung durch den Einsatz von 3D Vision zu l\u00f6sen. Sie kombiniert modernste Hardware, eine robuste und agile Software-Plattform und ein umfassendes Angebot an Dienstleistungen. Im Shop ansehen Pickit Pickit wurde 2016 als Produkt-Spinout von Intermodalics gegr\u00fcndet, einem Unternehmen, das [&hellip;]<\/p>\n","protected":false},"author":3,"featured_media":21909,"parent":0,"menu_order":3,"comment_status":"closed","ping_status":"closed","template":"","meta":{"_acf_changed":false,"site-sidebar-layout":"default","site-content-layout":"default","ast-site-content-layout":"default","site-content-style":"default","site-sidebar-style":"default","ast-global-header-display":"","ast-banner-title-visibility":"","ast-main-header-display":"","ast-hfb-above-header-display":"","ast-hfb-below-header-display":"","ast-hfb-mobile-header-display":"","site-post-title":"","ast-breadcrumbs-content":"","ast-featured-img":"disabled","footer-sml-layout":"","ast-disable-related-posts":"","theme-transparent-header-meta":"default","adv-header-id-meta":"","stick-header-meta":"default","header-above-stick-meta":"","header-main-stick-meta":"","header-below-stick-meta":"","astra-migrate-meta-layouts":"default","ast-page-background-enabled":"default","ast-page-background-meta":{"desktop":{"background-color":"","background-image":"","background-repeat":"repeat","background-position":"center center","background-size":"auto","background-attachment":"scroll","background-type":"","background-media":"","overlay-type":"","overlay-color":"","overlay-opacity":"","overlay-gradient":""},"tablet":{"background-color":"","background-image":"","background-repeat":"repeat","background-position":"center center","background-size":"auto","background-attachment":"scroll","background-type":"","background-media":"","overlay-type":"","overlay-color":"","overlay-opacity":"","overlay-gradient":""},"mobile":{"background-color":"","background-image":"","background-repeat":"repeat","background-position":"center center","background-size":"auto","background-attachment":"scroll","background-type":"","background-media":"","overlay-type":"","overlay-color":"","overlay-opacity":"","overlay-gradient":""}},"ast-content-background-meta":{"desktop":{"background-color":"var(--ast-global-color-5)","background-image":"","background-repeat":"repeat","background-position":"center center","background-size":"auto","background-attachment":"scroll","background-type":"","background-media":"","overlay-type":"","overlay-color":"","overlay-opacity":"","overlay-gradient":""},"tablet":{"background-color":"var(--ast-global-color-5)","background-image":"","background-repeat":"repeat","background-position":"center center","background-size":"auto","background-attachment":"scroll","background-type":"","background-media":"","overlay-type":"","overlay-color":"","overlay-opacity":"","overlay-gradient":""},"mobile":{"background-color":"var(--ast-global-color-5)","background-image":"","background-repeat":"repeat","background-position":"center center","background-size":"auto","background-attachment":"scroll","background-type":"","background-media":"","overlay-type":"","overlay-color":"","overlay-opacity":"","overlay-gradient":""}},"footnotes":""},"categories":[580],"tags":[565],"class_list":["post-21914","page","type-page","status-publish","has-post-thumbnail","hentry","category-seite-der-werkzeughersteller","tag-bildverarbeitungssysteme"],"acf":[],"yoast_head":"<!-- This site is optimized with the Yoast SEO plugin v27.5 - https:\/\/yoast.com\/product\/yoast-seo-wordpress\/ -->\n<title>Pickit 3D Vision | Robot vision made easy<\/title>\n<meta name=\"description\" content=\"Die Pickit 3D Vision Solution erm\u00f6glicht es den Kunden, die Herausforderungen der Roboterf\u00fchrung durch den Einsatz von 3D Vision zu l\u00f6sen.\" \/>\n<meta name=\"robots\" content=\"index, follow, max-snippet:-1, max-image-preview:large, max-video-preview:-1\" \/>\n<link rel=\"canonical\" href=\"https:\/\/www.wiredworkers.io\/de\/pickit\/\" \/>\n<meta property=\"og:locale\" content=\"de_DE\" \/>\n<meta property=\"og:type\" content=\"article\" \/>\n<meta property=\"og:title\" content=\"Pickit 3D Vision | Robot vision made easy\" \/>\n<meta property=\"og:description\" content=\"Die Pickit 3D Vision Solution erm\u00f6glicht es den Kunden, die Herausforderungen der Roboterf\u00fchrung durch den Einsatz von 3D Vision zu l\u00f6sen.\" \/>\n<meta property=\"og:url\" content=\"https:\/\/www.wiredworkers.io\/de\/pickit\/\" \/>\n<meta property=\"og:site_name\" content=\"WiredWorkers\" \/>\n<meta property=\"article:publisher\" content=\"https:\/\/www.facebook.com\/WiredWorkers\" \/>\n<meta property=\"article:modified_time\" content=\"2023-08-31T09:55:08+00:00\" \/>\n<meta property=\"og:image\" content=\"https:\/\/www.wiredworkers.io\/wp-content\/uploads\/2023\/06\/Pickit-logo.png\" \/>\n\t<meta property=\"og:image:width\" content=\"500\" \/>\n\t<meta property=\"og:image:height\" content=\"500\" \/>\n\t<meta property=\"og:image:type\" content=\"image\/png\" \/>\n<meta name=\"twitter:card\" content=\"summary_large_image\" \/>\n<meta name=\"twitter:label1\" content=\"Gesch\u00e4tzte Lesezeit\" \/>\n\t<meta name=\"twitter:data1\" content=\"1\u00a0Minute\" \/>\n<script type=\"application\/ld+json\" class=\"yoast-schema-graph\">{\"@context\":\"https:\\\/\\\/schema.org\",\"@graph\":[{\"@type\":\"WebPage\",\"@id\":\"https:\\\/\\\/www.wiredworkers.io\\\/de\\\/pickit\\\/\",\"url\":\"https:\\\/\\\/www.wiredworkers.io\\\/de\\\/pickit\\\/\",\"name\":\"Pickit 3D Vision | Robot vision made easy\",\"isPartOf\":{\"@id\":\"https:\\\/\\\/www.wiredworkers.io\\\/de\\\/#website\"},\"primaryImageOfPage\":{\"@id\":\"https:\\\/\\\/www.wiredworkers.io\\\/de\\\/pickit\\\/#primaryimage\"},\"image\":{\"@id\":\"https:\\\/\\\/www.wiredworkers.io\\\/de\\\/pickit\\\/#primaryimage\"},\"thumbnailUrl\":\"https:\\\/\\\/www.wiredworkers.io\\\/wp-content\\\/uploads\\\/2023\\\/06\\\/Pickit-logo.png\",\"datePublished\":\"2023-06-06T08:34:15+00:00\",\"dateModified\":\"2023-08-31T09:55:08+00:00\",\"description\":\"Die Pickit 3D Vision Solution erm\u00f6glicht es den Kunden, die Herausforderungen der Roboterf\u00fchrung durch den Einsatz von 3D Vision zu l\u00f6sen.\",\"breadcrumb\":{\"@id\":\"https:\\\/\\\/www.wiredworkers.io\\\/de\\\/pickit\\\/#breadcrumb\"},\"inLanguage\":\"de\",\"potentialAction\":[{\"@type\":\"ReadAction\",\"target\":[\"https:\\\/\\\/www.wiredworkers.io\\\/de\\\/pickit\\\/\"]}]},{\"@type\":\"ImageObject\",\"inLanguage\":\"de\",\"@id\":\"https:\\\/\\\/www.wiredworkers.io\\\/de\\\/pickit\\\/#primaryimage\",\"url\":\"https:\\\/\\\/www.wiredworkers.io\\\/wp-content\\\/uploads\\\/2023\\\/06\\\/Pickit-logo.png\",\"contentUrl\":\"https:\\\/\\\/www.wiredworkers.io\\\/wp-content\\\/uploads\\\/2023\\\/06\\\/Pickit-logo.png\",\"width\":500,\"height\":500},{\"@type\":\"BreadcrumbList\",\"@id\":\"https:\\\/\\\/www.wiredworkers.io\\\/de\\\/pickit\\\/#breadcrumb\",\"itemListElement\":[{\"@type\":\"ListItem\",\"position\":1,\"name\":\"WiredWorkers\",\"item\":\"https:\\\/\\\/www.wiredworkers.io\\\/de\\\/\"},{\"@type\":\"ListItem\",\"position\":2,\"name\":\"Pickit\"}]},{\"@type\":\"WebSite\",\"@id\":\"https:\\\/\\\/www.wiredworkers.io\\\/de\\\/#website\",\"url\":\"https:\\\/\\\/www.wiredworkers.io\\\/de\\\/\",\"name\":\"WiredWorkers\",\"description\":\"Robotics at your service\",\"publisher\":{\"@id\":\"https:\\\/\\\/www.wiredworkers.io\\\/de\\\/#organization\"},\"potentialAction\":[{\"@type\":\"SearchAction\",\"target\":{\"@type\":\"EntryPoint\",\"urlTemplate\":\"https:\\\/\\\/www.wiredworkers.io\\\/de\\\/?s={search_term_string}\"},\"query-input\":{\"@type\":\"PropertyValueSpecification\",\"valueRequired\":true,\"valueName\":\"search_term_string\"}}],\"inLanguage\":\"de\"},{\"@type\":\"Organization\",\"@id\":\"https:\\\/\\\/www.wiredworkers.io\\\/de\\\/#organization\",\"name\":\"WiredWorkers Nederland B.V.\",\"url\":\"https:\\\/\\\/www.wiredworkers.io\\\/de\\\/\",\"logo\":{\"@type\":\"ImageObject\",\"inLanguage\":\"de\",\"@id\":\"https:\\\/\\\/www.wiredworkers.io\\\/de\\\/#\\\/schema\\\/logo\\\/image\\\/\",\"url\":\"https:\\\/\\\/www.wiredworkers.io\\\/wp-content\\\/uploads\\\/2018\\\/06\\\/wiredworkers-company-logo.jpg\",\"contentUrl\":\"https:\\\/\\\/www.wiredworkers.io\\\/wp-content\\\/uploads\\\/2018\\\/06\\\/wiredworkers-company-logo.jpg\",\"width\":1082,\"height\":714,\"caption\":\"WiredWorkers Nederland B.V.\"},\"image\":{\"@id\":\"https:\\\/\\\/www.wiredworkers.io\\\/de\\\/#\\\/schema\\\/logo\\\/image\\\/\"},\"sameAs\":[\"https:\\\/\\\/www.facebook.com\\\/WiredWorkers\",\"https:\\\/\\\/www.linkedin.com\\\/company\\\/wiredworkers\\\/\"]}]}<\/script>\n<!-- \/ Yoast SEO plugin. -->","yoast_head_json":{"title":"Pickit 3D Vision | Robot vision made easy","description":"Die Pickit 3D Vision Solution erm\u00f6glicht es den Kunden, die Herausforderungen der Roboterf\u00fchrung durch den Einsatz von 3D Vision zu l\u00f6sen.","robots":{"index":"index","follow":"follow","max-snippet":"max-snippet:-1","max-image-preview":"max-image-preview:large","max-video-preview":"max-video-preview:-1"},"canonical":"https:\/\/www.wiredworkers.io\/de\/pickit\/","og_locale":"de_DE","og_type":"article","og_title":"Pickit 3D Vision | Robot vision made easy","og_description":"Die Pickit 3D Vision Solution erm\u00f6glicht es den Kunden, die Herausforderungen der Roboterf\u00fchrung durch den Einsatz von 3D Vision zu l\u00f6sen.","og_url":"https:\/\/www.wiredworkers.io\/de\/pickit\/","og_site_name":"WiredWorkers","article_publisher":"https:\/\/www.facebook.com\/WiredWorkers","article_modified_time":"2023-08-31T09:55:08+00:00","og_image":[{"width":500,"height":500,"url":"https:\/\/www.wiredworkers.io\/wp-content\/uploads\/2023\/06\/Pickit-logo.png","type":"image\/png"}],"twitter_card":"summary_large_image","twitter_misc":{"Gesch\u00e4tzte Lesezeit":"1\u00a0Minute"},"schema":{"@context":"https:\/\/schema.org","@graph":[{"@type":"WebPage","@id":"https:\/\/www.wiredworkers.io\/de\/pickit\/","url":"https:\/\/www.wiredworkers.io\/de\/pickit\/","name":"Pickit 3D Vision | Robot vision made easy","isPartOf":{"@id":"https:\/\/www.wiredworkers.io\/de\/#website"},"primaryImageOfPage":{"@id":"https:\/\/www.wiredworkers.io\/de\/pickit\/#primaryimage"},"image":{"@id":"https:\/\/www.wiredworkers.io\/de\/pickit\/#primaryimage"},"thumbnailUrl":"https:\/\/www.wiredworkers.io\/wp-content\/uploads\/2023\/06\/Pickit-logo.png","datePublished":"2023-06-06T08:34:15+00:00","dateModified":"2023-08-31T09:55:08+00:00","description":"Die Pickit 3D Vision Solution erm\u00f6glicht es den Kunden, die Herausforderungen der Roboterf\u00fchrung durch den Einsatz von 3D Vision zu l\u00f6sen.","breadcrumb":{"@id":"https:\/\/www.wiredworkers.io\/de\/pickit\/#breadcrumb"},"inLanguage":"de","potentialAction":[{"@type":"ReadAction","target":["https:\/\/www.wiredworkers.io\/de\/pickit\/"]}]},{"@type":"ImageObject","inLanguage":"de","@id":"https:\/\/www.wiredworkers.io\/de\/pickit\/#primaryimage","url":"https:\/\/www.wiredworkers.io\/wp-content\/uploads\/2023\/06\/Pickit-logo.png","contentUrl":"https:\/\/www.wiredworkers.io\/wp-content\/uploads\/2023\/06\/Pickit-logo.png","width":500,"height":500},{"@type":"BreadcrumbList","@id":"https:\/\/www.wiredworkers.io\/de\/pickit\/#breadcrumb","itemListElement":[{"@type":"ListItem","position":1,"name":"WiredWorkers","item":"https:\/\/www.wiredworkers.io\/de\/"},{"@type":"ListItem","position":2,"name":"Pickit"}]},{"@type":"WebSite","@id":"https:\/\/www.wiredworkers.io\/de\/#website","url":"https:\/\/www.wiredworkers.io\/de\/","name":"WiredWorkers","description":"Robotics at your service","publisher":{"@id":"https:\/\/www.wiredworkers.io\/de\/#organization"},"potentialAction":[{"@type":"SearchAction","target":{"@type":"EntryPoint","urlTemplate":"https:\/\/www.wiredworkers.io\/de\/?s={search_term_string}"},"query-input":{"@type":"PropertyValueSpecification","valueRequired":true,"valueName":"search_term_string"}}],"inLanguage":"de"},{"@type":"Organization","@id":"https:\/\/www.wiredworkers.io\/de\/#organization","name":"WiredWorkers Nederland B.V.","url":"https:\/\/www.wiredworkers.io\/de\/","logo":{"@type":"ImageObject","inLanguage":"de","@id":"https:\/\/www.wiredworkers.io\/de\/#\/schema\/logo\/image\/","url":"https:\/\/www.wiredworkers.io\/wp-content\/uploads\/2018\/06\/wiredworkers-company-logo.jpg","contentUrl":"https:\/\/www.wiredworkers.io\/wp-content\/uploads\/2018\/06\/wiredworkers-company-logo.jpg","width":1082,"height":714,"caption":"WiredWorkers Nederland B.V."},"image":{"@id":"https:\/\/www.wiredworkers.io\/de\/#\/schema\/logo\/image\/"},"sameAs":["https:\/\/www.facebook.com\/WiredWorkers","https:\/\/www.linkedin.com\/company\/wiredworkers\/"]}]}},"_links":{"self":[{"href":"https:\/\/www.wiredworkers.io\/de\/wp-json\/wp\/v2\/pages\/21914","targetHints":{"allow":["GET"]}}],"collection":[{"href":"https:\/\/www.wiredworkers.io\/de\/wp-json\/wp\/v2\/pages"}],"about":[{"href":"https:\/\/www.wiredworkers.io\/de\/wp-json\/wp\/v2\/types\/page"}],"author":[{"embeddable":true,"href":"https:\/\/www.wiredworkers.io\/de\/wp-json\/wp\/v2\/users\/3"}],"replies":[{"embeddable":true,"href":"https:\/\/www.wiredworkers.io\/de\/wp-json\/wp\/v2\/comments?post=21914"}],"version-history":[{"count":1,"href":"https:\/\/www.wiredworkers.io\/de\/wp-json\/wp\/v2\/pages\/21914\/revisions"}],"predecessor-version":[{"id":21915,"href":"https:\/\/www.wiredworkers.io\/de\/wp-json\/wp\/v2\/pages\/21914\/revisions\/21915"}],"wp:featuredmedia":[{"embeddable":true,"href":"https:\/\/www.wiredworkers.io\/de\/wp-json\/wp\/v2\/media\/21909"}],"wp:attachment":[{"href":"https:\/\/www.wiredworkers.io\/de\/wp-json\/wp\/v2\/media?parent=21914"}],"wp:term":[{"taxonomy":"category","embeddable":true,"href":"https:\/\/www.wiredworkers.io\/de\/wp-json\/wp\/v2\/categories?post=21914"},{"taxonomy":"post_tag","embeddable":true,"href":"https:\/\/www.wiredworkers.io\/de\/wp-json\/wp\/v2\/tags?post=21914"}],"curies":[{"name":"wp","href":"https:\/\/api.w.org\/{rel}","templated":true}]}}