{"id":22599,"date":"2024-04-25T15:28:19","date_gmt":"2024-04-25T13:28:19","guid":{"rendered":"https:\/\/wiredworkers.io\/?page_id=22599"},"modified":"2024-10-30T13:18:09","modified_gmt":"2024-10-30T11:18:09","slug":"ubbink","status":"publish","type":"page","link":"https:\/\/www.wiredworkers.io\/de\/erfolgsgeschichte\/ubbink\/","title":{"rendered":"Erfolgsgeschichte | Ubbink"},"content":{"rendered":"\n<h1>\n\t\tErfolgsgeschichte | Ubbink\n\t<\/h1>\n\t<p>Ubbink ist ein Hersteller und Lieferant von Energie-, L\u00fcftungs- und Bauelementen f\u00fcr H\u00e4user und andere Geb\u00e4ude. Von W\u00e4rmepumpenzubeh\u00f6r bis zu Dachfenstern. F\u00fcr den Bau einer neuen Produktionszelle haben wir unsere P&amp;P Faltschachtelmaschine entwickelt und geliefert. Lesen Sie mehr \u00fcber den Prozess und die Ergebnisse.<\/p>\n<h2>\n\t\tLow Cost Intelligent Automation\n\t<\/h2>\n\t<p>Seit Anfang 2020 ersetzt <a href=\"https:\/\/www.ubbink.com\/de\/\">Ubbink<\/a> seine Lean-Linien durch LCIA-Linien (Low Cost Intelligent Automation). LCIA dient als optimale Kombination zwischen Mensch und Maschine. Die St\u00e4rken von Maschinen sind, dass sie eine sich wiederholende Aufgabe genau ausf\u00fchren k\u00f6nnen, ohne zu erm\u00fcden. Der Mensch ist in der Lage, den Prozess zu beobachten, Fehler zu erkennen, und es kann kosteng\u00fcnstiger sein, einzelne Handhabungsaufgaben von Menschen ausf\u00fchren zu lassen. Die menschliche Leistung steht bei der Gestaltung von LCIA-Linien im Mittelpunkt.<\/p>\n\t\t\t\t<img decoding=\"async\" data-src=\"https:\/\/www.wiredworkers.io\/wp-content\/uploads\/2022\/07\/ubbink-bv-logo-vector.png\" alt=\"ubbink-bv-logo-vector\" itemprop=\"image\" height=\"500\" width=\"900\" title=\"ubbink-bv-logo-vector\" onerror=\"this.style.display='none'\" src=\"data:image\/svg+xml;base64,PHN2ZyB3aWR0aD0iMSIgaGVpZ2h0PSIxIiB4bWxucz0iaHR0cDovL3d3dy53My5vcmcvMjAwMC9zdmciPjwvc3ZnPg==\" class=\"lazyload\" style=\"--smush-placeholder-width: 900px; --smush-placeholder-aspect-ratio: 900\/500;\" \/>\n<h2>\n\t\tP&#038;P Kartonaufrichter\n\t<\/h2>\n\t<p>In einer dieser LCIA Linien ist unser Plug&amp;Produce Kartonaufrichter implementiert. Der Schwerpunkt dieser L\u00f6sung liegt in ihrer Flexibilit\u00e4t. Er ist sowohl f\u00fcr gro\u00dfe als auch f\u00fcr kleine Kartons ausgelegt, er ist beweglich und dank seines Sensors stellt er die Kartons auf Abruf auf. Somit funktioniert der Kartonaufrichter als modularer Block in der LCIA-Zelle.<\/p>\n<p>Ubbink hatte in der Vergangenheit Kartonaufrichter verwendet, die jedoch nicht in der Lage waren, sowohl kleine Standardkartons als auch neue gro\u00dfe Kartons aufzustellen, was der Kartonaufrichter von WiredWorkers kann. Der Kartonaufrichter wurde auch deshalb ben\u00f6tigt, weil die gro\u00dfen Kartons bei Ubbink gem\u00e4\u00df den Gesundheits- und Sicherheitsvorschriften nicht handhabbar sind, vor allem nicht in der gro\u00dfen Anzahl, die Ubbink produziert.<\/p>\n<p>Der automatische Kartonaufrichter ist eine selbst entwickelte Plug &amp; Produce-L\u00f6sung. Mit einem selbst entworfenen Greifer greift er die Kartons aus dem Lagerplatz. Anschlie\u00dfend faltet er die Schachtel mit seinem Greifer und der daf\u00fcr entwickelten Faltschiene. Anschlie\u00dfend schiebt er die Kartons \u00fcber ein Bandmodul zur Endplattform, wo sie dann entnommen und bef\u00fcllt werden k\u00f6nnen. Schauen Sie sich das Video unten an, um zu sehen, wie unser Kartonaufrichter funktioniert.<\/p>\n\t<iframe title=\"Cobot dozenopzetter met een Techman Robot TM12\" width=\"500\" height=\"281\" data-src=\"https:\/\/www.youtube.com\/embed\/oVuD-jaAI18?feature=oembed\" frameborder=\"0\" allow=\"accelerometer; autoplay; clipboard-write; encrypted-media; gyroscope; picture-in-picture; web-share\" referrerpolicy=\"strict-origin-when-cross-origin\" allowfullscreen src=\"data:image\/svg+xml;base64,PHN2ZyB3aWR0aD0iMSIgaGVpZ2h0PSIxIiB4bWxucz0iaHR0cDovL3d3dy53My5vcmcvMjAwMC9zdmciPjwvc3ZnPg==\" class=\"lazyload\" data-load-mode=\"1\"><\/iframe>\n<h2>\n\t\tH\u00f6here Produktivit\u00e4t und Mitarbeiterzufriedenheit\n\t<\/h2>\n\t<p>Die Einf\u00fchrung von LCIA und des Kartonaufrichters f\u00fchrte zu einer erheblichen Steigerung der Produktivit\u00e4t in der Abteilung. So konnten beispielsweise 1 bis 1,5 Vollzeitstellen eingespart werden. Diese Verlagerung hat die Mitarbeiter nicht nur von einer monotonen Aufgabe befreit, sondern ihnen auch die M\u00f6glichkeit gegeben, komplexere Aufgaben wie Qualit\u00e4tskontrolle und Analyse zu \u00fcbernehmen. Folglich hat diese Verlagerung der Verantwortlichkeiten zu einer gr\u00f6\u00dferen Zufriedenheit der Mitarbeiter gef\u00fchrt und erheblich zu ihrem allgemeinen Wohlbefinden beigetragen.<\/p>\n\t\t\t\t<img decoding=\"async\" data-src=\"https:\/\/www.wiredworkers.io\/wp-content\/uploads\/2023\/04\/Dozenvouwer.png\" alt=\"dozenopzetter | box erector\" itemprop=\"image\" height=\"500\" width=\"500\" title=\"Dozenvouwer\" onerror=\"this.style.display='none'\" src=\"data:image\/svg+xml;base64,PHN2ZyB3aWR0aD0iMSIgaGVpZ2h0PSIxIiB4bWxucz0iaHR0cDovL3d3dy53My5vcmcvMjAwMC9zdmciPjwvc3ZnPg==\" class=\"lazyload\" style=\"--smush-placeholder-width: 500px; --smush-placeholder-aspect-ratio: 500\/500;\" \/>\n<h3>\n\t\tFinden Sie heraus, wie wir Ihre Produktion verbessern k\u00f6nnen\n\t<\/h3>\n\t<p>Buchen Sie eine kostenlose Online-Beratung mit unserem Automatisierungsspezialisten!<\/p>\n\t\t\t<a href=\"https:\/\/www.wiredworkers.io\/de\/kostenlose-cobot-beratung\/\" target=\"_self\" rel=\"noopener\">\n\t\t\t\t\t\t\tVideokonferenz vereinbaren\n\t\t\t<\/a>\n\t<h6>V\u00f6llig kostenlos und unverbindlich!<\/h6>\n<h2>\n\t\tDas k\u00f6nnte Ihnen auch gefallen&#8230;\n\t<\/h2>\n\t<meta itemscope itemprop=\"mainEntityOfPage\" itemtype=\"https:\/\/schema.org\/WebPage\" itemid=\"http:\/\/22176\" content=\"Erfolgsgeschichte | Hatchtrack\" \/><meta itemprop=\"datePublished\" content=\"2023-08-09\" \/><meta itemprop=\"dateModified\" content=\"2024-04-24\" \/><meta itemprop=\"name\" content=\"WiredWorkers\"\/><meta itemprop=\"url\" content=\"https:\/\/www.wiredworkers.io\/wp-content\/uploads\/2018\/01\/cropped-wiredworkers-logo-white.png\"\/><meta itemprop=\"url\" content=\"https:\/\/www.wiredworkers.io\/de\/author\/robbinmennings\/\" \/><meta itemprop=\"name\" content=\"Robbin Mennings\" \/><meta itemprop=\"url\" content=\"https:\/\/www.wiredworkers.io\/wp-content\/uploads\/2023\/08\/Ovotrack.png\" \/><meta itemprop=\"width\" content=\"1915\" \/><meta itemprop=\"height\" content=\"1077\" \/><meta itemprop=\"interactionType\" content=\"https:\/\/schema.org\/CommentAction\" \/><meta itemprop=\"userInteractionCount\" content=\"0\" \/>\n\t\t\t\t\t<a href=\"https:\/\/www.wiredworkers.io\/de\/erfolgsgeschichte-hatchtrack\/\" title=\"Erfolgsgeschichte | Hatchtrack\"><\/a>\n\t\t\t\t<img decoding=\"async\" src=\"https:\/\/www.wiredworkers.io\/wp-content\/uploads\/2023\/08\/Ovotrack-350x250.png\" alt=\"Ovotrack labelling machine\" itemprop=\"image\" data-no-lazy=\"1\" height=\"250\" width=\"350\" title=\"Ovotrack\" onerror=\"this.style.display='none'\"  \/>\n\t\t\t\t\t\t\t\t\t<h4 itemprop=\"headline\">\n\t\t\t\t\t\t\t\t\t\t\t\t\t\tErfolgsgeschichte | Hatchtrack\t\t\t\t\t\t\t\t\t\t\t<\/h4>\n\t<meta itemscope itemprop=\"mainEntityOfPage\" itemtype=\"https:\/\/schema.org\/WebPage\" itemid=\"http:\/\/22658\" content=\"Erfolgsgeschichte | Ott HydroMet\" \/><meta itemprop=\"datePublished\" content=\"2023-11-20\" \/><meta itemprop=\"dateModified\" content=\"2024-04-24\" \/><meta itemprop=\"name\" content=\"WiredWorkers\"\/><meta itemprop=\"url\" content=\"https:\/\/www.wiredworkers.io\/wp-content\/uploads\/2018\/01\/cropped-wiredworkers-logo-white.png\"\/><meta itemprop=\"url\" content=\"https:\/\/www.wiredworkers.io\/de\/author\/robbinmennings\/\" \/><meta itemprop=\"name\" content=\"Robbin Mennings\" \/><meta itemprop=\"url\" content=\"https:\/\/www.wiredworkers.io\/wp-content\/uploads\/2023\/10\/Ott-hydroMet-picture.png\" \/><meta itemprop=\"width\" content=\"1919\" \/><meta itemprop=\"height\" content=\"1079\" \/><meta itemprop=\"interactionType\" content=\"https:\/\/schema.org\/CommentAction\" \/><meta itemprop=\"userInteractionCount\" content=\"0\" \/>\n\t\t\t\t\t<a href=\"https:\/\/www.wiredworkers.io\/de\/erfolgsgeschichte\/ott-hydromet\/\" title=\"Erfolgsgeschichte | Ott HydroMet\"><\/a>\n\t\t\t\t<img decoding=\"async\" src=\"https:\/\/www.wiredworkers.io\/wp-content\/uploads\/2023\/10\/Ott-hydroMet-picture-350x250.png\" alt=\"Ott hydroMet picture\" itemprop=\"image\" data-no-lazy=\"1\" height=\"250\" width=\"350\" title=\"Ott hydroMet picture\" onerror=\"this.style.display='none'\"  \/>\n\t\t\t\t\t\t\t\t\t<h4 itemprop=\"headline\">\n\t\t\t\t\t\t\t\t\t\t\t\t\t\tErfolgsgeschichte | Ott HydroMet\t\t\t\t\t\t\t\t\t\t\t<\/h4>\n\t<meta itemscope itemprop=\"mainEntityOfPage\" itemtype=\"https:\/\/schema.org\/WebPage\" itemid=\"http:\/\/22384\" content=\"Erfolgsgeschichte | Keter\" \/><meta itemprop=\"datePublished\" content=\"2023-09-22\" \/><meta itemprop=\"dateModified\" content=\"2024-04-24\" \/><meta itemprop=\"name\" content=\"WiredWorkers\"\/><meta itemprop=\"url\" content=\"https:\/\/www.wiredworkers.io\/wp-content\/uploads\/2018\/01\/cropped-wiredworkers-logo-white.png\"\/><meta itemprop=\"url\" content=\"https:\/\/www.wiredworkers.io\/de\/author\/robbinmennings\/\" \/><meta itemprop=\"name\" content=\"Robbin Mennings\" \/><meta itemprop=\"url\" content=\"https:\/\/www.wiredworkers.io\/wp-content\/uploads\/2023\/08\/Keter-daytona-automation.png\" \/><meta itemprop=\"width\" content=\"1845\" \/><meta itemprop=\"height\" content=\"939\" \/><meta itemprop=\"interactionType\" content=\"https:\/\/schema.org\/CommentAction\" \/><meta itemprop=\"userInteractionCount\" content=\"0\" \/>\n\t\t\t\t\t<a href=\"https:\/\/www.wiredworkers.io\/de\/erfolgsgeschichte-keter\/\" title=\"Erfolgsgeschichte | Keter\"><\/a>\n\t\t\t\t<img decoding=\"async\" src=\"https:\/\/www.wiredworkers.io\/wp-content\/uploads\/2023\/08\/Keter-daytona-automation-350x250.png\" alt=\"Keter daytona automation\" itemprop=\"image\" data-no-lazy=\"1\" height=\"250\" width=\"350\" title=\"Keter daytona automation\" onerror=\"this.style.display='none'\"  \/>\n\t\t\t\t\t\t\t\t\t<h4 itemprop=\"headline\">\n\t\t\t\t\t\t\t\t\t\t\t\t\t\tErfolgsgeschichte | Keter\t\t\t\t\t\t\t\t\t\t\t<\/h4>\n\t\t\t\t<ul class='page-numbers'>\n\t<li>1<\/li>\n\t<li><a href=\"https:\/\/www.wiredworkers.io\/de\/page\/2\/?page_id=22599&#038;fl_builder\">2<\/a><\/li>\n\t<li><a href=\"https:\/\/www.wiredworkers.io\/de\/page\/3\/?page_id=22599&#038;fl_builder\">3<\/a><\/li>\n\t<li><a href=\"https:\/\/www.wiredworkers.io\/de\/page\/2\/?page_id=22599&#038;fl_builder\">Weiter &raquo;<\/a><\/li>\n<\/ul>\n\t\t<!-- .pp-content-posts -->\n\n","protected":false},"excerpt":{"rendered":"<p>Erfolgsgeschichte | Ubbink Ubbink ist ein Hersteller und Lieferant von Energie-, L\u00fcftungs- und Bauelementen f\u00fcr H\u00e4user und andere Geb\u00e4ude. Von W\u00e4rmepumpenzubeh\u00f6r bis zu Dachfenstern. F\u00fcr den Bau einer neuen Produktionszelle haben wir unsere P&amp;P Faltschachtelmaschine entwickelt und geliefert. Lesen Sie mehr \u00fcber den Prozess und die Ergebnisse. Low Cost Intelligent Automation Seit Anfang 2020 ersetzt [&hellip;]<\/p>\n","protected":false},"author":3,"featured_media":22275,"parent":21600,"menu_order":0,"comment_status":"closed","ping_status":"closed","template":"","meta":{"_acf_changed":false,"site-sidebar-layout":"no-sidebar","site-content-layout":"page-builder","ast-site-content-layout":"full-width-container","site-content-style":"unboxed","site-sidebar-style":"unboxed","ast-global-header-display":"","ast-banner-title-visibility":"","ast-main-header-display":"","ast-hfb-above-header-display":"","ast-hfb-below-header-display":"","ast-hfb-mobile-header-display":"","site-post-title":"disabled","ast-breadcrumbs-content":"","ast-featured-img":"disabled","footer-sml-layout":"","ast-disable-related-posts":"","theme-transparent-header-meta":"default","adv-header-id-meta":"","stick-header-meta":"default","header-above-stick-meta":"","header-main-stick-meta":"","header-below-stick-meta":"","astra-migrate-meta-layouts":"set","ast-page-background-enabled":"default","ast-page-background-meta":{"desktop":{"background-color":"","background-image":"","background-repeat":"repeat","background-position":"center center","background-size":"auto","background-attachment":"scroll","background-type":"","background-media":"","overlay-type":"","overlay-color":"","overlay-opacity":"","overlay-gradient":""},"tablet":{"background-color":"","background-image":"","background-repeat":"repeat","background-position":"center center","background-size":"auto","background-attachment":"scroll","background-type":"","background-media":"","overlay-type":"","overlay-color":"","overlay-opacity":"","overlay-gradient":""},"mobile":{"background-color":"","background-image":"","background-repeat":"repeat","background-position":"center center","background-size":"auto","background-attachment":"scroll","background-type":"","background-media":"","overlay-type":"","overlay-color":"","overlay-opacity":"","overlay-gradient":""}},"ast-content-background-meta":{"desktop":{"background-color":"var(--ast-global-color-5)","background-image":"","background-repeat":"repeat","background-position":"center center","background-size":"auto","background-attachment":"scroll","background-type":"","background-media":"","overlay-type":"","overlay-color":"","overlay-opacity":"","overlay-gradient":""},"tablet":{"background-color":"var(--ast-global-color-5)","background-image":"","background-repeat":"repeat","background-position":"center center","background-size":"auto","background-attachment":"scroll","background-type":"","background-media":"","overlay-type":"","overlay-color":"","overlay-opacity":"","overlay-gradient":""},"mobile":{"background-color":"var(--ast-global-color-5)","background-image":"","background-repeat":"repeat","background-position":"center center","background-size":"auto","background-attachment":"scroll","background-type":"","background-media":"","overlay-type":"","overlay-color":"","overlay-opacity":"","overlay-gradient":""}},"footnotes":""},"categories":[559],"tags":[],"class_list":["post-22599","page","type-page","status-publish","has-post-thumbnail","hentry","category-erfolgsgeschichtes"],"acf":[],"yoast_head":"<!-- This site is optimized with the Yoast SEO plugin v27.4 - https:\/\/yoast.com\/product\/yoast-seo-wordpress\/ -->\n<title>Erfolgsgeschichte | Ubbink | WiredWorkers<\/title>\n<meta name=\"description\" content=\"F\u00fcr den Bau einer neuen Produktionszelle haben wir unsere P&amp;P-Schachtelfaltmaschine entwickelt und geliefert. Lesen Sie mehr!\" \/>\n<meta name=\"robots\" content=\"index, follow, max-snippet:-1, max-image-preview:large, max-video-preview:-1\" \/>\n<link rel=\"canonical\" href=\"https:\/\/www.wiredworkers.io\/de\/erfolgsgeschichte\/ubbink\/\" \/>\n<meta property=\"og:locale\" content=\"de_DE\" \/>\n<meta property=\"og:type\" content=\"article\" \/>\n<meta property=\"og:title\" content=\"Erfolgsgeschichte | Ubbink | WiredWorkers\" \/>\n<meta property=\"og:description\" content=\"F\u00fcr den Bau einer neuen Produktionszelle haben wir unsere P&amp;P-Schachtelfaltmaschine entwickelt und geliefert. Lesen Sie mehr!\" \/>\n<meta property=\"og:url\" content=\"https:\/\/www.wiredworkers.io\/de\/erfolgsgeschichte\/ubbink\/\" \/>\n<meta property=\"og:site_name\" content=\"WiredWorkers\" \/>\n<meta property=\"article:publisher\" content=\"https:\/\/www.facebook.com\/WiredWorkers\" \/>\n<meta property=\"article:modified_time\" content=\"2024-10-30T11:18:09+00:00\" \/>\n<meta property=\"og:image\" content=\"https:\/\/www.wiredworkers.io\/wp-content\/uploads\/2023\/08\/Dozenvouwer-pic.png\" \/>\n\t<meta property=\"og:image:width\" content=\"1911\" \/>\n\t<meta property=\"og:image:height\" content=\"1073\" \/>\n\t<meta property=\"og:image:type\" content=\"image\/png\" \/>\n<meta name=\"twitter:card\" content=\"summary_large_image\" \/>\n<meta name=\"twitter:label1\" content=\"Gesch\u00e4tzte Lesezeit\" \/>\n\t<meta name=\"twitter:data1\" content=\"4\u00a0Minuten\" \/>\n<script type=\"application\/ld+json\" class=\"yoast-schema-graph\">{\"@context\":\"https:\\\/\\\/schema.org\",\"@graph\":[{\"@type\":\"WebPage\",\"@id\":\"https:\\\/\\\/www.wiredworkers.io\\\/de\\\/erfolgsgeschichte\\\/ubbink\\\/\",\"url\":\"https:\\\/\\\/www.wiredworkers.io\\\/de\\\/erfolgsgeschichte\\\/ubbink\\\/\",\"name\":\"Erfolgsgeschichte | Ubbink | WiredWorkers\",\"isPartOf\":{\"@id\":\"https:\\\/\\\/www.wiredworkers.io\\\/de\\\/#website\"},\"primaryImageOfPage\":{\"@id\":\"https:\\\/\\\/www.wiredworkers.io\\\/de\\\/erfolgsgeschichte\\\/ubbink\\\/#primaryimage\"},\"image\":{\"@id\":\"https:\\\/\\\/www.wiredworkers.io\\\/de\\\/erfolgsgeschichte\\\/ubbink\\\/#primaryimage\"},\"thumbnailUrl\":\"https:\\\/\\\/www.wiredworkers.io\\\/wp-content\\\/uploads\\\/2023\\\/08\\\/Dozenvouwer-pic.png\",\"datePublished\":\"2024-04-25T13:28:19+00:00\",\"dateModified\":\"2024-10-30T11:18:09+00:00\",\"description\":\"F\u00fcr den Bau einer neuen Produktionszelle haben wir unsere P&P-Schachtelfaltmaschine entwickelt und geliefert. Lesen Sie mehr!\",\"breadcrumb\":{\"@id\":\"https:\\\/\\\/www.wiredworkers.io\\\/de\\\/erfolgsgeschichte\\\/ubbink\\\/#breadcrumb\"},\"inLanguage\":\"de\",\"potentialAction\":[{\"@type\":\"ReadAction\",\"target\":[\"https:\\\/\\\/www.wiredworkers.io\\\/de\\\/erfolgsgeschichte\\\/ubbink\\\/\"]}]},{\"@type\":\"ImageObject\",\"inLanguage\":\"de\",\"@id\":\"https:\\\/\\\/www.wiredworkers.io\\\/de\\\/erfolgsgeschichte\\\/ubbink\\\/#primaryimage\",\"url\":\"https:\\\/\\\/www.wiredworkers.io\\\/wp-content\\\/uploads\\\/2023\\\/08\\\/Dozenvouwer-pic.png\",\"contentUrl\":\"https:\\\/\\\/www.wiredworkers.io\\\/wp-content\\\/uploads\\\/2023\\\/08\\\/Dozenvouwer-pic.png\",\"width\":1911,\"height\":1073},{\"@type\":\"BreadcrumbList\",\"@id\":\"https:\\\/\\\/www.wiredworkers.io\\\/de\\\/erfolgsgeschichte\\\/ubbink\\\/#breadcrumb\",\"itemListElement\":[{\"@type\":\"ListItem\",\"position\":1,\"name\":\"WiredWorkers\",\"item\":\"https:\\\/\\\/www.wiredworkers.io\\\/de\\\/\"},{\"@type\":\"ListItem\",\"position\":2,\"name\":\"Erfolgsgeschichte\",\"item\":\"https:\\\/\\\/www.wiredworkers.io\\\/de\\\/business-cases\\\/\"},{\"@type\":\"ListItem\",\"position\":3,\"name\":\"Erfolgsgeschichte | Ubbink\"}]},{\"@type\":\"WebSite\",\"@id\":\"https:\\\/\\\/www.wiredworkers.io\\\/de\\\/#website\",\"url\":\"https:\\\/\\\/www.wiredworkers.io\\\/de\\\/\",\"name\":\"WiredWorkers\",\"description\":\"Robotics at your service\",\"publisher\":{\"@id\":\"https:\\\/\\\/www.wiredworkers.io\\\/de\\\/#organization\"},\"potentialAction\":[{\"@type\":\"SearchAction\",\"target\":{\"@type\":\"EntryPoint\",\"urlTemplate\":\"https:\\\/\\\/www.wiredworkers.io\\\/de\\\/?s={search_term_string}\"},\"query-input\":{\"@type\":\"PropertyValueSpecification\",\"valueRequired\":true,\"valueName\":\"search_term_string\"}}],\"inLanguage\":\"de\"},{\"@type\":\"Organization\",\"@id\":\"https:\\\/\\\/www.wiredworkers.io\\\/de\\\/#organization\",\"name\":\"WiredWorkers Nederland B.V.\",\"url\":\"https:\\\/\\\/www.wiredworkers.io\\\/de\\\/\",\"logo\":{\"@type\":\"ImageObject\",\"inLanguage\":\"de\",\"@id\":\"https:\\\/\\\/www.wiredworkers.io\\\/de\\\/#\\\/schema\\\/logo\\\/image\\\/\",\"url\":\"https:\\\/\\\/www.wiredworkers.io\\\/wp-content\\\/uploads\\\/2018\\\/06\\\/wiredworkers-company-logo.jpg\",\"contentUrl\":\"https:\\\/\\\/www.wiredworkers.io\\\/wp-content\\\/uploads\\\/2018\\\/06\\\/wiredworkers-company-logo.jpg\",\"width\":1082,\"height\":714,\"caption\":\"WiredWorkers Nederland B.V.\"},\"image\":{\"@id\":\"https:\\\/\\\/www.wiredworkers.io\\\/de\\\/#\\\/schema\\\/logo\\\/image\\\/\"},\"sameAs\":[\"https:\\\/\\\/www.facebook.com\\\/WiredWorkers\",\"https:\\\/\\\/www.linkedin.com\\\/company\\\/wiredworkers\\\/\"]}]}<\/script>\n<!-- \/ Yoast SEO plugin. -->","yoast_head_json":{"title":"Erfolgsgeschichte | Ubbink | WiredWorkers","description":"F\u00fcr den Bau einer neuen Produktionszelle haben wir unsere P&P-Schachtelfaltmaschine entwickelt und geliefert. Lesen Sie mehr!","robots":{"index":"index","follow":"follow","max-snippet":"max-snippet:-1","max-image-preview":"max-image-preview:large","max-video-preview":"max-video-preview:-1"},"canonical":"https:\/\/www.wiredworkers.io\/de\/erfolgsgeschichte\/ubbink\/","og_locale":"de_DE","og_type":"article","og_title":"Erfolgsgeschichte | Ubbink | WiredWorkers","og_description":"F\u00fcr den Bau einer neuen Produktionszelle haben wir unsere P&P-Schachtelfaltmaschine entwickelt und geliefert. Lesen Sie mehr!","og_url":"https:\/\/www.wiredworkers.io\/de\/erfolgsgeschichte\/ubbink\/","og_site_name":"WiredWorkers","article_publisher":"https:\/\/www.facebook.com\/WiredWorkers","article_modified_time":"2024-10-30T11:18:09+00:00","og_image":[{"width":1911,"height":1073,"url":"https:\/\/www.wiredworkers.io\/wp-content\/uploads\/2023\/08\/Dozenvouwer-pic.png","type":"image\/png"}],"twitter_card":"summary_large_image","twitter_misc":{"Gesch\u00e4tzte Lesezeit":"4\u00a0Minuten"},"schema":{"@context":"https:\/\/schema.org","@graph":[{"@type":"WebPage","@id":"https:\/\/www.wiredworkers.io\/de\/erfolgsgeschichte\/ubbink\/","url":"https:\/\/www.wiredworkers.io\/de\/erfolgsgeschichte\/ubbink\/","name":"Erfolgsgeschichte | Ubbink | WiredWorkers","isPartOf":{"@id":"https:\/\/www.wiredworkers.io\/de\/#website"},"primaryImageOfPage":{"@id":"https:\/\/www.wiredworkers.io\/de\/erfolgsgeschichte\/ubbink\/#primaryimage"},"image":{"@id":"https:\/\/www.wiredworkers.io\/de\/erfolgsgeschichte\/ubbink\/#primaryimage"},"thumbnailUrl":"https:\/\/www.wiredworkers.io\/wp-content\/uploads\/2023\/08\/Dozenvouwer-pic.png","datePublished":"2024-04-25T13:28:19+00:00","dateModified":"2024-10-30T11:18:09+00:00","description":"F\u00fcr den Bau einer neuen Produktionszelle haben wir unsere P&P-Schachtelfaltmaschine entwickelt und geliefert. Lesen Sie mehr!","breadcrumb":{"@id":"https:\/\/www.wiredworkers.io\/de\/erfolgsgeschichte\/ubbink\/#breadcrumb"},"inLanguage":"de","potentialAction":[{"@type":"ReadAction","target":["https:\/\/www.wiredworkers.io\/de\/erfolgsgeschichte\/ubbink\/"]}]},{"@type":"ImageObject","inLanguage":"de","@id":"https:\/\/www.wiredworkers.io\/de\/erfolgsgeschichte\/ubbink\/#primaryimage","url":"https:\/\/www.wiredworkers.io\/wp-content\/uploads\/2023\/08\/Dozenvouwer-pic.png","contentUrl":"https:\/\/www.wiredworkers.io\/wp-content\/uploads\/2023\/08\/Dozenvouwer-pic.png","width":1911,"height":1073},{"@type":"BreadcrumbList","@id":"https:\/\/www.wiredworkers.io\/de\/erfolgsgeschichte\/ubbink\/#breadcrumb","itemListElement":[{"@type":"ListItem","position":1,"name":"WiredWorkers","item":"https:\/\/www.wiredworkers.io\/de\/"},{"@type":"ListItem","position":2,"name":"Erfolgsgeschichte","item":"https:\/\/www.wiredworkers.io\/de\/business-cases\/"},{"@type":"ListItem","position":3,"name":"Erfolgsgeschichte | Ubbink"}]},{"@type":"WebSite","@id":"https:\/\/www.wiredworkers.io\/de\/#website","url":"https:\/\/www.wiredworkers.io\/de\/","name":"WiredWorkers","description":"Robotics at your service","publisher":{"@id":"https:\/\/www.wiredworkers.io\/de\/#organization"},"potentialAction":[{"@type":"SearchAction","target":{"@type":"EntryPoint","urlTemplate":"https:\/\/www.wiredworkers.io\/de\/?s={search_term_string}"},"query-input":{"@type":"PropertyValueSpecification","valueRequired":true,"valueName":"search_term_string"}}],"inLanguage":"de"},{"@type":"Organization","@id":"https:\/\/www.wiredworkers.io\/de\/#organization","name":"WiredWorkers Nederland B.V.","url":"https:\/\/www.wiredworkers.io\/de\/","logo":{"@type":"ImageObject","inLanguage":"de","@id":"https:\/\/www.wiredworkers.io\/de\/#\/schema\/logo\/image\/","url":"https:\/\/www.wiredworkers.io\/wp-content\/uploads\/2018\/06\/wiredworkers-company-logo.jpg","contentUrl":"https:\/\/www.wiredworkers.io\/wp-content\/uploads\/2018\/06\/wiredworkers-company-logo.jpg","width":1082,"height":714,"caption":"WiredWorkers Nederland B.V."},"image":{"@id":"https:\/\/www.wiredworkers.io\/de\/#\/schema\/logo\/image\/"},"sameAs":["https:\/\/www.facebook.com\/WiredWorkers","https:\/\/www.linkedin.com\/company\/wiredworkers\/"]}]}},"_links":{"self":[{"href":"https:\/\/www.wiredworkers.io\/de\/wp-json\/wp\/v2\/pages\/22599","targetHints":{"allow":["GET"]}}],"collection":[{"href":"https:\/\/www.wiredworkers.io\/de\/wp-json\/wp\/v2\/pages"}],"about":[{"href":"https:\/\/www.wiredworkers.io\/de\/wp-json\/wp\/v2\/types\/page"}],"author":[{"embeddable":true,"href":"https:\/\/www.wiredworkers.io\/de\/wp-json\/wp\/v2\/users\/3"}],"replies":[{"embeddable":true,"href":"https:\/\/www.wiredworkers.io\/de\/wp-json\/wp\/v2\/comments?post=22599"}],"version-history":[{"count":3,"href":"https:\/\/www.wiredworkers.io\/de\/wp-json\/wp\/v2\/pages\/22599\/revisions"}],"predecessor-version":[{"id":24302,"href":"https:\/\/www.wiredworkers.io\/de\/wp-json\/wp\/v2\/pages\/22599\/revisions\/24302"}],"up":[{"embeddable":true,"href":"https:\/\/www.wiredworkers.io\/de\/wp-json\/wp\/v2\/pages\/21600"}],"wp:featuredmedia":[{"embeddable":true,"href":"https:\/\/www.wiredworkers.io\/de\/wp-json\/wp\/v2\/media\/22275"}],"wp:attachment":[{"href":"https:\/\/www.wiredworkers.io\/de\/wp-json\/wp\/v2\/media?parent=22599"}],"wp:term":[{"taxonomy":"category","embeddable":true,"href":"https:\/\/www.wiredworkers.io\/de\/wp-json\/wp\/v2\/categories?post=22599"},{"taxonomy":"post_tag","embeddable":true,"href":"https:\/\/www.wiredworkers.io\/de\/wp-json\/wp\/v2\/tags?post=22599"}],"curies":[{"name":"wp","href":"https:\/\/api.w.org\/{rel}","templated":true}]}}