{"id":23170,"date":"2024-01-26T14:22:36","date_gmt":"2024-01-26T12:22:36","guid":{"rendered":"https:\/\/wiredworkers.io\/?page_id=23170"},"modified":"2024-10-30T13:18:14","modified_gmt":"2024-10-30T11:18:14","slug":"hf-electronics","status":"publish","type":"page","link":"https:\/\/www.wiredworkers.io\/de\/erfolgsgeschichte\/hf-electronics\/","title":{"rendered":"Erfolgsgeschichte | H&#038;F Electronics"},"content":{"rendered":"\n<h1>\n\t\tErfolgsgeschichte | H&#038;F Electronics\n\t<\/h1>\n\t<p>Seit mehr als 45 Jahren ist <a href=\"http:\/\/www.hf-electronics.com\/\">H&amp;F Electronics B.V.<\/a> f\u00fchrend in der Konzeption, Entwicklung und Produktion von kundenspezifischer Elektronik und eingebetteten Systemen. Seit der Gr\u00fcndung im Jahr 1979 konzentrieren wir uns auf die Herstellung hochwertiger elektronischer Halbfertig- und Fertigprodukte mit spezifischem Know-how in den Bereichen Hardware und Software, Elektronik und Mechatronik. Um die Pr\u00fcfung gro\u00dfer Serien von Leiterplatten zu automatisieren, haben wir in Zusammenarbeit mit H&amp;F ein Cobot-System entwickelt, das Leiterplatten automatisch pr\u00fcft und best\u00fcckt.<\/p>\n<h2>\n\t\tAutomatisierte PCB-Pr\u00fcfung\n\t<\/h2>\n\t<p>Eine der Methoden, die H&amp;F Electronics einsetzt, um die einwandfreie Lieferung von Leiterplatten zu gew\u00e4hrleisten, ist der Pinbed-Test. Dabei wird die Leiterplatte auf ein Pinbed gelegt, wo die Pins mit verschiedenen Testpunkten in Kontakt kommen, um die Qualit\u00e4t der Leiterplatte durch einen Funktionstest zu bewerten. WiredWorkers hat speziell f\u00fcr diesen Pinbed-Test einen automatisierten Testaufbau entwickelt.<\/p>\n\t\t\t\t<img decoding=\"async\" data-src=\"https:\/\/www.wiredworkers.io\/wp-content\/uploads\/2024\/01\/elektronica-ontwikkeling-HF-electronics.png\" alt=\"elektronica-ontwikkeling-HF-electronics\" itemprop=\"image\" height=\"143\" width=\"318\" title=\"elektronica-ontwikkeling-HF-electronics\" onerror=\"this.style.display='none'\" src=\"data:image\/svg+xml;base64,PHN2ZyB3aWR0aD0iMSIgaGVpZ2h0PSIxIiB4bWxucz0iaHR0cDovL3d3dy53My5vcmcvMjAwMC9zdmciPjwvc3ZnPg==\" class=\"lazyload\" style=\"--smush-placeholder-width: 318px; --smush-placeholder-aspect-ratio: 318\/143;\" \/>\n<h2>\n\t\tVolle Tabletts mit zugelassenen PCBs\n\t<\/h2>\n\t<p>Zur Beschickung des Roboters wurden an der Seite der Maschine Rollenbahnen angebracht. Auf diesen werden die Tabletts mit den Leiterplatten gestapelt. Im Inneren der Maschine befinden sich au\u00dferdem zwei Tabletts auf einer Vorrichtung. Eine f\u00fcr die ausgeschiedenen Leiterplatten und eine, die als Puffer dient. Wenn eine Leiterplatte aussortiert wird, wird eine Leiterplatte aus dem Puffer entnommen, um sicherzustellen, dass immer volle Tabletts mit zugelassenen Leiterplatten aus der Maschine kommen. Mit Hilfe eines Vakuumsaugers nimmt sie die Leiterplatte auf und legt sie in eine Form. Diese dient als pr\u00e4zise Orientierung f\u00fcr die Aufnahme und Platzierung der Leiterplatte in der Pr\u00fcfmaschine. Die Leiterplatte wird dann in die Pr\u00fcfmaschine eingelegt und der Roboter schlie\u00dft den Deckel der Pr\u00fcfvorrichtung. W\u00e4hrenddessen wird eine neue Leiterplatte in die Form gelegt. Nach der Freigabe der Leiterplatte durchl\u00e4uft diese zun\u00e4chst einen Drucker, der eine Datamatrix auf sie druckt, und wird dann in das vorgesehene Fach gelegt. Mit Hilfe von Bildverarbeitungssystemen wird ermittelt, wo die Leiterplatte im Fach platziert werden soll. Durch den Einsatz dieses Systems sind keine zus\u00e4tzlichen Ausrichtungswerkzeuge erforderlich. Wenn ein Tray leer ist, wird es entnommen und \u00fcber das volle Tray mit den zugelassenen Leiterplatten gelegt. Auf diese Weise werden schlie\u00dflich volle Trays mit zugelassenen Leiterplatten geliefert. Sehen Sie sich das Video unten an.<\/p>\n\t<iframe width=\"560\" height=\"315\" data-src=\"https:\/\/www.youtube.com\/embed\/bVDgkIVxOSg?si=HdSKdZ8gvDuEVbND\" title=\"YouTube video player\" frameborder=\"0\" allow=\"accelerometer; autoplay; clipboard-write; encrypted-media; gyroscope; picture-in-picture; web-share\" allowfullscreen src=\"data:image\/svg+xml;base64,PHN2ZyB3aWR0aD0iMSIgaGVpZ2h0PSIxIiB4bWxucz0iaHR0cDovL3d3dy53My5vcmcvMjAwMC9zdmciPjwvc3ZnPg==\" class=\"lazyload\" data-load-mode=\"1\"><\/iframe>\n<h2>\n\t\tH\u00f6here Produktivit\u00e4t und Mitarbeiterzufriedenheit\n\t<\/h2>\n\t<p>Mitarbeiter, die fr\u00fcher mit der manuellen Best\u00fcckung von Testmaschinen mit Leiterplatten betraut waren, haben nun die M\u00f6glichkeit, sich auf anspruchsvollere Aufgaben zu konzentrieren. Diese Ver\u00e4nderung hat sie nicht nur von der monotonen Aufgabe des manuellen Testens gro\u00dfer Chargen befreit, sondern erm\u00f6glicht es ihnen auch, sich mit komplexeren Aufgaben, wie der Fehleranalyse, zu besch\u00e4ftigen. Infolgedessen hat diese Aufgabenverlagerung dazu beigetragen, das Wohlbefinden und die Zufriedenheit der Mitarbeiter zu steigern.<\/p>\n\t\t\t\t<img decoding=\"async\" data-src=\"https:\/\/www.wiredworkers.io\/wp-content\/uploads\/2024\/01\/Business-Case-HF-image.png\" alt=\"Business Case H&amp;F image\" itemprop=\"image\" height=\"1080\" width=\"1916\" title=\"Business Case H&amp;F image\" onerror=\"this.style.display='none'\" src=\"data:image\/svg+xml;base64,PHN2ZyB3aWR0aD0iMSIgaGVpZ2h0PSIxIiB4bWxucz0iaHR0cDovL3d3dy53My5vcmcvMjAwMC9zdmciPjwvc3ZnPg==\" class=\"lazyload\" style=\"--smush-placeholder-width: 1916px; --smush-placeholder-aspect-ratio: 1916\/1080;\" \/>\n<h3>\n\t\tFinden Sie heraus, wie wir Ihre Produktion verbessern k\u00f6nnen\n\t<\/h3>\n\t<p>Buchen Sie eine kostenlose Online-Beratung mit unserem Automatisierungsspezialisten!<\/p>\n\t\t\t<a href=\"https:\/\/www.wiredworkers.io\/de\/kostenlose-cobot-beratung\/\" target=\"_self\" rel=\"noopener\">\n\t\t\t\t\t\t\tVideokonferenz vereinbaren\n\t\t\t<\/a>\n\t<h6>V\u00f6llig kostenlos und unverbindlich!<\/h6>\n<h2>\n\t\tDas k\u00f6nnte Ihnen auch gefallen&#8230;\n\t<\/h2>\n\t<meta itemscope itemprop=\"mainEntityOfPage\" itemtype=\"https:\/\/schema.org\/WebPage\" itemid=\"http:\/\/22384\" content=\"Erfolgsgeschichte | Keter\" \/><meta itemprop=\"datePublished\" content=\"2023-09-22\" \/><meta itemprop=\"dateModified\" content=\"2023-10-02\" \/><meta itemprop=\"name\" content=\"WiredWorkers\"\/><meta itemprop=\"url\" content=\"https:\/\/www.wiredworkers.io\/wp-content\/uploads\/2018\/01\/cropped-wiredworkers-logo-white.png\"\/><meta itemprop=\"url\" content=\"https:\/\/www.wiredworkers.io\/de\/author\/robbinmennings\/\" \/><meta itemprop=\"name\" content=\"Robbin Mennings\" \/><meta itemprop=\"url\" content=\"https:\/\/www.wiredworkers.io\/wp-content\/uploads\/2023\/08\/Keter-daytona-automation.png\" \/><meta itemprop=\"width\" content=\"1845\" \/><meta itemprop=\"height\" content=\"939\" \/><meta itemprop=\"interactionType\" content=\"https:\/\/schema.org\/CommentAction\" \/><meta itemprop=\"userInteractionCount\" content=\"0\" \/>\n\t\t\t\t\t<a href=\"https:\/\/www.wiredworkers.io\/de\/erfolgsgeschichte-keter\/\" title=\"Erfolgsgeschichte | Keter\"><\/a>\n\t\t\t\t<img decoding=\"async\" src=\"https:\/\/www.wiredworkers.io\/wp-content\/uploads\/2023\/08\/Keter-daytona-automation-350x250.png\" alt=\"Keter daytona automation\" itemprop=\"image\" data-no-lazy=\"1\" height=\"250\" width=\"350\" title=\"Keter daytona automation\" onerror=\"this.style.display='none'\"  \/>\n\t\t\t\t\t\t\t\t\t<h4 itemprop=\"headline\">\n\t\t\t\t\t\t\t\t\t\t\t\t\t\tErfolgsgeschichte | Keter\t\t\t\t\t\t\t\t\t\t\t<\/h4>\n\t<meta itemscope itemprop=\"mainEntityOfPage\" itemtype=\"https:\/\/schema.org\/WebPage\" itemid=\"http:\/\/21605\" content=\"Erfolgsgeschichte | Gunnebo\" \/><meta itemprop=\"datePublished\" content=\"2023-05-15\" \/><meta itemprop=\"dateModified\" content=\"2023-09-27\" \/><meta itemprop=\"name\" content=\"WiredWorkers\"\/><meta itemprop=\"url\" content=\"https:\/\/www.wiredworkers.io\/wp-content\/uploads\/2018\/01\/cropped-wiredworkers-logo-white.png\"\/><meta itemprop=\"url\" content=\"https:\/\/www.wiredworkers.io\/de\/author\/robbinmennings\/\" \/><meta itemprop=\"name\" content=\"Robbin Mennings\" \/><meta itemprop=\"url\" content=\"https:\/\/www.wiredworkers.io\/wp-content\/uploads\/2019\/07\/Featured-image-Gunnebo.jpg\" \/><meta itemprop=\"width\" content=\"1280\" \/><meta itemprop=\"height\" content=\"584\" \/><meta itemprop=\"interactionType\" content=\"https:\/\/schema.org\/CommentAction\" \/><meta itemprop=\"userInteractionCount\" content=\"0\" \/>\n\t\t\t\t\t<a href=\"https:\/\/www.wiredworkers.io\/de\/erfolgsgeschichte-gunnebo\/\" title=\"Erfolgsgeschichte | Gunnebo\"><\/a>\n\t\t\t\t<img decoding=\"async\" src=\"https:\/\/www.wiredworkers.io\/wp-content\/uploads\/2019\/07\/Featured-image-Gunnebo-350x250.jpg\" alt=\"kantbank belading gunnebo\" itemprop=\"image\" data-no-lazy=\"1\" height=\"250\" width=\"350\" title=\"Featured image Gunnebo\" onerror=\"this.style.display='none'\"  \/>\n\t\t\t\t\t\t\t\t\t<h4 itemprop=\"headline\">\n\t\t\t\t\t\t\t\t\t\t\t\t\t\tErfolgsgeschichte | Gunnebo\t\t\t\t\t\t\t\t\t\t\t<\/h4>\n\t<meta itemscope itemprop=\"mainEntityOfPage\" itemtype=\"https:\/\/schema.org\/WebPage\" itemid=\"http:\/\/21601\" content=\"Erfolgsgeschichte | Signify\" \/><meta itemprop=\"datePublished\" content=\"2023-05-15\" \/><meta itemprop=\"dateModified\" content=\"2023-10-02\" \/><meta itemprop=\"name\" content=\"WiredWorkers\"\/><meta itemprop=\"url\" content=\"https:\/\/www.wiredworkers.io\/wp-content\/uploads\/2018\/01\/cropped-wiredworkers-logo-white.png\"\/><meta itemprop=\"url\" content=\"https:\/\/www.wiredworkers.io\/de\/author\/robbinmennings\/\" \/><meta itemprop=\"name\" content=\"Robbin Mennings\" \/><meta itemprop=\"url\" content=\"https:\/\/www.wiredworkers.io\/wp-content\/uploads\/2021\/10\/20200810-Render-Project-Light-Engine.png\" \/><meta itemprop=\"width\" content=\"1606\" \/><meta itemprop=\"height\" content=\"850\" \/><meta itemprop=\"interactionType\" content=\"https:\/\/schema.org\/CommentAction\" \/><meta itemprop=\"userInteractionCount\" content=\"0\" \/>\n\t\t\t\t\t<a href=\"https:\/\/www.wiredworkers.io\/de\/erfolgsgeschichte-signify\/\" title=\"Erfolgsgeschichte | Signify\"><\/a>\n\t\t\t\t<img decoding=\"async\" src=\"https:\/\/www.wiredworkers.io\/wp-content\/uploads\/2021\/10\/20200810-Render-Project-Light-Engine-350x250.png\" alt=\"industriele machinebouw | industrial mechanical engineering\" itemprop=\"image\" data-no-lazy=\"1\" height=\"250\" width=\"350\" title=\"20200810 Render Project Light Engine\" onerror=\"this.style.display='none'\"  \/>\n\t\t\t\t\t\t\t\t\t<h4 itemprop=\"headline\">\n\t\t\t\t\t\t\t\t\t\t\t\t\t\tErfolgsgeschichte | Signify\t\t\t\t\t\t\t\t\t\t\t<\/h4>\n\t\t\t\t<ul class='page-numbers'>\n\t<li>1<\/li>\n\t<li><a href=\"https:\/\/www.wiredworkers.io\/de\/page\/2\/?page_id=23170&#038;fl_builder\">2<\/a><\/li>\n\t<li><a href=\"https:\/\/www.wiredworkers.io\/de\/page\/3\/?page_id=23170&#038;fl_builder\">3<\/a><\/li>\n\t<li><a href=\"https:\/\/www.wiredworkers.io\/de\/page\/2\/?page_id=23170&#038;fl_builder\">Weiter &raquo;<\/a><\/li>\n<\/ul>\n\t\t<!-- .pp-content-posts -->\n\n","protected":false},"excerpt":{"rendered":"<p>Erfolgsgeschichte | H&#038;F Electronics Seit mehr als 45 Jahren ist H&amp;F Electronics B.V. f\u00fchrend in der Konzeption, Entwicklung und Produktion von kundenspezifischer Elektronik und eingebetteten Systemen. Seit der Gr\u00fcndung im Jahr 1979 konzentrieren wir uns auf die Herstellung hochwertiger elektronischer Halbfertig- und Fertigprodukte mit spezifischem Know-how in den Bereichen Hardware und Software, Elektronik und Mechatronik. [&hellip;]<\/p>\n","protected":false},"author":3,"featured_media":23166,"parent":21600,"menu_order":0,"comment_status":"closed","ping_status":"closed","template":"","meta":{"_acf_changed":false,"site-sidebar-layout":"no-sidebar","site-content-layout":"page-builder","ast-site-content-layout":"full-width-container","site-content-style":"unboxed","site-sidebar-style":"unboxed","ast-global-header-display":"","ast-banner-title-visibility":"","ast-main-header-display":"","ast-hfb-above-header-display":"","ast-hfb-below-header-display":"","ast-hfb-mobile-header-display":"","site-post-title":"disabled","ast-breadcrumbs-content":"","ast-featured-img":"disabled","footer-sml-layout":"","ast-disable-related-posts":"","theme-transparent-header-meta":"default","adv-header-id-meta":"","stick-header-meta":"default","header-above-stick-meta":"","header-main-stick-meta":"","header-below-stick-meta":"","astra-migrate-meta-layouts":"set","ast-page-background-enabled":"default","ast-page-background-meta":{"desktop":{"background-color":"","background-image":"","background-repeat":"repeat","background-position":"center center","background-size":"auto","background-attachment":"scroll","background-type":"","background-media":"","overlay-type":"","overlay-color":"","overlay-opacity":"","overlay-gradient":""},"tablet":{"background-color":"","background-image":"","background-repeat":"repeat","background-position":"center center","background-size":"auto","background-attachment":"scroll","background-type":"","background-media":"","overlay-type":"","overlay-color":"","overlay-opacity":"","overlay-gradient":""},"mobile":{"background-color":"","background-image":"","background-repeat":"repeat","background-position":"center center","background-size":"auto","background-attachment":"scroll","background-type":"","background-media":"","overlay-type":"","overlay-color":"","overlay-opacity":"","overlay-gradient":""}},"ast-content-background-meta":{"desktop":{"background-color":"var(--ast-global-color-5)","background-image":"","background-repeat":"repeat","background-position":"center center","background-size":"auto","background-attachment":"scroll","background-type":"","background-media":"","overlay-type":"","overlay-color":"","overlay-opacity":"","overlay-gradient":""},"tablet":{"background-color":"var(--ast-global-color-5)","background-image":"","background-repeat":"repeat","background-position":"center center","background-size":"auto","background-attachment":"scroll","background-type":"","background-media":"","overlay-type":"","overlay-color":"","overlay-opacity":"","overlay-gradient":""},"mobile":{"background-color":"var(--ast-global-color-5)","background-image":"","background-repeat":"repeat","background-position":"center center","background-size":"auto","background-attachment":"scroll","background-type":"","background-media":"","overlay-type":"","overlay-color":"","overlay-opacity":"","overlay-gradient":""}},"footnotes":""},"categories":[559],"tags":[],"class_list":["post-23170","page","type-page","status-publish","has-post-thumbnail","hentry","category-erfolgsgeschichtes"],"acf":[],"yoast_head":"<!-- This site is optimized with the Yoast SEO plugin v27.6 - https:\/\/yoast.com\/product\/yoast-seo-wordpress\/ -->\n<title>Erfolgsgeschichte | H&amp;F Electronics | WiredWorkers<\/title>\n<meta name=\"description\" content=\"Um die Pr\u00fcfung von Leiterplatten zu automatisieren, entwickelte WiredWorkers ein automatisiertes Pr\u00fcfkabinett mit einem Cobot von Techman Robot.\" \/>\n<meta name=\"robots\" content=\"index, follow, max-snippet:-1, max-image-preview:large, max-video-preview:-1\" \/>\n<link rel=\"canonical\" href=\"https:\/\/www.wiredworkers.io\/de\/erfolgsgeschichte\/hf-electronics\/\" \/>\n<meta property=\"og:locale\" content=\"de_DE\" \/>\n<meta property=\"og:type\" content=\"article\" \/>\n<meta property=\"og:title\" content=\"Erfolgsgeschichte | H&amp;F Electronics | WiredWorkers\" \/>\n<meta property=\"og:description\" content=\"Um die Pr\u00fcfung von Leiterplatten zu automatisieren, entwickelte WiredWorkers ein automatisiertes Pr\u00fcfkabinett mit einem Cobot von Techman Robot.\" \/>\n<meta property=\"og:url\" content=\"https:\/\/www.wiredworkers.io\/de\/erfolgsgeschichte\/hf-electronics\/\" \/>\n<meta property=\"og:site_name\" content=\"WiredWorkers\" \/>\n<meta property=\"article:publisher\" content=\"https:\/\/www.facebook.com\/WiredWorkers\" \/>\n<meta property=\"article:modified_time\" content=\"2024-10-30T11:18:14+00:00\" \/>\n<meta property=\"og:image\" content=\"https:\/\/www.wiredworkers.io\/wp-content\/uploads\/2024\/01\/Business-Case-HF-image-1024x577.png\" \/>\n\t<meta property=\"og:image:width\" content=\"1024\" \/>\n\t<meta property=\"og:image:height\" content=\"577\" \/>\n\t<meta property=\"og:image:type\" content=\"image\/png\" \/>\n<meta name=\"twitter:card\" content=\"summary_large_image\" \/>\n<meta name=\"twitter:label1\" content=\"Gesch\u00e4tzte Lesezeit\" \/>\n\t<meta name=\"twitter:data1\" content=\"4\u00a0Minuten\" \/>\n<script type=\"application\/ld+json\" class=\"yoast-schema-graph\">{\"@context\":\"https:\\\/\\\/schema.org\",\"@graph\":[{\"@type\":\"WebPage\",\"@id\":\"https:\\\/\\\/www.wiredworkers.io\\\/de\\\/erfolgsgeschichte\\\/hf-electronics\\\/\",\"url\":\"https:\\\/\\\/www.wiredworkers.io\\\/de\\\/erfolgsgeschichte\\\/hf-electronics\\\/\",\"name\":\"Erfolgsgeschichte | H&F Electronics | WiredWorkers\",\"isPartOf\":{\"@id\":\"https:\\\/\\\/www.wiredworkers.io\\\/de\\\/#website\"},\"primaryImageOfPage\":{\"@id\":\"https:\\\/\\\/www.wiredworkers.io\\\/de\\\/erfolgsgeschichte\\\/hf-electronics\\\/#primaryimage\"},\"image\":{\"@id\":\"https:\\\/\\\/www.wiredworkers.io\\\/de\\\/erfolgsgeschichte\\\/hf-electronics\\\/#primaryimage\"},\"thumbnailUrl\":\"https:\\\/\\\/www.wiredworkers.io\\\/wp-content\\\/uploads\\\/2024\\\/01\\\/Business-Case-HF-image.png\",\"datePublished\":\"2024-01-26T12:22:36+00:00\",\"dateModified\":\"2024-10-30T11:18:14+00:00\",\"description\":\"Um die Pr\u00fcfung von Leiterplatten zu automatisieren, entwickelte WiredWorkers ein automatisiertes Pr\u00fcfkabinett mit einem Cobot von Techman Robot.\",\"breadcrumb\":{\"@id\":\"https:\\\/\\\/www.wiredworkers.io\\\/de\\\/erfolgsgeschichte\\\/hf-electronics\\\/#breadcrumb\"},\"inLanguage\":\"de\",\"potentialAction\":[{\"@type\":\"ReadAction\",\"target\":[\"https:\\\/\\\/www.wiredworkers.io\\\/de\\\/erfolgsgeschichte\\\/hf-electronics\\\/\"]}]},{\"@type\":\"ImageObject\",\"inLanguage\":\"de\",\"@id\":\"https:\\\/\\\/www.wiredworkers.io\\\/de\\\/erfolgsgeschichte\\\/hf-electronics\\\/#primaryimage\",\"url\":\"https:\\\/\\\/www.wiredworkers.io\\\/wp-content\\\/uploads\\\/2024\\\/01\\\/Business-Case-HF-image.png\",\"contentUrl\":\"https:\\\/\\\/www.wiredworkers.io\\\/wp-content\\\/uploads\\\/2024\\\/01\\\/Business-Case-HF-image.png\",\"width\":1916,\"height\":1080},{\"@type\":\"BreadcrumbList\",\"@id\":\"https:\\\/\\\/www.wiredworkers.io\\\/de\\\/erfolgsgeschichte\\\/hf-electronics\\\/#breadcrumb\",\"itemListElement\":[{\"@type\":\"ListItem\",\"position\":1,\"name\":\"WiredWorkers\",\"item\":\"https:\\\/\\\/www.wiredworkers.io\\\/de\\\/\"},{\"@type\":\"ListItem\",\"position\":2,\"name\":\"Erfolgsgeschichte\",\"item\":\"https:\\\/\\\/www.wiredworkers.io\\\/de\\\/business-cases\\\/\"},{\"@type\":\"ListItem\",\"position\":3,\"name\":\"Erfolgsgeschichte | H&#038;F Electronics\"}]},{\"@type\":\"WebSite\",\"@id\":\"https:\\\/\\\/www.wiredworkers.io\\\/de\\\/#website\",\"url\":\"https:\\\/\\\/www.wiredworkers.io\\\/de\\\/\",\"name\":\"WiredWorkers\",\"description\":\"Robotics at your service\",\"publisher\":{\"@id\":\"https:\\\/\\\/www.wiredworkers.io\\\/de\\\/#organization\"},\"potentialAction\":[{\"@type\":\"SearchAction\",\"target\":{\"@type\":\"EntryPoint\",\"urlTemplate\":\"https:\\\/\\\/www.wiredworkers.io\\\/de\\\/?s={search_term_string}\"},\"query-input\":{\"@type\":\"PropertyValueSpecification\",\"valueRequired\":true,\"valueName\":\"search_term_string\"}}],\"inLanguage\":\"de\"},{\"@type\":\"Organization\",\"@id\":\"https:\\\/\\\/www.wiredworkers.io\\\/de\\\/#organization\",\"name\":\"WiredWorkers Nederland B.V.\",\"url\":\"https:\\\/\\\/www.wiredworkers.io\\\/de\\\/\",\"logo\":{\"@type\":\"ImageObject\",\"inLanguage\":\"de\",\"@id\":\"https:\\\/\\\/www.wiredworkers.io\\\/de\\\/#\\\/schema\\\/logo\\\/image\\\/\",\"url\":\"https:\\\/\\\/www.wiredworkers.io\\\/wp-content\\\/uploads\\\/2018\\\/06\\\/wiredworkers-company-logo.jpg\",\"contentUrl\":\"https:\\\/\\\/www.wiredworkers.io\\\/wp-content\\\/uploads\\\/2018\\\/06\\\/wiredworkers-company-logo.jpg\",\"width\":1082,\"height\":714,\"caption\":\"WiredWorkers Nederland B.V.\"},\"image\":{\"@id\":\"https:\\\/\\\/www.wiredworkers.io\\\/de\\\/#\\\/schema\\\/logo\\\/image\\\/\"},\"sameAs\":[\"https:\\\/\\\/www.facebook.com\\\/WiredWorkers\",\"https:\\\/\\\/www.linkedin.com\\\/company\\\/wiredworkers\\\/\"]}]}<\/script>\n<!-- \/ Yoast SEO plugin. -->","yoast_head_json":{"title":"Erfolgsgeschichte | H&F Electronics | WiredWorkers","description":"Um die Pr\u00fcfung von Leiterplatten zu automatisieren, entwickelte WiredWorkers ein automatisiertes Pr\u00fcfkabinett mit einem Cobot von Techman Robot.","robots":{"index":"index","follow":"follow","max-snippet":"max-snippet:-1","max-image-preview":"max-image-preview:large","max-video-preview":"max-video-preview:-1"},"canonical":"https:\/\/www.wiredworkers.io\/de\/erfolgsgeschichte\/hf-electronics\/","og_locale":"de_DE","og_type":"article","og_title":"Erfolgsgeschichte | H&F Electronics | WiredWorkers","og_description":"Um die Pr\u00fcfung von Leiterplatten zu automatisieren, entwickelte WiredWorkers ein automatisiertes Pr\u00fcfkabinett mit einem Cobot von Techman Robot.","og_url":"https:\/\/www.wiredworkers.io\/de\/erfolgsgeschichte\/hf-electronics\/","og_site_name":"WiredWorkers","article_publisher":"https:\/\/www.facebook.com\/WiredWorkers","article_modified_time":"2024-10-30T11:18:14+00:00","og_image":[{"width":1024,"height":577,"url":"https:\/\/www.wiredworkers.io\/wp-content\/uploads\/2024\/01\/Business-Case-HF-image-1024x577.png","type":"image\/png"}],"twitter_card":"summary_large_image","twitter_misc":{"Gesch\u00e4tzte Lesezeit":"4\u00a0Minuten"},"schema":{"@context":"https:\/\/schema.org","@graph":[{"@type":"WebPage","@id":"https:\/\/www.wiredworkers.io\/de\/erfolgsgeschichte\/hf-electronics\/","url":"https:\/\/www.wiredworkers.io\/de\/erfolgsgeschichte\/hf-electronics\/","name":"Erfolgsgeschichte | H&F Electronics | WiredWorkers","isPartOf":{"@id":"https:\/\/www.wiredworkers.io\/de\/#website"},"primaryImageOfPage":{"@id":"https:\/\/www.wiredworkers.io\/de\/erfolgsgeschichte\/hf-electronics\/#primaryimage"},"image":{"@id":"https:\/\/www.wiredworkers.io\/de\/erfolgsgeschichte\/hf-electronics\/#primaryimage"},"thumbnailUrl":"https:\/\/www.wiredworkers.io\/wp-content\/uploads\/2024\/01\/Business-Case-HF-image.png","datePublished":"2024-01-26T12:22:36+00:00","dateModified":"2024-10-30T11:18:14+00:00","description":"Um die Pr\u00fcfung von Leiterplatten zu automatisieren, entwickelte WiredWorkers ein automatisiertes Pr\u00fcfkabinett mit einem Cobot von Techman Robot.","breadcrumb":{"@id":"https:\/\/www.wiredworkers.io\/de\/erfolgsgeschichte\/hf-electronics\/#breadcrumb"},"inLanguage":"de","potentialAction":[{"@type":"ReadAction","target":["https:\/\/www.wiredworkers.io\/de\/erfolgsgeschichte\/hf-electronics\/"]}]},{"@type":"ImageObject","inLanguage":"de","@id":"https:\/\/www.wiredworkers.io\/de\/erfolgsgeschichte\/hf-electronics\/#primaryimage","url":"https:\/\/www.wiredworkers.io\/wp-content\/uploads\/2024\/01\/Business-Case-HF-image.png","contentUrl":"https:\/\/www.wiredworkers.io\/wp-content\/uploads\/2024\/01\/Business-Case-HF-image.png","width":1916,"height":1080},{"@type":"BreadcrumbList","@id":"https:\/\/www.wiredworkers.io\/de\/erfolgsgeschichte\/hf-electronics\/#breadcrumb","itemListElement":[{"@type":"ListItem","position":1,"name":"WiredWorkers","item":"https:\/\/www.wiredworkers.io\/de\/"},{"@type":"ListItem","position":2,"name":"Erfolgsgeschichte","item":"https:\/\/www.wiredworkers.io\/de\/business-cases\/"},{"@type":"ListItem","position":3,"name":"Erfolgsgeschichte | H&#038;F Electronics"}]},{"@type":"WebSite","@id":"https:\/\/www.wiredworkers.io\/de\/#website","url":"https:\/\/www.wiredworkers.io\/de\/","name":"WiredWorkers","description":"Robotics at your service","publisher":{"@id":"https:\/\/www.wiredworkers.io\/de\/#organization"},"potentialAction":[{"@type":"SearchAction","target":{"@type":"EntryPoint","urlTemplate":"https:\/\/www.wiredworkers.io\/de\/?s={search_term_string}"},"query-input":{"@type":"PropertyValueSpecification","valueRequired":true,"valueName":"search_term_string"}}],"inLanguage":"de"},{"@type":"Organization","@id":"https:\/\/www.wiredworkers.io\/de\/#organization","name":"WiredWorkers Nederland B.V.","url":"https:\/\/www.wiredworkers.io\/de\/","logo":{"@type":"ImageObject","inLanguage":"de","@id":"https:\/\/www.wiredworkers.io\/de\/#\/schema\/logo\/image\/","url":"https:\/\/www.wiredworkers.io\/wp-content\/uploads\/2018\/06\/wiredworkers-company-logo.jpg","contentUrl":"https:\/\/www.wiredworkers.io\/wp-content\/uploads\/2018\/06\/wiredworkers-company-logo.jpg","width":1082,"height":714,"caption":"WiredWorkers Nederland B.V."},"image":{"@id":"https:\/\/www.wiredworkers.io\/de\/#\/schema\/logo\/image\/"},"sameAs":["https:\/\/www.facebook.com\/WiredWorkers","https:\/\/www.linkedin.com\/company\/wiredworkers\/"]}]}},"_links":{"self":[{"href":"https:\/\/www.wiredworkers.io\/de\/wp-json\/wp\/v2\/pages\/23170","targetHints":{"allow":["GET"]}}],"collection":[{"href":"https:\/\/www.wiredworkers.io\/de\/wp-json\/wp\/v2\/pages"}],"about":[{"href":"https:\/\/www.wiredworkers.io\/de\/wp-json\/wp\/v2\/types\/page"}],"author":[{"embeddable":true,"href":"https:\/\/www.wiredworkers.io\/de\/wp-json\/wp\/v2\/users\/3"}],"replies":[{"embeddable":true,"href":"https:\/\/www.wiredworkers.io\/de\/wp-json\/wp\/v2\/comments?post=23170"}],"version-history":[{"count":3,"href":"https:\/\/www.wiredworkers.io\/de\/wp-json\/wp\/v2\/pages\/23170\/revisions"}],"predecessor-version":[{"id":24303,"href":"https:\/\/www.wiredworkers.io\/de\/wp-json\/wp\/v2\/pages\/23170\/revisions\/24303"}],"up":[{"embeddable":true,"href":"https:\/\/www.wiredworkers.io\/de\/wp-json\/wp\/v2\/pages\/21600"}],"wp:featuredmedia":[{"embeddable":true,"href":"https:\/\/www.wiredworkers.io\/de\/wp-json\/wp\/v2\/media\/23166"}],"wp:attachment":[{"href":"https:\/\/www.wiredworkers.io\/de\/wp-json\/wp\/v2\/media?parent=23170"}],"wp:term":[{"taxonomy":"category","embeddable":true,"href":"https:\/\/www.wiredworkers.io\/de\/wp-json\/wp\/v2\/categories?post=23170"},{"taxonomy":"post_tag","embeddable":true,"href":"https:\/\/www.wiredworkers.io\/de\/wp-json\/wp\/v2\/tags?post=23170"}],"curies":[{"name":"wp","href":"https:\/\/api.w.org\/{rel}","templated":true}]}}