{"id":23763,"date":"2024-07-22T09:23:37","date_gmt":"2024-07-22T07:23:37","guid":{"rendered":"https:\/\/wiredworkers.io\/?page_id=23763"},"modified":"2024-10-30T13:16:18","modified_gmt":"2024-10-30T11:16:18","slug":"elise-meubelen","status":"publish","type":"page","link":"https:\/\/www.wiredworkers.io\/de\/erfolgsgeschichte\/elise-meubelen\/","title":{"rendered":"Erfolgsgeschichte | Elise Meubelen"},"content":{"rendered":"\n<h1>\n\t\tErfolgsgeschichte | Elise Meubelen\n\t<\/h1>\n\t<p>Elise Meubelen mit Sitz in Winterswijk verf\u00fcgt \u00fcber mehr als 40 Jahre Erfahrung im Entwerfen, Herstellen und Installieren hochwertiger B\u00e4der, K\u00fcchen und Schr\u00e4nke. Das Familienunternehmen bedient ein breites Spektrum von Kunden, von Privatpersonen bis hin zu Bautr\u00e4gern, mit einzigartigen und zeitgem\u00e4\u00dfen Inneneinrichtungen, die ihren Bed\u00fcrfnissen entsprechen. Das erfahrene Team arbeitet eng mit den Kunden zusammen, um ihre W\u00fcnsche zu verwirklichen, und bietet sowohl Standardmodelle als auch individuelle Optionen an. F\u00fcr das automatisierte Schleifen von Sp\u00fclen haben wir eine Schleifanlage mit einem Cobot von Techman Robot entworfen und entwickelt.<\/p>\n<h2>\n\t\tAutomatisches Schleifen\n\t<\/h2>\n\t<p>Um den Kunden qualitativ hochwertige M\u00f6bel zu liefern, ist bei Elise eine Menge Schleifarbeit zu leisten. Das Schleifen von Waschbecken beispielsweise erfordert etwa 2,5 Stunden Schleifarbeit pro Quadratmeter Oberfl\u00e4che. Dar\u00fcber hinaus werden die Oberfl\u00e4chen in 5 verschiedenen Schritten mit unterschiedlichen K\u00f6rnungen geschliffen. Dies ist eine langweilige, schwere, sich wiederholende Aufgabe f\u00fcr die Produktionsarbeiter.<\/p>\n<p>Eine Herausforderung bei diesem Projekt war, dass die Produkte kundenspezifisch und daher einzigartig sind. Daher muss der Cobot in der Lage sein, eine Vielzahl von M\u00f6beln zu schleifen, ohne jedes Mal ein neues Softwareprogramm schreiben oder den Cobot neu erlernen zu m\u00fcssen.<\/p>\n\t\t\t\t<img decoding=\"async\" data-src=\"https:\/\/www.wiredworkers.io\/wp-content\/uploads\/2024\/07\/Pand-ELISE-scaled.jpg\" alt=\"Pand ELISE\" itemprop=\"image\" height=\"1440\" width=\"2560\" title=\"Pand ELISE\" onerror=\"this.style.display='none'\" src=\"data:image\/svg+xml;base64,PHN2ZyB3aWR0aD0iMSIgaGVpZ2h0PSIxIiB4bWxucz0iaHR0cDovL3d3dy53My5vcmcvMjAwMC9zdmciPjwvc3ZnPg==\" class=\"lazyload\" style=\"--smush-placeholder-width: 2560px; --smush-placeholder-aspect-ratio: 2560\/1440;\" \/>\n<h2>\n\t\tEin automatisierter Schleifprozess ohne schwierige Programmierung.\n\t<\/h2>\n\t<p>Wir haben schlie\u00dflich eine Schleifvorrichtung mit einer benutzerfreundlichen Schnittstelle entwickelt, die es den Bedienern erm\u00f6glicht, verschiedene Arten von Arbeitsplatten mit Waschbecken zu schleifen. Die maximalen Abmessungen der Platten betragen 120 mal 410 Zentimeter und k\u00f6nnen oben und an den Seiten geschliffen werden. Dar\u00fcber hinaus k\u00f6nnen die Platten auch Sp\u00fclbecken enthalten, die in den Schleifprozess einbezogen werden. Der Bediener gibt die Position der Sp\u00fcle auf der Schnittstelle an, woraufhin der Roboter selbst den Weg bestimmt und den gesamten Schleifprozess durchf\u00fchrt. Es ist auch m\u00f6glich, auf der Schnittstelle anzugeben, dass ein Teil nicht geschliffen werden muss, z. B. weil sich dort eine Aussparung f\u00fcr ein Kochfeld befindet. Die Platten werden mit 5 verschiedenen K\u00f6rnungen geschliffen, die der Roboter selbst in einem Schleifkissenwechsler wechselt. Sehen Sie sich das Video des Prozesses unten an.<\/p>\n\t<iframe title=\"Geautomatiseerd meubelen schuren met Techman Robot\" width=\"500\" height=\"281\" data-src=\"https:\/\/www.youtube.com\/embed\/Zr0JFGV08Pc?feature=oembed\" frameborder=\"0\" allow=\"accelerometer; autoplay; clipboard-write; encrypted-media; gyroscope; picture-in-picture; web-share\" referrerpolicy=\"strict-origin-when-cross-origin\" allowfullscreen src=\"data:image\/svg+xml;base64,PHN2ZyB3aWR0aD0iMSIgaGVpZ2h0PSIxIiB4bWxucz0iaHR0cDovL3d3dy53My5vcmcvMjAwMC9zdmciPjwvc3ZnPg==\" class=\"lazyload\" data-load-mode=\"1\"><\/iframe>\n<h2>\n\t\tH\u00f6here Qualit\u00e4t und Mitarbeiterzufriedenheit\n\t<\/h2>\n\t<p>Bei Elise Bathroom Furniture hat sich unsere Schleifanlage sowohl auf die Mitarbeiter als auch auf die Produktionsprozesse sehr positiv ausgewirkt. Der Einsatz der Schleifanlage entlastet die Arbeiter von den schweren und sich wiederholenden Schleifarbeiten. Dies verringert nicht nur das Risiko von Verletzungen wie RSI (Repetitive Strain Injury) oder Wei\u00dffingersyndrom, sondern erh\u00f6ht auch das Wohlbefinden und die Zufriedenheit am Arbeitsplatz. Dar\u00fcber hinaus m\u00fcssen die Mitarbeiter nicht mehr in einer staubigen Umgebung arbeiten, die das t\u00e4gliche Einatmen erschwert.<\/p>\n<p>Auch die gleichm\u00e4\u00dfige Ausf\u00fchrung von Schleifarbeiten durch den Cobot hat zu einer besseren Qualit\u00e4t des Endprodukts gef\u00fchrt. Der Roboter sorgt f\u00fcr einen gleichm\u00e4\u00dfigen Druck und eine gleichm\u00e4\u00dfige Bewegung, was zu einer gleichm\u00e4\u00dfigen und hochwertigen Oberfl\u00e4che der M\u00f6bel f\u00fchrt. Infolgedessen k\u00f6nnen sich die Mitarbeiter nun auf komplexere und wertvollere Aufgaben wie die Qualit\u00e4tskontrolle konzentrieren.<\/p>\n\t\t\t\t<img decoding=\"async\" data-src=\"https:\/\/www.wiredworkers.io\/wp-content\/uploads\/2024\/07\/WiredWorkers-Elise-Schuur-opstelling-3-scaled.jpg\" alt=\"WiredWorkers Elise Schuur opstelling 3\" itemprop=\"image\" height=\"1440\" width=\"2560\" title=\"WiredWorkers Elise Schuur opstelling 3\" onerror=\"this.style.display='none'\" src=\"data:image\/svg+xml;base64,PHN2ZyB3aWR0aD0iMSIgaGVpZ2h0PSIxIiB4bWxucz0iaHR0cDovL3d3dy53My5vcmcvMjAwMC9zdmciPjwvc3ZnPg==\" class=\"lazyload\" style=\"--smush-placeholder-width: 2560px; --smush-placeholder-aspect-ratio: 2560\/1440;\" \/>\n<h3>\n\t\tFinden Sie heraus, wie wir Ihre Produktion verbessern k\u00f6nnen\n\t<\/h3>\n\t<p>Buchen Sie eine kostenlose Online-Beratung mit unserem Automatisierungsspezialisten!<\/p>\n\t\t\t<a href=\"https:\/\/www.wiredworkers.io\/de\/kostenlose-cobot-beratung\/\" target=\"_self\" rel=\"noopener\">\n\t\t\t\t\t\t\tVideokonferenz vereinbaren\n\t\t\t<\/a>\n\t<h6>V\u00f6llig kostenlos und unverbindlich!<\/h6>\n<h2>\n\t\tDas k\u00f6nnte Ihnen auch gefallen&#8230;\n\t<\/h2>\n\t<meta itemscope itemprop=\"mainEntityOfPage\" itemtype=\"https:\/\/schema.org\/WebPage\" itemid=\"http:\/\/21606\" content=\"Erfolgsgeschichte | Schwei\u00dfen Cobot\" \/><meta itemprop=\"datePublished\" content=\"2023-05-15\" \/><meta itemprop=\"dateModified\" content=\"2024-04-24\" \/><meta itemprop=\"name\" content=\"WiredWorkers\"\/><meta itemprop=\"url\" content=\"https:\/\/www.wiredworkers.io\/wp-content\/uploads\/2018\/01\/cropped-wiredworkers-logo-white.png\"\/><meta itemprop=\"url\" content=\"https:\/\/www.wiredworkers.io\/de\/author\/robbinmennings\/\" \/><meta itemprop=\"name\" content=\"Robbin Mennings\" \/><meta itemprop=\"url\" content=\"https:\/\/www.wiredworkers.io\/wp-content\/uploads\/2021\/12\/Lasrobot-Signify.jpg\" \/><meta itemprop=\"width\" content=\"1080\" \/><meta itemprop=\"height\" content=\"1080\" \/><meta itemprop=\"interactionType\" content=\"https:\/\/schema.org\/CommentAction\" \/><meta itemprop=\"userInteractionCount\" content=\"0\" \/>\n\t\t\t\t\t<a href=\"https:\/\/www.wiredworkers.io\/de\/erfolgsgeschichte-welding-cobot\/\" title=\"Erfolgsgeschichte | Schwei\u00dfen Cobot\"><\/a>\n\t\t\t\t<img decoding=\"async\" src=\"https:\/\/www.wiredworkers.io\/wp-content\/uploads\/2021\/12\/Lasrobot-Signify-350x250.jpg\" alt=\"Lasrobot Signify\" itemprop=\"image\" data-no-lazy=\"1\" height=\"250\" width=\"350\" title=\"Lasrobot Signify\" onerror=\"this.style.display='none'\"  \/>\n\t\t\t\t\t\t\t\t\t<h4 itemprop=\"headline\">\n\t\t\t\t\t\t\t\t\t\t\t\t\t\tErfolgsgeschichte | Schwei\u00dfen Cobot\t\t\t\t\t\t\t\t\t\t\t<\/h4>\n\t<meta itemscope itemprop=\"mainEntityOfPage\" itemtype=\"https:\/\/schema.org\/WebPage\" itemid=\"http:\/\/22269\" content=\"Erfolgsgeschichte | Global Electronics\" \/><meta itemprop=\"datePublished\" content=\"2024-01-10\" \/><meta itemprop=\"dateModified\" content=\"2024-04-24\" \/><meta itemprop=\"name\" content=\"WiredWorkers\"\/><meta itemprop=\"url\" content=\"https:\/\/www.wiredworkers.io\/wp-content\/uploads\/2018\/01\/cropped-wiredworkers-logo-white.png\"\/><meta itemprop=\"url\" content=\"https:\/\/www.wiredworkers.io\/de\/author\/robbinmennings\/\" \/><meta itemprop=\"name\" content=\"Robbin Mennings\" \/><meta itemprop=\"url\" content=\"https:\/\/www.wiredworkers.io\/wp-content\/uploads\/2023\/08\/Business-case-Global-header.png\" \/><meta itemprop=\"width\" content=\"1918\" \/><meta itemprop=\"height\" content=\"947\" \/><meta itemprop=\"interactionType\" content=\"https:\/\/schema.org\/CommentAction\" \/><meta itemprop=\"userInteractionCount\" content=\"0\" \/>\n\t\t\t\t\t<a href=\"https:\/\/www.wiredworkers.io\/de\/erfolgsgeschichte-global-electronics\/\" title=\"Erfolgsgeschichte | Global Electronics\"><\/a>\n\t\t\t\t<img decoding=\"async\" src=\"https:\/\/www.wiredworkers.io\/wp-content\/uploads\/2023\/08\/Business-case-Global-header-350x250.png\" alt=\"Business case Global header\" itemprop=\"image\" data-no-lazy=\"1\" height=\"250\" width=\"350\" title=\"Business case Global header\" onerror=\"this.style.display='none'\"  \/>\n\t\t\t\t\t\t\t\t\t<h4 itemprop=\"headline\">\n\t\t\t\t\t\t\t\t\t\t\t\t\t\tErfolgsgeschichte | Global Electronics\t\t\t\t\t\t\t\t\t\t\t<\/h4>\n\t<meta itemscope itemprop=\"mainEntityOfPage\" itemtype=\"https:\/\/schema.org\/WebPage\" itemid=\"http:\/\/21601\" content=\"Erfolgsgeschichte | Signify\" \/><meta itemprop=\"datePublished\" content=\"2023-05-15\" \/><meta itemprop=\"dateModified\" content=\"2024-04-24\" \/><meta itemprop=\"name\" content=\"WiredWorkers\"\/><meta itemprop=\"url\" content=\"https:\/\/www.wiredworkers.io\/wp-content\/uploads\/2018\/01\/cropped-wiredworkers-logo-white.png\"\/><meta itemprop=\"url\" content=\"https:\/\/www.wiredworkers.io\/de\/author\/robbinmennings\/\" \/><meta itemprop=\"name\" content=\"Robbin Mennings\" \/><meta itemprop=\"url\" content=\"https:\/\/www.wiredworkers.io\/wp-content\/uploads\/2021\/10\/20200810-Render-Project-Light-Engine.png\" \/><meta itemprop=\"width\" content=\"1606\" \/><meta itemprop=\"height\" content=\"850\" \/><meta itemprop=\"interactionType\" content=\"https:\/\/schema.org\/CommentAction\" \/><meta itemprop=\"userInteractionCount\" content=\"0\" \/>\n\t\t\t\t\t<a href=\"https:\/\/www.wiredworkers.io\/de\/erfolgsgeschichte-signify\/\" title=\"Erfolgsgeschichte | Signify\"><\/a>\n\t\t\t\t<img decoding=\"async\" src=\"https:\/\/www.wiredworkers.io\/wp-content\/uploads\/2021\/10\/20200810-Render-Project-Light-Engine-350x250.png\" alt=\"industriele machinebouw | industrial mechanical engineering\" itemprop=\"image\" data-no-lazy=\"1\" height=\"250\" width=\"350\" title=\"20200810 Render Project Light Engine\" onerror=\"this.style.display='none'\"  \/>\n\t\t\t\t\t\t\t\t\t<h4 itemprop=\"headline\">\n\t\t\t\t\t\t\t\t\t\t\t\t\t\tErfolgsgeschichte | Signify\t\t\t\t\t\t\t\t\t\t\t<\/h4>\n\t\t\t\t<ul class='page-numbers'>\n\t<li>1<\/li>\n\t<li><a href=\"https:\/\/www.wiredworkers.io\/de\/page\/2\/?page_id=23763&#038;fl_builder\">2<\/a><\/li>\n\t<li><a href=\"https:\/\/www.wiredworkers.io\/de\/page\/3\/?page_id=23763&#038;fl_builder\">3<\/a><\/li>\n\t<li><a href=\"https:\/\/www.wiredworkers.io\/de\/page\/4\/?page_id=23763&#038;fl_builder\">4<\/a><\/li>\n\t<li><a href=\"https:\/\/www.wiredworkers.io\/de\/page\/2\/?page_id=23763&#038;fl_builder\">Weiter &raquo;<\/a><\/li>\n<\/ul>\n\t\t<!-- .pp-content-posts -->\n\n","protected":false},"excerpt":{"rendered":"<p>Erfolgsgeschichte | Elise Meubelen Elise Meubelen mit Sitz in Winterswijk verf\u00fcgt \u00fcber mehr als 40 Jahre Erfahrung im Entwerfen, Herstellen und Installieren hochwertiger B\u00e4der, K\u00fcchen und Schr\u00e4nke. Das Familienunternehmen bedient ein breites Spektrum von Kunden, von Privatpersonen bis hin zu Bautr\u00e4gern, mit einzigartigen und zeitgem\u00e4\u00dfen Inneneinrichtungen, die ihren Bed\u00fcrfnissen entsprechen. Das erfahrene Team arbeitet eng [&hellip;]<\/p>\n","protected":false},"author":3,"featured_media":23794,"parent":21600,"menu_order":0,"comment_status":"closed","ping_status":"closed","template":"","meta":{"_acf_changed":false,"site-sidebar-layout":"no-sidebar","site-content-layout":"page-builder","ast-site-content-layout":"full-width-container","site-content-style":"unboxed","site-sidebar-style":"unboxed","ast-global-header-display":"","ast-banner-title-visibility":"","ast-main-header-display":"","ast-hfb-above-header-display":"","ast-hfb-below-header-display":"","ast-hfb-mobile-header-display":"","site-post-title":"disabled","ast-breadcrumbs-content":"","ast-featured-img":"disabled","footer-sml-layout":"","ast-disable-related-posts":"","theme-transparent-header-meta":"default","adv-header-id-meta":"","stick-header-meta":"default","header-above-stick-meta":"","header-main-stick-meta":"","header-below-stick-meta":"","astra-migrate-meta-layouts":"set","ast-page-background-enabled":"default","ast-page-background-meta":{"desktop":{"background-color":"","background-image":"","background-repeat":"repeat","background-position":"center center","background-size":"auto","background-attachment":"scroll","background-type":"","background-media":"","overlay-type":"","overlay-color":"","overlay-opacity":"","overlay-gradient":""},"tablet":{"background-color":"","background-image":"","background-repeat":"repeat","background-position":"center center","background-size":"auto","background-attachment":"scroll","background-type":"","background-media":"","overlay-type":"","overlay-color":"","overlay-opacity":"","overlay-gradient":""},"mobile":{"background-color":"","background-image":"","background-repeat":"repeat","background-position":"center center","background-size":"auto","background-attachment":"scroll","background-type":"","background-media":"","overlay-type":"","overlay-color":"","overlay-opacity":"","overlay-gradient":""}},"ast-content-background-meta":{"desktop":{"background-color":"var(--ast-global-color-5)","background-image":"","background-repeat":"repeat","background-position":"center center","background-size":"auto","background-attachment":"scroll","background-type":"","background-media":"","overlay-type":"","overlay-color":"","overlay-opacity":"","overlay-gradient":""},"tablet":{"background-color":"var(--ast-global-color-5)","background-image":"","background-repeat":"repeat","background-position":"center center","background-size":"auto","background-attachment":"scroll","background-type":"","background-media":"","overlay-type":"","overlay-color":"","overlay-opacity":"","overlay-gradient":""},"mobile":{"background-color":"var(--ast-global-color-5)","background-image":"","background-repeat":"repeat","background-position":"center center","background-size":"auto","background-attachment":"scroll","background-type":"","background-media":"","overlay-type":"","overlay-color":"","overlay-opacity":"","overlay-gradient":""}},"footnotes":""},"categories":[559],"tags":[],"class_list":["post-23763","page","type-page","status-publish","has-post-thumbnail","hentry","category-erfolgsgeschichtes"],"acf":[],"yoast_head":"<!-- This site is optimized with the Yoast SEO plugin v27.5 - https:\/\/yoast.com\/product\/yoast-seo-wordpress\/ -->\n<title>Erfolgsgeschichte | Elise Furniture | WiredWorkers<\/title>\n<meta name=\"description\" content=\"Um das Schleifen von Waschbecken zu automatisieren, hat WiredWorkers einen automatischen Schleifroboter von Techman Robot entwickelt. Sehen Sie sich unsere Erfolgsgeschichte an!\" \/>\n<meta name=\"robots\" content=\"index, follow, max-snippet:-1, max-image-preview:large, max-video-preview:-1\" \/>\n<link rel=\"canonical\" href=\"https:\/\/www.wiredworkers.io\/de\/erfolgsgeschichte\/elise-meubelen\/\" \/>\n<meta property=\"og:locale\" content=\"de_DE\" \/>\n<meta property=\"og:type\" content=\"article\" \/>\n<meta property=\"og:title\" content=\"Erfolgsgeschichte | Elise Furniture | WiredWorkers\" \/>\n<meta property=\"og:description\" content=\"Um das Schleifen von Waschbecken zu automatisieren, hat WiredWorkers einen automatischen Schleifroboter von Techman Robot entwickelt. Sehen Sie sich unsere Erfolgsgeschichte an!\" \/>\n<meta property=\"og:url\" content=\"https:\/\/www.wiredworkers.io\/de\/erfolgsgeschichte\/elise-meubelen\/\" \/>\n<meta property=\"og:site_name\" content=\"WiredWorkers\" \/>\n<meta property=\"article:publisher\" content=\"https:\/\/www.facebook.com\/WiredWorkers\" \/>\n<meta property=\"article:modified_time\" content=\"2024-10-30T11:16:18+00:00\" \/>\n<meta property=\"og:image\" content=\"https:\/\/www.wiredworkers.io\/wp-content\/uploads\/2024\/07\/WiredWorkers-Elise-Schuur-opstelling-3-scaled.jpg\" \/>\n\t<meta property=\"og:image:width\" content=\"2560\" \/>\n\t<meta property=\"og:image:height\" content=\"1440\" \/>\n\t<meta property=\"og:image:type\" content=\"image\/jpeg\" \/>\n<meta name=\"twitter:card\" content=\"summary_large_image\" \/>\n<meta name=\"twitter:label1\" content=\"Gesch\u00e4tzte Lesezeit\" \/>\n\t<meta name=\"twitter:data1\" content=\"4\u00a0Minuten\" \/>\n<script type=\"application\/ld+json\" class=\"yoast-schema-graph\">{\"@context\":\"https:\\\/\\\/schema.org\",\"@graph\":[{\"@type\":\"WebPage\",\"@id\":\"https:\\\/\\\/www.wiredworkers.io\\\/de\\\/erfolgsgeschichte\\\/elise-meubelen\\\/\",\"url\":\"https:\\\/\\\/www.wiredworkers.io\\\/de\\\/erfolgsgeschichte\\\/elise-meubelen\\\/\",\"name\":\"Erfolgsgeschichte | Elise Furniture | WiredWorkers\",\"isPartOf\":{\"@id\":\"https:\\\/\\\/www.wiredworkers.io\\\/de\\\/#website\"},\"primaryImageOfPage\":{\"@id\":\"https:\\\/\\\/www.wiredworkers.io\\\/de\\\/erfolgsgeschichte\\\/elise-meubelen\\\/#primaryimage\"},\"image\":{\"@id\":\"https:\\\/\\\/www.wiredworkers.io\\\/de\\\/erfolgsgeschichte\\\/elise-meubelen\\\/#primaryimage\"},\"thumbnailUrl\":\"https:\\\/\\\/www.wiredworkers.io\\\/wp-content\\\/uploads\\\/2024\\\/07\\\/WiredWorkers-Elise-Schuur-opstelling-3-scaled.jpg\",\"datePublished\":\"2024-07-22T07:23:37+00:00\",\"dateModified\":\"2024-10-30T11:16:18+00:00\",\"description\":\"Um das Schleifen von Waschbecken zu automatisieren, hat WiredWorkers einen automatischen Schleifroboter von Techman Robot entwickelt. Sehen Sie sich unsere Erfolgsgeschichte an!\",\"breadcrumb\":{\"@id\":\"https:\\\/\\\/www.wiredworkers.io\\\/de\\\/erfolgsgeschichte\\\/elise-meubelen\\\/#breadcrumb\"},\"inLanguage\":\"de\",\"potentialAction\":[{\"@type\":\"ReadAction\",\"target\":[\"https:\\\/\\\/www.wiredworkers.io\\\/de\\\/erfolgsgeschichte\\\/elise-meubelen\\\/\"]}]},{\"@type\":\"ImageObject\",\"inLanguage\":\"de\",\"@id\":\"https:\\\/\\\/www.wiredworkers.io\\\/de\\\/erfolgsgeschichte\\\/elise-meubelen\\\/#primaryimage\",\"url\":\"https:\\\/\\\/www.wiredworkers.io\\\/wp-content\\\/uploads\\\/2024\\\/07\\\/WiredWorkers-Elise-Schuur-opstelling-3-scaled.jpg\",\"contentUrl\":\"https:\\\/\\\/www.wiredworkers.io\\\/wp-content\\\/uploads\\\/2024\\\/07\\\/WiredWorkers-Elise-Schuur-opstelling-3-scaled.jpg\",\"width\":2560,\"height\":1440},{\"@type\":\"BreadcrumbList\",\"@id\":\"https:\\\/\\\/www.wiredworkers.io\\\/de\\\/erfolgsgeschichte\\\/elise-meubelen\\\/#breadcrumb\",\"itemListElement\":[{\"@type\":\"ListItem\",\"position\":1,\"name\":\"WiredWorkers\",\"item\":\"https:\\\/\\\/www.wiredworkers.io\\\/de\\\/\"},{\"@type\":\"ListItem\",\"position\":2,\"name\":\"Erfolgsgeschichte\",\"item\":\"https:\\\/\\\/www.wiredworkers.io\\\/de\\\/business-cases\\\/\"},{\"@type\":\"ListItem\",\"position\":3,\"name\":\"Erfolgsgeschichte | Elise Meubelen\"}]},{\"@type\":\"WebSite\",\"@id\":\"https:\\\/\\\/www.wiredworkers.io\\\/de\\\/#website\",\"url\":\"https:\\\/\\\/www.wiredworkers.io\\\/de\\\/\",\"name\":\"WiredWorkers\",\"description\":\"Robotics at your service\",\"publisher\":{\"@id\":\"https:\\\/\\\/www.wiredworkers.io\\\/de\\\/#organization\"},\"potentialAction\":[{\"@type\":\"SearchAction\",\"target\":{\"@type\":\"EntryPoint\",\"urlTemplate\":\"https:\\\/\\\/www.wiredworkers.io\\\/de\\\/?s={search_term_string}\"},\"query-input\":{\"@type\":\"PropertyValueSpecification\",\"valueRequired\":true,\"valueName\":\"search_term_string\"}}],\"inLanguage\":\"de\"},{\"@type\":\"Organization\",\"@id\":\"https:\\\/\\\/www.wiredworkers.io\\\/de\\\/#organization\",\"name\":\"WiredWorkers Nederland B.V.\",\"url\":\"https:\\\/\\\/www.wiredworkers.io\\\/de\\\/\",\"logo\":{\"@type\":\"ImageObject\",\"inLanguage\":\"de\",\"@id\":\"https:\\\/\\\/www.wiredworkers.io\\\/de\\\/#\\\/schema\\\/logo\\\/image\\\/\",\"url\":\"https:\\\/\\\/www.wiredworkers.io\\\/wp-content\\\/uploads\\\/2018\\\/06\\\/wiredworkers-company-logo.jpg\",\"contentUrl\":\"https:\\\/\\\/www.wiredworkers.io\\\/wp-content\\\/uploads\\\/2018\\\/06\\\/wiredworkers-company-logo.jpg\",\"width\":1082,\"height\":714,\"caption\":\"WiredWorkers Nederland B.V.\"},\"image\":{\"@id\":\"https:\\\/\\\/www.wiredworkers.io\\\/de\\\/#\\\/schema\\\/logo\\\/image\\\/\"},\"sameAs\":[\"https:\\\/\\\/www.facebook.com\\\/WiredWorkers\",\"https:\\\/\\\/www.linkedin.com\\\/company\\\/wiredworkers\\\/\"]}]}<\/script>\n<!-- \/ Yoast SEO plugin. -->","yoast_head_json":{"title":"Erfolgsgeschichte | Elise Furniture | WiredWorkers","description":"Um das Schleifen von Waschbecken zu automatisieren, hat WiredWorkers einen automatischen Schleifroboter von Techman Robot entwickelt. Sehen Sie sich unsere Erfolgsgeschichte an!","robots":{"index":"index","follow":"follow","max-snippet":"max-snippet:-1","max-image-preview":"max-image-preview:large","max-video-preview":"max-video-preview:-1"},"canonical":"https:\/\/www.wiredworkers.io\/de\/erfolgsgeschichte\/elise-meubelen\/","og_locale":"de_DE","og_type":"article","og_title":"Erfolgsgeschichte | Elise Furniture | WiredWorkers","og_description":"Um das Schleifen von Waschbecken zu automatisieren, hat WiredWorkers einen automatischen Schleifroboter von Techman Robot entwickelt. Sehen Sie sich unsere Erfolgsgeschichte an!","og_url":"https:\/\/www.wiredworkers.io\/de\/erfolgsgeschichte\/elise-meubelen\/","og_site_name":"WiredWorkers","article_publisher":"https:\/\/www.facebook.com\/WiredWorkers","article_modified_time":"2024-10-30T11:16:18+00:00","og_image":[{"width":2560,"height":1440,"url":"https:\/\/www.wiredworkers.io\/wp-content\/uploads\/2024\/07\/WiredWorkers-Elise-Schuur-opstelling-3-scaled.jpg","type":"image\/jpeg"}],"twitter_card":"summary_large_image","twitter_misc":{"Gesch\u00e4tzte Lesezeit":"4\u00a0Minuten"},"schema":{"@context":"https:\/\/schema.org","@graph":[{"@type":"WebPage","@id":"https:\/\/www.wiredworkers.io\/de\/erfolgsgeschichte\/elise-meubelen\/","url":"https:\/\/www.wiredworkers.io\/de\/erfolgsgeschichte\/elise-meubelen\/","name":"Erfolgsgeschichte | Elise Furniture | WiredWorkers","isPartOf":{"@id":"https:\/\/www.wiredworkers.io\/de\/#website"},"primaryImageOfPage":{"@id":"https:\/\/www.wiredworkers.io\/de\/erfolgsgeschichte\/elise-meubelen\/#primaryimage"},"image":{"@id":"https:\/\/www.wiredworkers.io\/de\/erfolgsgeschichte\/elise-meubelen\/#primaryimage"},"thumbnailUrl":"https:\/\/www.wiredworkers.io\/wp-content\/uploads\/2024\/07\/WiredWorkers-Elise-Schuur-opstelling-3-scaled.jpg","datePublished":"2024-07-22T07:23:37+00:00","dateModified":"2024-10-30T11:16:18+00:00","description":"Um das Schleifen von Waschbecken zu automatisieren, hat WiredWorkers einen automatischen Schleifroboter von Techman Robot entwickelt. Sehen Sie sich unsere Erfolgsgeschichte an!","breadcrumb":{"@id":"https:\/\/www.wiredworkers.io\/de\/erfolgsgeschichte\/elise-meubelen\/#breadcrumb"},"inLanguage":"de","potentialAction":[{"@type":"ReadAction","target":["https:\/\/www.wiredworkers.io\/de\/erfolgsgeschichte\/elise-meubelen\/"]}]},{"@type":"ImageObject","inLanguage":"de","@id":"https:\/\/www.wiredworkers.io\/de\/erfolgsgeschichte\/elise-meubelen\/#primaryimage","url":"https:\/\/www.wiredworkers.io\/wp-content\/uploads\/2024\/07\/WiredWorkers-Elise-Schuur-opstelling-3-scaled.jpg","contentUrl":"https:\/\/www.wiredworkers.io\/wp-content\/uploads\/2024\/07\/WiredWorkers-Elise-Schuur-opstelling-3-scaled.jpg","width":2560,"height":1440},{"@type":"BreadcrumbList","@id":"https:\/\/www.wiredworkers.io\/de\/erfolgsgeschichte\/elise-meubelen\/#breadcrumb","itemListElement":[{"@type":"ListItem","position":1,"name":"WiredWorkers","item":"https:\/\/www.wiredworkers.io\/de\/"},{"@type":"ListItem","position":2,"name":"Erfolgsgeschichte","item":"https:\/\/www.wiredworkers.io\/de\/business-cases\/"},{"@type":"ListItem","position":3,"name":"Erfolgsgeschichte | Elise Meubelen"}]},{"@type":"WebSite","@id":"https:\/\/www.wiredworkers.io\/de\/#website","url":"https:\/\/www.wiredworkers.io\/de\/","name":"WiredWorkers","description":"Robotics at your service","publisher":{"@id":"https:\/\/www.wiredworkers.io\/de\/#organization"},"potentialAction":[{"@type":"SearchAction","target":{"@type":"EntryPoint","urlTemplate":"https:\/\/www.wiredworkers.io\/de\/?s={search_term_string}"},"query-input":{"@type":"PropertyValueSpecification","valueRequired":true,"valueName":"search_term_string"}}],"inLanguage":"de"},{"@type":"Organization","@id":"https:\/\/www.wiredworkers.io\/de\/#organization","name":"WiredWorkers Nederland B.V.","url":"https:\/\/www.wiredworkers.io\/de\/","logo":{"@type":"ImageObject","inLanguage":"de","@id":"https:\/\/www.wiredworkers.io\/de\/#\/schema\/logo\/image\/","url":"https:\/\/www.wiredworkers.io\/wp-content\/uploads\/2018\/06\/wiredworkers-company-logo.jpg","contentUrl":"https:\/\/www.wiredworkers.io\/wp-content\/uploads\/2018\/06\/wiredworkers-company-logo.jpg","width":1082,"height":714,"caption":"WiredWorkers Nederland B.V."},"image":{"@id":"https:\/\/www.wiredworkers.io\/de\/#\/schema\/logo\/image\/"},"sameAs":["https:\/\/www.facebook.com\/WiredWorkers","https:\/\/www.linkedin.com\/company\/wiredworkers\/"]}]}},"_links":{"self":[{"href":"https:\/\/www.wiredworkers.io\/de\/wp-json\/wp\/v2\/pages\/23763","targetHints":{"allow":["GET"]}}],"collection":[{"href":"https:\/\/www.wiredworkers.io\/de\/wp-json\/wp\/v2\/pages"}],"about":[{"href":"https:\/\/www.wiredworkers.io\/de\/wp-json\/wp\/v2\/types\/page"}],"author":[{"embeddable":true,"href":"https:\/\/www.wiredworkers.io\/de\/wp-json\/wp\/v2\/users\/3"}],"replies":[{"embeddable":true,"href":"https:\/\/www.wiredworkers.io\/de\/wp-json\/wp\/v2\/comments?post=23763"}],"version-history":[{"count":6,"href":"https:\/\/www.wiredworkers.io\/de\/wp-json\/wp\/v2\/pages\/23763\/revisions"}],"predecessor-version":[{"id":23824,"href":"https:\/\/www.wiredworkers.io\/de\/wp-json\/wp\/v2\/pages\/23763\/revisions\/23824"}],"up":[{"embeddable":true,"href":"https:\/\/www.wiredworkers.io\/de\/wp-json\/wp\/v2\/pages\/21600"}],"wp:featuredmedia":[{"embeddable":true,"href":"https:\/\/www.wiredworkers.io\/de\/wp-json\/wp\/v2\/media\/23794"}],"wp:attachment":[{"href":"https:\/\/www.wiredworkers.io\/de\/wp-json\/wp\/v2\/media?parent=23763"}],"wp:term":[{"taxonomy":"category","embeddable":true,"href":"https:\/\/www.wiredworkers.io\/de\/wp-json\/wp\/v2\/categories?post=23763"},{"taxonomy":"post_tag","embeddable":true,"href":"https:\/\/www.wiredworkers.io\/de\/wp-json\/wp\/v2\/tags?post=23763"}],"curies":[{"name":"wp","href":"https:\/\/api.w.org\/{rel}","templated":true}]}}