{"id":7568,"date":"2020-01-02T09:45:50","date_gmt":"2020-01-02T07:45:50","guid":{"rendered":"https:\/\/wiredworkers.io\/ewellix-2\/"},"modified":"2023-08-31T11:55:44","modified_gmt":"2023-08-31T09:55:44","slug":"ewellix","status":"publish","type":"page","link":"https:\/\/www.wiredworkers.io\/nl\/cobot\/tools\/ewellix\/","title":{"rendered":"Ewellix"},"content":{"rendered":"\n\n\t<a href=\"https:\/\/www.wiredworkers.io\/nl\/\">WiredWorkers<\/a> \u279c <a href=\"https:\/\/www.wiredworkers.io\/nl\/cobot\/\">Cobot<\/a> \u279c <a href=\"https:\/\/www.wiredworkers.io\/nl\/cobot\/tools\/\">Tools<\/a> \u279c Ewellix<h1>\n\t\tEwellix\n\t<\/h1>\n\t<p>Ewellix is wereldwijd de toonaangevende fabrikant en leverancier van lineaire bewegingsoplossingen met de modernste ontwerpen.<\/p>\n\t\t\t<a href=\"https:\/\/shop.wiredworkers.io\/?search=&#038;order=&#038;attrib=1-52\" target=\"_self\" role=\"button\" rel=\"noopener\">\n\t\t\t\t\t\t\tBekijk in shop\n\t\t\t<\/a>\n<h2>\n\t\tEwellix\n\t<\/h2>\n\t<p>Ewellix voorheen SKF Motion Technolgoies, onderdeel van de SKF groep. SKF werd in 1907 opgericht in G\u00f6teborg, Zweden. Het bedrijf produceert en levert wereldwijd diverse producten en systemen, waaronder mechatronicaproducten. Ewellix is &#8217;s werelds grootste producent van lagers en beschikt over het grootste industri\u00eble distributienetwerk in de industrie.<\/p>\n\t\t\t\t<img decoding=\"async\" data-src=\"https:\/\/www.wiredworkers.io\/wp-content\/uploads\/2021\/06\/Ontwerp-zonder-titel-7-300x244.png\" alt=\"Ewellix makers in motions\" itemprop=\"image\" height=\"244\" width=\"300\" title=\"Ewellix makers in motions\" onerror=\"this.style.display='none'\" src=\"data:image\/svg+xml;base64,PHN2ZyB3aWR0aD0iMSIgaGVpZ2h0PSIxIiB4bWxucz0iaHR0cDovL3d3dy53My5vcmcvMjAwMC9zdmciPjwvc3ZnPg==\" class=\"lazyload\" style=\"--smush-placeholder-width: 300px; --smush-placeholder-aspect-ratio: 300\/244;\" \/>\n\t\t\t\t<img decoding=\"async\" data-src=\"https:\/\/www.wiredworkers.io\/wp-content\/uploads\/2020\/01\/Schermafbeelding-2020-01-02-om-10.36.02.png\" alt=\"Ragne extenders for cobots | Ewellix | LiftKit | SlideKit\" itemprop=\"image\" height=\"410\" width=\"405\" title=\"Liftkit-Slidekit-Ewellix\" onerror=\"this.style.display='none'\" src=\"data:image\/svg+xml;base64,PHN2ZyB3aWR0aD0iMSIgaGVpZ2h0PSIxIiB4bWxucz0iaHR0cDovL3d3dy53My5vcmcvMjAwMC9zdmciPjwvc3ZnPg==\" class=\"lazyload\" style=\"--smush-placeholder-width: 405px; --smush-placeholder-aspect-ratio: 405\/410;\" \/>\n<h2>\n\t\tAssortiment Ewellix\n\t<\/h2>\n\t<p>Ewellix werkt in een groot aantal industrie\u00ebn, waar hun oplossingen belangrijke functionaliteit bieden voor bedrijfskritische toepassingen. In een industri\u00eble distributieomgeving leveren zij lineaire expertise aan WiredWorkers, waardoor wij onze klanten effici\u00ebnter kunnen bedienen.<\/p>\n<p>Het Ewellix assortiment omvat de Lift kit en de Slide kit. Verticaal en horizontaal positioneringssysteem om het bereik van een universele robot uit te breiden. Het is een kant-en-klaar systeem inclusief een telescopische pilaar, controller en software plugin voor alle varianten van de UR-serie (UR3, UR5, UR10, UR16e en andere E-series).<\/p>\n<h3>\n\t\tOntdek hoe wij jouw productie kunnen verbeteren\n\t<\/h3>\n\t<p>Boek een gratis online adviesgesprek met onze automatiseringsspecialist!<\/p>\n\t\t\t<a href=\"https:\/\/contact.wiredworkers.io\/appointment\/8\" target=\"_self\" role=\"button\" rel=\"noopener\">\n\t\t\t\t\t\t\tPlan een videocall\n\t\t\t<\/a>\n\t<h6>Geheel gratis en vrijblijvend!<\/h6>\n\n","protected":false},"excerpt":{"rendered":"<p>WiredWorkers \u279c Cobot \u279c Tools \u279c Ewellix Ewellix Ewellix is wereldwijd de toonaangevende fabrikant en leverancier van lineaire bewegingsoplossingen met de modernste ontwerpen. Bekijk in shop Ewellix Ewellix voorheen SKF Motion Technolgoies, onderdeel van de SKF groep. SKF werd in 1907 opgericht in G\u00f6teborg, Zweden. Het bedrijf produceert en levert wereldwijd diverse producten en systemen, [&hellip;]<\/p>\n","protected":false},"author":3,"featured_media":21864,"parent":13224,"menu_order":3,"comment_status":"closed","ping_status":"closed","template":"","meta":{"_acf_changed":false,"site-sidebar-layout":"default","site-content-layout":"default","ast-site-content-layout":"default","site-content-style":"default","site-sidebar-style":"default","ast-global-header-display":"","ast-banner-title-visibility":"","ast-main-header-display":"","ast-hfb-above-header-display":"","ast-hfb-below-header-display":"","ast-hfb-mobile-header-display":"","site-post-title":"","ast-breadcrumbs-content":"","ast-featured-img":"disabled","footer-sml-layout":"","ast-disable-related-posts":"","theme-transparent-header-meta":"default","adv-header-id-meta":"","stick-header-meta":"default","header-above-stick-meta":"","header-main-stick-meta":"","header-below-stick-meta":"","astra-migrate-meta-layouts":"default","ast-page-background-enabled":"default","ast-page-background-meta":{"desktop":{"background-color":"","background-image":"","background-repeat":"repeat","background-position":"center center","background-size":"auto","background-attachment":"scroll","background-type":"","background-media":"","overlay-type":"","overlay-color":"","overlay-opacity":"","overlay-gradient":""},"tablet":{"background-color":"","background-image":"","background-repeat":"repeat","background-position":"center center","background-size":"auto","background-attachment":"scroll","background-type":"","background-media":"","overlay-type":"","overlay-color":"","overlay-opacity":"","overlay-gradient":""},"mobile":{"background-color":"","background-image":"","background-repeat":"repeat","background-position":"center center","background-size":"auto","background-attachment":"scroll","background-type":"","background-media":"","overlay-type":"","overlay-color":"","overlay-opacity":"","overlay-gradient":""}},"ast-content-background-meta":{"desktop":{"background-color":"var(--ast-global-color-5)","background-image":"","background-repeat":"repeat","background-position":"center center","background-size":"auto","background-attachment":"scroll","background-type":"","background-media":"","overlay-type":"","overlay-color":"","overlay-opacity":"","overlay-gradient":""},"tablet":{"background-color":"var(--ast-global-color-5)","background-image":"","background-repeat":"repeat","background-position":"center center","background-size":"auto","background-attachment":"scroll","background-type":"","background-media":"","overlay-type":"","overlay-color":"","overlay-opacity":"","overlay-gradient":""},"mobile":{"background-color":"var(--ast-global-color-5)","background-image":"","background-repeat":"repeat","background-position":"center center","background-size":"auto","background-attachment":"scroll","background-type":"","background-media":"","overlay-type":"","overlay-color":"","overlay-opacity":"","overlay-gradient":""}},"footnotes":""},"categories":[457],"tags":[593],"class_list":["post-7568","page","type-page","status-publish","has-post-thumbnail","hentry","category-tool-fabrikant","tag-range-extenders-nl"],"acf":[],"yoast_head":"<!-- This site is optimized with the Yoast SEO plugin v27.5 - https:\/\/yoast.com\/product\/yoast-seo-wordpress\/ -->\n<title>Ewellix | Linear motion experts<\/title>\n<meta name=\"description\" content=\"Ewellix is wereldwijd de toonaangevende fabrikant en leverancier van lineaire bewegingsoplossingen met de modernste ontwerpen.\" \/>\n<meta name=\"robots\" content=\"index, follow, max-snippet:-1, max-image-preview:large, max-video-preview:-1\" \/>\n<link rel=\"canonical\" href=\"https:\/\/www.wiredworkers.io\/nl\/cobot\/tools\/ewellix\/\" \/>\n<meta property=\"og:locale\" content=\"nl_NL\" \/>\n<meta property=\"og:type\" content=\"article\" \/>\n<meta property=\"og:title\" content=\"Ewellix | Linear motion experts\" \/>\n<meta property=\"og:description\" content=\"Ewellix is wereldwijd de toonaangevende fabrikant en leverancier van lineaire bewegingsoplossingen met de modernste ontwerpen.\" \/>\n<meta property=\"og:url\" content=\"https:\/\/www.wiredworkers.io\/nl\/cobot\/tools\/ewellix\/\" \/>\n<meta property=\"og:site_name\" content=\"WiredWorkers\" \/>\n<meta property=\"article:publisher\" content=\"https:\/\/www.facebook.com\/WiredWorkers\" \/>\n<meta property=\"article:modified_time\" content=\"2023-08-31T09:55:44+00:00\" \/>\n<meta property=\"og:image\" content=\"https:\/\/www.wiredworkers.io\/wp-content\/uploads\/2023\/05\/Ewellix-logo.png\" \/>\n\t<meta property=\"og:image:width\" content=\"500\" \/>\n\t<meta property=\"og:image:height\" content=\"500\" \/>\n\t<meta property=\"og:image:type\" content=\"image\/png\" \/>\n<meta name=\"twitter:card\" content=\"summary_large_image\" \/>\n<meta name=\"twitter:label1\" content=\"Verwachte leestijd\" \/>\n\t<meta name=\"twitter:data1\" content=\"2 minuten\" \/>\n<script type=\"application\/ld+json\" class=\"yoast-schema-graph\">{\"@context\":\"https:\\\/\\\/schema.org\",\"@graph\":[{\"@type\":\"WebPage\",\"@id\":\"https:\\\/\\\/www.wiredworkers.io\\\/nl\\\/cobot\\\/tools\\\/ewellix\\\/\",\"url\":\"https:\\\/\\\/www.wiredworkers.io\\\/nl\\\/cobot\\\/tools\\\/ewellix\\\/\",\"name\":\"Ewellix | Linear motion experts\",\"isPartOf\":{\"@id\":\"https:\\\/\\\/www.wiredworkers.io\\\/nl\\\/#website\"},\"primaryImageOfPage\":{\"@id\":\"https:\\\/\\\/www.wiredworkers.io\\\/nl\\\/cobot\\\/tools\\\/ewellix\\\/#primaryimage\"},\"image\":{\"@id\":\"https:\\\/\\\/www.wiredworkers.io\\\/nl\\\/cobot\\\/tools\\\/ewellix\\\/#primaryimage\"},\"thumbnailUrl\":\"https:\\\/\\\/www.wiredworkers.io\\\/wp-content\\\/uploads\\\/2023\\\/05\\\/Ewellix-logo.png\",\"datePublished\":\"2020-01-02T07:45:50+00:00\",\"dateModified\":\"2023-08-31T09:55:44+00:00\",\"description\":\"Ewellix is wereldwijd de toonaangevende fabrikant en leverancier van lineaire bewegingsoplossingen met de modernste ontwerpen.\",\"breadcrumb\":{\"@id\":\"https:\\\/\\\/www.wiredworkers.io\\\/nl\\\/cobot\\\/tools\\\/ewellix\\\/#breadcrumb\"},\"inLanguage\":\"nl-NL\",\"potentialAction\":[{\"@type\":\"ReadAction\",\"target\":[\"https:\\\/\\\/www.wiredworkers.io\\\/nl\\\/cobot\\\/tools\\\/ewellix\\\/\"]}]},{\"@type\":\"ImageObject\",\"inLanguage\":\"nl-NL\",\"@id\":\"https:\\\/\\\/www.wiredworkers.io\\\/nl\\\/cobot\\\/tools\\\/ewellix\\\/#primaryimage\",\"url\":\"https:\\\/\\\/www.wiredworkers.io\\\/wp-content\\\/uploads\\\/2023\\\/05\\\/Ewellix-logo.png\",\"contentUrl\":\"https:\\\/\\\/www.wiredworkers.io\\\/wp-content\\\/uploads\\\/2023\\\/05\\\/Ewellix-logo.png\",\"width\":500,\"height\":500},{\"@type\":\"BreadcrumbList\",\"@id\":\"https:\\\/\\\/www.wiredworkers.io\\\/nl\\\/cobot\\\/tools\\\/ewellix\\\/#breadcrumb\",\"itemListElement\":[{\"@type\":\"ListItem\",\"position\":1,\"name\":\"WiredWorkers\",\"item\":\"https:\\\/\\\/www.wiredworkers.io\\\/nl\\\/\"},{\"@type\":\"ListItem\",\"position\":2,\"name\":\"Cobot\",\"item\":\"https:\\\/\\\/www.wiredworkers.io\\\/nl\\\/cobot\\\/\"},{\"@type\":\"ListItem\",\"position\":3,\"name\":\"Tools\",\"item\":\"https:\\\/\\\/www.wiredworkers.io\\\/nl\\\/cobot\\\/tools\\\/\"},{\"@type\":\"ListItem\",\"position\":4,\"name\":\"Ewellix\"}]},{\"@type\":\"WebSite\",\"@id\":\"https:\\\/\\\/www.wiredworkers.io\\\/nl\\\/#website\",\"url\":\"https:\\\/\\\/www.wiredworkers.io\\\/nl\\\/\",\"name\":\"WiredWorkers\",\"description\":\"Robotics at your service\",\"publisher\":{\"@id\":\"https:\\\/\\\/www.wiredworkers.io\\\/nl\\\/#organization\"},\"potentialAction\":[{\"@type\":\"SearchAction\",\"target\":{\"@type\":\"EntryPoint\",\"urlTemplate\":\"https:\\\/\\\/www.wiredworkers.io\\\/nl\\\/?s={search_term_string}\"},\"query-input\":{\"@type\":\"PropertyValueSpecification\",\"valueRequired\":true,\"valueName\":\"search_term_string\"}}],\"inLanguage\":\"nl-NL\"},{\"@type\":\"Organization\",\"@id\":\"https:\\\/\\\/www.wiredworkers.io\\\/nl\\\/#organization\",\"name\":\"WiredWorkers Nederland B.V.\",\"url\":\"https:\\\/\\\/www.wiredworkers.io\\\/nl\\\/\",\"logo\":{\"@type\":\"ImageObject\",\"inLanguage\":\"nl-NL\",\"@id\":\"https:\\\/\\\/www.wiredworkers.io\\\/nl\\\/#\\\/schema\\\/logo\\\/image\\\/\",\"url\":\"https:\\\/\\\/www.wiredworkers.io\\\/wp-content\\\/uploads\\\/2018\\\/06\\\/wiredworkers-company-logo.jpg\",\"contentUrl\":\"https:\\\/\\\/www.wiredworkers.io\\\/wp-content\\\/uploads\\\/2018\\\/06\\\/wiredworkers-company-logo.jpg\",\"width\":1082,\"height\":714,\"caption\":\"WiredWorkers Nederland B.V.\"},\"image\":{\"@id\":\"https:\\\/\\\/www.wiredworkers.io\\\/nl\\\/#\\\/schema\\\/logo\\\/image\\\/\"},\"sameAs\":[\"https:\\\/\\\/www.facebook.com\\\/WiredWorkers\",\"https:\\\/\\\/www.linkedin.com\\\/company\\\/wiredworkers\\\/\"]}]}<\/script>\n<!-- \/ Yoast SEO plugin. -->","yoast_head_json":{"title":"Ewellix | Linear motion experts","description":"Ewellix is wereldwijd de toonaangevende fabrikant en leverancier van lineaire bewegingsoplossingen met de modernste ontwerpen.","robots":{"index":"index","follow":"follow","max-snippet":"max-snippet:-1","max-image-preview":"max-image-preview:large","max-video-preview":"max-video-preview:-1"},"canonical":"https:\/\/www.wiredworkers.io\/nl\/cobot\/tools\/ewellix\/","og_locale":"nl_NL","og_type":"article","og_title":"Ewellix | Linear motion experts","og_description":"Ewellix is wereldwijd de toonaangevende fabrikant en leverancier van lineaire bewegingsoplossingen met de modernste ontwerpen.","og_url":"https:\/\/www.wiredworkers.io\/nl\/cobot\/tools\/ewellix\/","og_site_name":"WiredWorkers","article_publisher":"https:\/\/www.facebook.com\/WiredWorkers","article_modified_time":"2023-08-31T09:55:44+00:00","og_image":[{"width":500,"height":500,"url":"https:\/\/www.wiredworkers.io\/wp-content\/uploads\/2023\/05\/Ewellix-logo.png","type":"image\/png"}],"twitter_card":"summary_large_image","twitter_misc":{"Verwachte leestijd":"2 minuten"},"schema":{"@context":"https:\/\/schema.org","@graph":[{"@type":"WebPage","@id":"https:\/\/www.wiredworkers.io\/nl\/cobot\/tools\/ewellix\/","url":"https:\/\/www.wiredworkers.io\/nl\/cobot\/tools\/ewellix\/","name":"Ewellix | Linear motion experts","isPartOf":{"@id":"https:\/\/www.wiredworkers.io\/nl\/#website"},"primaryImageOfPage":{"@id":"https:\/\/www.wiredworkers.io\/nl\/cobot\/tools\/ewellix\/#primaryimage"},"image":{"@id":"https:\/\/www.wiredworkers.io\/nl\/cobot\/tools\/ewellix\/#primaryimage"},"thumbnailUrl":"https:\/\/www.wiredworkers.io\/wp-content\/uploads\/2023\/05\/Ewellix-logo.png","datePublished":"2020-01-02T07:45:50+00:00","dateModified":"2023-08-31T09:55:44+00:00","description":"Ewellix is wereldwijd de toonaangevende fabrikant en leverancier van lineaire bewegingsoplossingen met de modernste ontwerpen.","breadcrumb":{"@id":"https:\/\/www.wiredworkers.io\/nl\/cobot\/tools\/ewellix\/#breadcrumb"},"inLanguage":"nl-NL","potentialAction":[{"@type":"ReadAction","target":["https:\/\/www.wiredworkers.io\/nl\/cobot\/tools\/ewellix\/"]}]},{"@type":"ImageObject","inLanguage":"nl-NL","@id":"https:\/\/www.wiredworkers.io\/nl\/cobot\/tools\/ewellix\/#primaryimage","url":"https:\/\/www.wiredworkers.io\/wp-content\/uploads\/2023\/05\/Ewellix-logo.png","contentUrl":"https:\/\/www.wiredworkers.io\/wp-content\/uploads\/2023\/05\/Ewellix-logo.png","width":500,"height":500},{"@type":"BreadcrumbList","@id":"https:\/\/www.wiredworkers.io\/nl\/cobot\/tools\/ewellix\/#breadcrumb","itemListElement":[{"@type":"ListItem","position":1,"name":"WiredWorkers","item":"https:\/\/www.wiredworkers.io\/nl\/"},{"@type":"ListItem","position":2,"name":"Cobot","item":"https:\/\/www.wiredworkers.io\/nl\/cobot\/"},{"@type":"ListItem","position":3,"name":"Tools","item":"https:\/\/www.wiredworkers.io\/nl\/cobot\/tools\/"},{"@type":"ListItem","position":4,"name":"Ewellix"}]},{"@type":"WebSite","@id":"https:\/\/www.wiredworkers.io\/nl\/#website","url":"https:\/\/www.wiredworkers.io\/nl\/","name":"WiredWorkers","description":"Robotics at your service","publisher":{"@id":"https:\/\/www.wiredworkers.io\/nl\/#organization"},"potentialAction":[{"@type":"SearchAction","target":{"@type":"EntryPoint","urlTemplate":"https:\/\/www.wiredworkers.io\/nl\/?s={search_term_string}"},"query-input":{"@type":"PropertyValueSpecification","valueRequired":true,"valueName":"search_term_string"}}],"inLanguage":"nl-NL"},{"@type":"Organization","@id":"https:\/\/www.wiredworkers.io\/nl\/#organization","name":"WiredWorkers Nederland B.V.","url":"https:\/\/www.wiredworkers.io\/nl\/","logo":{"@type":"ImageObject","inLanguage":"nl-NL","@id":"https:\/\/www.wiredworkers.io\/nl\/#\/schema\/logo\/image\/","url":"https:\/\/www.wiredworkers.io\/wp-content\/uploads\/2018\/06\/wiredworkers-company-logo.jpg","contentUrl":"https:\/\/www.wiredworkers.io\/wp-content\/uploads\/2018\/06\/wiredworkers-company-logo.jpg","width":1082,"height":714,"caption":"WiredWorkers Nederland B.V."},"image":{"@id":"https:\/\/www.wiredworkers.io\/nl\/#\/schema\/logo\/image\/"},"sameAs":["https:\/\/www.facebook.com\/WiredWorkers","https:\/\/www.linkedin.com\/company\/wiredworkers\/"]}]}},"_links":{"self":[{"href":"https:\/\/www.wiredworkers.io\/nl\/wp-json\/wp\/v2\/pages\/7568","targetHints":{"allow":["GET"]}}],"collection":[{"href":"https:\/\/www.wiredworkers.io\/nl\/wp-json\/wp\/v2\/pages"}],"about":[{"href":"https:\/\/www.wiredworkers.io\/nl\/wp-json\/wp\/v2\/types\/page"}],"author":[{"embeddable":true,"href":"https:\/\/www.wiredworkers.io\/nl\/wp-json\/wp\/v2\/users\/3"}],"replies":[{"embeddable":true,"href":"https:\/\/www.wiredworkers.io\/nl\/wp-json\/wp\/v2\/comments?post=7568"}],"version-history":[{"count":4,"href":"https:\/\/www.wiredworkers.io\/nl\/wp-json\/wp\/v2\/pages\/7568\/revisions"}],"predecessor-version":[{"id":21792,"href":"https:\/\/www.wiredworkers.io\/nl\/wp-json\/wp\/v2\/pages\/7568\/revisions\/21792"}],"up":[{"embeddable":true,"href":"https:\/\/www.wiredworkers.io\/nl\/wp-json\/wp\/v2\/pages\/13224"}],"wp:featuredmedia":[{"embeddable":true,"href":"https:\/\/www.wiredworkers.io\/nl\/wp-json\/wp\/v2\/media\/21864"}],"wp:attachment":[{"href":"https:\/\/www.wiredworkers.io\/nl\/wp-json\/wp\/v2\/media?parent=7568"}],"wp:term":[{"taxonomy":"category","embeddable":true,"href":"https:\/\/www.wiredworkers.io\/nl\/wp-json\/wp\/v2\/categories?post=7568"},{"taxonomy":"post_tag","embeddable":true,"href":"https:\/\/www.wiredworkers.io\/nl\/wp-json\/wp\/v2\/tags?post=7568"}],"curies":[{"name":"wp","href":"https:\/\/api.w.org\/{rel}","templated":true}]}}