{"id":7808,"date":"2020-01-03T13:16:28","date_gmt":"2020-01-03T13:16:28","guid":{"rendered":"https:\/\/wiredworkers.io\/palletiseren\/"},"modified":"2024-10-30T14:26:16","modified_gmt":"2024-10-30T12:26:16","slug":"palletiseren","status":"publish","type":"page","link":"https:\/\/www.wiredworkers.io\/nl\/cobot\/toepassingen\/palletiseren\/","title":{"rendered":"Palletiseren"},"content":{"rendered":"\n\n\t<nav id=\"breadcrumbs\" aria-label=\"Breadcrumbs\"><a href=\"https:\/\/www.wiredworkers.io\/nl\/\">WiredWorkers<\/a> \u279c <a href=\"https:\/\/www.wiredworkers.io\/nl\/cobot\/\">Cobot<\/a> \u279c <a href=\"https:\/\/www.wiredworkers.io\/nl\/cobot\/applications\/\">Toepassingen<\/a> \u279c Palletiseren<\/nav><h1>\n\t\tPalletiseren met een cobot\n\t<\/h1>\n\t<p>Palletiseren (het stapelen van dozen op pallets) kan effici\u00ebnter gebeuren met collaboratieve robots. Dozen worden opgepakt met elektrische vacu\u00fcmgrijpers en op pallets geplaatst. Nieuwe technologie\u00ebn maken een externe luchttoevoer en slangen overbodig, wat de integratie vergemakkelijkt, de kosten drukt en lawaai en overlast vermindert.<\/p>\n<h2>\n\t\tPalletiseren met een collaboratieve robot\n\t<\/h2>\n\t<p>Palletiseren is het plaatsen van producten of dozen op een pallet die wordt klaargemaakt voor <a href=\"https:\/\/www.wiredworkers.io\/blog\/packaging-processes-within-logistics-how-cobots-can-be-of-value\/\">verzending of opslag<\/a>. Deze taak kan perfect worden geautomatiseerd met behulp van een cobot. De cobot kan de producten in een gewenst patroon stapelen, waardoor de hoeveelheid lading wordt gemaximaliseerd en de kans op omvallen wordt verkleind. Vandaag worden veel pallets nog manueel gestapeld.<a href=\"https:\/\/www.wiredworkers.io\/blog\/cobots-can-be-a-solution-to-the-packaging-industry\/\"> Een eenvoudige, vervelende taak, die bij veel gewicht tot lichamelijke klachten kan leiden<\/a>. Een cobot kan, mits de goederen constant worden aangeleverd, eindeloos blijven stapelen. Wanneer de productie 24 uur per dag doorgaat, kunnen robots de cyclustijd van een gestapelde pallet verkorten.<\/p>\n\t\t\t\t<img decoding=\"async\" data-src=\"https:\/\/www.wiredworkers.io\/wp-content\/uploads\/2024\/10\/Foto-Boermarke-8-scaled.jpg\" alt=\"Foto Boermarke 8\" itemprop=\"image\" height=\"1440\" width=\"2560\" title=\"Foto Boermarke 8\" onerror=\"this.style.display='none'\" src=\"data:image\/svg+xml;base64,PHN2ZyB3aWR0aD0iMSIgaGVpZ2h0PSIxIiB4bWxucz0iaHR0cDovL3d3dy53My5vcmcvMjAwMC9zdmciPjwvc3ZnPg==\" class=\"lazyload\" style=\"--smush-placeholder-width: 2560px; --smush-placeholder-aspect-ratio: 2560\/1440;\" \/>\n<h2>\n\t\tCobot palletiseren voordelen\n\t<\/h2>\n\t\t<ul>\n\t\t\t\t\t<li>\n\t\t\t\t<h4>Kostenbesparing<\/h4>\nRobots besparen op personeelskosten\n\t\t\t<\/li>\n\t\t\t\t\t<li>\n\t\t\t\t<h4>Verhoging van productiviteit<\/h4>\nPersoneelsleden kunnen ander werk verrichten\n\t\t\t<\/li>\n\t\t\t\t\t<li>\n\t\t\t\t<h4>Benut de volledige capaciteit<\/h4>\nHaal meer uit het personeel\n\t\t\t<\/li>\n\t\t\t\t\t<li>\n\t\t\t\t<h4>Voorkom aandoeningen<\/h4>\nRobots verlossen arbeiders van gevaarlijk werk\n\t\t\t<\/li>\n\t\t\t\t\t<li>\n\t\t\t\t<h4>Geen concentratieverlies<\/h4>\nRobots verliezen nooit hun concentratie\n\t\t\t<\/li>\n\t\t\t\t\t<li>\n\t\t\t\t<h4>Consistente kwaliteit output<\/h4>\n\t\tRobots werken altijd op dezelfde manier\t\t\t\n\t\t\t<\/li>\n\t\t\t\t<\/ul>\n\t\t\t\t<img decoding=\"async\" data-src=\"https:\/\/www.wiredworkers.io\/wp-content\/uploads\/2020\/07\/UR_16e_07-896x1024.png\" alt=\"UR16e | universal robot | cobot\" itemprop=\"image\" height=\"1024\" width=\"896\" title=\"Universal Robots UR16e\" onerror=\"this.style.display='none'\" src=\"data:image\/svg+xml;base64,PHN2ZyB3aWR0aD0iMSIgaGVpZ2h0PSIxIiB4bWxucz0iaHR0cDovL3d3dy53My5vcmcvMjAwMC9zdmciPjwvc3ZnPg==\" class=\"lazyload\" style=\"--smush-placeholder-width: 896px; --smush-placeholder-aspect-ratio: 896\/1024;\" \/>\n<h2>\n\t\tSpeciaal ontworpen oplossing\n\t<\/h2>\n\t<p>De cobot palletizer is een intern ontwikkelde oplossing die ontworpen is voor naadloze integratie in uw verpakkingslijn. Het gestandaardiseerde ontwerp zorgt voor een snelle inzet met minimale aanpassingen en dankzij de mobiliteit kan hij op verschillende locaties worden gebruikt. Dankzij de intu\u00eftieve software is het configureren van nieuwe palletpatronen snel en eenvoudig, waardoor het een effici\u00ebnte en flexibele optie is voor verschillende toepassingen.<\/p>\n\t\t\t<a href=\"https:\/\/www.wiredworkers.io\/nl\/services\/plug-produce-solutions\/cobot-palletizer\/\" target=\"_self\" rel=\"noopener\">\n\t\t\t\t\t\t\tBekijk onze cobot palletizer\n\t\t\t<\/a>\n\t\t\t\t<img decoding=\"async\" data-src=\"https:\/\/www.wiredworkers.io\/wp-content\/uploads\/2023\/04\/Palletizer.png\" alt=\"automatic palletizer\" itemprop=\"image\" height=\"500\" width=\"500\" title=\"Palletizer\" onerror=\"this.style.display='none'\" src=\"data:image\/svg+xml;base64,PHN2ZyB3aWR0aD0iMSIgaGVpZ2h0PSIxIiB4bWxucz0iaHR0cDovL3d3dy53My5vcmcvMjAwMC9zdmciPjwvc3ZnPg==\" class=\"lazyload\" style=\"--smush-placeholder-width: 500px; --smush-placeholder-aspect-ratio: 500\/500;\" \/>\n    <a href=\"https:\/\/cta-service-cms2.hubspot.com\/web-interactives\/public\/v1\/track\/redirect?encryptedPayload=AVxigLI9%2FrkvUg%2F9%2Fos0DILhDyyo1SSKLGQVKw9caJrZMSmzg1bycbN4tU49f7fpbpc9K4cmnK31vPrJfeRCXNvSLG0EFvRFws3PA0WpbZ76a7QTtDHNWG6%2BxeYmmuDGm5AJTcWJzIzFbvOvif%2BpoLL0%2FiVJc56H2eWWONVi5DckCTBw5j4yAVbPgwiwiMe%2FZLOspQP2kNqVVxOaqccpgzd%2F&#038;webInteractiveContentId=153866400001&#038;portalId=19989853\" target=\"_blank\" rel=\"noopener\" crossorigin=\"anonymous\">\n      <img decoding=\"async\" alt=\"TALK TO US Plan een GRATIS adviesgesprek Ontdek hoe WiredWorkers jouw bedrijf kan helpen. We beantwoorden al je vragen over cobots.\"\n        data-src=\"https:\/\/no-cache.hubspot.com\/cta\/default\/19989853\/interactive-153866400001.png\"\n        onerror=\"this.style.display='none'\" src=\"data:image\/svg+xml;base64,PHN2ZyB3aWR0aD0iMSIgaGVpZ2h0PSIxIiB4bWxucz0iaHR0cDovL3d3dy53My5vcmcvMjAwMC9zdmciPjwvc3ZnPg==\" class=\"lazyload\" \/>\n    <\/a>\n<h2>\n\t\tCobot palletizer video\n\t<\/h2>\n\t<p>Bekijk de video hieronder waarin een cobot palletiseeroplossing wordt gedemonstreerd.<\/p>\n\t<iframe title=\"Cobot Palletizer with FANUC CRX-25iA at Boermarke | WiredWorkers\" width=\"500\" height=\"281\" data-src=\"https:\/\/www.youtube.com\/embed\/R-5heweQ9NA?feature=oembed\" frameborder=\"0\" allow=\"accelerometer; autoplay; clipboard-write; encrypted-media; gyroscope; picture-in-picture; web-share\" referrerpolicy=\"strict-origin-when-cross-origin\" allowfullscreen src=\"data:image\/svg+xml;base64,PHN2ZyB3aWR0aD0iMSIgaGVpZ2h0PSIxIiB4bWxucz0iaHR0cDovL3d3dy53My5vcmcvMjAwMC9zdmciPjwvc3ZnPg==\" class=\"lazyload\" data-load-mode=\"1\"><\/iframe>\n<h2>\n\t\tAndere toepassingen\n\t<\/h2>\n\t<meta itemscope itemprop=\"mainEntityOfPage\" itemtype=\"https:\/\/schema.org\/WebPage\" itemid=\"http:\/\/17217\" content=\"Solderen\" \/><meta itemprop=\"datePublished\" content=\"2022-04-20\" \/><meta itemprop=\"dateModified\" content=\"2023-05-11\" \/><meta itemprop=\"name\" content=\"WiredWorkers\"\/><meta itemprop=\"url\" content=\"https:\/\/www.wiredworkers.io\/wp-content\/uploads\/2018\/01\/cropped-wiredworkers-logo-white.png\"\/><meta itemprop=\"url\" content=\"https:\/\/www.wiredworkers.io\/nl\/author\/robbinmennings\/\" \/><meta itemprop=\"name\" content=\"Robbin Mennings\" \/><meta itemprop=\"url\" content=\"https:\/\/www.wiredworkers.io\/wp-content\/uploads\/2022\/04\/UR-Soldering.jpg\" \/><meta itemprop=\"width\" content=\"600\" \/><meta itemprop=\"height\" content=\"650\" \/><meta itemprop=\"interactionType\" content=\"https:\/\/schema.org\/CommentAction\" \/><meta itemprop=\"userInteractionCount\" content=\"0\" \/>\n\t\t\t\t\t<a href=\"https:\/\/www.wiredworkers.io\/nl\/cobot\/toepassingen\/solderen\/\" title=\"Solderen\"><\/a>\n\t\t\t\t<img decoding=\"async\" src=\"https:\/\/www.wiredworkers.io\/wp-content\/uploads\/2022\/04\/UR-Soldering-350x250.jpg\" alt=\"UR Soldering\" itemprop=\"image\" data-no-lazy=\"1\" height=\"250\" width=\"350\" title=\"UR Soldering\" onerror=\"this.style.display='none'\"  \/>\n\t\t\t\t\t\t\t\t\t<h4 itemprop=\"headline\">\n\t\t\t\t\t\t\t\t\t\t\t\t\t\tSolderen\t\t\t\t\t\t\t\t\t\t\t<\/h4>\n\t<meta itemscope itemprop=\"mainEntityOfPage\" itemtype=\"https:\/\/schema.org\/WebPage\" itemid=\"http:\/\/17183\" content=\"Kwaliteitstesten en -inspectie\" \/><meta itemprop=\"datePublished\" content=\"2022-04-19\" \/><meta itemprop=\"dateModified\" content=\"2023-05-11\" \/><meta itemprop=\"name\" content=\"WiredWorkers\"\/><meta itemprop=\"url\" content=\"https:\/\/www.wiredworkers.io\/wp-content\/uploads\/2018\/01\/cropped-wiredworkers-logo-white.png\"\/><meta itemprop=\"url\" content=\"https:\/\/www.wiredworkers.io\/nl\/author\/robbinmennings\/\" \/><meta itemprop=\"name\" content=\"Robbin Mennings\" \/><meta itemprop=\"url\" content=\"https:\/\/www.wiredworkers.io\/wp-content\/uploads\/2022\/03\/Chip-Testing-thumbnail-e1646838731278.png\" \/><meta itemprop=\"width\" content=\"1901\" \/><meta itemprop=\"height\" content=\"1079\" \/><meta itemprop=\"interactionType\" content=\"https:\/\/schema.org\/CommentAction\" \/><meta itemprop=\"userInteractionCount\" content=\"0\" \/>\n\t\t\t\t\t<a href=\"https:\/\/www.wiredworkers.io\/nl\/cobot\/toepassingen\/kwaliteitstesten-en-inspectie\/\" title=\"Kwaliteitstesten en -inspectie\"><\/a>\n\t\t\t\t<img decoding=\"async\" src=\"https:\/\/www.wiredworkers.io\/wp-content\/uploads\/2022\/03\/Chip-Testing-thumbnail-350x250.png\" alt=\"quality testing and inspection with a cobot\" itemprop=\"image\" data-no-lazy=\"1\" height=\"250\" width=\"350\" title=\"Chip Testing thumbnail\" onerror=\"this.style.display='none'\"  \/>\n\t\t\t\t\t\t\t\t\t<h4 itemprop=\"headline\">\n\t\t\t\t\t\t\t\t\t\t\t\t\t\tKwaliteitstesten en -inspectie\t\t\t\t\t\t\t\t\t\t\t<\/h4>\n\t<meta itemscope itemprop=\"mainEntityOfPage\" itemtype=\"https:\/\/schema.org\/WebPage\" itemid=\"http:\/\/17132\" content=\"Pick and place\" \/><meta itemprop=\"datePublished\" content=\"2022-04-19\" \/><meta itemprop=\"dateModified\" content=\"2023-11-17\" \/><meta itemprop=\"name\" content=\"WiredWorkers\"\/><meta itemprop=\"url\" content=\"https:\/\/www.wiredworkers.io\/wp-content\/uploads\/2018\/01\/cropped-wiredworkers-logo-white.png\"\/><meta itemprop=\"url\" content=\"https:\/\/www.wiredworkers.io\/nl\/author\/robbinmennings\/\" \/><meta itemprop=\"name\" content=\"Robbin Mennings\" \/><meta itemprop=\"url\" content=\"https:\/\/www.wiredworkers.io\/wp-content\/uploads\/2023\/05\/DSC00981-scaled.jpg\" \/><meta itemprop=\"width\" content=\"2560\" \/><meta itemprop=\"height\" content=\"1707\" \/><meta itemprop=\"interactionType\" content=\"https:\/\/schema.org\/CommentAction\" \/><meta itemprop=\"userInteractionCount\" content=\"0\" \/>\n\t\t\t\t\t<a href=\"https:\/\/www.wiredworkers.io\/nl\/cobot\/toepassingen\/pick-and-place\/\" title=\"Pick and place\"><\/a>\n\t\t\t\t<img decoding=\"async\" src=\"https:\/\/www.wiredworkers.io\/wp-content\/uploads\/2023\/05\/DSC00981-350x250.jpg\" alt=\"pick and place with a cobot\" itemprop=\"image\" data-no-lazy=\"1\" height=\"250\" width=\"350\" title=\"DSC00981\" onerror=\"this.style.display='none'\"  \/>\n\t\t\t\t\t\t\t\t\t<h4 itemprop=\"headline\">\n\t\t\t\t\t\t\t\t\t\t\t\t\t\tPick and place\t\t\t\t\t\t\t\t\t\t\t<\/h4>\n\t\t\t\t<ul class='page-numbers'>\n\t<li>1<\/li>\n\t<li><a href=\"https:\/\/www.wiredworkers.io\/nl\/page\/2\/?page_id=7808&#038;fl_builder\">2<\/a><\/li>\n\t<li><a href=\"https:\/\/www.wiredworkers.io\/nl\/page\/3\/?page_id=7808&#038;fl_builder\">3<\/a><\/li>\n\t<li><a href=\"https:\/\/www.wiredworkers.io\/nl\/page\/2\/?page_id=7808&#038;fl_builder\">Volgende &raquo;<\/a><\/li>\n<\/ul>\n\t\t<!-- .pp-content-posts -->\n\n","protected":false},"excerpt":{"rendered":"<p>WiredWorkers \u279c Cobot \u279c Toepassingen \u279c Palletiseren Palletiseren met een cobot Palletiseren (het stapelen van dozen op pallets) kan effici\u00ebnter gebeuren met collaboratieve robots. Dozen worden opgepakt met elektrische vacu\u00fcmgrijpers en op pallets geplaatst. Nieuwe technologie\u00ebn maken een externe luchttoevoer en slangen overbodig, wat de integratie vergemakkelijkt, de kosten drukt en lawaai en overlast vermindert. [&hellip;]<\/p>\n","protected":false},"author":3,"featured_media":17590,"parent":15336,"menu_order":5,"comment_status":"closed","ping_status":"closed","template":"","meta":{"_acf_changed":false,"site-sidebar-layout":"default","site-content-layout":"default","ast-site-content-layout":"default","site-content-style":"default","site-sidebar-style":"default","ast-global-header-display":"","ast-banner-title-visibility":"","ast-main-header-display":"","ast-hfb-above-header-display":"","ast-hfb-below-header-display":"","ast-hfb-mobile-header-display":"","site-post-title":"","ast-breadcrumbs-content":"","ast-featured-img":"disabled","footer-sml-layout":"","ast-disable-related-posts":"","theme-transparent-header-meta":"default","adv-header-id-meta":"","stick-header-meta":"default","header-above-stick-meta":"","header-main-stick-meta":"","header-below-stick-meta":"","astra-migrate-meta-layouts":"default","ast-page-background-enabled":"default","ast-page-background-meta":{"desktop":{"background-color":"","background-image":"","background-repeat":"repeat","background-position":"center center","background-size":"auto","background-attachment":"scroll","background-type":"","background-media":"","overlay-type":"","overlay-color":"","overlay-opacity":"","overlay-gradient":""},"tablet":{"background-color":"","background-image":"","background-repeat":"repeat","background-position":"center center","background-size":"auto","background-attachment":"scroll","background-type":"","background-media":"","overlay-type":"","overlay-color":"","overlay-opacity":"","overlay-gradient":""},"mobile":{"background-color":"","background-image":"","background-repeat":"repeat","background-position":"center center","background-size":"auto","background-attachment":"scroll","background-type":"","background-media":"","overlay-type":"","overlay-color":"","overlay-opacity":"","overlay-gradient":""}},"ast-content-background-meta":{"desktop":{"background-color":"var(--ast-global-color-5)","background-image":"","background-repeat":"repeat","background-position":"center center","background-size":"auto","background-attachment":"scroll","background-type":"","background-media":"","overlay-type":"","overlay-color":"","overlay-opacity":"","overlay-gradient":""},"tablet":{"background-color":"var(--ast-global-color-5)","background-image":"","background-repeat":"repeat","background-position":"center center","background-size":"auto","background-attachment":"scroll","background-type":"","background-media":"","overlay-type":"","overlay-color":"","overlay-opacity":"","overlay-gradient":""},"mobile":{"background-color":"var(--ast-global-color-5)","background-image":"","background-repeat":"repeat","background-position":"center center","background-size":"auto","background-attachment":"scroll","background-type":"","background-media":"","overlay-type":"","overlay-color":"","overlay-opacity":"","overlay-gradient":""}},"footnotes":""},"categories":[343],"tags":[],"class_list":["post-7808","page","type-page","status-publish","has-post-thumbnail","hentry","category-toepassingen"],"acf":[],"yoast_head":"<!-- This site is optimized with the Yoast SEO plugin v27.3 - https:\/\/yoast.com\/product\/yoast-seo-wordpress\/ -->\n<title>Palletiseren met een cobot | WiredWorkers<\/title>\n<meta name=\"description\" content=\"Palletiseren kan effici\u00ebnter worden opgezet met collaboratieve robots. Dozen worden met elektrische vacu\u00fcmgrijpers opgepakt en op pallets geplaatst.\" \/>\n<meta name=\"robots\" content=\"index, follow, max-snippet:-1, max-image-preview:large, max-video-preview:-1\" \/>\n<link rel=\"canonical\" href=\"https:\/\/www.wiredworkers.io\/nl\/cobot\/toepassingen\/palletiseren\/\" \/>\n<meta property=\"og:locale\" content=\"nl_NL\" \/>\n<meta property=\"og:type\" content=\"article\" \/>\n<meta property=\"og:title\" content=\"Palletiseren met een cobot | WiredWorkers\" \/>\n<meta property=\"og:description\" content=\"Palletiseren kan effici\u00ebnter worden opgezet met collaboratieve robots. Dozen worden met elektrische vacu\u00fcmgrijpers opgepakt en op pallets geplaatst.\" \/>\n<meta property=\"og:url\" content=\"https:\/\/www.wiredworkers.io\/nl\/cobot\/toepassingen\/palletiseren\/\" \/>\n<meta property=\"og:site_name\" content=\"WiredWorkers\" \/>\n<meta property=\"article:publisher\" content=\"https:\/\/www.facebook.com\/WiredWorkers\" \/>\n<meta property=\"article:modified_time\" content=\"2024-10-30T12:26:16+00:00\" \/>\n<meta property=\"og:image\" content=\"https:\/\/www.wiredworkers.io\/wp-content\/uploads\/2022\/06\/Cobot-Palletizing-1.jpg\" \/>\n\t<meta property=\"og:image:width\" content=\"1650\" \/>\n\t<meta property=\"og:image:height\" content=\"1113\" \/>\n\t<meta property=\"og:image:type\" content=\"image\/jpeg\" \/>\n<meta name=\"twitter:card\" content=\"summary_large_image\" \/>\n<meta name=\"twitter:label1\" content=\"Verwachte leestijd\" \/>\n\t<meta name=\"twitter:data1\" content=\"5 minuten\" \/>\n<script type=\"application\/ld+json\" class=\"yoast-schema-graph\">{\"@context\":\"https:\\\/\\\/schema.org\",\"@graph\":[{\"@type\":\"WebPage\",\"@id\":\"https:\\\/\\\/www.wiredworkers.io\\\/nl\\\/cobot\\\/toepassingen\\\/palletiseren\\\/\",\"url\":\"https:\\\/\\\/www.wiredworkers.io\\\/nl\\\/cobot\\\/toepassingen\\\/palletiseren\\\/\",\"name\":\"Palletiseren met een cobot | WiredWorkers\",\"isPartOf\":{\"@id\":\"https:\\\/\\\/www.wiredworkers.io\\\/nl\\\/#website\"},\"primaryImageOfPage\":{\"@id\":\"https:\\\/\\\/www.wiredworkers.io\\\/nl\\\/cobot\\\/toepassingen\\\/palletiseren\\\/#primaryimage\"},\"image\":{\"@id\":\"https:\\\/\\\/www.wiredworkers.io\\\/nl\\\/cobot\\\/toepassingen\\\/palletiseren\\\/#primaryimage\"},\"thumbnailUrl\":\"https:\\\/\\\/www.wiredworkers.io\\\/wp-content\\\/uploads\\\/2022\\\/06\\\/Cobot-Palletizing-1.jpg\",\"datePublished\":\"2020-01-03T13:16:28+00:00\",\"dateModified\":\"2024-10-30T12:26:16+00:00\",\"description\":\"Palletiseren kan effici\u00ebnter worden opgezet met collaboratieve robots. Dozen worden met elektrische vacu\u00fcmgrijpers opgepakt en op pallets geplaatst.\",\"breadcrumb\":{\"@id\":\"https:\\\/\\\/www.wiredworkers.io\\\/nl\\\/cobot\\\/toepassingen\\\/palletiseren\\\/#breadcrumb\"},\"inLanguage\":\"nl-NL\",\"potentialAction\":[{\"@type\":\"ReadAction\",\"target\":[\"https:\\\/\\\/www.wiredworkers.io\\\/nl\\\/cobot\\\/toepassingen\\\/palletiseren\\\/\"]}]},{\"@type\":\"ImageObject\",\"inLanguage\":\"nl-NL\",\"@id\":\"https:\\\/\\\/www.wiredworkers.io\\\/nl\\\/cobot\\\/toepassingen\\\/palletiseren\\\/#primaryimage\",\"url\":\"https:\\\/\\\/www.wiredworkers.io\\\/wp-content\\\/uploads\\\/2022\\\/06\\\/Cobot-Palletizing-1.jpg\",\"contentUrl\":\"https:\\\/\\\/www.wiredworkers.io\\\/wp-content\\\/uploads\\\/2022\\\/06\\\/Cobot-Palletizing-1.jpg\",\"width\":1650,\"height\":1113,\"caption\":\"palletizing cobot\"},{\"@type\":\"BreadcrumbList\",\"@id\":\"https:\\\/\\\/www.wiredworkers.io\\\/nl\\\/cobot\\\/toepassingen\\\/palletiseren\\\/#breadcrumb\",\"itemListElement\":[{\"@type\":\"ListItem\",\"position\":1,\"name\":\"WiredWorkers\",\"item\":\"https:\\\/\\\/www.wiredworkers.io\\\/nl\\\/\"},{\"@type\":\"ListItem\",\"position\":2,\"name\":\"Cobot\",\"item\":\"https:\\\/\\\/www.wiredworkers.io\\\/nl\\\/cobot\\\/\"},{\"@type\":\"ListItem\",\"position\":3,\"name\":\"Toepassingen\",\"item\":\"https:\\\/\\\/www.wiredworkers.io\\\/nl\\\/cobot\\\/applications\\\/\"},{\"@type\":\"ListItem\",\"position\":4,\"name\":\"Palletiseren\"}]},{\"@type\":\"WebSite\",\"@id\":\"https:\\\/\\\/www.wiredworkers.io\\\/nl\\\/#website\",\"url\":\"https:\\\/\\\/www.wiredworkers.io\\\/nl\\\/\",\"name\":\"WiredWorkers\",\"description\":\"Robotics at your service\",\"publisher\":{\"@id\":\"https:\\\/\\\/www.wiredworkers.io\\\/nl\\\/#organization\"},\"potentialAction\":[{\"@type\":\"SearchAction\",\"target\":{\"@type\":\"EntryPoint\",\"urlTemplate\":\"https:\\\/\\\/www.wiredworkers.io\\\/nl\\\/?s={search_term_string}\"},\"query-input\":{\"@type\":\"PropertyValueSpecification\",\"valueRequired\":true,\"valueName\":\"search_term_string\"}}],\"inLanguage\":\"nl-NL\"},{\"@type\":\"Organization\",\"@id\":\"https:\\\/\\\/www.wiredworkers.io\\\/nl\\\/#organization\",\"name\":\"WiredWorkers Nederland B.V.\",\"url\":\"https:\\\/\\\/www.wiredworkers.io\\\/nl\\\/\",\"logo\":{\"@type\":\"ImageObject\",\"inLanguage\":\"nl-NL\",\"@id\":\"https:\\\/\\\/www.wiredworkers.io\\\/nl\\\/#\\\/schema\\\/logo\\\/image\\\/\",\"url\":\"https:\\\/\\\/www.wiredworkers.io\\\/wp-content\\\/uploads\\\/2018\\\/06\\\/wiredworkers-company-logo.jpg\",\"contentUrl\":\"https:\\\/\\\/www.wiredworkers.io\\\/wp-content\\\/uploads\\\/2018\\\/06\\\/wiredworkers-company-logo.jpg\",\"width\":1082,\"height\":714,\"caption\":\"WiredWorkers Nederland B.V.\"},\"image\":{\"@id\":\"https:\\\/\\\/www.wiredworkers.io\\\/nl\\\/#\\\/schema\\\/logo\\\/image\\\/\"},\"sameAs\":[\"https:\\\/\\\/www.facebook.com\\\/WiredWorkers\",\"https:\\\/\\\/www.linkedin.com\\\/company\\\/wiredworkers\\\/\"]}]}<\/script>\n<!-- \/ Yoast SEO plugin. -->","yoast_head_json":{"title":"Palletiseren met een cobot | WiredWorkers","description":"Palletiseren kan effici\u00ebnter worden opgezet met collaboratieve robots. Dozen worden met elektrische vacu\u00fcmgrijpers opgepakt en op pallets geplaatst.","robots":{"index":"index","follow":"follow","max-snippet":"max-snippet:-1","max-image-preview":"max-image-preview:large","max-video-preview":"max-video-preview:-1"},"canonical":"https:\/\/www.wiredworkers.io\/nl\/cobot\/toepassingen\/palletiseren\/","og_locale":"nl_NL","og_type":"article","og_title":"Palletiseren met een cobot | WiredWorkers","og_description":"Palletiseren kan effici\u00ebnter worden opgezet met collaboratieve robots. Dozen worden met elektrische vacu\u00fcmgrijpers opgepakt en op pallets geplaatst.","og_url":"https:\/\/www.wiredworkers.io\/nl\/cobot\/toepassingen\/palletiseren\/","og_site_name":"WiredWorkers","article_publisher":"https:\/\/www.facebook.com\/WiredWorkers","article_modified_time":"2024-10-30T12:26:16+00:00","og_image":[{"width":1650,"height":1113,"url":"https:\/\/www.wiredworkers.io\/wp-content\/uploads\/2022\/06\/Cobot-Palletizing-1.jpg","type":"image\/jpeg"}],"twitter_card":"summary_large_image","twitter_misc":{"Verwachte leestijd":"5 minuten"},"schema":{"@context":"https:\/\/schema.org","@graph":[{"@type":"WebPage","@id":"https:\/\/www.wiredworkers.io\/nl\/cobot\/toepassingen\/palletiseren\/","url":"https:\/\/www.wiredworkers.io\/nl\/cobot\/toepassingen\/palletiseren\/","name":"Palletiseren met een cobot | WiredWorkers","isPartOf":{"@id":"https:\/\/www.wiredworkers.io\/nl\/#website"},"primaryImageOfPage":{"@id":"https:\/\/www.wiredworkers.io\/nl\/cobot\/toepassingen\/palletiseren\/#primaryimage"},"image":{"@id":"https:\/\/www.wiredworkers.io\/nl\/cobot\/toepassingen\/palletiseren\/#primaryimage"},"thumbnailUrl":"https:\/\/www.wiredworkers.io\/wp-content\/uploads\/2022\/06\/Cobot-Palletizing-1.jpg","datePublished":"2020-01-03T13:16:28+00:00","dateModified":"2024-10-30T12:26:16+00:00","description":"Palletiseren kan effici\u00ebnter worden opgezet met collaboratieve robots. Dozen worden met elektrische vacu\u00fcmgrijpers opgepakt en op pallets geplaatst.","breadcrumb":{"@id":"https:\/\/www.wiredworkers.io\/nl\/cobot\/toepassingen\/palletiseren\/#breadcrumb"},"inLanguage":"nl-NL","potentialAction":[{"@type":"ReadAction","target":["https:\/\/www.wiredworkers.io\/nl\/cobot\/toepassingen\/palletiseren\/"]}]},{"@type":"ImageObject","inLanguage":"nl-NL","@id":"https:\/\/www.wiredworkers.io\/nl\/cobot\/toepassingen\/palletiseren\/#primaryimage","url":"https:\/\/www.wiredworkers.io\/wp-content\/uploads\/2022\/06\/Cobot-Palletizing-1.jpg","contentUrl":"https:\/\/www.wiredworkers.io\/wp-content\/uploads\/2022\/06\/Cobot-Palletizing-1.jpg","width":1650,"height":1113,"caption":"palletizing cobot"},{"@type":"BreadcrumbList","@id":"https:\/\/www.wiredworkers.io\/nl\/cobot\/toepassingen\/palletiseren\/#breadcrumb","itemListElement":[{"@type":"ListItem","position":1,"name":"WiredWorkers","item":"https:\/\/www.wiredworkers.io\/nl\/"},{"@type":"ListItem","position":2,"name":"Cobot","item":"https:\/\/www.wiredworkers.io\/nl\/cobot\/"},{"@type":"ListItem","position":3,"name":"Toepassingen","item":"https:\/\/www.wiredworkers.io\/nl\/cobot\/applications\/"},{"@type":"ListItem","position":4,"name":"Palletiseren"}]},{"@type":"WebSite","@id":"https:\/\/www.wiredworkers.io\/nl\/#website","url":"https:\/\/www.wiredworkers.io\/nl\/","name":"WiredWorkers","description":"Robotics at your service","publisher":{"@id":"https:\/\/www.wiredworkers.io\/nl\/#organization"},"potentialAction":[{"@type":"SearchAction","target":{"@type":"EntryPoint","urlTemplate":"https:\/\/www.wiredworkers.io\/nl\/?s={search_term_string}"},"query-input":{"@type":"PropertyValueSpecification","valueRequired":true,"valueName":"search_term_string"}}],"inLanguage":"nl-NL"},{"@type":"Organization","@id":"https:\/\/www.wiredworkers.io\/nl\/#organization","name":"WiredWorkers Nederland B.V.","url":"https:\/\/www.wiredworkers.io\/nl\/","logo":{"@type":"ImageObject","inLanguage":"nl-NL","@id":"https:\/\/www.wiredworkers.io\/nl\/#\/schema\/logo\/image\/","url":"https:\/\/www.wiredworkers.io\/wp-content\/uploads\/2018\/06\/wiredworkers-company-logo.jpg","contentUrl":"https:\/\/www.wiredworkers.io\/wp-content\/uploads\/2018\/06\/wiredworkers-company-logo.jpg","width":1082,"height":714,"caption":"WiredWorkers Nederland B.V."},"image":{"@id":"https:\/\/www.wiredworkers.io\/nl\/#\/schema\/logo\/image\/"},"sameAs":["https:\/\/www.facebook.com\/WiredWorkers","https:\/\/www.linkedin.com\/company\/wiredworkers\/"]}]}},"_links":{"self":[{"href":"https:\/\/www.wiredworkers.io\/nl\/wp-json\/wp\/v2\/pages\/7808","targetHints":{"allow":["GET"]}}],"collection":[{"href":"https:\/\/www.wiredworkers.io\/nl\/wp-json\/wp\/v2\/pages"}],"about":[{"href":"https:\/\/www.wiredworkers.io\/nl\/wp-json\/wp\/v2\/types\/page"}],"author":[{"embeddable":true,"href":"https:\/\/www.wiredworkers.io\/nl\/wp-json\/wp\/v2\/users\/3"}],"replies":[{"embeddable":true,"href":"https:\/\/www.wiredworkers.io\/nl\/wp-json\/wp\/v2\/comments?post=7808"}],"version-history":[{"count":14,"href":"https:\/\/www.wiredworkers.io\/nl\/wp-json\/wp\/v2\/pages\/7808\/revisions"}],"predecessor-version":[{"id":24315,"href":"https:\/\/www.wiredworkers.io\/nl\/wp-json\/wp\/v2\/pages\/7808\/revisions\/24315"}],"up":[{"embeddable":true,"href":"https:\/\/www.wiredworkers.io\/nl\/wp-json\/wp\/v2\/pages\/15336"}],"wp:featuredmedia":[{"embeddable":true,"href":"https:\/\/www.wiredworkers.io\/nl\/wp-json\/wp\/v2\/media\/17590"}],"wp:attachment":[{"href":"https:\/\/www.wiredworkers.io\/nl\/wp-json\/wp\/v2\/media?parent=7808"}],"wp:term":[{"taxonomy":"category","embeddable":true,"href":"https:\/\/www.wiredworkers.io\/nl\/wp-json\/wp\/v2\/categories?post=7808"},{"taxonomy":"post_tag","embeddable":true,"href":"https:\/\/www.wiredworkers.io\/nl\/wp-json\/wp\/v2\/tags?post=7808"}],"curies":[{"name":"wp","href":"https:\/\/api.w.org\/{rel}","templated":true}]}}