{"id":7823,"date":"2020-01-03T14:55:20","date_gmt":"2020-01-03T12:55:20","guid":{"rendered":"https:\/\/wiredworkers.io\/bin-picking\/"},"modified":"2024-03-04T15:27:43","modified_gmt":"2024-03-04T13:27:43","slug":"bin-picking","status":"publish","type":"page","link":"https:\/\/www.wiredworkers.io\/nl\/cobot\/toepassingen\/bin-picking\/","title":{"rendered":"Bin Picking"},"content":{"rendered":"\n\n\t<nav id=\"breadcrumbs\" aria-label=\"Breadcrumbs\"><a href=\"https:\/\/www.wiredworkers.io\/nl\/\">WiredWorkers<\/a> \u279c <a href=\"https:\/\/www.wiredworkers.io\/nl\/cobot\/\">Cobot<\/a> \u279c <a href=\"https:\/\/www.wiredworkers.io\/nl\/cobot\/applications\/\">Toepassingen<\/a> \u279c Bin Picking<\/nav><h1>\n\t\tBin picking met een cobot\n\t<\/h1>\n\t<p>Bin picking is vergelijkbaar met pick-and-place, alleen worden de objecten hier niet op een gestandaardiseerde manier aangeleverd. Dankzij slimme software en vision technologie herkent de cobot objecten in een bak en pakt ze \u00e9\u00e9n voor \u00e9\u00e9n op. Handig voor bijvoorbeeld het bevoorraden van een transportband.<\/p>\n<h2>\n\t\tBin picking met een collaboratieve robot\n\t<\/h2>\n\t<p>Bin picking is een pick-and-place toepassing met vision technologie. Twee van de meest geavanceerde moderne automatiseringstechnologie\u00ebn komen hier samen: robots en computer vision. Dit cre\u00ebert nieuwe automatiseringsmogelijkheden. Dankzij 3D vision zijn robots in staat producten in een bak te herkennen en op te pakken. Dit betekent dat onderdelen en producten niet langer op een gestandaardiseerde manier aan de robot hoeven te worden aangeboden. De robot onderscheidt producten en pakt ze dus \u00e9\u00e9n voor \u00e9\u00e9n op. Bin picking verandert de manier waarop we naar de mogelijkheden van een robot kijken. Voorheen was de aanvoer en herhaalbaarheid van een taak erg belangrijk. Waar een cobot eerst een gestandaardiseerde aanvoer van producten van een transportband moest ontvangen, kan de robot nu zelf deze transportband beladen nadat de producten in bulk zijn aangeleverd.<\/p>\n\t\t\t\t<img decoding=\"async\" data-src=\"https:\/\/www.wiredworkers.io\/wp-content\/uploads\/2021\/09\/bin-picking.jpg\" alt=\"bin picking with a cobot\" itemprop=\"image\" height=\"720\" width=\"1280\" title=\"bin picking\" onerror=\"this.style.display='none'\" src=\"data:image\/svg+xml;base64,PHN2ZyB3aWR0aD0iMSIgaGVpZ2h0PSIxIiB4bWxucz0iaHR0cDovL3d3dy53My5vcmcvMjAwMC9zdmciPjwvc3ZnPg==\" class=\"lazyload\" style=\"--smush-placeholder-width: 1280px; --smush-placeholder-aspect-ratio: 1280\/720;\" \/>\n<h2>\n\t\tCobot bin picking video\n\t<\/h2>\n\t<p>Bekijk de video hieronder waarin een cobot een bin picking toepassing uitvoert met behulp van vision.<\/p>\n\t<iframe title=\"Bin Picking met een Pickit 3D vision systeem en een Techman Robot.\" width=\"500\" height=\"281\" data-src=\"https:\/\/www.youtube.com\/embed\/tcKocriDumI?feature=oembed\" frameborder=\"0\" allow=\"accelerometer; autoplay; clipboard-write; encrypted-media; gyroscope; picture-in-picture; web-share\" allowfullscreen src=\"data:image\/svg+xml;base64,PHN2ZyB3aWR0aD0iMSIgaGVpZ2h0PSIxIiB4bWxucz0iaHR0cDovL3d3dy53My5vcmcvMjAwMC9zdmciPjwvc3ZnPg==\" class=\"lazyload\" data-load-mode=\"1\"><\/iframe>\n<h2>\n\t\tCobot bin picking voordelen\n\t<\/h2>\n\t\t<ul>\n\t\t\t\t\t<li>\n\t\t\t\t<h4>Kostenbesparing<\/h4>\nRobots besparen op personeelskosten\n\t\t\t<\/li>\n\t\t\t\t\t<li>\n\t\t\t\t<h4>Verhoging van productiviteit<\/h4>\nPersoneelsleden kunnen ander werk verrichten\n\t\t\t<\/li>\n\t\t\t\t\t<li>\n\t\t\t\t<h4>Benut de volledige capaciteit<\/h4>\nHaal meer uit het personeel\n\t\t\t<\/li>\n\t\t\t\t\t<li>\n\t\t\t\t<h4>Voorkom aandoeningen<\/h4>\nRobots verlossen arbeiders van gevaarlijk werk\n\t\t\t<\/li>\n\t\t\t\t\t<li>\n\t\t\t\t<h4>Geen concentratieverlies<\/h4>\nRobots verliezen nooit hun concentratie\n\t\t\t<\/li>\n\t\t\t\t\t<li>\n\t\t\t\t<h4>Consistente kwaliteit output<\/h4>\n\t\tRobots werken altijd op dezelfde manier\t\t\t\n\t\t\t<\/li>\n\t\t\t\t<\/ul>\n\t\t\t\t<img decoding=\"async\" data-src=\"https:\/\/www.wiredworkers.io\/wp-content\/uploads\/2020\/07\/UR_16e_07-896x1024.png\" alt=\"UR16e | universal robot | cobot\" itemprop=\"image\" height=\"1024\" width=\"896\" title=\"Universal Robots UR16e\" onerror=\"this.style.display='none'\" src=\"data:image\/svg+xml;base64,PHN2ZyB3aWR0aD0iMSIgaGVpZ2h0PSIxIiB4bWxucz0iaHR0cDovL3d3dy53My5vcmcvMjAwMC9zdmciPjwvc3ZnPg==\" class=\"lazyload\" style=\"--smush-placeholder-width: 896px; --smush-placeholder-aspect-ratio: 896\/1024;\" \/>\n  <a href=\"https:\/\/cta-service-cms2.hubspot.com\/web-interactives\/public\/v1\/track\/redirect?encryptedPayload=AVxigLIuRjhla26olcu5AQjnYLBUTuMadSx7iMdzHAcEfwXBw8ZkPDNbt4c02ty2WnXdhKSpsl%2FB1d2we1lht%2Fh5guifVPUFntL5iMtKuMFTf1v0Yjs%3D&#038;webInteractiveContentId=153866400001&#038;portalId=19989853\" target=\"_blank\" rel=\"noopener\" crossorigin=\"anonymous\">\n    <img decoding=\"async\" alt=\"Ontdek hoe we jouw productie verbeteren Boek een gratis online adviesgesprek! &nbsp;\" data-src=\"https:\/\/no-cache.hubspot.com\/cta\/default\/19989853\/interactive-153866400001.png\"\n      onerror=\"this.style.display='none'\" src=\"data:image\/svg+xml;base64,PHN2ZyB3aWR0aD0iMSIgaGVpZ2h0PSIxIiB4bWxucz0iaHR0cDovL3d3dy53My5vcmcvMjAwMC9zdmciPjwvc3ZnPg==\" class=\"lazyload\" \/>\n  <\/a>\n<h2>\n\t\tVision vergroot de mogelijkheden\n\t<\/h2>\n\t<p>Dankzij vision, slimme software, machine learning en kunstmatige intelligentie worden de mogelijkheden van bin picking veel groter. Software wordt steeds geavanceerder, waardoor het mogelijk wordt om ook kleuren, vormen en maten te herkennen. Het is daardoor mogelijk om de robot een bak met objecten aan te bieden, die vervolgens op kenmerk gesorteerd kunnen worden. Cobots kenmerken zich door hun gebruiksvriendelijkheid, zodat een bin picking toepassing in een mum van tijd is opgezet.<\/p>\n\t\t\t\t<img decoding=\"async\" data-src=\"https:\/\/www.wiredworkers.io\/wp-content\/uploads\/2021\/12\/simple-programming-of-actinav-bin-picking1-1.jpg\" alt=\"bin picking with a cobot\" itemprop=\"image\" height=\"534\" width=\"950\" title=\"simple-programming-of-actinav-bin-picking1 (1)\" onerror=\"this.style.display='none'\" src=\"data:image\/svg+xml;base64,PHN2ZyB3aWR0aD0iMSIgaGVpZ2h0PSIxIiB4bWxucz0iaHR0cDovL3d3dy53My5vcmcvMjAwMC9zdmciPjwvc3ZnPg==\" class=\"lazyload\" style=\"--smush-placeholder-width: 950px; --smush-placeholder-aspect-ratio: 950\/534;\" \/>\n<h2>\n\t\tAndere toepassingen\n\t<\/h2>\n\t<meta itemscope itemprop=\"mainEntityOfPage\" itemtype=\"https:\/\/schema.org\/WebPage\" itemid=\"http:\/\/17217\" content=\"Solderen\" \/><meta itemprop=\"datePublished\" content=\"2022-04-20\" \/><meta itemprop=\"dateModified\" content=\"2023-05-11\" \/><meta itemprop=\"name\" content=\"WiredWorkers\"\/><meta itemprop=\"url\" content=\"https:\/\/www.wiredworkers.io\/wp-content\/uploads\/2018\/01\/cropped-wiredworkers-logo-white.png\"\/><meta itemprop=\"url\" content=\"https:\/\/www.wiredworkers.io\/nl\/author\/robbinmennings\/\" \/><meta itemprop=\"name\" content=\"Robbin Mennings\" \/><meta itemprop=\"url\" content=\"https:\/\/www.wiredworkers.io\/wp-content\/uploads\/2022\/04\/UR-Soldering.jpg\" \/><meta itemprop=\"width\" content=\"600\" \/><meta itemprop=\"height\" content=\"650\" \/><meta itemprop=\"interactionType\" content=\"https:\/\/schema.org\/CommentAction\" \/><meta itemprop=\"userInteractionCount\" content=\"0\" \/>\n\t\t\t\t\t<a href=\"https:\/\/www.wiredworkers.io\/nl\/cobot\/toepassingen\/solderen\/\" title=\"Solderen\"><\/a>\n\t\t\t\t<img decoding=\"async\" src=\"https:\/\/www.wiredworkers.io\/wp-content\/uploads\/2022\/04\/UR-Soldering-350x250.jpg\" alt=\"UR Soldering\" itemprop=\"image\" data-no-lazy=\"1\" height=\"250\" width=\"350\" title=\"UR Soldering\" onerror=\"this.style.display='none'\"  \/>\n\t\t\t\t\t\t\t\t\t<h4 itemprop=\"headline\">\n\t\t\t\t\t\t\t\t\t\t\t\t\t\tSolderen\t\t\t\t\t\t\t\t\t\t\t<\/h4>\n\t<meta itemscope itemprop=\"mainEntityOfPage\" itemtype=\"https:\/\/schema.org\/WebPage\" itemid=\"http:\/\/17183\" content=\"Kwaliteitstesten en -inspectie\" \/><meta itemprop=\"datePublished\" content=\"2022-04-19\" \/><meta itemprop=\"dateModified\" content=\"2023-05-11\" \/><meta itemprop=\"name\" content=\"WiredWorkers\"\/><meta itemprop=\"url\" content=\"https:\/\/www.wiredworkers.io\/wp-content\/uploads\/2018\/01\/cropped-wiredworkers-logo-white.png\"\/><meta itemprop=\"url\" content=\"https:\/\/www.wiredworkers.io\/nl\/author\/robbinmennings\/\" \/><meta itemprop=\"name\" content=\"Robbin Mennings\" \/><meta itemprop=\"url\" content=\"https:\/\/www.wiredworkers.io\/wp-content\/uploads\/2022\/03\/Chip-Testing-thumbnail-e1646838731278.png\" \/><meta itemprop=\"width\" content=\"1901\" \/><meta itemprop=\"height\" content=\"1079\" \/><meta itemprop=\"interactionType\" content=\"https:\/\/schema.org\/CommentAction\" \/><meta itemprop=\"userInteractionCount\" content=\"0\" \/>\n\t\t\t\t\t<a href=\"https:\/\/www.wiredworkers.io\/nl\/cobot\/toepassingen\/kwaliteitstesten-en-inspectie\/\" title=\"Kwaliteitstesten en -inspectie\"><\/a>\n\t\t\t\t<img decoding=\"async\" src=\"https:\/\/www.wiredworkers.io\/wp-content\/uploads\/2022\/03\/Chip-Testing-thumbnail-350x250.png\" alt=\"quality testing and inspection with a cobot\" itemprop=\"image\" data-no-lazy=\"1\" height=\"250\" width=\"350\" title=\"Chip Testing thumbnail\" onerror=\"this.style.display='none'\"  \/>\n\t\t\t\t\t\t\t\t\t<h4 itemprop=\"headline\">\n\t\t\t\t\t\t\t\t\t\t\t\t\t\tKwaliteitstesten en -inspectie\t\t\t\t\t\t\t\t\t\t\t<\/h4>\n\t<meta itemscope itemprop=\"mainEntityOfPage\" itemtype=\"https:\/\/schema.org\/WebPage\" itemid=\"http:\/\/17132\" content=\"Pick and place\" \/><meta itemprop=\"datePublished\" content=\"2022-04-19\" \/><meta itemprop=\"dateModified\" content=\"2023-11-17\" \/><meta itemprop=\"name\" content=\"WiredWorkers\"\/><meta itemprop=\"url\" content=\"https:\/\/www.wiredworkers.io\/wp-content\/uploads\/2018\/01\/cropped-wiredworkers-logo-white.png\"\/><meta itemprop=\"url\" content=\"https:\/\/www.wiredworkers.io\/nl\/author\/robbinmennings\/\" \/><meta itemprop=\"name\" content=\"Robbin Mennings\" \/><meta itemprop=\"url\" content=\"https:\/\/www.wiredworkers.io\/wp-content\/uploads\/2023\/05\/DSC00981-scaled.jpg\" \/><meta itemprop=\"width\" content=\"2560\" \/><meta itemprop=\"height\" content=\"1707\" \/><meta itemprop=\"interactionType\" content=\"https:\/\/schema.org\/CommentAction\" \/><meta itemprop=\"userInteractionCount\" content=\"0\" \/>\n\t\t\t\t\t<a href=\"https:\/\/www.wiredworkers.io\/nl\/cobot\/toepassingen\/pick-and-place\/\" title=\"Pick and place\"><\/a>\n\t\t\t\t<img decoding=\"async\" src=\"https:\/\/www.wiredworkers.io\/wp-content\/uploads\/2023\/05\/DSC00981-350x250.jpg\" alt=\"pick and place with a cobot\" itemprop=\"image\" data-no-lazy=\"1\" height=\"250\" width=\"350\" title=\"DSC00981\" onerror=\"this.style.display='none'\"  \/>\n\t\t\t\t\t\t\t\t\t<h4 itemprop=\"headline\">\n\t\t\t\t\t\t\t\t\t\t\t\t\t\tPick and place\t\t\t\t\t\t\t\t\t\t\t<\/h4>\n\t\t\t\t<ul class='page-numbers'>\n\t<li>1<\/li>\n\t<li><a href=\"https:\/\/www.wiredworkers.io\/nl\/page\/2\/?page_id=7823&#038;fl_builder\">2<\/a><\/li>\n\t<li><a href=\"https:\/\/www.wiredworkers.io\/nl\/page\/3\/?page_id=7823&#038;fl_builder\">3<\/a><\/li>\n\t<li><a href=\"https:\/\/www.wiredworkers.io\/nl\/page\/2\/?page_id=7823&#038;fl_builder\">Volgende &raquo;<\/a><\/li>\n<\/ul>\n\t\t<!-- .pp-content-posts -->\n\n","protected":false},"excerpt":{"rendered":"<p>WiredWorkers \u279c Cobot \u279c Toepassingen \u279c Bin Picking Bin picking met een cobot Bin picking is vergelijkbaar met pick-and-place, alleen worden de objecten hier niet op een gestandaardiseerde manier aangeleverd. Dankzij slimme software en vision technologie herkent de cobot objecten in een bak en pakt ze \u00e9\u00e9n voor \u00e9\u00e9n op. Handig voor bijvoorbeeld het bevoorraden [&hellip;]<\/p>\n","protected":false},"author":3,"featured_media":15340,"parent":15336,"menu_order":5,"comment_status":"closed","ping_status":"closed","template":"","meta":{"_acf_changed":false,"site-sidebar-layout":"default","site-content-layout":"default","ast-site-content-layout":"default","site-content-style":"default","site-sidebar-style":"default","ast-global-header-display":"","ast-banner-title-visibility":"","ast-main-header-display":"","ast-hfb-above-header-display":"","ast-hfb-below-header-display":"","ast-hfb-mobile-header-display":"","site-post-title":"","ast-breadcrumbs-content":"","ast-featured-img":"disabled","footer-sml-layout":"","ast-disable-related-posts":"","theme-transparent-header-meta":"default","adv-header-id-meta":"","stick-header-meta":"default","header-above-stick-meta":"","header-main-stick-meta":"","header-below-stick-meta":"","astra-migrate-meta-layouts":"default","ast-page-background-enabled":"default","ast-page-background-meta":{"desktop":{"background-color":"","background-image":"","background-repeat":"repeat","background-position":"center center","background-size":"auto","background-attachment":"scroll","background-type":"","background-media":"","overlay-type":"","overlay-color":"","overlay-opacity":"","overlay-gradient":""},"tablet":{"background-color":"","background-image":"","background-repeat":"repeat","background-position":"center center","background-size":"auto","background-attachment":"scroll","background-type":"","background-media":"","overlay-type":"","overlay-color":"","overlay-opacity":"","overlay-gradient":""},"mobile":{"background-color":"","background-image":"","background-repeat":"repeat","background-position":"center center","background-size":"auto","background-attachment":"scroll","background-type":"","background-media":"","overlay-type":"","overlay-color":"","overlay-opacity":"","overlay-gradient":""}},"ast-content-background-meta":{"desktop":{"background-color":"var(--ast-global-color-5)","background-image":"","background-repeat":"repeat","background-position":"center center","background-size":"auto","background-attachment":"scroll","background-type":"","background-media":"","overlay-type":"","overlay-color":"","overlay-opacity":"","overlay-gradient":""},"tablet":{"background-color":"var(--ast-global-color-5)","background-image":"","background-repeat":"repeat","background-position":"center center","background-size":"auto","background-attachment":"scroll","background-type":"","background-media":"","overlay-type":"","overlay-color":"","overlay-opacity":"","overlay-gradient":""},"mobile":{"background-color":"var(--ast-global-color-5)","background-image":"","background-repeat":"repeat","background-position":"center center","background-size":"auto","background-attachment":"scroll","background-type":"","background-media":"","overlay-type":"","overlay-color":"","overlay-opacity":"","overlay-gradient":""}},"footnotes":""},"categories":[343],"tags":[],"class_list":["post-7823","page","type-page","status-publish","has-post-thumbnail","hentry","category-toepassingen"],"acf":[],"yoast_head":"<!-- This site is optimized with the Yoast SEO plugin v27.4 - https:\/\/yoast.com\/product\/yoast-seo-wordpress\/ -->\n<title>Bin picking met een cobot | Collaboratieve robot bin picking<\/title>\n<meta name=\"description\" content=\"Bin picking is een ingewikkelde pick and place toepassing. Bij bin picking worden voorwerpen op een ongestructureerde manier in bulk aan de robot aangeboden.\" \/>\n<meta name=\"robots\" content=\"index, follow, max-snippet:-1, max-image-preview:large, max-video-preview:-1\" \/>\n<link rel=\"canonical\" href=\"https:\/\/www.wiredworkers.io\/nl\/cobot\/toepassingen\/bin-picking\/\" \/>\n<meta property=\"og:locale\" content=\"nl_NL\" \/>\n<meta property=\"og:type\" content=\"article\" \/>\n<meta property=\"og:title\" content=\"Bin picking met een cobot | Collaboratieve robot bin picking\" \/>\n<meta property=\"og:description\" content=\"Bin picking is een ingewikkelde pick and place toepassing. Bij bin picking worden voorwerpen op een ongestructureerde manier in bulk aan de robot aangeboden.\" \/>\n<meta property=\"og:url\" content=\"https:\/\/www.wiredworkers.io\/nl\/cobot\/toepassingen\/bin-picking\/\" \/>\n<meta property=\"og:site_name\" content=\"WiredWorkers\" \/>\n<meta property=\"article:publisher\" content=\"https:\/\/www.facebook.com\/WiredWorkers\" \/>\n<meta property=\"article:modified_time\" content=\"2024-03-04T13:27:43+00:00\" \/>\n<meta property=\"og:image\" content=\"https:\/\/www.wiredworkers.io\/wp-content\/uploads\/2021\/09\/bin-picking.jpg\" \/>\n\t<meta property=\"og:image:width\" content=\"1280\" \/>\n\t<meta property=\"og:image:height\" content=\"720\" \/>\n\t<meta property=\"og:image:type\" content=\"image\/jpeg\" \/>\n<meta name=\"twitter:card\" content=\"summary_large_image\" \/>\n<meta name=\"twitter:label1\" content=\"Verwachte leestijd\" \/>\n\t<meta name=\"twitter:data1\" content=\"5 minuten\" \/>\n<script type=\"application\/ld+json\" class=\"yoast-schema-graph\">{\"@context\":\"https:\\\/\\\/schema.org\",\"@graph\":[{\"@type\":\"WebPage\",\"@id\":\"https:\\\/\\\/www.wiredworkers.io\\\/nl\\\/cobot\\\/toepassingen\\\/bin-picking\\\/\",\"url\":\"https:\\\/\\\/www.wiredworkers.io\\\/nl\\\/cobot\\\/toepassingen\\\/bin-picking\\\/\",\"name\":\"Bin picking met een cobot | Collaboratieve robot bin picking\",\"isPartOf\":{\"@id\":\"https:\\\/\\\/www.wiredworkers.io\\\/nl\\\/#website\"},\"primaryImageOfPage\":{\"@id\":\"https:\\\/\\\/www.wiredworkers.io\\\/nl\\\/cobot\\\/toepassingen\\\/bin-picking\\\/#primaryimage\"},\"image\":{\"@id\":\"https:\\\/\\\/www.wiredworkers.io\\\/nl\\\/cobot\\\/toepassingen\\\/bin-picking\\\/#primaryimage\"},\"thumbnailUrl\":\"https:\\\/\\\/www.wiredworkers.io\\\/wp-content\\\/uploads\\\/2021\\\/09\\\/bin-picking.jpg\",\"datePublished\":\"2020-01-03T12:55:20+00:00\",\"dateModified\":\"2024-03-04T13:27:43+00:00\",\"description\":\"Bin picking is een ingewikkelde pick and place toepassing. Bij bin picking worden voorwerpen op een ongestructureerde manier in bulk aan de robot aangeboden.\",\"breadcrumb\":{\"@id\":\"https:\\\/\\\/www.wiredworkers.io\\\/nl\\\/cobot\\\/toepassingen\\\/bin-picking\\\/#breadcrumb\"},\"inLanguage\":\"nl-NL\",\"potentialAction\":[{\"@type\":\"ReadAction\",\"target\":[\"https:\\\/\\\/www.wiredworkers.io\\\/nl\\\/cobot\\\/toepassingen\\\/bin-picking\\\/\"]}]},{\"@type\":\"ImageObject\",\"inLanguage\":\"nl-NL\",\"@id\":\"https:\\\/\\\/www.wiredworkers.io\\\/nl\\\/cobot\\\/toepassingen\\\/bin-picking\\\/#primaryimage\",\"url\":\"https:\\\/\\\/www.wiredworkers.io\\\/wp-content\\\/uploads\\\/2021\\\/09\\\/bin-picking.jpg\",\"contentUrl\":\"https:\\\/\\\/www.wiredworkers.io\\\/wp-content\\\/uploads\\\/2021\\\/09\\\/bin-picking.jpg\",\"width\":1280,\"height\":720},{\"@type\":\"BreadcrumbList\",\"@id\":\"https:\\\/\\\/www.wiredworkers.io\\\/nl\\\/cobot\\\/toepassingen\\\/bin-picking\\\/#breadcrumb\",\"itemListElement\":[{\"@type\":\"ListItem\",\"position\":1,\"name\":\"WiredWorkers\",\"item\":\"https:\\\/\\\/www.wiredworkers.io\\\/nl\\\/\"},{\"@type\":\"ListItem\",\"position\":2,\"name\":\"Cobot\",\"item\":\"https:\\\/\\\/www.wiredworkers.io\\\/nl\\\/cobot\\\/\"},{\"@type\":\"ListItem\",\"position\":3,\"name\":\"Toepassingen\",\"item\":\"https:\\\/\\\/www.wiredworkers.io\\\/nl\\\/cobot\\\/applications\\\/\"},{\"@type\":\"ListItem\",\"position\":4,\"name\":\"Bin Picking\"}]},{\"@type\":\"WebSite\",\"@id\":\"https:\\\/\\\/www.wiredworkers.io\\\/nl\\\/#website\",\"url\":\"https:\\\/\\\/www.wiredworkers.io\\\/nl\\\/\",\"name\":\"WiredWorkers\",\"description\":\"Robotics at your service\",\"publisher\":{\"@id\":\"https:\\\/\\\/www.wiredworkers.io\\\/nl\\\/#organization\"},\"potentialAction\":[{\"@type\":\"SearchAction\",\"target\":{\"@type\":\"EntryPoint\",\"urlTemplate\":\"https:\\\/\\\/www.wiredworkers.io\\\/nl\\\/?s={search_term_string}\"},\"query-input\":{\"@type\":\"PropertyValueSpecification\",\"valueRequired\":true,\"valueName\":\"search_term_string\"}}],\"inLanguage\":\"nl-NL\"},{\"@type\":\"Organization\",\"@id\":\"https:\\\/\\\/www.wiredworkers.io\\\/nl\\\/#organization\",\"name\":\"WiredWorkers Nederland B.V.\",\"url\":\"https:\\\/\\\/www.wiredworkers.io\\\/nl\\\/\",\"logo\":{\"@type\":\"ImageObject\",\"inLanguage\":\"nl-NL\",\"@id\":\"https:\\\/\\\/www.wiredworkers.io\\\/nl\\\/#\\\/schema\\\/logo\\\/image\\\/\",\"url\":\"https:\\\/\\\/www.wiredworkers.io\\\/wp-content\\\/uploads\\\/2018\\\/06\\\/wiredworkers-company-logo.jpg\",\"contentUrl\":\"https:\\\/\\\/www.wiredworkers.io\\\/wp-content\\\/uploads\\\/2018\\\/06\\\/wiredworkers-company-logo.jpg\",\"width\":1082,\"height\":714,\"caption\":\"WiredWorkers Nederland B.V.\"},\"image\":{\"@id\":\"https:\\\/\\\/www.wiredworkers.io\\\/nl\\\/#\\\/schema\\\/logo\\\/image\\\/\"},\"sameAs\":[\"https:\\\/\\\/www.facebook.com\\\/WiredWorkers\",\"https:\\\/\\\/www.linkedin.com\\\/company\\\/wiredworkers\\\/\"]}]}<\/script>\n<!-- \/ Yoast SEO plugin. -->","yoast_head_json":{"title":"Bin picking met een cobot | Collaboratieve robot bin picking","description":"Bin picking is een ingewikkelde pick and place toepassing. Bij bin picking worden voorwerpen op een ongestructureerde manier in bulk aan de robot aangeboden.","robots":{"index":"index","follow":"follow","max-snippet":"max-snippet:-1","max-image-preview":"max-image-preview:large","max-video-preview":"max-video-preview:-1"},"canonical":"https:\/\/www.wiredworkers.io\/nl\/cobot\/toepassingen\/bin-picking\/","og_locale":"nl_NL","og_type":"article","og_title":"Bin picking met een cobot | Collaboratieve robot bin picking","og_description":"Bin picking is een ingewikkelde pick and place toepassing. Bij bin picking worden voorwerpen op een ongestructureerde manier in bulk aan de robot aangeboden.","og_url":"https:\/\/www.wiredworkers.io\/nl\/cobot\/toepassingen\/bin-picking\/","og_site_name":"WiredWorkers","article_publisher":"https:\/\/www.facebook.com\/WiredWorkers","article_modified_time":"2024-03-04T13:27:43+00:00","og_image":[{"width":1280,"height":720,"url":"https:\/\/www.wiredworkers.io\/wp-content\/uploads\/2021\/09\/bin-picking.jpg","type":"image\/jpeg"}],"twitter_card":"summary_large_image","twitter_misc":{"Verwachte leestijd":"5 minuten"},"schema":{"@context":"https:\/\/schema.org","@graph":[{"@type":"WebPage","@id":"https:\/\/www.wiredworkers.io\/nl\/cobot\/toepassingen\/bin-picking\/","url":"https:\/\/www.wiredworkers.io\/nl\/cobot\/toepassingen\/bin-picking\/","name":"Bin picking met een cobot | Collaboratieve robot bin picking","isPartOf":{"@id":"https:\/\/www.wiredworkers.io\/nl\/#website"},"primaryImageOfPage":{"@id":"https:\/\/www.wiredworkers.io\/nl\/cobot\/toepassingen\/bin-picking\/#primaryimage"},"image":{"@id":"https:\/\/www.wiredworkers.io\/nl\/cobot\/toepassingen\/bin-picking\/#primaryimage"},"thumbnailUrl":"https:\/\/www.wiredworkers.io\/wp-content\/uploads\/2021\/09\/bin-picking.jpg","datePublished":"2020-01-03T12:55:20+00:00","dateModified":"2024-03-04T13:27:43+00:00","description":"Bin picking is een ingewikkelde pick and place toepassing. Bij bin picking worden voorwerpen op een ongestructureerde manier in bulk aan de robot aangeboden.","breadcrumb":{"@id":"https:\/\/www.wiredworkers.io\/nl\/cobot\/toepassingen\/bin-picking\/#breadcrumb"},"inLanguage":"nl-NL","potentialAction":[{"@type":"ReadAction","target":["https:\/\/www.wiredworkers.io\/nl\/cobot\/toepassingen\/bin-picking\/"]}]},{"@type":"ImageObject","inLanguage":"nl-NL","@id":"https:\/\/www.wiredworkers.io\/nl\/cobot\/toepassingen\/bin-picking\/#primaryimage","url":"https:\/\/www.wiredworkers.io\/wp-content\/uploads\/2021\/09\/bin-picking.jpg","contentUrl":"https:\/\/www.wiredworkers.io\/wp-content\/uploads\/2021\/09\/bin-picking.jpg","width":1280,"height":720},{"@type":"BreadcrumbList","@id":"https:\/\/www.wiredworkers.io\/nl\/cobot\/toepassingen\/bin-picking\/#breadcrumb","itemListElement":[{"@type":"ListItem","position":1,"name":"WiredWorkers","item":"https:\/\/www.wiredworkers.io\/nl\/"},{"@type":"ListItem","position":2,"name":"Cobot","item":"https:\/\/www.wiredworkers.io\/nl\/cobot\/"},{"@type":"ListItem","position":3,"name":"Toepassingen","item":"https:\/\/www.wiredworkers.io\/nl\/cobot\/applications\/"},{"@type":"ListItem","position":4,"name":"Bin Picking"}]},{"@type":"WebSite","@id":"https:\/\/www.wiredworkers.io\/nl\/#website","url":"https:\/\/www.wiredworkers.io\/nl\/","name":"WiredWorkers","description":"Robotics at your service","publisher":{"@id":"https:\/\/www.wiredworkers.io\/nl\/#organization"},"potentialAction":[{"@type":"SearchAction","target":{"@type":"EntryPoint","urlTemplate":"https:\/\/www.wiredworkers.io\/nl\/?s={search_term_string}"},"query-input":{"@type":"PropertyValueSpecification","valueRequired":true,"valueName":"search_term_string"}}],"inLanguage":"nl-NL"},{"@type":"Organization","@id":"https:\/\/www.wiredworkers.io\/nl\/#organization","name":"WiredWorkers Nederland B.V.","url":"https:\/\/www.wiredworkers.io\/nl\/","logo":{"@type":"ImageObject","inLanguage":"nl-NL","@id":"https:\/\/www.wiredworkers.io\/nl\/#\/schema\/logo\/image\/","url":"https:\/\/www.wiredworkers.io\/wp-content\/uploads\/2018\/06\/wiredworkers-company-logo.jpg","contentUrl":"https:\/\/www.wiredworkers.io\/wp-content\/uploads\/2018\/06\/wiredworkers-company-logo.jpg","width":1082,"height":714,"caption":"WiredWorkers Nederland B.V."},"image":{"@id":"https:\/\/www.wiredworkers.io\/nl\/#\/schema\/logo\/image\/"},"sameAs":["https:\/\/www.facebook.com\/WiredWorkers","https:\/\/www.linkedin.com\/company\/wiredworkers\/"]}]}},"_links":{"self":[{"href":"https:\/\/www.wiredworkers.io\/nl\/wp-json\/wp\/v2\/pages\/7823","targetHints":{"allow":["GET"]}}],"collection":[{"href":"https:\/\/www.wiredworkers.io\/nl\/wp-json\/wp\/v2\/pages"}],"about":[{"href":"https:\/\/www.wiredworkers.io\/nl\/wp-json\/wp\/v2\/types\/page"}],"author":[{"embeddable":true,"href":"https:\/\/www.wiredworkers.io\/nl\/wp-json\/wp\/v2\/users\/3"}],"replies":[{"embeddable":true,"href":"https:\/\/www.wiredworkers.io\/nl\/wp-json\/wp\/v2\/comments?post=7823"}],"version-history":[{"count":9,"href":"https:\/\/www.wiredworkers.io\/nl\/wp-json\/wp\/v2\/pages\/7823\/revisions"}],"predecessor-version":[{"id":23445,"href":"https:\/\/www.wiredworkers.io\/nl\/wp-json\/wp\/v2\/pages\/7823\/revisions\/23445"}],"up":[{"embeddable":true,"href":"https:\/\/www.wiredworkers.io\/nl\/wp-json\/wp\/v2\/pages\/15336"}],"wp:featuredmedia":[{"embeddable":true,"href":"https:\/\/www.wiredworkers.io\/nl\/wp-json\/wp\/v2\/media\/15340"}],"wp:attachment":[{"href":"https:\/\/www.wiredworkers.io\/nl\/wp-json\/wp\/v2\/media?parent=7823"}],"wp:term":[{"taxonomy":"category","embeddable":true,"href":"https:\/\/www.wiredworkers.io\/nl\/wp-json\/wp\/v2\/categories?post=7823"},{"taxonomy":"post_tag","embeddable":true,"href":"https:\/\/www.wiredworkers.io\/nl\/wp-json\/wp\/v2\/tags?post=7823"}],"curies":[{"name":"wp","href":"https:\/\/api.w.org\/{rel}","templated":true}]}}