{"id":8288,"date":"2020-01-13T13:58:38","date_gmt":"2020-01-13T11:58:38","guid":{"rendered":"https:\/\/wiredworkers.io\/branches\/"},"modified":"2025-09-10T22:15:57","modified_gmt":"2025-09-10T20:15:57","slug":"industrieen","status":"publish","type":"page","link":"https:\/\/www.wiredworkers.io\/nl\/cobot\/industrieen\/","title":{"rendered":"Industrie\u00ebn"},"content":{"rendered":"\n\n\t<nav id=\"breadcrumbs\" aria-label=\"Breadcrumbs\"><a href=\"https:\/\/www.wiredworkers.io\/nl\/\">WiredWorkers<\/a> \u279c <a href=\"https:\/\/www.wiredworkers.io\/nl\/cobot\/\">Cobot<\/a> \u279c Industrie\u00ebn<\/nav><h1>\n\t\t\tVerschillende industrie\u00ebn voor cobots\t<\/h1>\n\t<p>Dankzij hun flexibiliteit en omdat je een collaboratieve robot alles kunt leren kunnen ze overal worden ingezet. Er zijn een aantal\u00a0industrie\u00ebn waar <a href=\"http:\/\/wiredworkers.io\/nl\/cobot\">cobots<\/a> uitermate geschikt zijn\u00a0en al succesvol zijn ge\u00efntegreerd.<\/p>\n\t\tNavigeer naar&#8230;\n\t\t\t\t\t\n\t\t\t\t<img decoding=\"async\" data-src=\"https:\/\/www.wiredworkers.io\/wp-content\/uploads\/2022\/03\/ur5_cobots_machine_tending_pick_and_place_hofmann.jpg\" alt=\"Pick-and-place\" itemprop=\"image\" height=\"534\" width=\"950\" title=\"ur5_cobots_machine_tending_pick_and_place_hofmann\" onerror=\"this.style.display='none'\" src=\"data:image\/svg+xml;base64,PHN2ZyB3aWR0aD0iMSIgaGVpZ2h0PSIxIiB4bWxucz0iaHR0cDovL3d3dy53My5vcmcvMjAwMC9zdmciPjwvc3ZnPg==\" class=\"lazyload\" style=\"--smush-placeholder-width: 950px; --smush-placeholder-aspect-ratio: 950\/534;\" \/>\n<h2>\n\t\t\tFMCG-industrie\t<\/h2>\n\t<p>De FMCG-sector staat onder druk vanwege hoge eisen op het gebied van snelheid, flexibiliteit en productkwaliteit. Cobots spelen een cruciale rol bij het ondersteunen van productieteams, het verhogen van de effici\u00ebntie en het verbeteren van de arbeidsomstandigheden. Waar traditionele robots tekortschoten, komen cobots naar voren als een veilige, aanpasbare en snel inzetbare oplossing.<\/p>\n\t\t\t<a href=\"https:\/\/www.wiredworkers.io\/cobot\/industries\/fmcg-industry\/\" target=\"_self\">\n\t\t\t\t\t\t\tMeer over de FMCG-industrie\n\t\t\t<\/a>\n\t\t\t\t<img decoding=\"async\" data-src=\"https:\/\/www.wiredworkers.io\/wp-content\/uploads\/2024\/10\/Foto-Boermarke-4-scaled.jpg\" alt=\"Foto Boermarke 4\" itemprop=\"image\" height=\"1440\" width=\"2560\" title=\"Foto Boermarke 4\" onerror=\"this.style.display='none'\" src=\"data:image\/svg+xml;base64,PHN2ZyB3aWR0aD0iMSIgaGVpZ2h0PSIxIiB4bWxucz0iaHR0cDovL3d3dy53My5vcmcvMjAwMC9zdmciPjwvc3ZnPg==\" class=\"lazyload\" style=\"--smush-placeholder-width: 2560px; --smush-placeholder-aspect-ratio: 2560\/1440;\" \/>\n<h2>\n\t\t\tVoedingsindustrie\t<\/h2>\n\t<p>De vraag naar automatisering binnen de voedingsindustrie is de afgelopen jaren toegenomen. Verschillende redenen, zoals een stijgende vraag, strengere voedselveiligheid en veiligheid van werknemers, zijn hier debet aan. Voor de voedingsindustrie is automatisering complexer dan voor andere industrie\u00ebn, omdat het voor robots moeilijk is om voedingsmiddelen rechtstreeks te hanteren. De komst van cobots en nieuwe grijpertechnologie heeft hier verandering in gebracht.<\/p>\n\t\t\t<a href=\"https:\/\/www.wiredworkers.io\/cobot\/industries\/food-industry\/\" target=\"_self\">\n\t\t\t\t\t\t\tMeer over de voeidingsindustrie\n\t\t\t<\/a>\n\t\t\t\t<img decoding=\"async\" data-src=\"https:\/\/www.wiredworkers.io\/wp-content\/uploads\/2022\/03\/universal-robots-covap-36_bearbeitet-300x247.jpg\" alt=\"cobots in the food industry\" itemprop=\"image\" height=\"247\" width=\"300\" title=\"Universal robots food industry\" onerror=\"this.style.display='none'\" src=\"data:image\/svg+xml;base64,PHN2ZyB3aWR0aD0iMSIgaGVpZ2h0PSIxIiB4bWxucz0iaHR0cDovL3d3dy53My5vcmcvMjAwMC9zdmciPjwvc3ZnPg==\" class=\"lazyload\" style=\"--smush-placeholder-width: 300px; --smush-placeholder-aspect-ratio: 300\/247;\" \/>\n<h2>\n\t\t\tKunststofindustrie\t<\/h2>\n\t<p>De kunststofindustrie kenmerkt zich door een high-mix low-volume productie. Dat wil zeggen dat er een grote vari\u00ebteit aan producten is en dat die in kleine aantallen worden geproduceerd. Dit soort productieprocessen zijn lastig te automatiseren omdat het productieproces vaak verandert. Collaboratieve robots hebben hier verandering in gebracht omdat ze gemakkelijk om te zetten zijn en nieuwe handelingen aan kunnen leren.<\/p>\n\t\t\t<a href=\"https:\/\/www.wiredworkers.io\/cobot\/industries\/plastics-industry\/\" target=\"_self\">\n\t\t\t\t\t\t\tMeer over de kunstofindustrie\n\t\t\t<\/a>\n\t\t\t\t<img decoding=\"async\" data-src=\"https:\/\/www.wiredworkers.io\/wp-content\/uploads\/2022\/03\/ur10-cobot-picks-up-inserts-to-be-placed-in-the-injection-mold.jpg\" alt=\"cobots in the plastics industry\" itemprop=\"image\" height=\"534\" width=\"950\" title=\"cobots in the plastics industry\" onerror=\"this.style.display='none'\" src=\"data:image\/svg+xml;base64,PHN2ZyB3aWR0aD0iMSIgaGVpZ2h0PSIxIiB4bWxucz0iaHR0cDovL3d3dy53My5vcmcvMjAwMC9zdmciPjwvc3ZnPg==\" class=\"lazyload\" style=\"--smush-placeholder-width: 950px; --smush-placeholder-aspect-ratio: 950\/534;\" \/>\n<h2>\n\t\t\tVerpakkingsindustrie\t<\/h2>\n\t<p>Binnen\u00a0de verpakkingsindustrie\u00a0is steeds meer vraag naar kleinere series en meer maatwerk. Cobots spelen hier perfect op in. Verpakkingstaken die geschikt zijn voor een cobot zijn simpele inpakwerkzaamheden, zoals het plaatsen van producten in dozen. Ook zijn cobots perfect voor het stapelen van dozen op pallets. Taken binnen de verpakkingsindustrie zijn vaak fysiek zwaar en repetitief. Door werknemers hiervan te ontlasten stijgt de productiviteit en worden werknemers gelukkiger in hun werk.<\/p>\n\t\t\t<a href=\"https:\/\/www.wiredworkers.io\/cobot\/industries\/packaging-industry\/\" target=\"_self\">\n\t\t\t\t\t\t\tMeer over de verpakkingsindustrie\n\t\t\t<\/a>\n\t\t\t\t<img decoding=\"async\" data-src=\"https:\/\/www.wiredworkers.io\/wp-content\/uploads\/2019\/06\/Techman-Barcode-Scanning.png\" alt=\"Cobot in de verpakkingsindustrie\" itemprop=\"image\" height=\"1648\" width=\"2410\" title=\"Techman Barcode Scanning\" onerror=\"this.style.display='none'\" src=\"data:image\/svg+xml;base64,PHN2ZyB3aWR0aD0iMSIgaGVpZ2h0PSIxIiB4bWxucz0iaHR0cDovL3d3dy53My5vcmcvMjAwMC9zdmciPjwvc3ZnPg==\" class=\"lazyload\" style=\"--smush-placeholder-width: 2410px; --smush-placeholder-aspect-ratio: 2410\/1648;\" \/>\n<h2>\n\t\t\tElektronica-industrie\t<\/h2>\n\t<p>Binnen <a href=\"https:\/\/wiredworkers.io\/branches\/cobots-in-the-electronics-industry\/\">de\u00a0elektronica-industrie<\/a>\u00a0wordt vaak gewerkt met kleine producten die voorzichtig behandeld moeten worden. Collaboratieve robots zijn uitgerust met diverse sensoren wat ze als het ware &#8216;gevoelige robots&#8217; maakt. Daarom zijn ze uitermate geschikt om te werken met dit soort producten. Cobots kunnen zo ingezet worden om een testproces of kwaliteitscontrole te automatiseren.<\/p>\n\t\t\t<a href=\"https:\/\/www.wiredworkers.io\/cobot\/industries\/electronics-industry\/\" target=\"_self\">\n\t\t\t\t\t\t\tMeer over de elektronica-industrie\n\t\t\t<\/a>\n\t\t\t\t<img decoding=\"async\" data-src=\"https:\/\/www.wiredworkers.io\/wp-content\/uploads\/2020\/07\/The-Rise-of-Industrial-and-Collaborative-Robots-in-the-Electronics-Industry.jpg\" alt=\"cobots in de elektronische industrie\" itemprop=\"image\" height=\"1200\" width=\"1800\" title=\"Robot Holding Service Bell In Plate\" onerror=\"this.style.display='none'\" src=\"data:image\/svg+xml;base64,PHN2ZyB3aWR0aD0iMSIgaGVpZ2h0PSIxIiB4bWxucz0iaHR0cDovL3d3dy53My5vcmcvMjAwMC9zdmciPjwvc3ZnPg==\" class=\"lazyload\" style=\"--smush-placeholder-width: 1800px; --smush-placeholder-aspect-ratio: 1800\/1200;\" \/>\n<h2>\n\t\t\tFarmaceutische industrie\t<\/h2>\n\t<p>Binnen de\u00a0farmaceutische industrie\u00a0wordt vaak gewerkt met grote hoeveelheden en is goede inspectie van groot belang. Daarnaast is het belangrijk dat de foutmarge zo laag mogelijk is. Dit soort kenmerken maakt dat deze branche perfect is om te automatiseren. Hoe groter de productiehoeveelheden, des te voordeliger het is om te automatiseren. En omdat robots vaak en nauwkeurig dezelfde handeling doen, wordt de kans op fouten ook geminimaliseerd.<\/p>\n\t\t\t<a href=\"https:\/\/www.wiredworkers.io\/cobot\/industries\/pharmaceutical-industry\/\" target=\"_self\">\n\t\t\t\t\t\t\tMeer over de pharmaceutische industrie\n\t\t\t<\/a>\n\t\t\t\t<img decoding=\"async\" data-src=\"https:\/\/www.wiredworkers.io\/wp-content\/uploads\/2021\/09\/24-roboticarm.jpg\" alt=\"cobots in de farmaceutische industrie\" itemprop=\"image\" height=\"550\" width=\"900\" title=\"24-roboticarm\" onerror=\"this.style.display='none'\" src=\"data:image\/svg+xml;base64,PHN2ZyB3aWR0aD0iMSIgaGVpZ2h0PSIxIiB4bWxucz0iaHR0cDovL3d3dy53My5vcmcvMjAwMC9zdmciPjwvc3ZnPg==\" class=\"lazyload\" style=\"--smush-placeholder-width: 900px; --smush-placeholder-aspect-ratio: 900\/550;\" \/>\n<h2>\n\t\t\tAuto-industrie\t<\/h2>\n\t<p>De\u00a0auto-industrie\u00a0profiteert al jaren van automatisering met robots. Grote industri\u00eble robots worden al jaren gebruikt om auto&#8217;s te assembleren. Ontwikkelingen als kleine seriegroottes en een toenemende vraag naar maatwerk zorgen ervoor dat ook collaboratieve robots interessant zijn geworden voor deze branche.<\/p>\n\t\t\t<a href=\"https:\/\/www.wiredworkers.io\/cobot\/industries\/automotive-industry\/\" target=\"_self\">\n\t\t\t\t\t\t\tMeer over de auto-industrie\n\t\t\t<\/a>\n\t\t\t\t<img decoding=\"async\" data-src=\"https:\/\/www.wiredworkers.io\/wp-content\/uploads\/2021\/01\/Cobots-autoindustrie.png\" alt=\"cobots in de autoindustrie\" itemprop=\"image\" height=\"560\" width=\"1018\" title=\"Cobots-autoindustrie\" onerror=\"this.style.display='none'\" src=\"data:image\/svg+xml;base64,PHN2ZyB3aWR0aD0iMSIgaGVpZ2h0PSIxIiB4bWxucz0iaHR0cDovL3d3dy53My5vcmcvMjAwMC9zdmciPjwvc3ZnPg==\" class=\"lazyload\" style=\"--smush-placeholder-width: 1018px; --smush-placeholder-aspect-ratio: 1018\/560;\" \/>\n<h2>\n\t\t\tMetaalindustrie\t<\/h2>\n\t<p>Ook in\u00a0de metaalindustrie\u00a0komst steeds vaker high-mix low-volume productie voor. Een grote vari\u00ebteit aan producten in kleine aantallen. Dit soort productieomgevingen zijn perfect voor collaboratieve robots, omdat cobots snel omgezet kunnen worden als de productie daarom vraagt. Taken die cobots zouden kunnen uitvoeren binnen de metaalindustrie zijn lassen, solderen of het beladen van CNC-machines en kantbanken.<\/p>\n\t\t\t<a href=\"https:\/\/www.wiredworkers.io\/cobot\/industries\/metal-industry\/\" target=\"_self\">\n\t\t\t\t\t\t\tMeer over de auto industrie\n\t\t\t<\/a>\n\t\t\t\t<img decoding=\"async\" data-src=\"https:\/\/www.wiredworkers.io\/wp-content\/uploads\/2021\/12\/Lasrobot-Signify.jpg\" alt=\"cobot in de metaalindustrie | lassen met een cobot bij signify\" itemprop=\"image\" height=\"1080\" width=\"1080\" title=\"Lasrobot Signify\" onerror=\"this.style.display='none'\" src=\"data:image\/svg+xml;base64,PHN2ZyB3aWR0aD0iMSIgaGVpZ2h0PSIxIiB4bWxucz0iaHR0cDovL3d3dy53My5vcmcvMjAwMC9zdmciPjwvc3ZnPg==\" class=\"lazyload\" style=\"--smush-placeholder-width: 1080px; --smush-placeholder-aspect-ratio: 1080\/1080;\" \/>\n\n","protected":false},"excerpt":{"rendered":"<p>WiredWorkers \u279c Cobot \u279c Industrie\u00ebn Verschillende industrie\u00ebn voor cobots Dankzij hun flexibiliteit en omdat je een collaboratieve robot alles kunt leren kunnen ze overal worden ingezet. Er zijn een aantal\u00a0industrie\u00ebn waar cobots uitermate geschikt zijn\u00a0en al succesvol zijn ge\u00efntegreerd. Navigeer naar&#8230; FMCG-industrie De FMCG-sector staat onder druk vanwege hoge eisen op het gebied van snelheid, [&hellip;]<\/p>\n","protected":false},"author":3,"featured_media":0,"parent":799,"menu_order":0,"comment_status":"closed","ping_status":"closed","template":"","meta":{"_acf_changed":false,"site-sidebar-layout":"default","site-content-layout":"default","ast-site-content-layout":"default","site-content-style":"default","site-sidebar-style":"default","ast-global-header-display":"","ast-banner-title-visibility":"","ast-main-header-display":"","ast-hfb-above-header-display":"","ast-hfb-below-header-display":"","ast-hfb-mobile-header-display":"","site-post-title":"","ast-breadcrumbs-content":"","ast-featured-img":"","footer-sml-layout":"","ast-disable-related-posts":"","theme-transparent-header-meta":"default","adv-header-id-meta":"","stick-header-meta":"default","header-above-stick-meta":"","header-main-stick-meta":"","header-below-stick-meta":"","astra-migrate-meta-layouts":"default","ast-page-background-enabled":"default","ast-page-background-meta":{"desktop":{"background-color":"","background-image":"","background-repeat":"repeat","background-position":"center center","background-size":"auto","background-attachment":"scroll","background-type":"","background-media":"","overlay-type":"","overlay-color":"","overlay-opacity":"","overlay-gradient":""},"tablet":{"background-color":"","background-image":"","background-repeat":"repeat","background-position":"center center","background-size":"auto","background-attachment":"scroll","background-type":"","background-media":"","overlay-type":"","overlay-color":"","overlay-opacity":"","overlay-gradient":""},"mobile":{"background-color":"","background-image":"","background-repeat":"repeat","background-position":"center center","background-size":"auto","background-attachment":"scroll","background-type":"","background-media":"","overlay-type":"","overlay-color":"","overlay-opacity":"","overlay-gradient":""}},"ast-content-background-meta":{"desktop":{"background-color":"var(--ast-global-color-5)","background-image":"","background-repeat":"repeat","background-position":"center center","background-size":"auto","background-attachment":"scroll","background-type":"","background-media":"","overlay-type":"","overlay-color":"","overlay-opacity":"","overlay-gradient":""},"tablet":{"background-color":"var(--ast-global-color-5)","background-image":"","background-repeat":"repeat","background-position":"center center","background-size":"auto","background-attachment":"scroll","background-type":"","background-media":"","overlay-type":"","overlay-color":"","overlay-opacity":"","overlay-gradient":""},"mobile":{"background-color":"var(--ast-global-color-5)","background-image":"","background-repeat":"repeat","background-position":"center center","background-size":"auto","background-attachment":"scroll","background-type":"","background-media":"","overlay-type":"","overlay-color":"","overlay-opacity":"","overlay-gradient":""}},"footnotes":""},"categories":[357],"tags":[],"class_list":["post-8288","page","type-page","status-publish","hentry","category-menu-nl"],"acf":[],"yoast_head":"<!-- This site is optimized with the Yoast SEO plugin v27.4 - https:\/\/yoast.com\/product\/yoast-seo-wordpress\/ -->\n<title>Cobot industrie\u00ebn | In welke industrie\u00ebn zou je een collaboratieve robot kunnen gebruiken?<\/title>\n<meta name=\"description\" content=\"Cobots zijn nuttig in verschillende industrie\u00ebn, bijvoorbeeld farmacie, verpakking, voeding, metaal en elektronica.\" \/>\n<meta name=\"robots\" content=\"index, follow, max-snippet:-1, max-image-preview:large, max-video-preview:-1\" \/>\n<link rel=\"canonical\" href=\"https:\/\/www.wiredworkers.io\/nl\/cobot\/industrieen\/\" \/>\n<meta property=\"og:locale\" content=\"nl_NL\" \/>\n<meta property=\"og:type\" content=\"article\" \/>\n<meta property=\"og:title\" content=\"Cobot industrie\u00ebn | In welke industrie\u00ebn zou je een collaboratieve robot kunnen gebruiken?\" \/>\n<meta property=\"og:description\" content=\"Cobots zijn nuttig in verschillende industrie\u00ebn, bijvoorbeeld farmacie, verpakking, voeding, metaal en elektronica.\" \/>\n<meta property=\"og:url\" content=\"https:\/\/www.wiredworkers.io\/nl\/cobot\/industrieen\/\" \/>\n<meta property=\"og:site_name\" content=\"WiredWorkers\" \/>\n<meta property=\"article:publisher\" content=\"https:\/\/www.facebook.com\/WiredWorkers\" \/>\n<meta property=\"article:modified_time\" content=\"2025-09-10T20:15:57+00:00\" \/>\n<meta property=\"og:image\" content=\"https:\/\/www.wiredworkers.io\/wp-content\/uploads\/2022\/03\/ur5_cobots_machine_tending_pick_and_place_hofmann.jpg\" \/>\n<meta name=\"twitter:card\" content=\"summary_large_image\" \/>\n<meta name=\"twitter:label1\" content=\"Verwachte leestijd\" \/>\n\t<meta name=\"twitter:data1\" content=\"4 minuten\" \/>\n<script type=\"application\/ld+json\" class=\"yoast-schema-graph\">{\"@context\":\"https:\\\/\\\/schema.org\",\"@graph\":[{\"@type\":\"WebPage\",\"@id\":\"https:\\\/\\\/www.wiredworkers.io\\\/nl\\\/cobot\\\/industrieen\\\/\",\"url\":\"https:\\\/\\\/www.wiredworkers.io\\\/nl\\\/cobot\\\/industrieen\\\/\",\"name\":\"Cobot industrie\u00ebn | In welke industrie\u00ebn zou je een collaboratieve robot kunnen gebruiken?\",\"isPartOf\":{\"@id\":\"https:\\\/\\\/www.wiredworkers.io\\\/nl\\\/#website\"},\"primaryImageOfPage\":{\"@id\":\"https:\\\/\\\/www.wiredworkers.io\\\/nl\\\/cobot\\\/industrieen\\\/#primaryimage\"},\"image\":{\"@id\":\"https:\\\/\\\/www.wiredworkers.io\\\/nl\\\/cobot\\\/industrieen\\\/#primaryimage\"},\"thumbnailUrl\":\"https:\\\/\\\/www.wiredworkers.io\\\/wp-content\\\/uploads\\\/2022\\\/03\\\/ur5_cobots_machine_tending_pick_and_place_hofmann.jpg\",\"datePublished\":\"2020-01-13T11:58:38+00:00\",\"dateModified\":\"2025-09-10T20:15:57+00:00\",\"description\":\"Cobots zijn nuttig in verschillende industrie\u00ebn, bijvoorbeeld farmacie, verpakking, voeding, metaal en elektronica.\",\"breadcrumb\":{\"@id\":\"https:\\\/\\\/www.wiredworkers.io\\\/nl\\\/cobot\\\/industrieen\\\/#breadcrumb\"},\"inLanguage\":\"nl-NL\",\"potentialAction\":[{\"@type\":\"ReadAction\",\"target\":[\"https:\\\/\\\/www.wiredworkers.io\\\/nl\\\/cobot\\\/industrieen\\\/\"]}]},{\"@type\":\"ImageObject\",\"inLanguage\":\"nl-NL\",\"@id\":\"https:\\\/\\\/www.wiredworkers.io\\\/nl\\\/cobot\\\/industrieen\\\/#primaryimage\",\"url\":\"https:\\\/\\\/www.wiredworkers.io\\\/wp-content\\\/uploads\\\/2022\\\/03\\\/ur5_cobots_machine_tending_pick_and_place_hofmann.jpg\",\"contentUrl\":\"https:\\\/\\\/www.wiredworkers.io\\\/wp-content\\\/uploads\\\/2022\\\/03\\\/ur5_cobots_machine_tending_pick_and_place_hofmann.jpg\"},{\"@type\":\"BreadcrumbList\",\"@id\":\"https:\\\/\\\/www.wiredworkers.io\\\/nl\\\/cobot\\\/industrieen\\\/#breadcrumb\",\"itemListElement\":[{\"@type\":\"ListItem\",\"position\":1,\"name\":\"WiredWorkers\",\"item\":\"https:\\\/\\\/www.wiredworkers.io\\\/nl\\\/\"},{\"@type\":\"ListItem\",\"position\":2,\"name\":\"Cobot\",\"item\":\"https:\\\/\\\/www.wiredworkers.io\\\/nl\\\/cobot\\\/\"},{\"@type\":\"ListItem\",\"position\":3,\"name\":\"Industrie\u00ebn\"}]},{\"@type\":\"WebSite\",\"@id\":\"https:\\\/\\\/www.wiredworkers.io\\\/nl\\\/#website\",\"url\":\"https:\\\/\\\/www.wiredworkers.io\\\/nl\\\/\",\"name\":\"WiredWorkers\",\"description\":\"Robotics at your service\",\"publisher\":{\"@id\":\"https:\\\/\\\/www.wiredworkers.io\\\/nl\\\/#organization\"},\"potentialAction\":[{\"@type\":\"SearchAction\",\"target\":{\"@type\":\"EntryPoint\",\"urlTemplate\":\"https:\\\/\\\/www.wiredworkers.io\\\/nl\\\/?s={search_term_string}\"},\"query-input\":{\"@type\":\"PropertyValueSpecification\",\"valueRequired\":true,\"valueName\":\"search_term_string\"}}],\"inLanguage\":\"nl-NL\"},{\"@type\":\"Organization\",\"@id\":\"https:\\\/\\\/www.wiredworkers.io\\\/nl\\\/#organization\",\"name\":\"WiredWorkers Nederland B.V.\",\"url\":\"https:\\\/\\\/www.wiredworkers.io\\\/nl\\\/\",\"logo\":{\"@type\":\"ImageObject\",\"inLanguage\":\"nl-NL\",\"@id\":\"https:\\\/\\\/www.wiredworkers.io\\\/nl\\\/#\\\/schema\\\/logo\\\/image\\\/\",\"url\":\"https:\\\/\\\/www.wiredworkers.io\\\/wp-content\\\/uploads\\\/2018\\\/06\\\/wiredworkers-company-logo.jpg\",\"contentUrl\":\"https:\\\/\\\/www.wiredworkers.io\\\/wp-content\\\/uploads\\\/2018\\\/06\\\/wiredworkers-company-logo.jpg\",\"width\":1082,\"height\":714,\"caption\":\"WiredWorkers Nederland B.V.\"},\"image\":{\"@id\":\"https:\\\/\\\/www.wiredworkers.io\\\/nl\\\/#\\\/schema\\\/logo\\\/image\\\/\"},\"sameAs\":[\"https:\\\/\\\/www.facebook.com\\\/WiredWorkers\",\"https:\\\/\\\/www.linkedin.com\\\/company\\\/wiredworkers\\\/\"]}]}<\/script>\n<!-- \/ Yoast SEO plugin. -->","yoast_head_json":{"title":"Cobot industrie\u00ebn | In welke industrie\u00ebn zou je een collaboratieve robot kunnen gebruiken?","description":"Cobots zijn nuttig in verschillende industrie\u00ebn, bijvoorbeeld farmacie, verpakking, voeding, metaal en elektronica.","robots":{"index":"index","follow":"follow","max-snippet":"max-snippet:-1","max-image-preview":"max-image-preview:large","max-video-preview":"max-video-preview:-1"},"canonical":"https:\/\/www.wiredworkers.io\/nl\/cobot\/industrieen\/","og_locale":"nl_NL","og_type":"article","og_title":"Cobot industrie\u00ebn | In welke industrie\u00ebn zou je een collaboratieve robot kunnen gebruiken?","og_description":"Cobots zijn nuttig in verschillende industrie\u00ebn, bijvoorbeeld farmacie, verpakking, voeding, metaal en elektronica.","og_url":"https:\/\/www.wiredworkers.io\/nl\/cobot\/industrieen\/","og_site_name":"WiredWorkers","article_publisher":"https:\/\/www.facebook.com\/WiredWorkers","article_modified_time":"2025-09-10T20:15:57+00:00","og_image":[{"url":"https:\/\/www.wiredworkers.io\/wp-content\/uploads\/2022\/03\/ur5_cobots_machine_tending_pick_and_place_hofmann.jpg","type":"","width":"","height":""}],"twitter_card":"summary_large_image","twitter_misc":{"Verwachte leestijd":"4 minuten"},"schema":{"@context":"https:\/\/schema.org","@graph":[{"@type":"WebPage","@id":"https:\/\/www.wiredworkers.io\/nl\/cobot\/industrieen\/","url":"https:\/\/www.wiredworkers.io\/nl\/cobot\/industrieen\/","name":"Cobot industrie\u00ebn | In welke industrie\u00ebn zou je een collaboratieve robot kunnen gebruiken?","isPartOf":{"@id":"https:\/\/www.wiredworkers.io\/nl\/#website"},"primaryImageOfPage":{"@id":"https:\/\/www.wiredworkers.io\/nl\/cobot\/industrieen\/#primaryimage"},"image":{"@id":"https:\/\/www.wiredworkers.io\/nl\/cobot\/industrieen\/#primaryimage"},"thumbnailUrl":"https:\/\/www.wiredworkers.io\/wp-content\/uploads\/2022\/03\/ur5_cobots_machine_tending_pick_and_place_hofmann.jpg","datePublished":"2020-01-13T11:58:38+00:00","dateModified":"2025-09-10T20:15:57+00:00","description":"Cobots zijn nuttig in verschillende industrie\u00ebn, bijvoorbeeld farmacie, verpakking, voeding, metaal en elektronica.","breadcrumb":{"@id":"https:\/\/www.wiredworkers.io\/nl\/cobot\/industrieen\/#breadcrumb"},"inLanguage":"nl-NL","potentialAction":[{"@type":"ReadAction","target":["https:\/\/www.wiredworkers.io\/nl\/cobot\/industrieen\/"]}]},{"@type":"ImageObject","inLanguage":"nl-NL","@id":"https:\/\/www.wiredworkers.io\/nl\/cobot\/industrieen\/#primaryimage","url":"https:\/\/www.wiredworkers.io\/wp-content\/uploads\/2022\/03\/ur5_cobots_machine_tending_pick_and_place_hofmann.jpg","contentUrl":"https:\/\/www.wiredworkers.io\/wp-content\/uploads\/2022\/03\/ur5_cobots_machine_tending_pick_and_place_hofmann.jpg"},{"@type":"BreadcrumbList","@id":"https:\/\/www.wiredworkers.io\/nl\/cobot\/industrieen\/#breadcrumb","itemListElement":[{"@type":"ListItem","position":1,"name":"WiredWorkers","item":"https:\/\/www.wiredworkers.io\/nl\/"},{"@type":"ListItem","position":2,"name":"Cobot","item":"https:\/\/www.wiredworkers.io\/nl\/cobot\/"},{"@type":"ListItem","position":3,"name":"Industrie\u00ebn"}]},{"@type":"WebSite","@id":"https:\/\/www.wiredworkers.io\/nl\/#website","url":"https:\/\/www.wiredworkers.io\/nl\/","name":"WiredWorkers","description":"Robotics at your service","publisher":{"@id":"https:\/\/www.wiredworkers.io\/nl\/#organization"},"potentialAction":[{"@type":"SearchAction","target":{"@type":"EntryPoint","urlTemplate":"https:\/\/www.wiredworkers.io\/nl\/?s={search_term_string}"},"query-input":{"@type":"PropertyValueSpecification","valueRequired":true,"valueName":"search_term_string"}}],"inLanguage":"nl-NL"},{"@type":"Organization","@id":"https:\/\/www.wiredworkers.io\/nl\/#organization","name":"WiredWorkers Nederland B.V.","url":"https:\/\/www.wiredworkers.io\/nl\/","logo":{"@type":"ImageObject","inLanguage":"nl-NL","@id":"https:\/\/www.wiredworkers.io\/nl\/#\/schema\/logo\/image\/","url":"https:\/\/www.wiredworkers.io\/wp-content\/uploads\/2018\/06\/wiredworkers-company-logo.jpg","contentUrl":"https:\/\/www.wiredworkers.io\/wp-content\/uploads\/2018\/06\/wiredworkers-company-logo.jpg","width":1082,"height":714,"caption":"WiredWorkers Nederland B.V."},"image":{"@id":"https:\/\/www.wiredworkers.io\/nl\/#\/schema\/logo\/image\/"},"sameAs":["https:\/\/www.facebook.com\/WiredWorkers","https:\/\/www.linkedin.com\/company\/wiredworkers\/"]}]}},"_links":{"self":[{"href":"https:\/\/www.wiredworkers.io\/nl\/wp-json\/wp\/v2\/pages\/8288","targetHints":{"allow":["GET"]}}],"collection":[{"href":"https:\/\/www.wiredworkers.io\/nl\/wp-json\/wp\/v2\/pages"}],"about":[{"href":"https:\/\/www.wiredworkers.io\/nl\/wp-json\/wp\/v2\/types\/page"}],"author":[{"embeddable":true,"href":"https:\/\/www.wiredworkers.io\/nl\/wp-json\/wp\/v2\/users\/3"}],"replies":[{"embeddable":true,"href":"https:\/\/www.wiredworkers.io\/nl\/wp-json\/wp\/v2\/comments?post=8288"}],"version-history":[{"count":22,"href":"https:\/\/www.wiredworkers.io\/nl\/wp-json\/wp\/v2\/pages\/8288\/revisions"}],"predecessor-version":[{"id":24745,"href":"https:\/\/www.wiredworkers.io\/nl\/wp-json\/wp\/v2\/pages\/8288\/revisions\/24745"}],"up":[{"embeddable":true,"href":"https:\/\/www.wiredworkers.io\/nl\/wp-json\/wp\/v2\/pages\/799"}],"wp:attachment":[{"href":"https:\/\/www.wiredworkers.io\/nl\/wp-json\/wp\/v2\/media?parent=8288"}],"wp:term":[{"taxonomy":"category","embeddable":true,"href":"https:\/\/www.wiredworkers.io\/nl\/wp-json\/wp\/v2\/categories?post=8288"},{"taxonomy":"post_tag","embeddable":true,"href":"https:\/\/www.wiredworkers.io\/nl\/wp-json\/wp\/v2\/tags?post=8288"}],"curies":[{"name":"wp","href":"https:\/\/api.w.org\/{rel}","templated":true}]}}