{"id":6528,"date":"2019-12-06T11:02:29","date_gmt":"2019-12-06T11:02:29","guid":{"rendered":"https:\/\/wiredworkers.io\/product\/qb-robotics-softhand-research\/"},"modified":"2021-10-22T09:57:36","modified_gmt":"2021-10-22T07:57:36","slug":"qb-robotics-softhand-research","status":"publish","type":"product","link":"https:\/\/www.wiredworkers.io\/nl\/product\/qb-robotics-softhand-research\/","title":{"rendered":"qbrobotics SoftHand Research"},"content":{"rendered":"<p>qbrobotics SoftHand Research is een antropomorfe robot die gebaseerd is op soft-roboticatechnologie, flexibel, aanpasbaar en in staat is om te interageren met de omgeving, objecten en mensen, terwijl het risico op letsel van de operators, bederf van de te hanteren producten en beschadiging van de robot zelf wordt beperkt.<\/p>\n<p>SPECIFICATIES<\/p>\n<ul>\n<li>Flexibel, flexibel, adaptief &amp; robuust<\/li>\n<li>19 antropomorfe DOF&#8217;s, \u00e9\u00e9n synergie, \u00e9\u00e9n motor, \u00e9\u00e9n motor<\/li>\n<li>Verplaatsbare, zelfgenezende vingerverbindingen die uit de hand lopen<\/li>\n<li>Grijpkracht 62N (knijpdruk configuratie)<\/li>\n<li>Nominaal laadvermogen 1,7kg (knijpende configuratie)<\/li>\n<li>Van wijd open tot gebalde vuist in 1,1 s<\/li>\n<li>USB- en RS485-interfaces<\/li>\n<li>Compatibel met ROS<\/li>\n<li>UR+ gecertificeerd door Universal Robots<\/li>\n<li>Gewicht: 500g<\/li>\n<li>Terugmelding: motorpositie en motorstroom<\/li>\n<\/ul>\n","protected":false},"excerpt":{"rendered":"<p>De qbrobotics SoftHand Research is aanpasbaar en kan verschillende objecten begrijpen zonder enige verandering in de bediening, met een onge\u00ebvenaard niveau van eenvoud en flexibiliteit.<\/p>\n","protected":false},"featured_media":5969,"comment_status":"closed","ping_status":"closed","template":"","meta":{"_acf_changed":false,"site-sidebar-layout":"default","site-content-layout":"default","ast-site-content-layout":"default","site-content-style":"default","site-sidebar-style":"default","ast-global-header-display":"","ast-banner-title-visibility":"","ast-main-header-display":"","ast-hfb-above-header-display":"","ast-hfb-below-header-display":"","ast-hfb-mobile-header-display":"","site-post-title":"","ast-breadcrumbs-content":"","ast-featured-img":"","footer-sml-layout":"","ast-disable-related-posts":"","theme-transparent-header-meta":"default","adv-header-id-meta":"","stick-header-meta":"default","header-above-stick-meta":"","header-main-stick-meta":"","header-below-stick-meta":"","astra-migrate-meta-layouts":"default","ast-page-background-enabled":"default","ast-page-background-meta":{"desktop":{"background-color":"","background-image":"","background-repeat":"repeat","background-position":"center center","background-size":"auto","background-attachment":"scroll","background-type":"","background-media":"","overlay-type":"","overlay-color":"","overlay-opacity":"","overlay-gradient":""},"tablet":{"background-color":"","background-image":"","background-repeat":"repeat","background-position":"center center","background-size":"auto","background-attachment":"scroll","background-type":"","background-media":"","overlay-type":"","overlay-color":"","overlay-opacity":"","overlay-gradient":""},"mobile":{"background-color":"","background-image":"","background-repeat":"repeat","background-position":"center center","background-size":"auto","background-attachment":"scroll","background-type":"","background-media":"","overlay-type":"","overlay-color":"","overlay-opacity":"","overlay-gradient":""}},"ast-content-background-meta":{"desktop":{"background-color":"var(--ast-global-color-5)","background-image":"","background-repeat":"repeat","background-position":"center center","background-size":"auto","background-attachment":"scroll","background-type":"","background-media":"","overlay-type":"","overlay-color":"","overlay-opacity":"","overlay-gradient":""},"tablet":{"background-color":"var(--ast-global-color-5)","background-image":"","background-repeat":"repeat","background-position":"center center","background-size":"auto","background-attachment":"scroll","background-type":"","background-media":"","overlay-type":"","overlay-color":"","overlay-opacity":"","overlay-gradient":""},"mobile":{"background-color":"var(--ast-global-color-5)","background-image":"","background-repeat":"repeat","background-position":"center center","background-size":"auto","background-attachment":"scroll","background-type":"","background-media":"","overlay-type":"","overlay-color":"","overlay-opacity":"","overlay-gradient":""}}},"product_brand":[],"product_cat":[217],"product_tag":[],"class_list":{"0":"post-6528","1":"product","2":"type-product","3":"status-publish","4":"has-post-thumbnail","6":"product_cat-grippers-nl","7":"desktop-align-left","8":"tablet-align-left","9":"mobile-align-left","10":"ast-product-gallery-layout-horizontal","11":"ast-product-gallery-with-no-image","12":"ast-magnify-disabled","13":"ast-product-tabs-layout-horizontal","14":"ast-qv-on-image","16":"first","17":"instock","18":"taxable","19":"shipping-taxable","20":"purchasable","21":"product-type-simple"},"acf":[],"yoast_head":"<!-- This site is optimized with the Yoast SEO plugin v27.5 - https:\/\/yoast.com\/product\/yoast-seo-wordpress\/ -->\n<title>SoftHand Research | qbrobotics | WiredWorkers<\/title>\n<meta name=\"description\" content=\"De qbrobotics SoftHand is aanpasbaar en kan verschillende objecten grijpen zonder enige verandering in de bediening, wat eenvoud en flexibiliteit laat zien.\" \/>\n<meta name=\"robots\" content=\"noindex, follow\" \/>\n<meta property=\"og:locale\" content=\"nl_NL\" \/>\n<meta property=\"og:type\" content=\"article\" \/>\n<meta property=\"og:title\" content=\"SoftHand Research | qbrobotics | WiredWorkers\" \/>\n<meta property=\"og:description\" content=\"De qbrobotics SoftHand is aanpasbaar en kan verschillende objecten grijpen zonder enige verandering in de bediening, wat eenvoud en flexibiliteit laat zien.\" \/>\n<meta property=\"og:url\" content=\"https:\/\/www.wiredworkers.io\/nl\/product\/qb-robotics-softhand-research\/\" \/>\n<meta property=\"og:site_name\" content=\"WiredWorkers\" \/>\n<meta property=\"article:publisher\" content=\"https:\/\/www.facebook.com\/WiredWorkers\" \/>\n<meta property=\"article:modified_time\" content=\"2021-10-22T07:57:36+00:00\" \/>\n<meta property=\"og:image\" content=\"https:\/\/www.wiredworkers.io\/wp-content\/uploads\/2019\/12\/Schermafbeelding-2019-12-02-om-10.52.35.png\" \/>\n\t<meta property=\"og:image:width\" content=\"818\" \/>\n\t<meta property=\"og:image:height\" content=\"874\" \/>\n\t<meta property=\"og:image:type\" content=\"image\/png\" \/>\n<meta name=\"twitter:card\" content=\"summary_large_image\" \/>\n<meta name=\"twitter:label1\" content=\"Verwachte leestijd\" \/>\n\t<meta name=\"twitter:data1\" content=\"1 minuut\" \/>\n<script type=\"application\/ld+json\" class=\"yoast-schema-graph\">{\"@context\":\"https:\\\/\\\/schema.org\",\"@graph\":[{\"@type\":\"WebPage\",\"@id\":\"https:\\\/\\\/www.wiredworkers.io\\\/nl\\\/product\\\/qb-robotics-softhand-research\\\/\",\"url\":\"https:\\\/\\\/www.wiredworkers.io\\\/nl\\\/product\\\/qb-robotics-softhand-research\\\/\",\"name\":\"SoftHand Research | qbrobotics | WiredWorkers\",\"isPartOf\":{\"@id\":\"https:\\\/\\\/www.wiredworkers.io\\\/nl\\\/#website\"},\"primaryImageOfPage\":{\"@id\":\"https:\\\/\\\/www.wiredworkers.io\\\/nl\\\/product\\\/qb-robotics-softhand-research\\\/#primaryimage\"},\"image\":{\"@id\":\"https:\\\/\\\/www.wiredworkers.io\\\/nl\\\/product\\\/qb-robotics-softhand-research\\\/#primaryimage\"},\"thumbnailUrl\":\"https:\\\/\\\/www.wiredworkers.io\\\/wp-content\\\/uploads\\\/2019\\\/12\\\/Schermafbeelding-2019-12-02-om-10.52.35.png\",\"datePublished\":\"2019-12-06T11:02:29+00:00\",\"dateModified\":\"2021-10-22T07:57:36+00:00\",\"description\":\"De qbrobotics SoftHand is aanpasbaar en kan verschillende objecten grijpen zonder enige verandering in de bediening, wat eenvoud en flexibiliteit laat zien.\",\"breadcrumb\":{\"@id\":\"https:\\\/\\\/www.wiredworkers.io\\\/nl\\\/product\\\/qb-robotics-softhand-research\\\/#breadcrumb\"},\"inLanguage\":\"nl-NL\",\"potentialAction\":[{\"@type\":\"ReadAction\",\"target\":[\"https:\\\/\\\/www.wiredworkers.io\\\/nl\\\/product\\\/qb-robotics-softhand-research\\\/\"]}]},{\"@type\":\"ImageObject\",\"inLanguage\":\"nl-NL\",\"@id\":\"https:\\\/\\\/www.wiredworkers.io\\\/nl\\\/product\\\/qb-robotics-softhand-research\\\/#primaryimage\",\"url\":\"https:\\\/\\\/www.wiredworkers.io\\\/wp-content\\\/uploads\\\/2019\\\/12\\\/Schermafbeelding-2019-12-02-om-10.52.35.png\",\"contentUrl\":\"https:\\\/\\\/www.wiredworkers.io\\\/wp-content\\\/uploads\\\/2019\\\/12\\\/Schermafbeelding-2019-12-02-om-10.52.35.png\",\"width\":818,\"height\":874,\"caption\":\"Soft hand qbrobotics\"},{\"@type\":\"BreadcrumbList\",\"@id\":\"https:\\\/\\\/www.wiredworkers.io\\\/nl\\\/product\\\/qb-robotics-softhand-research\\\/#breadcrumb\",\"itemListElement\":[{\"@type\":\"ListItem\",\"position\":1,\"name\":\"WiredWorkers\",\"item\":\"https:\\\/\\\/www.wiredworkers.io\\\/nl\\\/\"},{\"@type\":\"ListItem\",\"position\":2,\"name\":\"Cobot Shop\",\"item\":\"https:\\\/\\\/www.wiredworkers.io\\\/cobot-shop\\\/\"},{\"@type\":\"ListItem\",\"position\":3,\"name\":\"qbrobotics SoftHand Research\"}]},{\"@type\":\"WebSite\",\"@id\":\"https:\\\/\\\/www.wiredworkers.io\\\/nl\\\/#website\",\"url\":\"https:\\\/\\\/www.wiredworkers.io\\\/nl\\\/\",\"name\":\"WiredWorkers\",\"description\":\"Robotics at your service\",\"publisher\":{\"@id\":\"https:\\\/\\\/www.wiredworkers.io\\\/nl\\\/#organization\"},\"potentialAction\":[{\"@type\":\"SearchAction\",\"target\":{\"@type\":\"EntryPoint\",\"urlTemplate\":\"https:\\\/\\\/www.wiredworkers.io\\\/nl\\\/?s={search_term_string}\"},\"query-input\":{\"@type\":\"PropertyValueSpecification\",\"valueRequired\":true,\"valueName\":\"search_term_string\"}}],\"inLanguage\":\"nl-NL\"},{\"@type\":\"Organization\",\"@id\":\"https:\\\/\\\/www.wiredworkers.io\\\/nl\\\/#organization\",\"name\":\"WiredWorkers Nederland B.V.\",\"url\":\"https:\\\/\\\/www.wiredworkers.io\\\/nl\\\/\",\"logo\":{\"@type\":\"ImageObject\",\"inLanguage\":\"nl-NL\",\"@id\":\"https:\\\/\\\/www.wiredworkers.io\\\/nl\\\/#\\\/schema\\\/logo\\\/image\\\/\",\"url\":\"https:\\\/\\\/www.wiredworkers.io\\\/wp-content\\\/uploads\\\/2018\\\/06\\\/wiredworkers-company-logo.jpg\",\"contentUrl\":\"https:\\\/\\\/www.wiredworkers.io\\\/wp-content\\\/uploads\\\/2018\\\/06\\\/wiredworkers-company-logo.jpg\",\"width\":1082,\"height\":714,\"caption\":\"WiredWorkers Nederland B.V.\"},\"image\":{\"@id\":\"https:\\\/\\\/www.wiredworkers.io\\\/nl\\\/#\\\/schema\\\/logo\\\/image\\\/\"},\"sameAs\":[\"https:\\\/\\\/www.facebook.com\\\/WiredWorkers\",\"https:\\\/\\\/www.linkedin.com\\\/company\\\/wiredworkers\\\/\"]}]}<\/script>\n<!-- \/ Yoast SEO plugin. -->","yoast_head_json":{"title":"SoftHand Research | qbrobotics | WiredWorkers","description":"De qbrobotics SoftHand is aanpasbaar en kan verschillende objecten grijpen zonder enige verandering in de bediening, wat eenvoud en flexibiliteit laat zien.","robots":{"index":"noindex","follow":"follow"},"og_locale":"nl_NL","og_type":"article","og_title":"SoftHand Research | qbrobotics | WiredWorkers","og_description":"De qbrobotics SoftHand is aanpasbaar en kan verschillende objecten grijpen zonder enige verandering in de bediening, wat eenvoud en flexibiliteit laat zien.","og_url":"https:\/\/www.wiredworkers.io\/nl\/product\/qb-robotics-softhand-research\/","og_site_name":"WiredWorkers","article_publisher":"https:\/\/www.facebook.com\/WiredWorkers","article_modified_time":"2021-10-22T07:57:36+00:00","og_image":[{"width":818,"height":874,"url":"https:\/\/www.wiredworkers.io\/wp-content\/uploads\/2019\/12\/Schermafbeelding-2019-12-02-om-10.52.35.png","type":"image\/png"}],"twitter_card":"summary_large_image","twitter_misc":{"Verwachte leestijd":"1 minuut"},"schema":{"@context":"https:\/\/schema.org","@graph":[{"@type":"WebPage","@id":"https:\/\/www.wiredworkers.io\/nl\/product\/qb-robotics-softhand-research\/","url":"https:\/\/www.wiredworkers.io\/nl\/product\/qb-robotics-softhand-research\/","name":"SoftHand Research | qbrobotics | WiredWorkers","isPartOf":{"@id":"https:\/\/www.wiredworkers.io\/nl\/#website"},"primaryImageOfPage":{"@id":"https:\/\/www.wiredworkers.io\/nl\/product\/qb-robotics-softhand-research\/#primaryimage"},"image":{"@id":"https:\/\/www.wiredworkers.io\/nl\/product\/qb-robotics-softhand-research\/#primaryimage"},"thumbnailUrl":"https:\/\/www.wiredworkers.io\/wp-content\/uploads\/2019\/12\/Schermafbeelding-2019-12-02-om-10.52.35.png","datePublished":"2019-12-06T11:02:29+00:00","dateModified":"2021-10-22T07:57:36+00:00","description":"De qbrobotics SoftHand is aanpasbaar en kan verschillende objecten grijpen zonder enige verandering in de bediening, wat eenvoud en flexibiliteit laat zien.","breadcrumb":{"@id":"https:\/\/www.wiredworkers.io\/nl\/product\/qb-robotics-softhand-research\/#breadcrumb"},"inLanguage":"nl-NL","potentialAction":[{"@type":"ReadAction","target":["https:\/\/www.wiredworkers.io\/nl\/product\/qb-robotics-softhand-research\/"]}]},{"@type":"ImageObject","inLanguage":"nl-NL","@id":"https:\/\/www.wiredworkers.io\/nl\/product\/qb-robotics-softhand-research\/#primaryimage","url":"https:\/\/www.wiredworkers.io\/wp-content\/uploads\/2019\/12\/Schermafbeelding-2019-12-02-om-10.52.35.png","contentUrl":"https:\/\/www.wiredworkers.io\/wp-content\/uploads\/2019\/12\/Schermafbeelding-2019-12-02-om-10.52.35.png","width":818,"height":874,"caption":"Soft hand qbrobotics"},{"@type":"BreadcrumbList","@id":"https:\/\/www.wiredworkers.io\/nl\/product\/qb-robotics-softhand-research\/#breadcrumb","itemListElement":[{"@type":"ListItem","position":1,"name":"WiredWorkers","item":"https:\/\/www.wiredworkers.io\/nl\/"},{"@type":"ListItem","position":2,"name":"Cobot Shop","item":"https:\/\/www.wiredworkers.io\/cobot-shop\/"},{"@type":"ListItem","position":3,"name":"qbrobotics SoftHand Research"}]},{"@type":"WebSite","@id":"https:\/\/www.wiredworkers.io\/nl\/#website","url":"https:\/\/www.wiredworkers.io\/nl\/","name":"WiredWorkers","description":"Robotics at your service","publisher":{"@id":"https:\/\/www.wiredworkers.io\/nl\/#organization"},"potentialAction":[{"@type":"SearchAction","target":{"@type":"EntryPoint","urlTemplate":"https:\/\/www.wiredworkers.io\/nl\/?s={search_term_string}"},"query-input":{"@type":"PropertyValueSpecification","valueRequired":true,"valueName":"search_term_string"}}],"inLanguage":"nl-NL"},{"@type":"Organization","@id":"https:\/\/www.wiredworkers.io\/nl\/#organization","name":"WiredWorkers Nederland B.V.","url":"https:\/\/www.wiredworkers.io\/nl\/","logo":{"@type":"ImageObject","inLanguage":"nl-NL","@id":"https:\/\/www.wiredworkers.io\/nl\/#\/schema\/logo\/image\/","url":"https:\/\/www.wiredworkers.io\/wp-content\/uploads\/2018\/06\/wiredworkers-company-logo.jpg","contentUrl":"https:\/\/www.wiredworkers.io\/wp-content\/uploads\/2018\/06\/wiredworkers-company-logo.jpg","width":1082,"height":714,"caption":"WiredWorkers Nederland B.V."},"image":{"@id":"https:\/\/www.wiredworkers.io\/nl\/#\/schema\/logo\/image\/"},"sameAs":["https:\/\/www.facebook.com\/WiredWorkers","https:\/\/www.linkedin.com\/company\/wiredworkers\/"]}]}},"_links":{"self":[{"href":"https:\/\/www.wiredworkers.io\/nl\/wp-json\/wp\/v2\/product\/6528","targetHints":{"allow":["GET"]}}],"collection":[{"href":"https:\/\/www.wiredworkers.io\/nl\/wp-json\/wp\/v2\/product"}],"about":[{"href":"https:\/\/www.wiredworkers.io\/nl\/wp-json\/wp\/v2\/types\/product"}],"replies":[{"embeddable":true,"href":"https:\/\/www.wiredworkers.io\/nl\/wp-json\/wp\/v2\/comments?post=6528"}],"wp:featuredmedia":[{"embeddable":true,"href":"https:\/\/www.wiredworkers.io\/nl\/wp-json\/wp\/v2\/media\/5969"}],"wp:attachment":[{"href":"https:\/\/www.wiredworkers.io\/nl\/wp-json\/wp\/v2\/media?parent=6528"}],"wp:term":[{"taxonomy":"product_brand","embeddable":true,"href":"https:\/\/www.wiredworkers.io\/nl\/wp-json\/wp\/v2\/product_brand?post=6528"},{"taxonomy":"product_cat","embeddable":true,"href":"https:\/\/www.wiredworkers.io\/nl\/wp-json\/wp\/v2\/product_cat?post=6528"},{"taxonomy":"product_tag","embeddable":true,"href":"https:\/\/www.wiredworkers.io\/nl\/wp-json\/wp\/v2\/product_tag?post=6528"}],"curies":[{"name":"wp","href":"https:\/\/api.w.org\/{rel}","templated":true}]}}