{"id":6529,"date":"2019-12-06T11:06:22","date_gmt":"2019-12-06T11:06:22","guid":{"rendered":"https:\/\/wiredworkers.io\/product\/qb-softhand-industry\/"},"modified":"2021-10-22T09:56:46","modified_gmt":"2021-10-22T07:56:46","slug":"qb-softhand-industry","status":"publish","type":"product","link":"https:\/\/www.wiredworkers.io\/nl\/product\/qb-softhand-industry\/","title":{"rendered":"qbrobotics SoftHand Industry"},"content":{"rendered":"<p>De qbrobotics SoftHand Industry is een nieuwe geavanceerde antropomorfe robotica op basis van soft-robot technologie en ontworpen door qbrobotics voor industri\u00eble taken, die voldoet aan de normen en certificeringen van industri\u00eble en collaboratieve robotica en compatibel is met de belangrijkste robots en cobots op de markt.<\/p>\n<p>Het is volledig collaboratief vanuit het oogpunt van de hardware, zelfs de gebruikte materialen, en de flexibiliteit van het systeem maakt het mogelijk dat de Hand veilig en onschadelijk is in elke situatie van accidentele impact. Het actuatiesysteem is peesaangedreven en heeft \u00e9\u00e9n enkele motor om de 5 vingers samen te openen en te sluiten en tegelijkertijd de eerste synergie van de menselijke handbeweging na te bootsen in een flexibele en aanpasbare greep.<\/p>\n<p>SPECIFICATIES<\/p>\n<ul>\n<li>Flexibel, flexibel, adaptief &amp; robuust<\/li>\n<li>5 mensachtige vingers<\/li>\n<li>19 antropomorfe DOF&#8217;s, \u00e9\u00e9n synergie, \u00e9\u00e9n motor, \u00e9\u00e9n motor<\/li>\n<li>Vermogensgreep laadvermogen: 2 kg<\/li>\n<li>Laadvermogen van de knijpergreep 0,6 kg<\/li>\n<li>Volledige sluitingstijd: 1,2 s<\/li>\n<li>Plug&amp;Play<\/li>\n<li>Gewicht: 0,89 kg<\/li>\n<li>Communicatieprotocollen: EtherCAT, UDP<\/li>\n<li>Verstelbare montagestand voor de pols<\/li>\n<li>Verwisselbare handschoenen voor speciale toepassingen<\/li>\n<li>Water- en stofbestendigheid: IP65<\/li>\n<li>UR+ gecertificeerd<\/li>\n<\/ul>\n","protected":false},"excerpt":{"rendered":"<p>De qbrobotics SoftHand Industry is een nieuwe geavanceerde antropomorfe robothand op basis van soft-robotica technologie.<\/p>\n","protected":false},"featured_media":5972,"comment_status":"closed","ping_status":"closed","template":"","meta":{"_acf_changed":false,"site-sidebar-layout":"default","site-content-layout":"default","ast-site-content-layout":"default","site-content-style":"default","site-sidebar-style":"default","ast-global-header-display":"","ast-banner-title-visibility":"","ast-main-header-display":"","ast-hfb-above-header-display":"","ast-hfb-below-header-display":"","ast-hfb-mobile-header-display":"","site-post-title":"","ast-breadcrumbs-content":"","ast-featured-img":"","footer-sml-layout":"","ast-disable-related-posts":"","theme-transparent-header-meta":"default","adv-header-id-meta":"","stick-header-meta":"default","header-above-stick-meta":"","header-main-stick-meta":"","header-below-stick-meta":"","astra-migrate-meta-layouts":"default","ast-page-background-enabled":"default","ast-page-background-meta":{"desktop":{"background-color":"","background-image":"","background-repeat":"repeat","background-position":"center center","background-size":"auto","background-attachment":"scroll","background-type":"","background-media":"","overlay-type":"","overlay-color":"","overlay-opacity":"","overlay-gradient":""},"tablet":{"background-color":"","background-image":"","background-repeat":"repeat","background-position":"center center","background-size":"auto","background-attachment":"scroll","background-type":"","background-media":"","overlay-type":"","overlay-color":"","overlay-opacity":"","overlay-gradient":""},"mobile":{"background-color":"","background-image":"","background-repeat":"repeat","background-position":"center center","background-size":"auto","background-attachment":"scroll","background-type":"","background-media":"","overlay-type":"","overlay-color":"","overlay-opacity":"","overlay-gradient":""}},"ast-content-background-meta":{"desktop":{"background-color":"var(--ast-global-color-5)","background-image":"","background-repeat":"repeat","background-position":"center center","background-size":"auto","background-attachment":"scroll","background-type":"","background-media":"","overlay-type":"","overlay-color":"","overlay-opacity":"","overlay-gradient":""},"tablet":{"background-color":"var(--ast-global-color-5)","background-image":"","background-repeat":"repeat","background-position":"center center","background-size":"auto","background-attachment":"scroll","background-type":"","background-media":"","overlay-type":"","overlay-color":"","overlay-opacity":"","overlay-gradient":""},"mobile":{"background-color":"var(--ast-global-color-5)","background-image":"","background-repeat":"repeat","background-position":"center center","background-size":"auto","background-attachment":"scroll","background-type":"","background-media":"","overlay-type":"","overlay-color":"","overlay-opacity":"","overlay-gradient":""}}},"product_brand":[],"product_cat":[217],"product_tag":[],"class_list":{"0":"post-6529","1":"product","2":"type-product","3":"status-publish","4":"has-post-thumbnail","6":"product_cat-grippers-nl","7":"desktop-align-left","8":"tablet-align-left","9":"mobile-align-left","10":"ast-product-gallery-layout-horizontal","11":"ast-product-gallery-with-no-image","12":"ast-magnify-disabled","13":"ast-product-tabs-layout-horizontal","14":"ast-qv-on-image","16":"first","17":"instock","18":"taxable","19":"shipping-taxable","20":"purchasable","21":"product-type-simple"},"acf":[],"yoast_head":"<!-- This site is optimized with the Yoast SEO plugin v27.5 - https:\/\/yoast.com\/product\/yoast-seo-wordpress\/ -->\n<title>Softhand Industry | qb Robotics | WiredWorkers<\/title>\n<meta name=\"description\" content=\"De qb SoftHand Industry is een nieuwe geavanceerde antropomorfe robothand op basis van soft-robotica technologie.\" \/>\n<meta name=\"robots\" content=\"noindex, follow\" \/>\n<meta property=\"og:locale\" content=\"nl_NL\" \/>\n<meta property=\"og:type\" content=\"article\" \/>\n<meta property=\"og:title\" content=\"Softhand Industry | qb Robotics | WiredWorkers\" \/>\n<meta property=\"og:description\" content=\"De qb SoftHand Industry is een nieuwe geavanceerde antropomorfe robothand op basis van soft-robotica technologie.\" \/>\n<meta property=\"og:url\" content=\"https:\/\/www.wiredworkers.io\/nl\/product\/qb-softhand-industry\/\" \/>\n<meta property=\"og:site_name\" content=\"WiredWorkers\" \/>\n<meta property=\"article:publisher\" content=\"https:\/\/www.facebook.com\/WiredWorkers\" \/>\n<meta property=\"article:modified_time\" content=\"2021-10-22T07:56:46+00:00\" \/>\n<meta property=\"og:image\" content=\"https:\/\/www.wiredworkers.io\/wp-content\/uploads\/2019\/12\/Schermafbeelding-2019-12-02-om-10.58.07.png\" \/>\n\t<meta property=\"og:image:width\" content=\"884\" \/>\n\t<meta property=\"og:image:height\" content=\"864\" \/>\n\t<meta property=\"og:image:type\" content=\"image\/png\" \/>\n<meta name=\"twitter:card\" content=\"summary_large_image\" \/>\n<meta name=\"twitter:label1\" content=\"Verwachte leestijd\" \/>\n\t<meta name=\"twitter:data1\" content=\"1 minuut\" \/>\n<script type=\"application\/ld+json\" class=\"yoast-schema-graph\">{\"@context\":\"https:\\\/\\\/schema.org\",\"@graph\":[{\"@type\":\"WebPage\",\"@id\":\"https:\\\/\\\/www.wiredworkers.io\\\/nl\\\/product\\\/qb-softhand-industry\\\/\",\"url\":\"https:\\\/\\\/www.wiredworkers.io\\\/nl\\\/product\\\/qb-softhand-industry\\\/\",\"name\":\"Softhand Industry | qb Robotics | WiredWorkers\",\"isPartOf\":{\"@id\":\"https:\\\/\\\/www.wiredworkers.io\\\/nl\\\/#website\"},\"primaryImageOfPage\":{\"@id\":\"https:\\\/\\\/www.wiredworkers.io\\\/nl\\\/product\\\/qb-softhand-industry\\\/#primaryimage\"},\"image\":{\"@id\":\"https:\\\/\\\/www.wiredworkers.io\\\/nl\\\/product\\\/qb-softhand-industry\\\/#primaryimage\"},\"thumbnailUrl\":\"https:\\\/\\\/www.wiredworkers.io\\\/wp-content\\\/uploads\\\/2019\\\/12\\\/Schermafbeelding-2019-12-02-om-10.58.07.png\",\"datePublished\":\"2019-12-06T11:06:22+00:00\",\"dateModified\":\"2021-10-22T07:56:46+00:00\",\"description\":\"De qb SoftHand Industry is een nieuwe geavanceerde antropomorfe robothand op basis van soft-robotica technologie.\",\"breadcrumb\":{\"@id\":\"https:\\\/\\\/www.wiredworkers.io\\\/nl\\\/product\\\/qb-softhand-industry\\\/#breadcrumb\"},\"inLanguage\":\"nl-NL\",\"potentialAction\":[{\"@type\":\"ReadAction\",\"target\":[\"https:\\\/\\\/www.wiredworkers.io\\\/nl\\\/product\\\/qb-softhand-industry\\\/\"]}]},{\"@type\":\"ImageObject\",\"inLanguage\":\"nl-NL\",\"@id\":\"https:\\\/\\\/www.wiredworkers.io\\\/nl\\\/product\\\/qb-softhand-industry\\\/#primaryimage\",\"url\":\"https:\\\/\\\/www.wiredworkers.io\\\/wp-content\\\/uploads\\\/2019\\\/12\\\/Schermafbeelding-2019-12-02-om-10.58.07.png\",\"contentUrl\":\"https:\\\/\\\/www.wiredworkers.io\\\/wp-content\\\/uploads\\\/2019\\\/12\\\/Schermafbeelding-2019-12-02-om-10.58.07.png\",\"width\":884,\"height\":864,\"caption\":\"qb SoftHand Industry\"},{\"@type\":\"BreadcrumbList\",\"@id\":\"https:\\\/\\\/www.wiredworkers.io\\\/nl\\\/product\\\/qb-softhand-industry\\\/#breadcrumb\",\"itemListElement\":[{\"@type\":\"ListItem\",\"position\":1,\"name\":\"WiredWorkers\",\"item\":\"https:\\\/\\\/www.wiredworkers.io\\\/nl\\\/\"},{\"@type\":\"ListItem\",\"position\":2,\"name\":\"Cobot Shop\",\"item\":\"https:\\\/\\\/www.wiredworkers.io\\\/cobot-shop\\\/\"},{\"@type\":\"ListItem\",\"position\":3,\"name\":\"qbrobotics SoftHand Industry\"}]},{\"@type\":\"WebSite\",\"@id\":\"https:\\\/\\\/www.wiredworkers.io\\\/nl\\\/#website\",\"url\":\"https:\\\/\\\/www.wiredworkers.io\\\/nl\\\/\",\"name\":\"WiredWorkers\",\"description\":\"Robotics at your service\",\"publisher\":{\"@id\":\"https:\\\/\\\/www.wiredworkers.io\\\/nl\\\/#organization\"},\"potentialAction\":[{\"@type\":\"SearchAction\",\"target\":{\"@type\":\"EntryPoint\",\"urlTemplate\":\"https:\\\/\\\/www.wiredworkers.io\\\/nl\\\/?s={search_term_string}\"},\"query-input\":{\"@type\":\"PropertyValueSpecification\",\"valueRequired\":true,\"valueName\":\"search_term_string\"}}],\"inLanguage\":\"nl-NL\"},{\"@type\":\"Organization\",\"@id\":\"https:\\\/\\\/www.wiredworkers.io\\\/nl\\\/#organization\",\"name\":\"WiredWorkers Nederland B.V.\",\"url\":\"https:\\\/\\\/www.wiredworkers.io\\\/nl\\\/\",\"logo\":{\"@type\":\"ImageObject\",\"inLanguage\":\"nl-NL\",\"@id\":\"https:\\\/\\\/www.wiredworkers.io\\\/nl\\\/#\\\/schema\\\/logo\\\/image\\\/\",\"url\":\"https:\\\/\\\/www.wiredworkers.io\\\/wp-content\\\/uploads\\\/2018\\\/06\\\/wiredworkers-company-logo.jpg\",\"contentUrl\":\"https:\\\/\\\/www.wiredworkers.io\\\/wp-content\\\/uploads\\\/2018\\\/06\\\/wiredworkers-company-logo.jpg\",\"width\":1082,\"height\":714,\"caption\":\"WiredWorkers Nederland B.V.\"},\"image\":{\"@id\":\"https:\\\/\\\/www.wiredworkers.io\\\/nl\\\/#\\\/schema\\\/logo\\\/image\\\/\"},\"sameAs\":[\"https:\\\/\\\/www.facebook.com\\\/WiredWorkers\",\"https:\\\/\\\/www.linkedin.com\\\/company\\\/wiredworkers\\\/\"]}]}<\/script>\n<!-- \/ Yoast SEO plugin. -->","yoast_head_json":{"title":"Softhand Industry | qb Robotics | WiredWorkers","description":"De qb SoftHand Industry is een nieuwe geavanceerde antropomorfe robothand op basis van soft-robotica technologie.","robots":{"index":"noindex","follow":"follow"},"og_locale":"nl_NL","og_type":"article","og_title":"Softhand Industry | qb Robotics | WiredWorkers","og_description":"De qb SoftHand Industry is een nieuwe geavanceerde antropomorfe robothand op basis van soft-robotica technologie.","og_url":"https:\/\/www.wiredworkers.io\/nl\/product\/qb-softhand-industry\/","og_site_name":"WiredWorkers","article_publisher":"https:\/\/www.facebook.com\/WiredWorkers","article_modified_time":"2021-10-22T07:56:46+00:00","og_image":[{"width":884,"height":864,"url":"https:\/\/www.wiredworkers.io\/wp-content\/uploads\/2019\/12\/Schermafbeelding-2019-12-02-om-10.58.07.png","type":"image\/png"}],"twitter_card":"summary_large_image","twitter_misc":{"Verwachte leestijd":"1 minuut"},"schema":{"@context":"https:\/\/schema.org","@graph":[{"@type":"WebPage","@id":"https:\/\/www.wiredworkers.io\/nl\/product\/qb-softhand-industry\/","url":"https:\/\/www.wiredworkers.io\/nl\/product\/qb-softhand-industry\/","name":"Softhand Industry | qb Robotics | WiredWorkers","isPartOf":{"@id":"https:\/\/www.wiredworkers.io\/nl\/#website"},"primaryImageOfPage":{"@id":"https:\/\/www.wiredworkers.io\/nl\/product\/qb-softhand-industry\/#primaryimage"},"image":{"@id":"https:\/\/www.wiredworkers.io\/nl\/product\/qb-softhand-industry\/#primaryimage"},"thumbnailUrl":"https:\/\/www.wiredworkers.io\/wp-content\/uploads\/2019\/12\/Schermafbeelding-2019-12-02-om-10.58.07.png","datePublished":"2019-12-06T11:06:22+00:00","dateModified":"2021-10-22T07:56:46+00:00","description":"De qb SoftHand Industry is een nieuwe geavanceerde antropomorfe robothand op basis van soft-robotica technologie.","breadcrumb":{"@id":"https:\/\/www.wiredworkers.io\/nl\/product\/qb-softhand-industry\/#breadcrumb"},"inLanguage":"nl-NL","potentialAction":[{"@type":"ReadAction","target":["https:\/\/www.wiredworkers.io\/nl\/product\/qb-softhand-industry\/"]}]},{"@type":"ImageObject","inLanguage":"nl-NL","@id":"https:\/\/www.wiredworkers.io\/nl\/product\/qb-softhand-industry\/#primaryimage","url":"https:\/\/www.wiredworkers.io\/wp-content\/uploads\/2019\/12\/Schermafbeelding-2019-12-02-om-10.58.07.png","contentUrl":"https:\/\/www.wiredworkers.io\/wp-content\/uploads\/2019\/12\/Schermafbeelding-2019-12-02-om-10.58.07.png","width":884,"height":864,"caption":"qb SoftHand Industry"},{"@type":"BreadcrumbList","@id":"https:\/\/www.wiredworkers.io\/nl\/product\/qb-softhand-industry\/#breadcrumb","itemListElement":[{"@type":"ListItem","position":1,"name":"WiredWorkers","item":"https:\/\/www.wiredworkers.io\/nl\/"},{"@type":"ListItem","position":2,"name":"Cobot Shop","item":"https:\/\/www.wiredworkers.io\/cobot-shop\/"},{"@type":"ListItem","position":3,"name":"qbrobotics SoftHand Industry"}]},{"@type":"WebSite","@id":"https:\/\/www.wiredworkers.io\/nl\/#website","url":"https:\/\/www.wiredworkers.io\/nl\/","name":"WiredWorkers","description":"Robotics at your service","publisher":{"@id":"https:\/\/www.wiredworkers.io\/nl\/#organization"},"potentialAction":[{"@type":"SearchAction","target":{"@type":"EntryPoint","urlTemplate":"https:\/\/www.wiredworkers.io\/nl\/?s={search_term_string}"},"query-input":{"@type":"PropertyValueSpecification","valueRequired":true,"valueName":"search_term_string"}}],"inLanguage":"nl-NL"},{"@type":"Organization","@id":"https:\/\/www.wiredworkers.io\/nl\/#organization","name":"WiredWorkers Nederland B.V.","url":"https:\/\/www.wiredworkers.io\/nl\/","logo":{"@type":"ImageObject","inLanguage":"nl-NL","@id":"https:\/\/www.wiredworkers.io\/nl\/#\/schema\/logo\/image\/","url":"https:\/\/www.wiredworkers.io\/wp-content\/uploads\/2018\/06\/wiredworkers-company-logo.jpg","contentUrl":"https:\/\/www.wiredworkers.io\/wp-content\/uploads\/2018\/06\/wiredworkers-company-logo.jpg","width":1082,"height":714,"caption":"WiredWorkers Nederland B.V."},"image":{"@id":"https:\/\/www.wiredworkers.io\/nl\/#\/schema\/logo\/image\/"},"sameAs":["https:\/\/www.facebook.com\/WiredWorkers","https:\/\/www.linkedin.com\/company\/wiredworkers\/"]}]}},"_links":{"self":[{"href":"https:\/\/www.wiredworkers.io\/nl\/wp-json\/wp\/v2\/product\/6529","targetHints":{"allow":["GET"]}}],"collection":[{"href":"https:\/\/www.wiredworkers.io\/nl\/wp-json\/wp\/v2\/product"}],"about":[{"href":"https:\/\/www.wiredworkers.io\/nl\/wp-json\/wp\/v2\/types\/product"}],"replies":[{"embeddable":true,"href":"https:\/\/www.wiredworkers.io\/nl\/wp-json\/wp\/v2\/comments?post=6529"}],"wp:featuredmedia":[{"embeddable":true,"href":"https:\/\/www.wiredworkers.io\/nl\/wp-json\/wp\/v2\/media\/5972"}],"wp:attachment":[{"href":"https:\/\/www.wiredworkers.io\/nl\/wp-json\/wp\/v2\/media?parent=6529"}],"wp:term":[{"taxonomy":"product_brand","embeddable":true,"href":"https:\/\/www.wiredworkers.io\/nl\/wp-json\/wp\/v2\/product_brand?post=6529"},{"taxonomy":"product_cat","embeddable":true,"href":"https:\/\/www.wiredworkers.io\/nl\/wp-json\/wp\/v2\/product_cat?post=6529"},{"taxonomy":"product_tag","embeddable":true,"href":"https:\/\/www.wiredworkers.io\/nl\/wp-json\/wp\/v2\/product_tag?post=6529"}],"curies":[{"name":"wp","href":"https:\/\/api.w.org\/{rel}","templated":true}]}}